{"id":336,"date":"2020-11-02T10:33:51","date_gmt":"2020-11-02T08:33:51","guid":{"rendered":"http:\/\/keyshop.windowsandoffice.com\/?post_type=product&#038;p=336"},"modified":"2026-04-17T03:03:42","modified_gmt":"2026-04-17T01:03:42","slug":"office-2019-professional-plus","status":"publish","type":"product","link":"https:\/\/keyshop.windowsandoffice.com\/es\/producto\/office-2019-professional-plus\/","title":{"rendered":"Licencia Microsoft Office 2019 Professional Plus para 3 PCs"},"content":{"rendered":"<h3>Office 2019 Profesional Plus<\/h3>\n<p>Con Office 2019 Professional Plus recibir\u00e1 la soluci\u00f3n ofim\u00e1tica m\u00e1s moderna de Microsoft. As\u00ed, adem\u00e1s de las aplicaciones tradicionales, obtienes autom\u00e1ticamente acceso a aplicaciones basadas en navegador. Por ejemplo Skype for Business. Como resultado, trabajar\u00e1s de forma m\u00e1s eficaz en grupo, con una comunicaci\u00f3n simplificada.<\/p>\n<p>En Office 2019, encontrar\u00e1 nuevos tipos de datos. Por ejemplo, herramientas y funciones de entintado. Otras herramientas de traducci\u00f3n y edici\u00f3n. Adem\u00e1s, gr\u00e1ficos en movimiento. Por lo tanto, tiene caracter\u00edsticas f\u00e1ciles de usar.<\/p>\n<p>Todas las versiones son de pago \u00fanico. Incluyen una \u00fanica instalaci\u00f3n en PC. Aunque Office Professional 2019 solo est\u00e1 disponible para Windows.<\/p>\n<p>Para que te hagas una idea, Office 2019 es un producto que ofrece todas las funciones offline. Lo mismo ofrece ahora la suite Office 365. Sin embargo, ya no se seguir\u00e1 actualizando para implementar nuevas funciones o nuevas caracter\u00edsticas. Solo recibir\u00e1 actualizaciones de seguridad.<\/p>\n<p>La filosof\u00eda de Microsoft es ofrecer una soluci\u00f3n a los usuarios que no tienen acceso a la nube. Sin embargo, esto no significa que restrinja el acceso a servicios a\u00f1adidos como OneDrive o Skype.<\/p>\n<p>Por lo tanto, en resumen, al comprar Office 2019 estar\u00e1 invirtiendo en las funciones que actualmente tiene Office 365. Las actualizaciones de este software llegar\u00e1n en la pr\u00f3xima versi\u00f3n, que podr\u00e1 adquirir con un descuento especial en nuestra tienda en el momento de su lanzamiento.<br \/>\nSin embargo, Office 2019 es una herramienta muy \u00fatil para aquellos que quieren tener una suite ofim\u00e1tica completa y actualizada.<\/p>\n<h4>Novedades de Office 2019 Professional Plus<\/h4>\n<p>A continuaci\u00f3n tiene la lista completa de novedades de cada aplicaci\u00f3n:<br \/>\nNovedades en <a href=\"https:\/\/keyshop.windowsandoffice.com\/es\/producto\/ms-office-2019\/\">Palabra 2019<\/a><\/p>\n<ul>\n<li><strong>Tema oscuro. <\/strong>Microsoft se suma a la tendencia de ofrecer una versi\u00f3n oscura de la interfaz.<\/li>\n<li><strong>Herramientas de aprendizaje<\/strong>. Utiliza subt\u00edtulos de audio y descripciones para ense\u00f1ar a utilizar algunas de las funciones de la aplicaci\u00f3n.<\/li>\n<li><strong>Texto a voz<\/strong>. Puedes dictar Word con tu micr\u00f3fono y la aplicaci\u00f3n transcribir\u00e1 lo que digas.<\/li>\n<li><strong>Mejoras en el modo de dibujo de l\u00e1pices<\/strong>. Si tienes una pantalla t\u00e1ctil, ahora tienes m\u00e1s opciones a la hora de dibujar.<\/li>\n<li><strong>Modo de enfoque<\/strong>. Una nueva forma de mostrar el texto para una lectura ininterrumpida.<\/li>\n<li><strong>Mejoras de accesibilidad.<\/strong><\/li>\n<\/ul>\n<h4>Todo lo que necesitas de un vistazo:<\/h4>\n<ul>\n<li><a href=\"https:\/\/keyshop.windowsandoffice.com\/es\/producto\/ms-office-2019\/\"><strong>Palabra 2019<\/strong><\/a>. Para crear y editar textos y documentos.<\/li>\n<li><strong>Excel 2019.<\/strong> para procesar registros de datos en forma tabular.<\/li>\n<li><strong>PowerPoint 2019.<\/strong> para crear presentaciones inspiradoras.<\/li>\n<li><strong>Perspectivas para 2019.<\/strong> Permite gestionar correos electr\u00f3nicos, contactos, calendarios y tareas.<\/li>\n<li><strong>Editorial 2019.<\/strong> para crear f\u00e1cilmente publicaciones de aspecto profesional.<\/li>\n<li><strong>Acceso 2019.<\/strong> para crear bases de datos con acceso a Internet.<\/li>\n<li><strong>Lync 2019.<\/strong> (Skype Empresarial): Mensajer\u00eda instant\u00e1nea. Trabajo colaborativo y comunicaci\u00f3n. Videoconferencia HD.<\/li>\n<li><strong>Aplicaciones web.<\/strong> (Word, Excel, PowerPoint).<\/li>\n<\/ul>\n<p>OneNote ya no forma parte de la suite Office. Sin embargo, ya est\u00e1 incluido en el sistema operativo Windows 10.<strong> En conclusi\u00f3n, las versiones anteriores de Windows no son compatibles.<\/strong><\/p>\n<h4>Teamwork Office 2019 Profesional Plus<\/h4>\n<p>Microsoft Office prioriza el trabajo en equipo, por ello, la suite cuenta con importantes mejoras e innovaciones en el acceso a la nube. En otras palabras, los miembros del grupo pueden trabajar en un documento al mismo tiempo. As\u00ed, esta opci\u00f3n est\u00e1 disponible para todos los componentes de Microsoft Office, desde Word a Excel y desde PowerPoint a OneNote. Los archivos deben guardarse en SharePoint Online, OneDrive o OneDrive for Business y compartirse con los miembros del grupo. As\u00ed, compartir archivos es muy sencillo a trav\u00e9s de un bot\u00f3n en el programa.<\/p>\n<p>Adem\u00e1s, Skype for Business es otra herramienta de la suite Office 2019 Pro Plus que promueve la colaboraci\u00f3n. Los usuarios pueden ver el estado en l\u00ednea de los miembros del equipo de un vistazo y pueden iniciar un chat. Del mismo modo, podemos hacer llamadas por Internet. As\u00ed, conversaci\u00f3n en grupo o transmisi\u00f3n de v\u00eddeo si es necesario.<\/p>\n<h4>Utilice el tiempo de forma m\u00e1s eficaz con un programa de correo inteligente<\/h4>\n<p>Microsoft Outlook 2019 ahora incluye la funci\u00f3n \"Desorden\". En otras palabras, permite detectar correos electr\u00f3nicos irrelevantes. Estos se clasifican inmediatamente. Por lo tanto, tu bandeja de entrada se ver\u00e1 m\u00e1s limpia y clara. Para que puedas centrarte en las tareas realmente importantes.<\/p>\n<h4>Mayor seguridad para su oficina digital<\/h4>\n<p>Otra innovaci\u00f3n es la seguridad mejorada con la \"Prevenci\u00f3n de P\u00e9rdida de Datos\". As\u00ed, ahora es m\u00e1s f\u00e1cil controlar dentro de los programas la informaci\u00f3n. Se puede integrar y transmitir en documentos. Los administradores tambi\u00e9n tienen la opci\u00f3n de bloquear o restringir el acceso a determinados datos. Adem\u00e1s, los usuarios son conscientes del riesgo de p\u00e9rdida de datos mediante notificaciones de riesgos potenciales. Gracias a servicios en la nube como OneDrive. Como resultado, sus datos no se pierden aunque falle un servidor o un dispositivo. En conclusi\u00f3n, puedes acceder y editar archivos f\u00e1cilmente desde cualquier lugar del mundo.<\/p>\n<p>Se vincula perfectamente con windows 10 pro o home. garantizamos una contabilidad completa<\/p>\n<h4>Requisitos del sistema:<br \/>\n<\/h4>\n<ul>\n<li>Procesador de 2 n\u00facleos a 1,6 GHz.<\/li>\n<li>Sistema operativo Windows 10.<\/li>\n<li>2 GB (32 bits), 4 GB (64 bits) de RAM.<\/li>\n<li>4 GB de espacio disponible en el disco duro.<\/li>\n<li>Tarjeta gr\u00e1fica DirectX 10 para el uso de la aceleraci\u00f3n por hardware de gr\u00e1ficos.<\/li>\n<\/ul>\n<h4>Apoyo:<\/h4>\n<p>Para cualquier pr\u00f3xima pregunta no dude en ponerse en contacto con nosotros <a href=\"mailto:keyshop@dl-winandoffice.com\">por correo electr\u00f3nico<\/a>. Del mismo modo, nuestro servicio de atenci\u00f3n al cliente est\u00e1 disponible 7 d\u00edas a la semana, 24 horas al d\u00eda. Por lo tanto, dispondr\u00e1 de asistencia instant\u00e1nea.<\/p>\n<p>Por otro lado, aseguramos la disponibilidad en todos nuestros productos. En consecuencia, recibir\u00e1 su pedido en un tiempo r\u00e9cord.<\/p>\n<p>Nuestra empresa cuenta con m\u00e1s de 10 a\u00f1os de experiencia en el sector. Esto significa que proporcionamos un servicio profesional acorde con sus necesidades. As\u00ed que si\u00e9ntase seguro de formar parte de nuestra red mundial de clientes satisfechos.<\/p>\n<p>Si quiere ver nuestras noticias<strong>, <a href=\"https:\/\/news.dl-winandoffice.com\/en\/\" target=\"_blank\" rel=\"noopener noreferrer nofollow\">pulse aqu\u00ed<\/a><\/strong><\/p>","protected":false},"excerpt":{"rendered":"<p>Con Office 2019 Professional Plus recibir\u00e1 la soluci\u00f3n ofim\u00e1tica m\u00e1s moderna de Microsoft. As\u00ed, adem\u00e1s de las aplicaciones tradicionales, obtienes autom\u00e1ticamente acceso a aplicaciones basadas en navegador. Por ejemplo Skype for Business. Como resultado, trabajar\u00e1s de forma m\u00e1s eficaz en grupo, con una comunicaci\u00f3n simplificada.<\/p>\n<p><strong>Nota:<\/strong><\/p>\n<ul>\n<li><strong>Office 2019 Professional Plus s\u00f3lo es compatible con Windows 10 y 11.<\/strong><\/li>\n<\/ul>\n<ul>\n<li><strong>Office 2019 Professional Plus NO es compatible con los sistemas operativos de Apple (macOS, iPadOS, iOS), Chromebooks<\/strong><\/li>\n<\/ul>","protected":false},"featured_media":115821,"comment_status":"open","ping_status":"closed","template":"","meta":{"_acf_changed":false},"product_brand":[],"product_cat":[40,65],"product_tag":[49,51,50],"class_list":{"0":"post-336","1":"product","2":"type-product","3":"status-publish","4":"has-post-thumbnail","6":"product_cat-msoffice","7":"product_cat-popular","8":"product_tag-excellence","9":"product_tag-ms-office","10":"product_tag-security","12":"first","13":"instock","14":"sale","15":"virtual","16":"taxable","17":"purchasable","18":"product-type-simple"},"acf":[],"_links":{"self":[{"href":"https:\/\/keyshop.windowsandoffice.com\/es\/wp-json\/wp\/v2\/product\/336","targetHints":{"allow":["GET"]}}],"collection":[{"href":"https:\/\/keyshop.windowsandoffice.com\/es\/wp-json\/wp\/v2\/product"}],"about":[{"href":"https:\/\/keyshop.windowsandoffice.com\/es\/wp-json\/wp\/v2\/types\/product"}],"replies":[{"embeddable":true,"href":"https:\/\/keyshop.windowsandoffice.com\/es\/wp-json\/wp\/v2\/comments?post=336"}],"wp:featuredmedia":[{"embeddable":true,"href":"https:\/\/keyshop.windowsandoffice.com\/es\/wp-json\/wp\/v2\/media\/115821"}],"wp:attachment":[{"href":"https:\/\/keyshop.windowsandoffice.com\/es\/wp-json\/wp\/v2\/media?parent=336"}],"wp:term":[{"taxonomy":"product_brand","embeddable":true,"href":"https:\/\/keyshop.windowsandoffice.com\/es\/wp-json\/wp\/v2\/product_brand?post=336"},{"taxonomy":"product_cat","embeddable":true,"href":"https:\/\/keyshop.windowsandoffice.com\/es\/wp-json\/wp\/v2\/product_cat?post=336"},{"taxonomy":"product_tag","embeddable":true,"href":"https:\/\/keyshop.windowsandoffice.com\/es\/wp-json\/wp\/v2\/product_tag?post=336"}],"curies":[{"name":"wp","href":"https:\/\/api.w.org\/{rel}","templated":true}]}}