{"id":330,"date":"2020-02-02T10:19:18","date_gmt":"2020-02-02T08:19:18","guid":{"rendered":"http:\/\/keyshop.windowsandoffice.com\/?post_type=product&#038;p=330"},"modified":"2026-01-13T20:19:39","modified_gmt":"2026-01-13T19:19:39","slug":"windows-8-1","status":"publish","type":"product","link":"https:\/\/keyshop.windowsandoffice.com\/es\/producto\/windows-8-1\/","title":{"rendered":"Licencia Microsoft Windows 8.1 Professional para 3 PCs"},"content":{"rendered":"<h4>Windows 8.1 Profesional<\/h4>\n<p>Es la versi\u00f3n mejorada de Windows 8 y se ha optimizado espec\u00edficamente para pantallas t\u00e1ctiles.  El sistema operativo es compatible con tabletas y dispositivos port\u00e1tiles, y tambi\u00e9n puede funcionar con rat\u00f3n y teclado. Microsoft Windows 8.1 Professional apoya a sus usuarios con una interfaz redise\u00f1ada, un sistema optimizado, as\u00ed como nuevas funciones y programas a la perfecci\u00f3n.<\/p>\n<p>Como extensi\u00f3n de Windows 8 Professional, los usuarios profesionales y las peque\u00f1as empresas encontrar\u00e1n en esta versi\u00f3n una herramienta mejorada. El dise\u00f1o de la interfaz de Microsoft Windows 8.1 Professional es f\u00e1cil de usar con pantallas t\u00e1ctiles. Gracias al formato de mosaico, el usuario siempre tiene una visi\u00f3n general de las aplicaciones y documentos m\u00e1s importantes y, por tanto, puede acceder a ellos r\u00e1pidamente. En general, el sistema operativo Windows 8.1 Professional ha sido optimizado para acelerar la copia de archivos y la ejecuci\u00f3n de operaciones del sistema. Esto proporciona a todos los dispositivos un sistema operativo funcional y potente que inspira no s\u00f3lo con nuevas funciones y cambios de dise\u00f1o, sino tambi\u00e9n con un aumento del rendimiento.<\/p>\n<p>Con Microsoft Windows 8.1 Professional, en comparaci\u00f3n con sus predecesores, se implementaron algunas optimizaciones \u00f3pticas y de ingenier\u00eda de sistemas. La diferencia m\u00e1s llamativa es la opci\u00f3n de tener el escritorio en mosaico o en modo cl\u00e1sico. Tambi\u00e9n el men\u00fa de inicio del sistema operativo Windows 8.1 Professional funciona con el bot\u00f3n derecho del rat\u00f3n de forma similar a Windows 7.<\/p>\n<p>Si quieres el \u00faltimo SO de Microsoft, busca <a href=\"https:\/\/keyshop.windowsandoffice.com\/es\/producto\/windows-10-pro\/\">Windows 10 Profesional<\/a>.<\/p>\n<h4><strong>Requisitos del sistema:<\/strong><\/h4>\n<ul>\n<li>Procesador de 1 GHz o superior<\/li>\n<li>1 GB de RAM para 32 bits; 2 GB para 64 bits<\/li>\n<li>20 GB de espacio libre en el disco duro<\/li>\n<li>Tarjeta gr\u00e1fica con DirectX 9 y controlador WDDM<\/li>\n<\/ul>\n<h4><strong>Apoyo:<\/strong><\/h4>\n<p>Si tiene alguna pregunta, no dude en ponerse en contacto con nosotros. <a href=\"mailto:keyshop@dl-winandoffice.com\">por correo electr\u00f3nico<\/a>. Nuestro servicio de atenci\u00f3n al cliente est\u00e1 disponible 7 d\u00edas a la semana, 24 horas al d\u00eda. Por lo tanto, dispondr\u00e1 de asistencia instant\u00e1nea.<\/p>\n<p>Por otro lado, aseguramos la disponibilidad en todos nuestros productos. En consecuencia, recibir\u00e1 su pedido en un tiempo r\u00e9cord.<\/p>\n<p>Nuestra empresa cuenta con m\u00e1s de 10 a\u00f1os de experiencia en el sector. Esto significa que proporcionamos un servicio profesional acorde con sus necesidades. As\u00ed que si\u00e9ntase seguro de formar parte de nuestra red mundial de clientes satisfechos.<\/p>\n<p>Por lo tanto, si desea ver nuestras noticias<strong>, <a href=\"https:\/\/news.dl-winandoffice.com\/en\/\" target=\"_blank\" rel=\"noopener noreferrer nofollow\">pulse aqu\u00ed<\/a><\/strong><\/p>\n<p>&nbsp;<\/p>","protected":false},"excerpt":{"rendered":"<p>Windows 8.1 Professional es la versi\u00f3n mejorada de Windows 8 y se ha optimizado espec\u00edficamente para pantallas t\u00e1ctiles.  El sistema operativo no s\u00f3lo es compatible con tabletas y dispositivos port\u00e1tiles, sino que tambi\u00e9n puede utilizarse como de costumbre con rat\u00f3n y teclado. Microsoft Windows 8.1 Professional ayuda a sus usuarios con una interfaz redise\u00f1ada, un sistema optimizado, as\u00ed como nuevas funciones y programas a la perfecci\u00f3n.<\/p>","protected":false},"featured_media":734,"comment_status":"open","ping_status":"closed","template":"","meta":{"_acf_changed":false},"product_brand":[],"product_cat":[41],"product_tag":[52],"class_list":{"0":"post-330","1":"product","2":"type-product","3":"status-publish","4":"has-post-thumbnail","6":"product_cat-windows-desktop","7":"product_tag-windows","9":"first","10":"instock","11":"sale","12":"virtual","13":"taxable","14":"purchasable","15":"product-type-simple"},"acf":[],"_links":{"self":[{"href":"https:\/\/keyshop.windowsandoffice.com\/es\/wp-json\/wp\/v2\/product\/330","targetHints":{"allow":["GET"]}}],"collection":[{"href":"https:\/\/keyshop.windowsandoffice.com\/es\/wp-json\/wp\/v2\/product"}],"about":[{"href":"https:\/\/keyshop.windowsandoffice.com\/es\/wp-json\/wp\/v2\/types\/product"}],"replies":[{"embeddable":true,"href":"https:\/\/keyshop.windowsandoffice.com\/es\/wp-json\/wp\/v2\/comments?post=330"}],"wp:featuredmedia":[{"embeddable":true,"href":"https:\/\/keyshop.windowsandoffice.com\/es\/wp-json\/wp\/v2\/media\/734"}],"wp:attachment":[{"href":"https:\/\/keyshop.windowsandoffice.com\/es\/wp-json\/wp\/v2\/media?parent=330"}],"wp:term":[{"taxonomy":"product_brand","embeddable":true,"href":"https:\/\/keyshop.windowsandoffice.com\/es\/wp-json\/wp\/v2\/product_brand?post=330"},{"taxonomy":"product_cat","embeddable":true,"href":"https:\/\/keyshop.windowsandoffice.com\/es\/wp-json\/wp\/v2\/product_cat?post=330"},{"taxonomy":"product_tag","embeddable":true,"href":"https:\/\/keyshop.windowsandoffice.com\/es\/wp-json\/wp\/v2\/product_tag?post=330"}],"curies":[{"name":"wp","href":"https:\/\/api.w.org\/{rel}","templated":true}]}}