{"id":229,"date":"2020-11-22T09:53:38","date_gmt":"2020-11-22T05:53:38","guid":{"rendered":"http:\/\/keyshop.windowsandoffice.com\/?post_type=product&#038;p=229"},"modified":"2026-01-13T20:50:00","modified_gmt":"2026-01-13T19:50:00","slug":"windows-10-home","status":"publish","type":"product","link":"https:\/\/keyshop.windowsandoffice.com\/es\/producto\/windows-10-home\/","title":{"rendered":"Microsoft Windows 10 Home"},"content":{"rendered":"<h2 style=\"text-align: left;\">Windows 10 Inicio<\/h2>\n<p>En primer lugar, con Windows 10 Home en el coraz\u00f3n de tu ordenador puedes hacerlo todo.<\/p>\n<ul>\n<li>Las funciones de seguridad integradas incluyen antivirus, cortafuegos y protecci\u00f3n de Internet.<\/li>\n<li>Elige escanear tu cara o huella dactilar con Windows Hello para desbloquear tu sistema de forma r\u00e1pida, segura y sin contrase\u00f1as.<\/li>\n<li>Focus Assist te permite bloquear notificaciones, sonidos y alertas para trabajar sin distracciones.<\/li>\n<li>Tu l\u00ednea de tiempo te ofrece una forma r\u00e1pida y sencilla de desplazarte por tus documentos, aplicaciones y sitios web m\u00e1s recientes.<\/li>\n<li>Microsoft Fotos es una forma sencilla de organizar, buscar, editar y compartir tus fotos y v\u00eddeos.<\/li>\n<li>Transmite instant\u00e1neamente partidas en directo, realiza grabaciones de pantalla y controla los ajustes de audio individuales con Game bar.<\/li>\n<\/ul>\n<p>En otras palabras, te beneficiar\u00e1s de inicios de sistema m\u00e1s r\u00e1pidos, un men\u00fa de inicio familiar pero mejorado y nuevas formas de hacer las cosas r\u00e1pidamente. As\u00ed, tambi\u00e9n obtendr\u00e1s nuevas funciones como un navegador completamente nuevo para una experiencia web mejorada y tu asistente digital personal Cortana. Del mismo modo, Cortana te sigue en todos tus dispositivos Windows 10 y te ayuda a hacer las cosas. Aprende cada vez m\u00e1s sobre ti con el tiempo y puede ayudarte mejor cada d\u00eda.<\/p>\n<p>Por esta raz\u00f3n, <strong>Windows 10 Inicio<\/strong> te ayuda de forma \u00f3ptima en todo lo que haces. No pierdas de vista nada con s\u00f3lo acoplar aplicaciones y optimizar la pantalla compartida para trabajar de forma m\u00e1s productiva. Del mismo modo, acopla hasta cuatro apps a la vez y crea escritorios virtuales si necesitas m\u00e1s espacio o quieres agrupar contenidos para un proyecto, como apps de oficina para el trabajo y juegos para el ocio. Las Live Tiles ofrecen flujos actualizados de tus contenidos m\u00e1s importantes en tiempo real.<\/p>\n<p>As\u00ed,<strong> Windows 10<\/strong> es compatible con el hardware, el software y los perif\u00e9ricos que ya utiliza. Adem\u00e1s, mantiene su sistema actualizado en cuanto a funciones y seguridad durante toda la vida \u00fatil de su dispositivo.<\/p>\n<h4><a href=\"https:\/\/keyshop.windowsandoffice.com\/es\/producto\/office-2019-professional-plus\/\">Funciona muy bien con Office 2019 Professional Plus<\/a><\/h4>\n<h4><strong>Requisitos del sistema:<br \/>\n<\/strong><\/h4>\n<ul>\n<li>Procesador de 1 GHz.<\/li>\n<li>1 GB (32 bits), 2 GB (64 bits) RAM.<\/li>\n<li>20 GB de espacio disponible en el disco duro.<\/li>\n<li>Tarjeta gr\u00e1fica DirectX 9 con controlador WDDM.<\/li>\n<\/ul>\n<h4><strong>Apoyo:<\/strong><\/h4>\n<p>Para concluir, si tiene alguna pregunta, no dude en ponerse en contacto con nosotros. <a href=\"mailto:keyshop@dl-winandoffice.com\">por correo electr\u00f3nico<\/a>. Nuestro servicio de atenci\u00f3n al cliente est\u00e1 disponible 7 d\u00edas a la semana, 24 horas al d\u00eda. Por lo tanto, dispondr\u00e1 de asistencia instant\u00e1nea.<\/p>\n<p>Por otro lado, aseguramos la disponibilidad en todos nuestros productos. En consecuencia, recibir\u00e1 su pedido en un tiempo r\u00e9cord.<\/p>\n<p>Nuestra empresa cuenta con m\u00e1s de 10 a\u00f1os de experiencia en el sector. Esto significa que proporcionamos un servicio profesional acorde con sus necesidades. As\u00ed que si\u00e9ntase seguro de formar parte de nuestra red mundial de clientes satisfechos.<\/p>\n<p>&nbsp;<\/p>\n<p>Si quiere ver nuestras noticias<strong>, <a href=\"https:\/\/news.dl-winandoffice.com\/en\/\" target=\"_blank\" rel=\"noopener noreferrer nofollow\">pulse aqu\u00ed<\/a><\/strong><\/p>","protected":false},"excerpt":{"rendered":"<p>Con Windows 10 Home en el coraz\u00f3n de tu ordenador puedes hacerlo todo.<\/p>\n<ul>\n<li>Las funciones de seguridad integradas incluyen antivirus, cortafuegos y protecci\u00f3n de Internet.<\/li>\n<li>Elija escanear su cara o huella dactilar con Windows Hello para desbloquear su sistema de forma r\u00e1pida, segura y sin contrase\u00f1a.<\/li>\n<li>Focus Assist te permite bloquear notificaciones, sonidos y alertas para trabajar sin distracciones.<\/li>\n<li>Tu l\u00ednea de tiempo te ofrece una forma r\u00e1pida y sencilla de desplazarte por tus documentos, aplicaciones y sitios web m\u00e1s recientes.<\/li>\n<li>Microsoft Fotos es una forma sencilla de organizar, buscar, editar y compartir tus fotos y v\u00eddeos.<\/li>\n<li>Transmita instant\u00e1neamente partidas en directo, realice grabaciones de pantalla y controle los ajustes de audio individuales con Game bar<\/li>\n<\/ul>","protected":false},"featured_media":115826,"comment_status":"open","ping_status":"closed","template":"","meta":{"_acf_changed":false},"product_brand":[],"product_cat":[65,41],"product_tag":[44],"class_list":{"0":"post-229","1":"product","2":"type-product","3":"status-publish","4":"has-post-thumbnail","6":"product_cat-popular","7":"product_cat-windows-desktop","8":"product_tag-windows-10-pro","10":"first","11":"instock","12":"sale","13":"virtual","14":"taxable","15":"purchasable","16":"product-type-simple"},"acf":[],"_links":{"self":[{"href":"https:\/\/keyshop.windowsandoffice.com\/es\/wp-json\/wp\/v2\/product\/229","targetHints":{"allow":["GET"]}}],"collection":[{"href":"https:\/\/keyshop.windowsandoffice.com\/es\/wp-json\/wp\/v2\/product"}],"about":[{"href":"https:\/\/keyshop.windowsandoffice.com\/es\/wp-json\/wp\/v2\/types\/product"}],"replies":[{"embeddable":true,"href":"https:\/\/keyshop.windowsandoffice.com\/es\/wp-json\/wp\/v2\/comments?post=229"}],"wp:featuredmedia":[{"embeddable":true,"href":"https:\/\/keyshop.windowsandoffice.com\/es\/wp-json\/wp\/v2\/media\/115826"}],"wp:attachment":[{"href":"https:\/\/keyshop.windowsandoffice.com\/es\/wp-json\/wp\/v2\/media?parent=229"}],"wp:term":[{"taxonomy":"product_brand","embeddable":true,"href":"https:\/\/keyshop.windowsandoffice.com\/es\/wp-json\/wp\/v2\/product_brand?post=229"},{"taxonomy":"product_cat","embeddable":true,"href":"https:\/\/keyshop.windowsandoffice.com\/es\/wp-json\/wp\/v2\/product_cat?post=229"},{"taxonomy":"product_tag","embeddable":true,"href":"https:\/\/keyshop.windowsandoffice.com\/es\/wp-json\/wp\/v2\/product_tag?post=229"}],"curies":[{"name":"wp","href":"https:\/\/api.w.org\/{rel}","templated":true}]}}