{"id":21978,"date":"2023-08-06T17:44:07","date_gmt":"2023-08-06T15:44:07","guid":{"rendered":"https:\/\/keyshop.windowsandoffice.com\/?post_type=product&#038;p=21978"},"modified":"2026-01-13T20:20:08","modified_gmt":"2026-01-13T19:20:08","slug":"microsoft-office-home-business-2016-mac","status":"publish","type":"product","link":"https:\/\/keyshop.windowsandoffice.com\/es\/producto\/microsoft-office-home-business-2016-mac\/","title":{"rendered":"Microsoft Office Home &amp; Business 2016 MAC"},"content":{"rendered":"<div>\n<h4>Microsoft Office Home &amp; Business 2016 MAC<\/h4>\n<p>Office 2016 MAC est\u00e1 dise\u00f1ado para ayudarle a trabajar m\u00e1s r\u00e1pido. Ofrece nuevas y sorprendentes funciones que facilitan la comunicaci\u00f3n, la creaci\u00f3n, la colaboraci\u00f3n y el uso compartido del trabajo. Office 2016 para Mac est\u00e1 dise\u00f1ado para aprovechar las \u00faltimas funciones de Mac, como la pantalla retina, la compatibilidad con la vista a pantalla completa e incluso el rebote de desplazamiento.<\/p>\n<h4>CARACTER\u00cdSTICAS<\/h4>\n<p>Microsoft Office 2016 MAC es el sucesor de Microsoft Office 2011. Microsoft Office 2016 para Mac es compatible con OS X 10.10 Yosemite o cualquier versi\u00f3n posterior de Mac OS X. Office 2016 para MAC, al igual que sus predecesores, est\u00e1 disponible en una variedad de paquetes, cada uno adaptado a diferentes necesidades. Tanto si necesita Office para uso personal como profesional, Microsoft tiene el paquete adecuado para usted.<\/p>\n<\/div>","protected":false},"excerpt":{"rendered":"<ul>\n<li>\n<div class=\"woocommerce-product-details__short-description\">\n<ul>\n<li>Microsoft Office Home &amp; Business 2016 MAC<\/li>\n<li>Enviar por correo electr\u00f3nico: clave del producto, instrucciones, enlaces de descarga, factura<\/li>\n<li>Descarga instant\u00e1nea<\/li>\n<li>Sin l\u00edmite de tiempo, sin suscripci\u00f3n<\/li>\n<li>Asistencia gratuita para la instalaci\u00f3n y activaci\u00f3n<\/li>\n<li>No entrega en soportes de datos (USB, CD, etc.)<\/li>\n<li>Activaci\u00f3n en l\u00ednea y por tel\u00e9fono<\/li>\n<li><strong>NO compatible con dispositivos Android y Windows<\/strong><\/li>\n<\/ul>\n<pre class=\"language-html\" data-lang=\"html\"><code class=\"lang-html language-html\"><\/code><\/pre>\n<\/div>\n<\/li>\n<\/ul>","protected":false},"featured_media":21981,"comment_status":"open","ping_status":"closed","template":"","meta":{"_acf_changed":false},"product_brand":[],"product_cat":[140],"product_tag":[],"class_list":{"0":"post-21978","1":"product","2":"type-product","3":"status-publish","4":"has-post-thumbnail","6":"product_cat-mac","8":"first","9":"instock","10":"sale","11":"virtual","12":"taxable","13":"purchasable","14":"product-type-simple"},"acf":[],"_links":{"self":[{"href":"https:\/\/keyshop.windowsandoffice.com\/es\/wp-json\/wp\/v2\/product\/21978","targetHints":{"allow":["GET"]}}],"collection":[{"href":"https:\/\/keyshop.windowsandoffice.com\/es\/wp-json\/wp\/v2\/product"}],"about":[{"href":"https:\/\/keyshop.windowsandoffice.com\/es\/wp-json\/wp\/v2\/types\/product"}],"replies":[{"embeddable":true,"href":"https:\/\/keyshop.windowsandoffice.com\/es\/wp-json\/wp\/v2\/comments?post=21978"}],"wp:featuredmedia":[{"embeddable":true,"href":"https:\/\/keyshop.windowsandoffice.com\/es\/wp-json\/wp\/v2\/media\/21981"}],"wp:attachment":[{"href":"https:\/\/keyshop.windowsandoffice.com\/es\/wp-json\/wp\/v2\/media?parent=21978"}],"wp:term":[{"taxonomy":"product_brand","embeddable":true,"href":"https:\/\/keyshop.windowsandoffice.com\/es\/wp-json\/wp\/v2\/product_brand?post=21978"},{"taxonomy":"product_cat","embeddable":true,"href":"https:\/\/keyshop.windowsandoffice.com\/es\/wp-json\/wp\/v2\/product_cat?post=21978"},{"taxonomy":"product_tag","embeddable":true,"href":"https:\/\/keyshop.windowsandoffice.com\/es\/wp-json\/wp\/v2\/product_tag?post=21978"}],"curies":[{"name":"wp","href":"https:\/\/api.w.org\/{rel}","templated":true}]}}