{"id":21976,"date":"2023-08-06T17:44:07","date_gmt":"2023-08-06T15:44:07","guid":{"rendered":"https:\/\/keyshop.windowsandoffice.com\/?post_type=product&#038;p=21976"},"modified":"2026-01-13T20:20:01","modified_gmt":"2026-01-13T19:20:01","slug":"microsoft-office-home-business-2021-mac","status":"publish","type":"product","link":"https:\/\/keyshop.windowsandoffice.com\/es\/producto\/microsoft-office-home-business-2021-mac\/","title":{"rendered":"Microsoft Office Home &amp; Business 2021 MAC"},"content":{"rendered":"<div>\n<h4>Microsoft Office Home &amp; Business 2021 MAC<\/h4>\n<p>Lo m\u00e1s importante para ser productivo. Office Home and Business 2021 es para familias y peque\u00f1as empresas que necesitan las aplicaciones y el correo electr\u00f3nico cl\u00e1sicos de Office. Incluye Word, Excel, PowerPoint y Outlook para Windows 11 y Windows 10. Una compra \u00fanica para instalar en 1 PC Mac para uso dom\u00e9stico o laboral.<\/p>\n<p>Office Home &amp; Con su sencillez y familiaridad, Business 2021 para Mac fue dise\u00f1ado para usuarios y peque\u00f1as empresas que desean Office con la potencia de Outlook para correo electr\u00f3nico, calendario y contactos. Es la oficina que conoce, ama y en la que conf\u00eda, actualizada para aprovechar las \u00faltimas funciones de Mac, como la pantalla Retina y la vista a pantalla completa, entre otras.<\/p>\n<p>Microsoft Office 2021 Home Business incluye herramientas para optimizar las capacidades de producci\u00f3n y las tareas empresariales mediante el uso de las funciones y elementos avanzados de la suite Microsoft Office.<\/p>\n<p>Office 2021 para Mac se ha reconstruido desde cero para aprovechar las \u00faltimas funciones del Mac, incluida la pantalla Retina. Es la combinaci\u00f3n perfecta para la oficina que conoces y en la que conf\u00edas y el Mac que te encanta.<\/p>\n<p>Microsoft Office es un excelente conjunto de herramientas de producci\u00f3n que le ahorrar\u00e1 tiempo y producir\u00e1 fant\u00e1sticos resultados. Entre las ventajas del paquete Office de 2021 se incluyen la mejora de la colaboraci\u00f3n entre las personas con las que trabajas, el uso compartido de enlaces, notas y citas, la edici\u00f3n y conversi\u00f3n sencillas, la posibilidad de trabajar sin conexi\u00f3n con todas las aplicaciones, as\u00ed como el uso compartido de Archivos y documentos desde tu nube.<\/p>\n<\/div>","protected":false},"excerpt":{"rendered":"<ul>\n<li>\n<div class=\"woocommerce-product-details__short-description\">\n<ul>\n<li>Microsoft Office Home &amp; Business 2021 MAC<\/li>\n<li>Enviar por correo electr\u00f3nico: clave del producto, instrucciones, enlaces de descarga, factura<\/li>\n<li>Descarga instant\u00e1nea<\/li>\n<li>Sin l\u00edmite de tiempo, sin suscripci\u00f3n<\/li>\n<li>Asistencia gratuita para la instalaci\u00f3n y activaci\u00f3n<\/li>\n<li>No entrega en soportes de datos (USB, CD, etc.)<\/li>\n<li>Activaci\u00f3n en l\u00ednea y por tel\u00e9fono<\/li>\n<li><strong>NO compatible con dispositivos Android y Windows<\/strong><\/li>\n<\/ul>\n<\/div>\n<\/li>\n<\/ul>","protected":false},"featured_media":115839,"comment_status":"open","ping_status":"closed","template":"","meta":{"_acf_changed":false},"product_brand":[],"product_cat":[140],"product_tag":[],"class_list":{"0":"post-21976","1":"product","2":"type-product","3":"status-publish","4":"has-post-thumbnail","6":"product_cat-mac","8":"first","9":"instock","10":"sale","11":"virtual","12":"taxable","13":"purchasable","14":"product-type-simple"},"acf":[],"_links":{"self":[{"href":"https:\/\/keyshop.windowsandoffice.com\/es\/wp-json\/wp\/v2\/product\/21976","targetHints":{"allow":["GET"]}}],"collection":[{"href":"https:\/\/keyshop.windowsandoffice.com\/es\/wp-json\/wp\/v2\/product"}],"about":[{"href":"https:\/\/keyshop.windowsandoffice.com\/es\/wp-json\/wp\/v2\/types\/product"}],"replies":[{"embeddable":true,"href":"https:\/\/keyshop.windowsandoffice.com\/es\/wp-json\/wp\/v2\/comments?post=21976"}],"wp:featuredmedia":[{"embeddable":true,"href":"https:\/\/keyshop.windowsandoffice.com\/es\/wp-json\/wp\/v2\/media\/115839"}],"wp:attachment":[{"href":"https:\/\/keyshop.windowsandoffice.com\/es\/wp-json\/wp\/v2\/media?parent=21976"}],"wp:term":[{"taxonomy":"product_brand","embeddable":true,"href":"https:\/\/keyshop.windowsandoffice.com\/es\/wp-json\/wp\/v2\/product_brand?post=21976"},{"taxonomy":"product_cat","embeddable":true,"href":"https:\/\/keyshop.windowsandoffice.com\/es\/wp-json\/wp\/v2\/product_cat?post=21976"},{"taxonomy":"product_tag","embeddable":true,"href":"https:\/\/keyshop.windowsandoffice.com\/es\/wp-json\/wp\/v2\/product_tag?post=21976"}],"curies":[{"name":"wp","href":"https:\/\/api.w.org\/{rel}","templated":true}]}}