{"id":208,"date":"2020-11-22T04:51:56","date_gmt":"2020-11-22T00:51:56","guid":{"rendered":"http:\/\/keyshop.windowsandoffice.com\/?post_type=product&#038;p=208"},"modified":"2026-02-10T09:31:18","modified_gmt":"2026-02-10T08:31:18","slug":"windows-10-pro","status":"publish","type":"product","link":"https:\/\/keyshop.windowsandoffice.com\/es\/producto\/windows-10-pro\/","title":{"rendered":"Licencia Microsoft Windows 10 Professional para 3 PCs"},"content":{"rendered":"<h3>Microsoft Windows 10 Profesional<\/h3>\n<p><span class=\"VIiyi\" lang=\"en\"><span class=\"JLqJ4b ChMk0b\" data-language-for-alternatives=\"en\" data-language-to-translate-into=\"es\" data-phrase-index=\"0\">Se trata del sistema operativo Windows m\u00e1s avanzado y seguro hasta la fecha.<\/span> <span class=\"JLqJ4b ChMk0b\" data-language-for-alternatives=\"en\" data-language-to-translate-into=\"es\" data-phrase-index=\"2\">Del mismo modo, Windows 10 Professional cuenta con opciones de seguridad avanzadas universales, funciones y aplicaciones que lo convierten en un sistema robusto y fiable para ordenadores de sobremesa, port\u00e1tiles y tabletas.<\/span><\/span><\/p>\n<blockquote>\n<p style=\"padding-left: 40px;\">Si quiere ver nuestras noticias<strong>, <a href=\"https:\/\/news.dl-winandoffice.com\/en\/\" target=\"_blank\" rel=\"noopener noreferrer nofollow\">pulse aqu\u00ed<\/a><\/strong><\/p>\n<\/blockquote>\n<h3>Caracter\u00edsticas<\/h3>\n<p>Con <em><strong>Windows 10 Profesional<\/strong> <\/em>en el coraz\u00f3n de tu ordenador, puedes hacerlo todo. Y mucho m\u00e1s.<\/p>\n<ul>\n<li>Las funciones de seguridad integradas incluyen antivirus, cortafuegos y protecci\u00f3n de Internet para que puedas trabajar de forma segura.<\/li>\n<li>Elige escanear tu cara o huella dactilar con <strong>Windows Hola<\/strong> para desbloquear el sistema de forma r\u00e1pida, segura y sin contrase\u00f1a.<\/li>\n<li><strong>Asistencia Focus<\/strong> te permite bloquear notificaciones, sonidos y alertas para que puedas trabajar sin distracciones.<\/li>\n<li>Su <strong>cronolog\u00eda<\/strong> ofrece una forma r\u00e1pida y sencilla de desplazarte por tus documentos, aplicaciones y sitios web m\u00e1s recientes.<\/li>\n<li><strong>Fotos de Microsoft<\/strong> es una forma sencilla de organizar tus archivos multimedia. Puedes buscar, editar y compartir tus fotos y v\u00eddeos.<\/li>\n<li>Transmite instant\u00e1neamente partidas en directo. Graba pantallas. Controla los ajustes de audio individuales con <strong>Barra de juegos<\/strong>.<\/li>\n<li>El Escritorio Remoto le permite desbloquear y acceder virtualmente a su propia m\u00e1quina. Acceda a todos sus archivos, carpetas y aplicaciones desde cualquier dispositivo a trav\u00e9s de Internet.<\/li>\n<li>Windows Information Protection (WIP) ayuda a proteger contra posibles fugas de datos. Asimismo, WIP no interfiere en la experiencia del usuario.<\/li>\n<li><strong>Cifrado de unidad BitLocker<\/strong> es una funci\u00f3n de protecci\u00f3n de datos que se integra en el sistema operativo y hace frente a las amenazas de robo de datos. Tambi\u00e9n deja al descubierto ordenadores perdidos, robados o dados de baja indebidamente.<\/li>\n<li>Herramientas dise\u00f1adas para uso empresarial.<\/li>\n<\/ul>\n<p style=\"padding-left: 80px;\"><strong>Sobre todo, te beneficiar\u00e1s de un arranque m\u00e1s r\u00e1pido del sistema y de un men\u00fa de inicio familiar pero mejorado. Windows 10 tambi\u00e9n te ofrece nuevas formas de hacer las cosas r\u00e1pidamente. Adem\u00e1s, dispones de nuevas funciones como un nuevo navegador para una experiencia web mejorada. Cortana te sigue en todos tus dispositivos Windows 10. Adem\u00e1s, te ayuda a hacer las cosas m\u00e1s f\u00e1ciles. Aprende cada vez m\u00e1s sobre ti con el tiempo y puede ayudarte mejor cada d\u00eda.<\/strong><\/p>\n<h3><strong>Funciones avanzadas<br \/>\n<\/strong><\/h3>\n<p>Windows 10 Professional le ayuda de forma \u00f3ptima en todo lo que hace. Mant\u00e9ngase al d\u00eda con s\u00f3lo acoplar aplicaciones y optimizar el uso compartido de la pantalla para trabajar de forma m\u00e1s productiva. Acople hasta cuatro aplicaciones a la vez y cree escritorios virtuales si necesita m\u00e1s espacio o desea agrupar contenidos para un proyecto, por ejemplo, aplicaciones de oficina para el trabajo y juegos para el ocio. Las Live Tiles ofrecen flujos actualizados de tus contenidos m\u00e1s importantes en tiempo real.<\/p>\n<p style=\"padding-left: 80px;\">En conclusi\u00f3n, <a href=\"https:\/\/keyshop.windowsandoffice.com\/es\/producto\/combo1\/\"><strong>Windows 10<\/strong> <\/a>es compatible con el hardware, el software y los perif\u00e9ricos que ya utilizas. Mant\u00e9n tu sistema actualizado con funciones y seguridad durante toda la vida \u00fatil compatible de tu dispositivo.<\/p>\n<p>&nbsp;<\/p>\n<h4><strong>Requisitos del sistema:<br \/>\n<\/strong><\/h4>\n<ul>\n<li><em>Procesador de 1 GHz<\/em><\/li>\n<li><em>1 GB (32 bits), 2 GB (64 bits) RAM<\/em><\/li>\n<li><em>20 GB de espacio disponible en el disco duro<\/em><\/li>\n<li><em>Tarjeta gr\u00e1fica DirectX 9 con controlador WDDM<\/em><\/li>\n<\/ul>\n<h4><strong>Apoyo:<\/strong><\/h4>\n<p>Si tiene alguna pregunta, no dude en ponerse en contacto con nosotros. <a href=\"mailto:keyshop@dl-winandoffice.com\">por correo electr\u00f3nico<\/a>. Nuestro servicio de atenci\u00f3n al cliente est\u00e1 disponible 7 d\u00edas a la semana, 24 horas al d\u00eda. Por lo tanto, dispondr\u00e1 de asistencia instant\u00e1nea.<\/p>\n<p>Por otro lado, aseguramos la disponibilidad en todos nuestros productos. En consecuencia, recibir\u00e1 su pedido en un tiempo r\u00e9cord.<\/p>\n<p>Nuestra empresa cuenta con m\u00e1s de 10 a\u00f1os de experiencia en el sector. Esto significa que proporcionamos un servicio profesional acorde con sus necesidades. As\u00ed que si\u00e9ntase seguro de formar parte de nuestra red mundial de clientes satisfechos.<\/p>\n<p>&nbsp;<\/p>","protected":false},"excerpt":{"rendered":"<h3>Windows 10 Profesional<\/h3>\n<p>es el m\u00e1s avanzado y seguro <em><strong><a href=\"https:\/\/www.microsoft.com\">Windows operativo<\/a> <\/strong><\/em>con sus aplicaciones universales personalizadas, funciones y opciones de seguridad avanzadas para ordenadores de sobremesa, port\u00e1tiles y tabletas. <em><strong>Las nuevas ediciones y las actualizaciones autom\u00e1ticas de tus aplicaciones y funciones favoritas te permiten ser m\u00e1s eficiente y relajarte sabiendo que tu dispositivo est\u00e1 seguro.<\/strong><\/em><\/p>","protected":false},"featured_media":115825,"comment_status":"open","ping_status":"closed","template":"","meta":{"_acf_changed":false},"product_brand":[],"product_cat":[65,41],"product_tag":[73,72,66,71,52,44],"class_list":{"0":"post-208","1":"product","2":"type-product","3":"status-publish","4":"has-post-thumbnail","6":"product_cat-popular","7":"product_cat-windows-desktop","8":"product_tag-activate-your-pc","9":"product_tag-computer-keys","10":"product_tag-keys","11":"product_tag-office-2019","12":"product_tag-windows","13":"product_tag-windows-10-pro","15":"first","16":"instock","17":"sale","18":"virtual","19":"taxable","20":"purchasable","21":"product-type-simple"},"acf":[],"_links":{"self":[{"href":"https:\/\/keyshop.windowsandoffice.com\/es\/wp-json\/wp\/v2\/product\/208","targetHints":{"allow":["GET"]}}],"collection":[{"href":"https:\/\/keyshop.windowsandoffice.com\/es\/wp-json\/wp\/v2\/product"}],"about":[{"href":"https:\/\/keyshop.windowsandoffice.com\/es\/wp-json\/wp\/v2\/types\/product"}],"replies":[{"embeddable":true,"href":"https:\/\/keyshop.windowsandoffice.com\/es\/wp-json\/wp\/v2\/comments?post=208"}],"wp:featuredmedia":[{"embeddable":true,"href":"https:\/\/keyshop.windowsandoffice.com\/es\/wp-json\/wp\/v2\/media\/115825"}],"wp:attachment":[{"href":"https:\/\/keyshop.windowsandoffice.com\/es\/wp-json\/wp\/v2\/media?parent=208"}],"wp:term":[{"taxonomy":"product_brand","embeddable":true,"href":"https:\/\/keyshop.windowsandoffice.com\/es\/wp-json\/wp\/v2\/product_brand?post=208"},{"taxonomy":"product_cat","embeddable":true,"href":"https:\/\/keyshop.windowsandoffice.com\/es\/wp-json\/wp\/v2\/product_cat?post=208"},{"taxonomy":"product_tag","embeddable":true,"href":"https:\/\/keyshop.windowsandoffice.com\/es\/wp-json\/wp\/v2\/product_tag?post=208"}],"curies":[{"name":"wp","href":"https:\/\/api.w.org\/{rel}","templated":true}]}}