{"id":166944,"date":"2026-05-04T11:28:40","date_gmt":"2026-05-04T09:28:40","guid":{"rendered":"https:\/\/keyshop.windowsandoffice.com\/?post_type=product&#038;p=166944"},"modified":"2026-05-04T11:28:41","modified_gmt":"2026-05-04T09:28:41","slug":"microsoft-windows-server-2025-standard","status":"publish","type":"product","link":"https:\/\/keyshop.windowsandoffice.com\/es\/producto\/microsoft-windows-server-2025-standard\/","title":{"rendered":"Microsoft Windows Server 2025 Standard"},"content":{"rendered":"<p>Windows Server 2025 helps you grow your business&mdash;and extend operations to the cloud&mdash;from a position of strength. It maximizes your existing investments and builds on Windows Server security, app innovation, and Hyper-Converged Infrastructure capabilities to help you bridge your on-premises investments to the cloud.<\/p>\n<p>Windows Server 2025 is available in three editions for different environments:<\/p>\n<ul>\n<li><strong>Windows Server 2025 Essentials<\/strong> est\u00e1 pensado para peque\u00f1as empresas de hasta 25 usuarios y 50 dispositivos. No se requieren licencias adicionales para acceder al servidor (CAL).<\/li>\n<li><strong>Windows Server 2025 Standard<\/strong> es perfecto para entornos f\u00edsicos o m\u00ednimamente virtualizados. Este modelo de licencia basado en n\u00facleo requiere licencias para acceder al servidor (CAL)<\/li>\n<li><strong>Windows Server 2025 Datacenter<\/strong> es ideal para centros de datos altamente virtualizados y entornos de nube. Este modelo de licencia basado en n\u00facleo requiere licencias para acceder al servidor (CAL)<\/li>\n<\/ul>\n<p>Windows Server 2025 is the operating system that bridges on-premises environments with Azure, adding additional layers of security while helping you modernize your applications and infrastructure.<\/p>\n<p><strong>Capacidades h\u00edbridas con Azure<\/strong><\/p>\n<p>Ampl\u00ede su centro de datos a Azure para maximizar sus inversiones y obtener nuevas capacidades h\u00edbridas.<\/p>\n<p><strong>Seguridad multicapa avanzada<\/strong><\/p>\n<p>Mejore su seguridad protegiendo el centro de datos, empezando por el sistema operativo.<\/p>\n<p><strong>Innovaci\u00f3n m\u00e1s r\u00e1pida para las aplicaciones<\/strong><\/p>\n<p>Permita la creaci\u00f3n de aplicaciones nativas de la nube y modernice las aplicaciones tradicionales mediante contenedores y microservicios.<\/p>\n<p><strong>Infraestructura hiperconvergente sin precedentes<\/strong><\/p>\n<p>Evolucione la infraestructura de su centro de datos para lograr una mayor eficacia y seguridad.<\/p>\n<p><strong>Requisitos del sistema<\/strong><\/p>\n<ul>\n<li>Procesador: procesador de 64 bits a 1,4 GHz con NX \/ DEP<\/li>\n<li>RAM: 512 MB (Server Core y Server Nano), 2 GB (con vista de escritorio)<\/li>\n<li>Tarjeta gr\u00e1fica y monitor: 1024 \u00d7 768 p\u00edxeles<\/li>\n<li>Red: Gigabit Ethernet<\/li>\n<li>Espacio libre en el disco duro: 32 GB de espacio libre en el disco duro<\/li>\n<li>BIOS: Sistema UEFI con Secure Boot (UEFI 2.3.1c) (para determinadas funciones)<\/li>\n<\/ul>","protected":false},"excerpt":{"rendered":"<ul>\n<li>Servidor Microsoft Windows 2022 Est\u00e1ndar<\/li>\n<li>Versiones disponibles para sistemas de 64 bits<\/li>\n<li>Env\u00edo por correo electr\u00f3nico: clave del producto, instrucciones, enlaces de descarga, factura<\/li>\n<li>Descarga inmediata<\/li>\n<li>Sin l\u00edmite de tiempo, sin suscripci\u00f3n<\/li>\n<li>Asistencia gratuita durante la instalaci\u00f3n y la activaci\u00f3n<\/li>\n<li>No disponible en soporte f\u00edsico (USB, CD, etc.)<\/li>\n<\/ul>","protected":false},"featured_media":166945,"comment_status":"open","ping_status":"closed","template":"","meta":{"_acf_changed":false},"product_brand":[],"product_cat":[41],"product_tag":[],"class_list":{"0":"post-166944","1":"product","2":"type-product","3":"status-publish","4":"has-post-thumbnail","6":"product_cat-windows-desktop","8":"first","9":"instock","10":"sale","11":"virtual","12":"taxable","13":"purchasable","14":"product-type-simple"},"acf":[],"_links":{"self":[{"href":"https:\/\/keyshop.windowsandoffice.com\/es\/wp-json\/wp\/v2\/product\/166944","targetHints":{"allow":["GET"]}}],"collection":[{"href":"https:\/\/keyshop.windowsandoffice.com\/es\/wp-json\/wp\/v2\/product"}],"about":[{"href":"https:\/\/keyshop.windowsandoffice.com\/es\/wp-json\/wp\/v2\/types\/product"}],"replies":[{"embeddable":true,"href":"https:\/\/keyshop.windowsandoffice.com\/es\/wp-json\/wp\/v2\/comments?post=166944"}],"wp:featuredmedia":[{"embeddable":true,"href":"https:\/\/keyshop.windowsandoffice.com\/es\/wp-json\/wp\/v2\/media\/166945"}],"wp:attachment":[{"href":"https:\/\/keyshop.windowsandoffice.com\/es\/wp-json\/wp\/v2\/media?parent=166944"}],"wp:term":[{"taxonomy":"product_brand","embeddable":true,"href":"https:\/\/keyshop.windowsandoffice.com\/es\/wp-json\/wp\/v2\/product_brand?post=166944"},{"taxonomy":"product_cat","embeddable":true,"href":"https:\/\/keyshop.windowsandoffice.com\/es\/wp-json\/wp\/v2\/product_cat?post=166944"},{"taxonomy":"product_tag","embeddable":true,"href":"https:\/\/keyshop.windowsandoffice.com\/es\/wp-json\/wp\/v2\/product_tag?post=166944"}],"curies":[{"name":"wp","href":"https:\/\/api.w.org\/{rel}","templated":true}]}}