{"id":16210,"date":"2023-01-06T13:53:00","date_gmt":"2023-01-06T12:53:00","guid":{"rendered":"https:\/\/keyshop.windowsandoffice.com\/?post_type=product&#038;p=16210"},"modified":"2026-04-17T02:30:41","modified_gmt":"2026-04-17T00:30:41","slug":"visio-2021-standard","status":"publish","type":"product","link":"https:\/\/keyshop.windowsandoffice.com\/es\/producto\/visio-2021-standard\/","title":{"rendered":"Licencia est\u00e1ndar de Microsoft Visio 2021 para 3 PC"},"content":{"rendered":"<h3>Visio 2021 Est\u00e1ndar<\/h3>\n<p>Microsoft Visio Standard 2021 es la \u00faltima generaci\u00f3n del popular software de Microsoft para crear y editar diagramas y visualizaciones. Visio Standard es especialmente adecuado para empresas, ya que varios usuarios de un equipo o departamento pueden trabajar simult\u00e1neamente en los diagramas. Hay muchas interfaces disponibles para compartir las visualizaciones terminadas tanto interna como externamente con personas seleccionadas. Microsoft ha trabajado intensamente en las plantillas y formas que se utilizan continuamente en Visio. Tambi\u00e9n se han mejorado los estilos de los diagramas para hacerlos visualmente m\u00e1s impresionantes y, al mismo tiempo, facilitar su lectura. Con Microsoft Visio Standard 2021 tambi\u00e9n tienes la opci\u00f3n de introducir datos en una visualizaci\u00f3n existente en tiempo real.<\/p>","protected":false},"excerpt":{"rendered":"<p>Microsoft Visio Standard 2021 es la \u00faltima generaci\u00f3n del popular software de Microsoft para crear y editar diagramas y visualizaciones. Visio Standard es especialmente adecuado para empresas, ya que varios usuarios de un equipo o departamento pueden trabajar simult\u00e1neamente en los diagramas. Hay muchas interfaces disponibles para compartir las visualizaciones terminadas tanto interna como externamente con personas seleccionadas.<\/p>\n<p><strong>Nota:<\/strong><\/p>\n<ul>\n<li><strong>Este producto s\u00f3lo es compatible con Windows 10 y 11.<\/strong><\/li>\n<li><strong>Este producto NO es compatible con los sistemas operativos de Apple (MacOS, iPadOS, iOS), Chromebooks<\/strong><\/li>\n<\/ul>","protected":false},"featured_media":115837,"comment_status":"open","ping_status":"closed","template":"","meta":{"_acf_changed":false},"product_brand":[],"product_cat":[40,56],"product_tag":[],"class_list":{"0":"post-16210","1":"product","2":"type-product","3":"status-publish","4":"has-post-thumbnail","6":"product_cat-msoffice","7":"product_cat-visio","9":"first","10":"instock","11":"sale","12":"virtual","13":"taxable","14":"purchasable","15":"product-type-simple"},"acf":[],"_links":{"self":[{"href":"https:\/\/keyshop.windowsandoffice.com\/es\/wp-json\/wp\/v2\/product\/16210","targetHints":{"allow":["GET"]}}],"collection":[{"href":"https:\/\/keyshop.windowsandoffice.com\/es\/wp-json\/wp\/v2\/product"}],"about":[{"href":"https:\/\/keyshop.windowsandoffice.com\/es\/wp-json\/wp\/v2\/types\/product"}],"replies":[{"embeddable":true,"href":"https:\/\/keyshop.windowsandoffice.com\/es\/wp-json\/wp\/v2\/comments?post=16210"}],"wp:featuredmedia":[{"embeddable":true,"href":"https:\/\/keyshop.windowsandoffice.com\/es\/wp-json\/wp\/v2\/media\/115837"}],"wp:attachment":[{"href":"https:\/\/keyshop.windowsandoffice.com\/es\/wp-json\/wp\/v2\/media?parent=16210"}],"wp:term":[{"taxonomy":"product_brand","embeddable":true,"href":"https:\/\/keyshop.windowsandoffice.com\/es\/wp-json\/wp\/v2\/product_brand?post=16210"},{"taxonomy":"product_cat","embeddable":true,"href":"https:\/\/keyshop.windowsandoffice.com\/es\/wp-json\/wp\/v2\/product_cat?post=16210"},{"taxonomy":"product_tag","embeddable":true,"href":"https:\/\/keyshop.windowsandoffice.com\/es\/wp-json\/wp\/v2\/product_tag?post=16210"}],"curies":[{"name":"wp","href":"https:\/\/api.w.org\/{rel}","templated":true}]}}