{"id":16196,"date":"2023-01-06T13:41:02","date_gmt":"2023-01-06T12:41:02","guid":{"rendered":"https:\/\/keyshop.windowsandoffice.com\/?post_type=product&#038;p=16196"},"modified":"2026-01-13T20:20:01","modified_gmt":"2026-01-13T19:20:01","slug":"project-2021-professional","status":"publish","type":"product","link":"https:\/\/keyshop.windowsandoffice.com\/es\/producto\/project-2021-professional\/","title":{"rendered":"Licencia de Microsoft Project 2021 Professional para 3 PC"},"content":{"rendered":"<h2>Proyecto 2021 Profesional<\/h2>\n<p>&nbsp;<\/p>\n<p>La edici\u00f3n Microsoft Project Professional 2021 de alto rendimiento incluye funciones ampliadas y nuevas interfaces para MS SharePoint, Project Server y Skype. El software aprovecha plenamente las numerosas ventajas del sistema operativo Windows 10 u 11, pero no es compatible con versiones anteriores de Windows. MS Project Professional 2021 se dirige principalmente a los gestores de proyectos de las empresas que planifican, gestionan, documentan y posteriormente analizan sus proyectos individuales.<\/p>\n<h2>Obtenga una mejor visi\u00f3n general de todos los proyectos con Microsoft Project 2021 Professional<\/h2>\n<p>Para mantener en todo momento una visi\u00f3n general del progreso y de los pasos individuales, incluso con proyectos complejos, Microsoft proporciona una soluci\u00f3n de alto rendimiento con el \"<strong>Proyecto 2021 Profesional<\/strong>\". La oferta se dirige principalmente a usuarios profesionales y comerciales, por lo que satisface con facilidad las m\u00e1s altas exigencias.<\/p>\n<h2>Las numerosas funciones inteligentes ahorran un tiempo valioso en el d\u00eda a d\u00eda<\/h2>\n<p>Con el fin de ayudar al usuario en el campo de la gesti\u00f3n de proyectos de la manera m\u00e1s eficiente posible, usted se beneficia de numerosas caracter\u00edsticas bien pensadas con el <strong>Software Microsoft Project 2021<\/strong>. Adem\u00e1s, el programa tambi\u00e9n es adecuado para principiantes gracias a su manejo intuitivo. La cl\u00e1sica ordenaci\u00f3n en pesta\u00f1as y la amplia zona de ayuda habitual son ventajas atractivas.<\/p>","protected":false},"excerpt":{"rendered":"<p>La edici\u00f3n Microsoft Project Professional 2021 de alto rendimiento incluye funciones ampliadas y nuevas interfaces para MS SharePoint, Project Server y Skype. El software aprovecha plenamente las numerosas ventajas del sistema operativo Windows 10 u 11, pero no es compatible con versiones anteriores de Windows. MS Project Professional 2021 se dirige principalmente a los gestores de proyectos de las empresas que planifican, gestionan, documentan y posteriormente analizan sus proyectos individuales.<\/p>\n<p><strong>Nota:<\/strong><\/p>\n<ul>\n<li style=\"list-style-type: none;\">\n<ul>\n<li><strong>Project Professional 2021 s\u00f3lo es compatible con Windows 10 y 11.<\/strong><\/li>\n<\/ul>\n<\/li>\n<\/ul>\n<ul>\n<li style=\"list-style-type: none;\">\n<ul>\n<li><strong>Project Professional 2021 NO es compatible con los sistemas operativos de Apple (MacOS, iPadOS, iOS), Chromebooks<\/strong><\/li>\n<\/ul>\n<\/li>\n<\/ul>","protected":false},"featured_media":115836,"comment_status":"open","ping_status":"closed","template":"","meta":{"_acf_changed":false},"product_brand":[],"product_cat":[40,57],"product_tag":[],"class_list":{"0":"post-16196","1":"product","2":"type-product","3":"status-publish","4":"has-post-thumbnail","6":"product_cat-msoffice","7":"product_cat-project","9":"first","10":"instock","11":"sale","12":"virtual","13":"taxable","14":"purchasable","15":"product-type-simple"},"acf":[],"_links":{"self":[{"href":"https:\/\/keyshop.windowsandoffice.com\/es\/wp-json\/wp\/v2\/product\/16196","targetHints":{"allow":["GET"]}}],"collection":[{"href":"https:\/\/keyshop.windowsandoffice.com\/es\/wp-json\/wp\/v2\/product"}],"about":[{"href":"https:\/\/keyshop.windowsandoffice.com\/es\/wp-json\/wp\/v2\/types\/product"}],"replies":[{"embeddable":true,"href":"https:\/\/keyshop.windowsandoffice.com\/es\/wp-json\/wp\/v2\/comments?post=16196"}],"wp:featuredmedia":[{"embeddable":true,"href":"https:\/\/keyshop.windowsandoffice.com\/es\/wp-json\/wp\/v2\/media\/115836"}],"wp:attachment":[{"href":"https:\/\/keyshop.windowsandoffice.com\/es\/wp-json\/wp\/v2\/media?parent=16196"}],"wp:term":[{"taxonomy":"product_brand","embeddable":true,"href":"https:\/\/keyshop.windowsandoffice.com\/es\/wp-json\/wp\/v2\/product_brand?post=16196"},{"taxonomy":"product_cat","embeddable":true,"href":"https:\/\/keyshop.windowsandoffice.com\/es\/wp-json\/wp\/v2\/product_cat?post=16196"},{"taxonomy":"product_tag","embeddable":true,"href":"https:\/\/keyshop.windowsandoffice.com\/es\/wp-json\/wp\/v2\/product_tag?post=16196"}],"curies":[{"name":"wp","href":"https:\/\/api.w.org\/{rel}","templated":true}]}}