{"id":1588,"date":"2020-05-17T04:32:17","date_gmt":"2020-05-17T00:32:17","guid":{"rendered":"https:\/\/keyshop.windowsandoffice.com\/?post_type=product&#038;p=1588"},"modified":"2026-01-13T20:50:00","modified_gmt":"2026-01-13T19:50:00","slug":"ms-project-2016-professional","status":"publish","type":"product","link":"https:\/\/keyshop.windowsandoffice.com\/es\/producto\/ms-project-2016-professional\/","title":{"rendered":"Licencia de Microsoft Project 2016 Professional para 3 PC"},"content":{"rendered":"<h2>Project 2016 Profesional<\/h2>\n<p>&nbsp;<\/p>\n<p>En primer lugar, Project 2016 Professional es una aplicaci\u00f3n eficaz para gestionar y supervisar el progreso del proyecto. Por lo tanto, esta versi\u00f3n incluye una gran cantidad de caracter\u00edsticas y opciones para crear el plan del proyecto y supervisar el progreso de acuerdo con el presupuesto definido. Adem\u00e1s, usted experimentar\u00e1 una interfaz f\u00e1cil de usar con el flujo de la aplicaci\u00f3n de auto-narraci\u00f3n. Del mismo modo, puede utilizarla incluso si es un principiante.<\/p>\n<p>&nbsp;<\/p>\n<p>Adem\u00e1s, con la \u00faltima versi\u00f3n de Project podr\u00e1 ver numerosos informes de proyectos y m\u00faltiples barras de tiempo personalizadas en funci\u00f3n de sus proyectos. Por otra parte, la gesti\u00f3n de recursos en Project es una de las caracter\u00edsticas vitales que le llevar\u00e1 a un nivel \u00f3ptimo de profesionalidad. Por lo tanto, hay m\u00faltiples filtros que se aplican en los informes que desea ver. Adem\u00e1s, esta aplicaci\u00f3n tiene muy buena compatibilidad con otras aplicaciones de Microsoft para su integraci\u00f3n. En conclusi\u00f3n, podemos decir que es una aplicaci\u00f3n muy \u00fatil para los gestores de proyectos y debe ser probado una vez.<\/p>\n<h3><strong>Caracter\u00edsticas del producto<\/strong><\/h3>\n<p>Por esta raz\u00f3n, puede experimentar las siguientes caracter\u00edsticas principales despu\u00e9s de Project 2016 Professional:<\/p>\n<ul>\n<li>Potente aplicaci\u00f3n para planificar y gestionar los proyectos.<\/li>\n<li>Siga el progreso y gestione el presupuesto.<\/li>\n<li>Una interfaz de usuario sencilla y f\u00e1cil de entender.<\/li>\n<li>Integraci\u00f3n r\u00e1pida y sencilla con otros productos de Microsoft.<\/li>\n<li>Analizar la carga de trabajo y generar diferentes informes.<\/li>\n<li>Nueva consulta en la oficina \"Dime qu\u00e9 quieres hacer\".<\/li>\n<li>Personalice la vista para obtener resultados personalizados.<\/li>\n<li>Genere m\u00faltiples barras cronol\u00f3gicas y establezca intervalos de fechas personalizados.<\/li>\n<\/ul>\n<h3><strong>Requisitos del sistema:<\/strong><\/h3>\n<ul>\n<li>Windows 10, Windows 8.1, Windows 8, Windows 7 Service Pack 1, Windows Server 2016, Windows Server 2012 R2, Windows Server 2012 o Windows Server 2008 R2.<\/li>\n<li>Procesador x86 o x64 de 1 GHz o superior con conjunto de instrucciones SSE2.<\/li>\n<li>2 GB DE RAM.<\/li>\n<li>3 GB de espacio disponible en disco.<\/li>\n<li>La aceleraci\u00f3n gr\u00e1fica por hardware requiere una tarjeta gr\u00e1fica DirectX 10.<\/li>\n<li>Se requiere .NET 3.5. Algunas funciones pueden requerir la instalaci\u00f3n de .NET 4.0, 4.5 o 4.6 CLR.<\/li>\n<\/ul>\n<p>Combina perfectamente con <a href=\"https:\/\/keyshop.windowsandoffice.com\/es\/producto\/windows-10-pro\/\">windows 10 pro<\/a> y <a href=\"https:\/\/keyshop.windowsandoffice.com\/es\/producto\/windows-10-home\/\">windows home.<\/a><\/p>\n<h3><strong>Apoyo:<\/strong><\/h3>\n<p>Si tiene alguna pregunta, no dude en ponerse en contacto con nosotros. <a href=\"mailto:keyshop@dl-winandoffice.com\">por correo electr\u00f3nico<\/a>. Nuestro servicio de atenci\u00f3n al cliente est\u00e1 disponible 7 d\u00edas a la semana, 24 horas al d\u00eda. Por lo tanto, dispondr\u00e1 de asistencia instant\u00e1nea.<\/p>\n<p>Por otro lado, aseguramos la disponibilidad en todos nuestros productos. En consecuencia, recibir\u00e1 su pedido en un tiempo r\u00e9cord.<\/p>\n<p>Nuestra empresa cuenta con m\u00e1s de 10 a\u00f1os de experiencia en el sector. Esto significa que proporcionamos un servicio profesional acorde con sus necesidades. As\u00ed que si\u00e9ntase seguro de formar parte de nuestra red mundial de clientes satisfechos.<\/p>\n<p>Por lo tanto, si desea ver nuestras noticias<strong>, <a href=\"https:\/\/news.dl-winandoffice.com\/en\/\" target=\"_blank\" rel=\"noopener noreferrer nofollow\">pulse aqu\u00ed<\/a><\/strong><\/p>\n<div id=\"gtx-trans\">\n<div class=\"gtx-trans-icon\"><\/div>\n<\/div>\n<div id=\"gtx-trans\">\n<div class=\"gtx-trans-icon\"><\/div>\n<\/div>","protected":false},"excerpt":{"rendered":"<p>Microsoft Project Pro 2016 es una aplicaci\u00f3n eficaz para gestionar y supervisar el progreso del proyecto. Esta versi\u00f3n incluye un mont\u00f3n de caracter\u00edsticas y opciones para crear el plan del proyecto y supervisar el progreso de acuerdo con el presupuesto definido. Adem\u00e1s, usted experimentar\u00e1 una interfaz f\u00e1cil de usar con el flujo de aplicaci\u00f3n de auto-narraci\u00f3n. Puede utilizarla incluso si es principiante.<\/p>\n<p><strong>\u00a0 \u00a0 \u00a0 \u00a0 \u00a0 \u00a0 \u00a0 \u00a0 \u00a0 \u00a0 Nota:<\/strong><\/p>\n<ul>\n<li style=\"list-style-type: none;\">\n<ul>\n<li><strong>Project 2016 Professional s\u00f3lo es compatible con Windows 10 y 11.<\/strong><\/li>\n<\/ul>\n<\/li>\n<\/ul>\n<ul>\n<li style=\"list-style-type: none;\">\n<ul>\n<li><strong>Project 2016 Professional NO es compatible con los sistemas operativos de Apple (MacOS, iPadOS, iOS), Chromebooks<\/strong><\/li>\n<\/ul>\n<\/li>\n<\/ul>","protected":false},"featured_media":115820,"comment_status":"open","ping_status":"closed","template":"","meta":{"_acf_changed":false},"product_brand":[],"product_cat":[40,57],"product_tag":[],"class_list":{"0":"post-1588","1":"product","2":"type-product","3":"status-publish","4":"has-post-thumbnail","6":"product_cat-msoffice","7":"product_cat-project","9":"first","10":"instock","11":"sale","12":"virtual","13":"taxable","14":"purchasable","15":"product-type-simple"},"acf":[],"_links":{"self":[{"href":"https:\/\/keyshop.windowsandoffice.com\/es\/wp-json\/wp\/v2\/product\/1588","targetHints":{"allow":["GET"]}}],"collection":[{"href":"https:\/\/keyshop.windowsandoffice.com\/es\/wp-json\/wp\/v2\/product"}],"about":[{"href":"https:\/\/keyshop.windowsandoffice.com\/es\/wp-json\/wp\/v2\/types\/product"}],"replies":[{"embeddable":true,"href":"https:\/\/keyshop.windowsandoffice.com\/es\/wp-json\/wp\/v2\/comments?post=1588"}],"wp:featuredmedia":[{"embeddable":true,"href":"https:\/\/keyshop.windowsandoffice.com\/es\/wp-json\/wp\/v2\/media\/115820"}],"wp:attachment":[{"href":"https:\/\/keyshop.windowsandoffice.com\/es\/wp-json\/wp\/v2\/media?parent=1588"}],"wp:term":[{"taxonomy":"product_brand","embeddable":true,"href":"https:\/\/keyshop.windowsandoffice.com\/es\/wp-json\/wp\/v2\/product_brand?post=1588"},{"taxonomy":"product_cat","embeddable":true,"href":"https:\/\/keyshop.windowsandoffice.com\/es\/wp-json\/wp\/v2\/product_cat?post=1588"},{"taxonomy":"product_tag","embeddable":true,"href":"https:\/\/keyshop.windowsandoffice.com\/es\/wp-json\/wp\/v2\/product_tag?post=1588"}],"curies":[{"name":"wp","href":"https:\/\/api.w.org\/{rel}","templated":true}]}}