{"id":1582,"date":"2020-05-17T04:10:38","date_gmt":"2020-05-17T00:10:38","guid":{"rendered":"https:\/\/keyshop.windowsandoffice.com\/?post_type=product&#038;p=1582"},"modified":"2026-01-13T20:50:00","modified_gmt":"2026-01-13T19:50:00","slug":"ms-project-2019-professional","status":"publish","type":"product","link":"https:\/\/keyshop.windowsandoffice.com\/es\/producto\/ms-project-2019-professional\/","title":{"rendered":"Licencia de Microsoft Project 2019 Professional para 3 PC"},"content":{"rendered":"<p>Trabaje con otras personas para iniciar y ejecutar proyectos con \u00e9xito en un abrir y cerrar de ojos. Incluye todas las caracter\u00edsticas de Project Standard m\u00e1s la colaboraci\u00f3n en la gesti\u00f3n de recursos, la sincronizaci\u00f3n de tareas de SharePoint, la presentaci\u00f3n de hojas de horas y mucho m\u00e1s. Microsoft Project Professional 2019 ofrece funciones flexibles que le ayudar\u00e1n a planificar proyectos, realizar un seguimiento del estado y colaborar con otras personas desde pr\u00e1cticamente cualquier lugar. La aplicaci\u00f3n ofrece comunicaci\u00f3n en tiempo real y mensajer\u00eda instant\u00e1nea, activada directamente en su plan de proyecto a trav\u00e9s de Skype for Business, y consolida todos los recursos potenciales del proyecto en una sola vista.<\/p>\n<p>Mant\u00e9ngase organizado, centrado y al mando. Afronta desde peque\u00f1os proyectos hasta grandes iniciativas. Puede que seas o no un gestor de proyectos, pero ahora puedes ser el jefe de cualquier proyecto con una aplicaci\u00f3n potente y f\u00e1cil de usar.<\/p>\n<h4><strong>F\u00e1cil de arrancar, sencillo de usar, y viceversa<\/strong><\/h4>\n<p>Con Project 2019 Professional Trabaje con confianza con una potente herramienta de gesti\u00f3n de proyectos que hace que empezar y gestionar proyectos sea sencillo y f\u00e1cil.<\/p>\n<h4><strong>Elimine las molestias de los proyectos laboriosos<\/strong><\/h4>\n<p>Incluso los proyectos complejos son m\u00e1s f\u00e1ciles de gestionar cuando puedes elegir los m\u00e9todos y herramientas que mejor se adaptan a tus necesidades.<\/p>\n<h4><strong>Trabajar codo con codo sin estar uno al lado del otro<\/strong><\/h4>\n<p>Colabora en proyectos aunque est\u00e9s en continentes distintos. Permite que todos los miembros del equipo actualicen las tareas simult\u00e1neamente para que pod\u00e1is hacer m\u00e1s cosas juntos.<\/p>\n<h4><strong>Mant\u00e9ngase en el buen camino sin esfuerzo<\/strong><\/h4>\n<p>Planifique f\u00e1cilmente sus proyectos con la potencia de la programaci\u00f3n din\u00e1mica basada en el esfuerzo necesario, la duraci\u00f3n del proyecto y los miembros del equipo asignados.<\/p>\n<h4><strong>Mejore su visi\u00f3n y sus resultados con la inteligencia empresarial<\/strong><\/h4>\n<p>Cree cuadros de mando interactivos para ver el estado general y profundizar en los detalles de sus proyectos y programas, utilizando la visualizaci\u00f3n de Power BI*.<\/p>\n<h4><strong>Ejercer el poder de innovar<\/strong><\/h4>\n<p>Construya las experiencias de escritorio o m\u00f3viles que desee y cree f\u00e1cilmente flujos de trabajo automatizados. Todo ello con una plataforma flexible y segura basada en Azure, la nube empresarial m\u00e1s fiable del mundo.<\/p>\n<h4><strong>Requisitos del sistema<\/strong><\/h4>\n<ul>\n<li>Procesador de 2 n\u00facleos a 1,6 GHz<\/li>\n<li>Windows 10 sistema operativo para PC<\/li>\n<li>2 GB (32 bits), 4 GB, (64 bits) RAM<\/li>\n<li>4 GB de espacio disponible en el disco duro<\/li>\n<li>Tarjeta gr\u00e1fica DirectX 10 para el uso de la aceleraci\u00f3n por hardware de gr\u00e1ficos<\/li>\n<\/ul>\n<p>\u00bfEst\u00e1 buscando <a href=\"https:\/\/keyshop.windowsandoffice.com\/es\/producto\/ms-visio-2019-professional\/\">Visio 2019 Professional<\/a>?<\/p>\n<h4><strong>Apoyo:<\/strong><\/h4>\n<p>Si tiene alguna pregunta, no dude en ponerse en contacto con nosotros. <a href=\"mailto:keyshop@dl-winandoffice.com\">por correo electr\u00f3nico<\/a>. Nuestro servicio de atenci\u00f3n al cliente est\u00e1 disponible 7 d\u00edas a la semana, 24 horas al d\u00eda. Por lo tanto, dispondr\u00e1 de asistencia instant\u00e1nea.<\/p>\n<p>Por otro lado, aseguramos la disponibilidad en todos nuestros productos. En consecuencia, recibir\u00e1 su pedido en un tiempo r\u00e9cord.<\/p>\n<p>Nuestra empresa cuenta con m\u00e1s de 10 a\u00f1os de experiencia en el sector. Esto significa que proporcionamos un servicio profesional acorde con sus necesidades. As\u00ed que si\u00e9ntase seguro de formar parte de nuestra red mundial de clientes satisfechos.<\/p>\n<p>Por lo tanto, si desea ver nuestras noticias<strong>, <a href=\"https:\/\/news.dl-winandoffice.com\/en\/\" target=\"_blank\" rel=\"noopener noreferrer nofollow\">pulse aqu\u00ed<\/a><\/strong><\/p>\n<p>&nbsp;<\/p>","protected":false},"excerpt":{"rendered":"<p>Trabaje con otras personas para iniciar y ejecutar proyectos con \u00e9xito en un abrir y cerrar de ojos. Incluye todas las caracter\u00edsticas de Project Standard m\u00e1s la colaboraci\u00f3n en la gesti\u00f3n de recursos, la sincronizaci\u00f3n de tareas de SharePoint, la presentaci\u00f3n de hojas de horas y mucho m\u00e1s. Microsoft Project Professional 2019 ofrece funciones flexibles que le ayudar\u00e1n a planificar proyectos, realizar un seguimiento del estado y colaborar con otras personas desde pr\u00e1cticamente cualquier lugar. La aplicaci\u00f3n ofrece comunicaci\u00f3n en tiempo real y mensajer\u00eda instant\u00e1nea, activada directamente en su plan de proyecto a trav\u00e9s de Skype for Business, y consolida todos los recursos potenciales del proyecto en una sola vista.<\/p>\n<p><strong>Nota:<\/strong><\/p>\n<ul>\n<li style=\"list-style-type: none;\">\n<ul>\n<li><strong>Project Professional 2019 solo es compatible con Windows 10 y 11.<\/strong><\/li>\n<\/ul>\n<\/li>\n<\/ul>\n<ul>\n<li style=\"list-style-type: none;\">\n<ul>\n<li><strong>Project Professional 2019 NO es compatible con los sistemas operativos de Apple (macOS, iPadOS, iOS), Chromebooks<\/strong><\/li>\n<\/ul>\n<\/li>\n<\/ul>","protected":false},"featured_media":115818,"comment_status":"open","ping_status":"closed","template":"","meta":{"_acf_changed":false},"product_brand":[],"product_cat":[40,57],"product_tag":[],"class_list":{"0":"post-1582","1":"product","2":"type-product","3":"status-publish","4":"has-post-thumbnail","6":"product_cat-msoffice","7":"product_cat-project","9":"first","10":"instock","11":"sale","12":"virtual","13":"taxable","14":"purchasable","15":"product-type-simple"},"acf":[],"_links":{"self":[{"href":"https:\/\/keyshop.windowsandoffice.com\/es\/wp-json\/wp\/v2\/product\/1582","targetHints":{"allow":["GET"]}}],"collection":[{"href":"https:\/\/keyshop.windowsandoffice.com\/es\/wp-json\/wp\/v2\/product"}],"about":[{"href":"https:\/\/keyshop.windowsandoffice.com\/es\/wp-json\/wp\/v2\/types\/product"}],"replies":[{"embeddable":true,"href":"https:\/\/keyshop.windowsandoffice.com\/es\/wp-json\/wp\/v2\/comments?post=1582"}],"wp:featuredmedia":[{"embeddable":true,"href":"https:\/\/keyshop.windowsandoffice.com\/es\/wp-json\/wp\/v2\/media\/115818"}],"wp:attachment":[{"href":"https:\/\/keyshop.windowsandoffice.com\/es\/wp-json\/wp\/v2\/media?parent=1582"}],"wp:term":[{"taxonomy":"product_brand","embeddable":true,"href":"https:\/\/keyshop.windowsandoffice.com\/es\/wp-json\/wp\/v2\/product_brand?post=1582"},{"taxonomy":"product_cat","embeddable":true,"href":"https:\/\/keyshop.windowsandoffice.com\/es\/wp-json\/wp\/v2\/product_cat?post=1582"},{"taxonomy":"product_tag","embeddable":true,"href":"https:\/\/keyshop.windowsandoffice.com\/es\/wp-json\/wp\/v2\/product_tag?post=1582"}],"curies":[{"name":"wp","href":"https:\/\/api.w.org\/{rel}","templated":true}]}}