{"id":1576,"date":"2020-05-17T03:25:23","date_gmt":"2020-05-16T23:25:23","guid":{"rendered":"https:\/\/keyshop.windowsandoffice.com\/?post_type=product&#038;p=1576"},"modified":"2026-01-13T20:50:00","modified_gmt":"2026-01-13T19:50:00","slug":"ms-visio-2019-professional","status":"publish","type":"product","link":"https:\/\/keyshop.windowsandoffice.com\/es\/producto\/ms-visio-2019-professional\/","title":{"rendered":"Licencia de Microsoft Visio 2019 Professional para 3 PC"},"content":{"rendered":"<p>Microsoft Visio sigue siendo, en la edici\u00f3n Professional 2019, la mejor herramienta para dise\u00f1ar diagramas en las empresas. Por lo tanto, trabajar\u00e1 bas\u00e1ndose en est\u00e1ndares comunes del sector, como IEEE. Adem\u00e1s, Microsoft ha introducido miles de mejoras en los detalles. Tambi\u00e9n ha introducido nuevas caracter\u00edsticas, especialmente para facilitar el trabajo en proyectos en equipos m\u00e1s grandes. Por tanto, el software est\u00e1 expl\u00edcitamente dirigido a usuarios profesionales. Sin embargo, se mantiene la conocida facilidad de entrada en el programa, que se consigue principalmente gracias a las innumerables plantillas y a la probada interfaz de Office. Cada comprador sigue recibiendo 2 GB de espacio de almacenamiento gratuito con la soluci\u00f3n en la nube de Microsoft, OneDrive.<\/p>\n<h4>Novedades de Visio 2019 Professional<\/h4>\n<p>Los diagramas pueden generarse inmediatamente despu\u00e9s de iniciar el programa. Cientos de plantillas y una selecci\u00f3n de m\u00e1s de 250.000 formas lo garantizan. Adem\u00e1s, peri\u00f3dicamente se a\u00f1aden nuevas plantillas. Los usuarios pueden compartir los diagramas terminados como conjuntos de datos de Visio y tambi\u00e9n a trav\u00e9s de Internet. Los diagramas de Visio Professional 2019 se pueden mostrar en la web o como archivo PDF, para los usuarios que no utilicen Visio en su dispositivo. El creador del proyecto ve inmediatamente los comentarios que otros usuarios almacenan en el diagrama y, por tanto, recibe comentarios.<\/p>\n<h4>Compatibilidad con software propio y de terceros<\/h4>\n<p>Visio 2019 Professional es compatible con software de Microsoft Office como Excel, y tambi\u00e9n con software de terceros como el popular AutoCAD. Esta caracter\u00edstica ahorra tiempo en el trabajo.<br \/>\nPara dar vida a esos diagramas y mostrar con claridad grandes cantidades de informaci\u00f3n, se dispone de innumerables colores, formas y gr\u00e1ficos que permiten centrarse en los datos importantes para el espectador.<\/p>\n<h4>Trabajo en equipo<\/h4>\n<p>En cuanto cambien los datos de cualquier tipo ya integrados en el diagrama, Microsoft Visio Professional 2019 modificar\u00e1 tambi\u00e9n inmediatamente la presentaci\u00f3n del proyecto. Para ello, el programa escanea permanentemente los datos integrados, independientemente de su procedencia y de si est\u00e1n disponibles localmente o en la red, y transfiere inmediatamente los cambios al diagrama actual. De este modo, todos los que trabajan en este proyecto tienen siempre una visi\u00f3n de conjunto y trabajan juntos en una \u00fanica versi\u00f3n de este diagrama. La eliminaci\u00f3n de las actualizaciones manuales tambi\u00e9n simplifica el proceso de trabajo y ahorra mucho tiempo a largo plazo.<\/p>\n<h4>Compatibilidad con sistemas operativos<\/h4>\n<p>Microsoft ha desarrollado Visio Professional 2019 para que solo sea compatible con una de las ediciones de Windows 10 y Windows 10S. No es posible ejecutar el software con una versi\u00f3n anterior de Windows. Adem\u00e1s, esta oferta es una clave de producto para un PC de sobremesa o port\u00e1til. No hay m\u00e1s costes de suscripci\u00f3n. Microsoft garantiza que mantendr\u00e1 actualizado este software durante al menos cinco a\u00f1os.<\/p>\n<h4><strong>Requisitos del sistema:<\/strong><\/h4>\n<ul>\n<li>Windows 10, Windows Server 2019<\/li>\n<li>Procesador de 2 n\u00facleos a 1,6 GHz o superior<\/li>\n<li>2 GB de RAM (32 bits); 4 GB de RAM (64 bits)<\/li>\n<li>4 GB de espacio disponible en disco<\/li>\n<li>La aceleraci\u00f3n por hardware de gr\u00e1ficos requiere DirectX 9 o posterior, con WDDM 2.0 o superior para Windows 10 (o WDDM 1.3 o superior para Windows 10 Fall Creators Update).<\/li>\n<\/ul>\n<p>\u00bfEst\u00e1 buscando <a href=\"https:\/\/keyshop.windowsandoffice.com\/es\/producto\/ms-project-2019-professional\/\">Proyecto 2019 Profesional<\/a>?<\/p>\n<h4><strong>Apoyo:<\/strong><\/h4>\n<p>Si tiene alguna pregunta, no dude en ponerse en contacto con nosotros. <a href=\"mailto:keyshop@dl-winandoffice.com\">por correo electr\u00f3nico<\/a>. Nuestro servicio de atenci\u00f3n al cliente est\u00e1 disponible 7 d\u00edas a la semana, 24 horas al d\u00eda. Por lo tanto, dispondr\u00e1 de asistencia instant\u00e1nea.<\/p>\n<p>Por otro lado, aseguramos la disponibilidad en todos nuestros productos. En consecuencia, recibir\u00e1 su pedido en un tiempo r\u00e9cord.<\/p>\n<p>Nuestra empresa cuenta con m\u00e1s de 10 a\u00f1os de experiencia en el sector. Esto significa que proporcionamos un servicio profesional acorde con sus necesidades. As\u00ed que si\u00e9ntase seguro de formar parte de nuestra red mundial de clientes satisfechos.<\/p>\n<p>Por lo tanto, si desea ver nuestras noticias<strong>, <a href=\"https:\/\/news.dl-winandoffice.com\/en\/\" target=\"_blank\" rel=\"noopener noreferrer nofollow\">pulse aqu\u00ed<\/a><\/strong><\/p>\n<p>&nbsp;<\/p>","protected":false},"excerpt":{"rendered":"<p>Visio 2019 es una potente aplicaci\u00f3n de diagramaci\u00f3n que le permite trabajar visualmente para crear todo tipo de diagramas y es l\u00edder del sector con m\u00e1s de 12 millones de usuarios. Visio 2019 facilita la definici\u00f3n de los procesos empresariales, la documentaci\u00f3n de las mejores pr\u00e1cticas, la visualizaci\u00f3n del estado futuro de las iniciativas transformadoras y el seguimiento de las perspectivas operativas de su empresa. Al utilizar Office 365, puede compartir diagramas de Visio con todo el mundo y comunicar una versi\u00f3n de la verdad para impulsar la alineaci\u00f3n de toda la organizaci\u00f3n.<\/p>\n<p><strong>Nota:<\/strong><\/p>\n<ul>\n<li><strong>Este producto s\u00f3lo es compatible con Windows 10 y 11.<\/strong><\/li>\n<li><strong>Este producto NO es compatible con los sistemas operativos de Apple (MacOS, iPadOS, iOS), Chromebooks<\/strong><\/li>\n<\/ul>","protected":false},"featured_media":1607,"comment_status":"open","ping_status":"closed","template":"","meta":{"_acf_changed":false},"product_brand":[],"product_cat":[40,56],"product_tag":[],"class_list":{"0":"post-1576","1":"product","2":"type-product","3":"status-publish","4":"has-post-thumbnail","6":"product_cat-msoffice","7":"product_cat-visio","9":"first","10":"instock","11":"sale","12":"virtual","13":"taxable","14":"purchasable","15":"product-type-simple"},"acf":[],"_links":{"self":[{"href":"https:\/\/keyshop.windowsandoffice.com\/es\/wp-json\/wp\/v2\/product\/1576","targetHints":{"allow":["GET"]}}],"collection":[{"href":"https:\/\/keyshop.windowsandoffice.com\/es\/wp-json\/wp\/v2\/product"}],"about":[{"href":"https:\/\/keyshop.windowsandoffice.com\/es\/wp-json\/wp\/v2\/types\/product"}],"replies":[{"embeddable":true,"href":"https:\/\/keyshop.windowsandoffice.com\/es\/wp-json\/wp\/v2\/comments?post=1576"}],"wp:featuredmedia":[{"embeddable":true,"href":"https:\/\/keyshop.windowsandoffice.com\/es\/wp-json\/wp\/v2\/media\/1607"}],"wp:attachment":[{"href":"https:\/\/keyshop.windowsandoffice.com\/es\/wp-json\/wp\/v2\/media?parent=1576"}],"wp:term":[{"taxonomy":"product_brand","embeddable":true,"href":"https:\/\/keyshop.windowsandoffice.com\/es\/wp-json\/wp\/v2\/product_brand?post=1576"},{"taxonomy":"product_cat","embeddable":true,"href":"https:\/\/keyshop.windowsandoffice.com\/es\/wp-json\/wp\/v2\/product_cat?post=1576"},{"taxonomy":"product_tag","embeddable":true,"href":"https:\/\/keyshop.windowsandoffice.com\/es\/wp-json\/wp\/v2\/product_tag?post=1576"}],"curies":[{"name":"wp","href":"https:\/\/api.w.org\/{rel}","templated":true}]}}