{"id":1569,"date":"2020-05-17T03:22:46","date_gmt":"2020-05-16T23:22:46","guid":{"rendered":"https:\/\/keyshop.windowsandoffice.com\/?post_type=product&#038;p=1569"},"modified":"2026-01-13T20:50:00","modified_gmt":"2026-01-13T19:50:00","slug":"ms-visio-2016-professional","status":"publish","type":"product","link":"https:\/\/keyshop.windowsandoffice.com\/es\/producto\/ms-visio-2016-professional\/","title":{"rendered":"Licencia de Microsoft Visio 2016 Professional para 3 PC"},"content":{"rendered":"<p>Con Microsoft Visio Professional 2016, las personas y los equipos pueden crear y compartir diagramas profesionales y vers\u00e1tiles que simplifican la informaci\u00f3n compleja con m\u00e1s facilidad que nunca. Incluye todas las funciones de Visio Standard 2016, as\u00ed como formularios, plantillas y estilos actualizados, compatibilidad mejorada con la colaboraci\u00f3n en equipo, incluida la posibilidad de que varias personas trabajen en un mismo diagrama al mismo tiempo, y la capacidad de vincular diagramas a datos.<\/p>\n<p>Simplifique la transmisi\u00f3n de informaci\u00f3n compleja con diagramas vinculados a datos que pueden crearse con unos pocos clics. Con Visio, crear diagramas es pan comido. Tanto si quieres crear r\u00e1pidamente un diagrama de flujo de un proceso que comentaste con tus compa\u00f1eros en una pizarra, como si quieres trazar un mapa de una red inform\u00e1tica, crear un organigrama, documentar un proceso empresarial o dibujar un plano de planta, Visio te ayuda a visualizar tu trabajo.<\/p>\n<h4>Compatibilidad del software<\/h4>\n<p>Conecte los datos con la visualizaci\u00f3n de una estructura organizativa, una red inform\u00e1tica, una planta de producci\u00f3n o con procesos empresariales complejos para poder reconocer el rendimiento a primera vista.<\/p>\n<p>Las formas de Visio pueden vincularse a numerosas fuentes de datos, como Microsoft Excel, Microsoft Excel Services, Active Directory, Microsoft SQL Server, Microsoft SQL Azure y listas de Microsoft SharePoint, as\u00ed como Business Connectivity Services.<\/p>\n<p>Utilice gr\u00e1ficos de datos como s\u00edmbolos, colores o texto para simplificar y mejorar la visualizaci\u00f3n de informaci\u00f3n compleja. Aproveche la nueva conectividad en un solo paso con hojas de c\u00e1lculo Excel e intercambie gr\u00e1ficos de datos con un solo clic seg\u00fan sus ideas.<\/p>\n<p>\u00bfEst\u00e1 buscando <a href=\"https:\/\/keyshop.windowsandoffice.com\/es\/producto\/ms-project-2016-professional\/\">Project 2016 Profesional<\/a>?<\/p>\n<h4><strong>Requisitos del sistema:<\/strong><\/h4>\n<ul>\n<li>Windows 10, Windows 8.1, Windows 8, Windows 7 Service Pack 1, Windows Server 2016, Windows Server 2012 R2, Windows Server 2012 o Windows Server 2008 R2.<\/li>\n<li>Procesador x86 o x64 a 1 GHz o superior con conjunto de instrucciones SSE2<\/li>\n<li>2 GB RAM<\/li>\n<li>3 GB de espacio disponible en disco<\/li>\n<li>La aceleraci\u00f3n gr\u00e1fica por hardware requiere una tarjeta gr\u00e1fica DirectX 10.<\/li>\n<li>Se requiere .NET 3.5. Algunas funciones pueden requerir la instalaci\u00f3n de .NET 4.0, 4.5 o 4.6 CLR.<\/li>\n<\/ul>\n<h4><strong>Apoyo:<\/strong><\/h4>\n<p>Si tiene alguna pregunta, no dude en ponerse en contacto con nosotros. <a href=\"mailto:keyshop@dl-winandoffice.com\">por correo electr\u00f3nico<\/a>. Nuestro servicio de atenci\u00f3n al cliente est\u00e1 disponible 7 d\u00edas a la semana, 24 horas al d\u00eda. Por lo tanto, dispondr\u00e1 de asistencia instant\u00e1nea.<\/p>\n<p>Por otro lado, aseguramos la disponibilidad en todos nuestros productos. En consecuencia, recibir\u00e1 su pedido en un tiempo r\u00e9cord.<\/p>\n<p>Nuestra empresa cuenta con m\u00e1s de 10 a\u00f1os de experiencia en el sector. Esto significa que proporcionamos un servicio profesional acorde con sus necesidades. As\u00ed que si\u00e9ntase seguro de formar parte de nuestra red mundial de clientes satisfechos.<\/p>\n<p>Por lo tanto, si desea ver nuestras noticias<strong>, <a href=\"https:\/\/news.dl-winandoffice.com\/en\/\" target=\"_blank\" rel=\"noopener noreferrer nofollow\">pulse aqu\u00ed<\/a><\/strong><\/p>\n<p>&nbsp;<\/p>","protected":false},"excerpt":{"rendered":"<p>Con Microsoft Visio Professional 2016, las personas y los equipos pueden crear y compartir diagramas profesionales y vers\u00e1tiles que simplifican la informaci\u00f3n compleja con m\u00e1s facilidad que nunca. Incluye todas las funciones de Visio Standard 2016, as\u00ed como formularios, plantillas y estilos actualizados, compatibilidad mejorada con la colaboraci\u00f3n en equipo, incluida la posibilidad de que varias personas trabajen en un mismo diagrama al mismo tiempo, y la capacidad de vincular diagramas a datos.<\/p>\n<p><strong>Nota:<\/strong><\/p>\n<ul>\n<li><strong>Este producto s\u00f3lo es compatible con Windows 10 y 11.<\/strong><\/li>\n<li><strong>Este producto NO es compatible con los sistemas operativos de Apple (MacOS, iPadOS, iOS), Chromebooks<\/strong><\/li>\n<\/ul>","protected":false},"featured_media":115819,"comment_status":"open","ping_status":"closed","template":"","meta":{"_acf_changed":false},"product_brand":[],"product_cat":[40,56],"product_tag":[],"class_list":{"0":"post-1569","1":"product","2":"type-product","3":"status-publish","4":"has-post-thumbnail","6":"product_cat-msoffice","7":"product_cat-visio","9":"first","10":"instock","11":"sale","12":"virtual","13":"taxable","14":"purchasable","15":"product-type-simple"},"acf":[],"_links":{"self":[{"href":"https:\/\/keyshop.windowsandoffice.com\/es\/wp-json\/wp\/v2\/product\/1569","targetHints":{"allow":["GET"]}}],"collection":[{"href":"https:\/\/keyshop.windowsandoffice.com\/es\/wp-json\/wp\/v2\/product"}],"about":[{"href":"https:\/\/keyshop.windowsandoffice.com\/es\/wp-json\/wp\/v2\/types\/product"}],"replies":[{"embeddable":true,"href":"https:\/\/keyshop.windowsandoffice.com\/es\/wp-json\/wp\/v2\/comments?post=1569"}],"wp:featuredmedia":[{"embeddable":true,"href":"https:\/\/keyshop.windowsandoffice.com\/es\/wp-json\/wp\/v2\/media\/115819"}],"wp:attachment":[{"href":"https:\/\/keyshop.windowsandoffice.com\/es\/wp-json\/wp\/v2\/media?parent=1569"}],"wp:term":[{"taxonomy":"product_brand","embeddable":true,"href":"https:\/\/keyshop.windowsandoffice.com\/es\/wp-json\/wp\/v2\/product_brand?post=1569"},{"taxonomy":"product_cat","embeddable":true,"href":"https:\/\/keyshop.windowsandoffice.com\/es\/wp-json\/wp\/v2\/product_cat?post=1569"},{"taxonomy":"product_tag","embeddable":true,"href":"https:\/\/keyshop.windowsandoffice.com\/es\/wp-json\/wp\/v2\/product_tag?post=1569"}],"curies":[{"name":"wp","href":"https:\/\/api.w.org\/{rel}","templated":true}]}}