{"id":1402,"date":"2020-04-20T03:03:54","date_gmt":"2020-04-20T01:03:54","guid":{"rendered":"https:\/\/keyshop.windowsandoffice.com\/?post_type=product&#038;p=1402"},"modified":"2026-02-12T17:26:00","modified_gmt":"2026-02-12T16:26:00","slug":"windows-10-pro-office-2019-pro","status":"publish","type":"product","link":"https:\/\/keyshop.windowsandoffice.com\/es\/producto\/windows-10-pro-office-2019-pro\/","title":{"rendered":"Licencia Microsoft Office 2019 Professional Plus + Microsoft Windows 10 Professional para 3 PCs"},"content":{"rendered":"<h2>Windows 10 Office 2019<\/h2>\n<h3>Windows 10 Office 2019<\/h3>\n<p>Ahorre tiempo y dinero con nuestro combo Microsoft (Windows 10 Pro + Office 2019 Pro Plus). Como resultado, ofrecemos las \u00faltimas versiones de Office y Windows. En otras palabras, las soluciones de productividad l\u00edderes en el mundo. El paquete contiene los siguientes productos:<\/p>\n<ul>\n<li><strong><a href=\"https:\/\/keyshop.windowsandoffice.com\/es\/producto\/windows-10-pro\/\">Windows 10 Profesional<\/a>.<\/strong> El sistema operativo m\u00e1s seguro y fiable. Adem\u00e1s, viene con su asistente personal Cortana integrado.<\/li>\n<li><a href=\"https:\/\/keyshop.windowsandoffice.com\/es\/producto\/office-2019-professional-plus\/\"><strong>Office 2019 Profesional Plus<\/strong><\/a>. El paquete de software Office m\u00e1s completo de la historia.<\/li>\n<\/ul>\n<hr \/>\n<h3><strong>Microsoft Windows 10 Profesional<\/strong><\/h3>\n<p>Con Windows 10 Professional, dispondr\u00e1 de un sistema operativo fiable en su dispositivo. Se beneficiar\u00e1 de un arranque m\u00e1s r\u00e1pido del sistema. Adem\u00e1s, cuenta con un men\u00fa de inicio familiar pero mejorado. Es decir, encontrar\u00e1s nuevas formas de completar tareas r\u00e1pidamente. Adem\u00e1s, cuenta con un nuevo navegador. Tambi\u00e9n viene con su asistente digital personal Cortana. Cortana es tu asistente digital personal que te seguir\u00e1 en todos tus dispositivos Windows 10. Este asistente te ayudar\u00e1 a hacer las cosas m\u00e1s f\u00e1cilmente. Cortana aprende m\u00e1s sobre ti con el tiempo y puede ayudarte mejor cada d\u00eda. Windows 10 Professional te ayuda de forma \u00f3ptima en todo lo que haces.<\/p>\n<h4>Caracter\u00edsticas<\/h4>\n<p>Con <em><strong>Windows 10 Profesional<\/strong> <\/em>en el coraz\u00f3n de tu ordenador puedes hacerlo todo. Y mucho m\u00e1s.<\/p>\n<ul>\n<li>Las funciones de seguridad integradas incluyen antivirus, cortafuegos y protecciones de Internet, para que trabajes seguro y protegido.<\/li>\n<li>Elija escanear su cara o huella dactilar con Windows Hello para desbloquear su sistema de forma r\u00e1pida, segura y sin contrase\u00f1a.<\/li>\n<li>Focus Assist te permite bloquear notificaciones, sonidos y alertas. Para que puedas trabajar sin distracciones.<\/li>\n<li>Tu l\u00ednea de tiempo te ofrece una forma r\u00e1pida y sencilla de desplazarte por tus documentos, aplicaciones y sitios web m\u00e1s recientes.<\/li>\n<li><strong>Fotos de Microsoft<\/strong> es una forma sencilla de organizar tus archivos multimedia. Puedes buscar, editar y compartir tus fotos y v\u00eddeos.<\/li>\n<li>Transmite instant\u00e1neamente partidas en directo. Graba la pantalla. Controla los ajustes de audio individuales con la barra Game.<\/li>\n<li>El Escritorio Remoto le permite desbloquear y acceder virtualmente a su propia m\u00e1quina. Es decir, a todos sus archivos, carpetas y aplicaciones. Acceda a ellos desde cualquier dispositivo a trav\u00e9s de Internet.<\/li>\n<li>Windows Information Protection (WIP) ayuda a proteger contra posibles fugas de datos. Asimismo, WIP no interfiere en la experiencia de los empleados.<\/li>\n<li><strong>Cifrado de unidad BitLocker<\/strong> es una funci\u00f3n de protecci\u00f3n de datos que se integra con el sistema operativo y hace frente a las amenazas de robo de datos, as\u00ed como a la exposici\u00f3n de ordenadores perdidos, robados o dados de baja de forma inadecuada.<\/li>\n<li>Herramientas dise\u00f1adas para uso empresarial.<\/li>\n<\/ul>\n<p><em><strong>Aun as\u00ed, te beneficiar\u00e1s de un arranque m\u00e1s r\u00e1pido del sistema. Tiene un men\u00fa de inicio familiar pero mejorado y nuevas formas de hacer las cosas r\u00e1pidamente. Tambi\u00e9n obtendr\u00e1s nuevas funciones como un nuevo navegador. Por lo tanto, conseguir\u00e1s una experiencia web mejorada. Cortana te sigue en todos tus dispositivos Windows 10. Adem\u00e1s, te ayuda a hacer las cosas m\u00e1s f\u00e1ciles. Aprende cada vez m\u00e1s sobre ti con el tiempo y puede ayudarte mejor cada d\u00eda.<\/strong><\/em><\/p>\n<h4><strong>Funciones avanzadas<br \/>\n<\/strong><\/h4>\n<p>Adem\u00e1s, te ayuda de forma \u00f3ptima en todo lo que haces. No pierdas de vista nada con s\u00f3lo acoplar aplicaciones y optimizar el uso compartido de la pantalla para trabajar de forma m\u00e1s productiva. Acople hasta cuatro aplicaciones a la vez y cree escritorios virtuales si necesita m\u00e1s espacio o quiere agrupar contenidos para un proyecto, como aplicaciones de oficina para el trabajo y juegos para el ocio. Las Live Tiles ofrecen flujos actualizados de tus contenidos m\u00e1s importantes en tiempo real.<\/p>\n<p><em>En conclusi\u00f3n <a href=\"https:\/\/keyshop.windowsandoffice.com\/es\/producto\/combo1\/\"><strong>Windows 10<\/strong> <\/a>es compatible con el hardware, el software y los perif\u00e9ricos que ya utilizas. Mant\u00e9n tu sistema actualizado con funciones y seguridad durante toda la vida \u00fatil compatible de tu dispositivo.<\/em><\/p>\n<h3><strong>Microsoft Office 2019 Professional Plus<\/strong><\/h3>\n<p>Con Office 2019 Professional Plus recibir\u00e1 la soluci\u00f3n ofim\u00e1tica m\u00e1s moderna de Microsoft. As\u00ed, adem\u00e1s de las aplicaciones tradicionales, obtienes autom\u00e1ticamente acceso a aplicaciones basadas en navegador. Por ejemplo Skype for Business. Como resultado, trabajar\u00e1s de forma m\u00e1s eficaz en grupo, con una comunicaci\u00f3n simplificada.<\/p>\n<p>En Office 2019, encontrar\u00e1 nuevos tipos de datos. Por ejemplo, herramientas y funciones de entintado. Otras herramientas de traducci\u00f3n y edici\u00f3n. Adem\u00e1s, gr\u00e1ficos en movimiento. Por lo tanto, tiene caracter\u00edsticas f\u00e1ciles de usar.<\/p>\n<p>Todas las versiones son de pago \u00fanico. Incluyen una \u00fanica instalaci\u00f3n en PC. Aunque Office Professional 2019 solo est\u00e1 disponible para Windows.<\/p>\n<p>Todo lo que necesitas de un vistazo:<\/p>\n<ul>\n<li><strong>Word 2019.<\/strong> Para crear y editar sus textos y documentos<\/li>\n<li><strong>Excel 2019. <\/strong>Para procesar registros de datos en forma tabular<\/li>\n<li><strong>PowerPoint 2019.<\/strong> Para crear presentaciones inspiradoras<\/li>\n<li><strong>Perspectivas para 2019<\/strong>. Para gestionar sus correos electr\u00f3nicos, contactos, calendarios y tareas.<\/li>\n<li><strong>Editorial 2019<\/strong>. Para crear f\u00e1cilmente publicaciones de aspecto profesional<\/li>\n<li><strong>Acceso 2019<\/strong>. Para la creaci\u00f3n de bases de datos con acceso a Internet<\/li>\n<li><strong>Lync 2019<\/strong>. (Skype Empresarial): para aumentar la productividad a trav\u00e9s de la mensajer\u00eda instant\u00e1nea y facilitar la comunicaci\u00f3n y la colaboraci\u00f3n con videoconferencias en alta definici\u00f3n.<\/li>\n<li><strong>Aplicaciones web<\/strong>(Word, Excel, PowerPoint)<\/li>\n<\/ul>\n<p>OneNote ya no forma parte del paquete Office, ahora est\u00e1 incluido en el sistema operativo Windows 10, necesario para utilizar Office 2019. <strong>Las versiones anteriores de Windows no son compatibles.<\/strong><\/p>\n<h4>\u00bfQu\u00e9 m\u00e1s?<\/h4>\n<p>Para que te hagas una idea, Office 2019 es un producto que ofrece todas las funciones offline. Lo mismo ofrece ahora la suite Office 365. Sin embargo, ya no se seguir\u00e1 actualizando para implementar nuevas funciones o nuevas caracter\u00edsticas. Solo recibir\u00e1 actualizaciones de seguridad.<\/p>\n<p>La filosof\u00eda de Microsoft es ofrecer una soluci\u00f3n a los usuarios que no tienen acceso a la nube. Sin embargo, esto no significa que restrinja el acceso a servicios a\u00f1adidos como OneDrive o Skype.<\/p>\n<p>Por lo tanto, en resumen, al comprar Office 2019 estar\u00e1 invirtiendo en las funciones que Office 365 tiene actualmente. As\u00ed, las actualizaciones de este software llegan en la pr\u00f3xima versi\u00f3n que podr\u00e1s adquirir con un descuento especial en nuestra tienda en el momento de su lanzamiento.<br \/>\nSin embargo, Office 2019 es una herramienta muy \u00fatil para aquellos que quieren tener una suite ofim\u00e1tica completa y actualizada.<\/p>\n<h3><strong>Apoyo:<\/strong><\/h3>\n<p>Si tiene alguna pregunta, no dude en ponerse en contacto con nosotros. <a href=\"mailto:keyshop@dl-winandoffice.com\">por correo electr\u00f3nico<\/a>. Nuestro servicio de atenci\u00f3n al cliente est\u00e1 disponible 7 d\u00edas a la semana, 24 horas al d\u00eda. Por lo tanto, dispondr\u00e1 de asistencia instant\u00e1nea.<\/p>\n<p>Por otro lado, aseguramos la disponibilidad en todos nuestros productos. En consecuencia, recibir\u00e1 su pedido en un tiempo r\u00e9cord.<\/p>\n<p>Nuestra empresa cuenta con m\u00e1s de 10 a\u00f1os de experiencia en el sector. Esto significa que proporcionamos un servicio profesional acorde con sus necesidades. As\u00ed que si\u00e9ntase seguro de formar parte de nuestra red mundial de clientes satisfechos.<\/p>\n<p>Si quiere ver nuestras noticias<strong>, <a href=\"https:\/\/news.dl-winandoffice.com\/en\/\" target=\"_blank\" rel=\"noopener noreferrer nofollow\">pulse aqu\u00ed<\/a><\/strong><\/p>","protected":false},"excerpt":{"rendered":"<p>Ahorre tiempo y dinero con nuestro combo Microsoft compuesto por las versiones m\u00e1s recientes de Office y Windows. las soluciones de productividad l\u00edderes en el mundo. El paquete contiene los siguientes productos:<\/p>\n<ul>\n<li><strong>Microsoft Windows 10 Profesional\u00a0<\/strong>- el sistema operativo m\u00e1s seguro y fiable con su asistente personal Cortana<\/li>\n<li><strong>Microsoft Office 2019 Professional Plus<\/strong> - el paquete de software Office m\u00e1s completo de la historia<br \/>\n<strong>Nota:<\/strong><\/p>\n<ul>\n<li><strong>Este producto s\u00f3lo es compatible con Windows 10 y 11.<\/strong><\/li>\n<li><strong>Este producto NO es compatible con los sistemas operativos de Apple (MacOS, iPadOS, iOS), Chromebooks<\/strong><\/li>\n<\/ul>\n<\/li>\n<\/ul>","protected":false},"featured_media":115824,"comment_status":"open","ping_status":"closed","template":"","meta":{"_acf_changed":false},"product_brand":[],"product_cat":[53,65],"product_tag":[],"class_list":{"0":"post-1402","1":"product","2":"type-product","3":"status-publish","4":"has-post-thumbnail","6":"product_cat-combos","7":"product_cat-popular","9":"first","10":"instock","11":"sale","12":"featured","13":"virtual","14":"taxable","15":"purchasable","16":"product-type-simple"},"acf":[],"_links":{"self":[{"href":"https:\/\/keyshop.windowsandoffice.com\/es\/wp-json\/wp\/v2\/product\/1402","targetHints":{"allow":["GET"]}}],"collection":[{"href":"https:\/\/keyshop.windowsandoffice.com\/es\/wp-json\/wp\/v2\/product"}],"about":[{"href":"https:\/\/keyshop.windowsandoffice.com\/es\/wp-json\/wp\/v2\/types\/product"}],"replies":[{"embeddable":true,"href":"https:\/\/keyshop.windowsandoffice.com\/es\/wp-json\/wp\/v2\/comments?post=1402"}],"wp:featuredmedia":[{"embeddable":true,"href":"https:\/\/keyshop.windowsandoffice.com\/es\/wp-json\/wp\/v2\/media\/115824"}],"wp:attachment":[{"href":"https:\/\/keyshop.windowsandoffice.com\/es\/wp-json\/wp\/v2\/media?parent=1402"}],"wp:term":[{"taxonomy":"product_brand","embeddable":true,"href":"https:\/\/keyshop.windowsandoffice.com\/es\/wp-json\/wp\/v2\/product_brand?post=1402"},{"taxonomy":"product_cat","embeddable":true,"href":"https:\/\/keyshop.windowsandoffice.com\/es\/wp-json\/wp\/v2\/product_cat?post=1402"},{"taxonomy":"product_tag","embeddable":true,"href":"https:\/\/keyshop.windowsandoffice.com\/es\/wp-json\/wp\/v2\/product_tag?post=1402"}],"curies":[{"name":"wp","href":"https:\/\/api.w.org\/{rel}","templated":true}]}}