{"id":1391,"date":"2020-04-20T02:49:38","date_gmt":"2020-04-20T00:49:38","guid":{"rendered":"https:\/\/keyshop.windowsandoffice.com\/?post_type=product&#038;p=1391"},"modified":"2026-02-12T17:26:48","modified_gmt":"2026-02-12T16:26:48","slug":"windows-10-office-project-visio-2019","status":"publish","type":"product","link":"https:\/\/keyshop.windowsandoffice.com\/es\/producto\/windows-10-office-project-visio-2019\/","title":{"rendered":"Licencia Microsoft Windows 10 Professional + Microsoft Office 2019 Professional Plus + Microsoft Visio 2019 Professional + Microsoft Project 2019 Professional para 3 PCs"},"content":{"rendered":"<p>Ahorre tiempo y dinero con nuestro combo Microsoft (Windows 10 - Office 2019 - Project &amp; Visio 2019) compuesto por las versiones m\u00e1s recientes de Windows, Office, Visio y Project.<\/p>\n<ul>\n<li>Windows 10 Profesional<\/li>\n<li>Office 2019 Profesional Plus<\/li>\n<li>Visio 2019 Professional<\/li>\n<li>Proyecto 2019 Profesional<\/li>\n<\/ul>\n<hr \/>\n<h4><strong>Microsoft Windows 10 Profesional<\/strong><\/h4>\n<p>Con Windows 10 Pro tendr\u00e1s un sistema operativo fiable en tu dispositivo. Te beneficias de arranques m\u00e1s r\u00e1pidos del sistema, un men\u00fa de inicio familiar pero mejorado y nuevas formas de completar cosas r\u00e1pidamente. Tambi\u00e9n dispondr\u00e1s de nuevas funciones como un navegador totalmente nuevo que te ayudar\u00e1 a navegar por la web y tu asistente digital personal Cortana. Cortana es tu asistente digital personal. As\u00ed que tu asistente te seguir\u00e1 en todos tus dispositivos Windows 10 y te ayudar\u00e1 a hacer las cosas. Cortana aprende m\u00e1s sobre ti con el tiempo. Por lo tanto, puede ayudarte cada d\u00eda mejor. Windows 10 Pro te ayuda de forma \u00f3ptima en todo lo que haces.<\/p>\n<h4><strong>Microsoft Office 2019 Professional Plus<\/strong><\/h4>\n<p>Opte hoy mismo por Office 2019 Professional Plus y recibir\u00e1 la soluci\u00f3n ofim\u00e1tica m\u00e1s nueva y moderna de Microsoft. Adem\u00e1s de las aplicaciones tradicionales, obtendr\u00e1 autom\u00e1ticamente acceso a aplicaciones basadas en navegador y a Skype Empresarial. As\u00ed, con una comunicaci\u00f3n simplificada, podr\u00e1 trabajar de forma m\u00e1s eficaz con los dem\u00e1s.<\/p>\n<p>Todo lo que necesita de un vistazo<\/p>\n<ul>\n<li><strong>Palabra 2019 <\/strong>- para crear y editar sus textos y documentos<\/li>\n<li><strong>Excel 2019 <\/strong>- para procesar registros de datos en forma tabular<\/li>\n<li><strong>PowerPoint 2019 <\/strong>- para la creaci\u00f3n de presentaciones inspiradoras<\/li>\n<li><strong>Perspectivas para 2019<\/strong> - para gestionar el correo electr\u00f3nico, los contactos, la agenda y las tareas<\/li>\n<li><strong>Editorial 2019<\/strong> - para crear f\u00e1cilmente publicaciones de aspecto profesional<\/li>\n<li><strong>Acceso 2019<\/strong> - para la creaci\u00f3n de bases de datos con acceso a Internet<\/li>\n<li><strong>Lync 2019<\/strong> (Skype Empresarial): para aumentar la productividad a trav\u00e9s de la mensajer\u00eda instant\u00e1nea y facilitar la comunicaci\u00f3n y la colaboraci\u00f3n con videoconferencias en alta definici\u00f3n.<\/li>\n<li><strong>Aplicaciones web<\/strong> (Word, Excel, PowerPoint)<\/li>\n<\/ul>\n<p>OneNote ya no forma parte del paquete Office, sin embargo ahora est\u00e1 incluido en el sistema operativo Windows 10, que es necesario para utilizar Office 2019. <strong>Las versiones anteriores de Windows no son compatibles.<\/strong><\/p>\n<h4><strong>Microsoft Visio 2019 Professional<\/strong><\/h4>\n<p>Visio 2019 es una potente aplicaci\u00f3n de diagramaci\u00f3n que le permite trabajar visualmente para crear todo tipo de diagramas y es l\u00edder del sector con m\u00e1s de 12 millones de usuarios. Por lo tanto, Visio 2019 facilita la definici\u00f3n de procesos empresariales, la documentaci\u00f3n de pr\u00e1cticas recomendadas, la visualizaci\u00f3n del estado futuro de iniciativas transformadoras y el seguimiento de las perspectivas operativas de su empresa.<\/p>\n<h4><strong>Microsoft Project 2019 Professional<\/strong><\/h4>\n<p>Trabaje con otras personas para iniciar y ejecutar proyectos con \u00e9xito en un abrir y cerrar de ojos. Incluye todas las caracter\u00edsticas de Project Standard m\u00e1s la colaboraci\u00f3n en la gesti\u00f3n de recursos, la sincronizaci\u00f3n de tareas de SharePoint, la presentaci\u00f3n de hojas de horas y mucho m\u00e1s. Microsoft Project Professional 2019 ofrece funciones flexibles que le ayudar\u00e1n a planificar proyectos, realizar un seguimiento del estado y colaborar con otras personas desde pr\u00e1cticamente cualquier lugar. La aplicaci\u00f3n ofrece comunicaci\u00f3n en tiempo real y mensajer\u00eda instant\u00e1nea, activada directamente en su plan de proyecto a trav\u00e9s de Skype for Business, y consolida todos los recursos potenciales del proyecto en una sola vista.<\/p>\n<h4><strong>Soporte para cualquier producto de Super Combo (Windows 10 - Office 2019 - Project &amp; Visio 2019):<\/strong><\/h4>\n<p>Si tiene alguna pregunta, no dude en ponerse en contacto con nosotros. <a href=\"mailto:keyshop@dl-winandoffice.com\">por correo electr\u00f3nico<\/a>. Nuestro servicio de atenci\u00f3n al cliente est\u00e1 disponible 7 d\u00edas a la semana, 24 horas al d\u00eda. Por lo tanto, dispondr\u00e1 de asistencia instant\u00e1nea.<\/p>\n<p>Por otro lado, aseguramos la disponibilidad en todos nuestros productos. En consecuencia, recibir\u00e1 su pedido en un tiempo r\u00e9cord.<\/p>\n<p>Nuestra empresa cuenta con m\u00e1s de 10 a\u00f1os de experiencia en el sector. Esto significa que proporcionamos un servicio profesional acorde con sus necesidades. As\u00ed que si\u00e9ntase seguro de formar parte de nuestra red mundial de clientes satisfechos.<\/p>\n<p>Por lo tanto, si desea ver nuestras noticias<strong>, <a href=\"https:\/\/news.dl-winandoffice.com\/en\/\" target=\"_blank\" rel=\"noopener noreferrer nofollow\">pulse aqu\u00ed<\/a><\/strong><\/p>\n<p>&nbsp;<\/p>","protected":false},"excerpt":{"rendered":"<p>Ahorre tiempo y dinero con nuestro combo Microsoft compuesto por las versiones m\u00e1s recientes de Windows, Office, Visio y Project.<\/p>\n<ul>\n<li>Windows 10 Profesional<\/li>\n<li>Office 2019 Profesional Plus<\/li>\n<li>Visio 2019 Professional<\/li>\n<li>Proyecto 2019 Profesional<br \/>\n<strong>Nota:<br \/>\nOffice, Visio y Project<\/strong><\/p>\n<ul>\n<li><strong>Este producto s\u00f3lo es compatible con Windows 10 y 11.<\/strong><\/li>\n<li><strong>Este producto NO es compatible con los sistemas operativos de Apple (MacOS, iPadOS, iOS), Chromebooks<\/strong><\/li>\n<\/ul>\n<\/li>\n<\/ul>","protected":false},"featured_media":115845,"comment_status":"open","ping_status":"closed","template":"","meta":{"_acf_changed":false},"product_brand":[],"product_cat":[53,65],"product_tag":[],"class_list":{"0":"post-1391","1":"product","2":"type-product","3":"status-publish","4":"has-post-thumbnail","6":"product_cat-combos","7":"product_cat-popular","9":"first","10":"instock","11":"sale","12":"virtual","13":"taxable","14":"purchasable","15":"product-type-simple"},"acf":[],"_links":{"self":[{"href":"https:\/\/keyshop.windowsandoffice.com\/es\/wp-json\/wp\/v2\/product\/1391","targetHints":{"allow":["GET"]}}],"collection":[{"href":"https:\/\/keyshop.windowsandoffice.com\/es\/wp-json\/wp\/v2\/product"}],"about":[{"href":"https:\/\/keyshop.windowsandoffice.com\/es\/wp-json\/wp\/v2\/types\/product"}],"replies":[{"embeddable":true,"href":"https:\/\/keyshop.windowsandoffice.com\/es\/wp-json\/wp\/v2\/comments?post=1391"}],"wp:featuredmedia":[{"embeddable":true,"href":"https:\/\/keyshop.windowsandoffice.com\/es\/wp-json\/wp\/v2\/media\/115845"}],"wp:attachment":[{"href":"https:\/\/keyshop.windowsandoffice.com\/es\/wp-json\/wp\/v2\/media?parent=1391"}],"wp:term":[{"taxonomy":"product_brand","embeddable":true,"href":"https:\/\/keyshop.windowsandoffice.com\/es\/wp-json\/wp\/v2\/product_brand?post=1391"},{"taxonomy":"product_cat","embeddable":true,"href":"https:\/\/keyshop.windowsandoffice.com\/es\/wp-json\/wp\/v2\/product_cat?post=1391"},{"taxonomy":"product_tag","embeddable":true,"href":"https:\/\/keyshop.windowsandoffice.com\/es\/wp-json\/wp\/v2\/product_tag?post=1391"}],"curies":[{"name":"wp","href":"https:\/\/api.w.org\/{rel}","templated":true}]}}