{"id":118172,"date":"2024-11-04T23:41:13","date_gmt":"2024-11-04T22:41:13","guid":{"rendered":"https:\/\/keyshop.windowsandoffice.com\/?post_type=product&#038;p=118172"},"modified":"2026-01-13T20:20:31","modified_gmt":"2026-01-13T19:20:31","slug":"microsoft-windows-10-professional-microsoft-project-2024-professional-license-for-3-pc","status":"publish","type":"product","link":"https:\/\/keyshop.windowsandoffice.com\/es\/producto\/microsoft-windows-10-professional-microsoft-project-2024-professional-license-for-3-pc\/","title":{"rendered":"Licencia Microsoft Windows 10 Professional + Microsoft Project 2024 Professional para 3 PCs"},"content":{"rendered":"<p><span style=\"font-size: 24pt;\"><strong>Microsoft Windows 10 Profesional<\/strong><\/span><\/p>\n<p>Con la nueva versi\u00f3n de Microsoft Windows 10, Microsoft ofrece a los usuarios dom\u00e9sticos exigentes y a las empresas en particular un sistema operativo moderno e intuitivo. Entre otras cosas, Microsoft Windows 10 ofrece funciones de seguridad mejoradas, acceso remoto al escritorio, cifrado BitLocker y el asistente virtual personal Cortana. El sistema se adapta a cualquier dispositivo con sus funciones avanzadas y tiene la ventaja de que los requisitos del sistema apenas han cambiado en comparaci\u00f3n con sus predecesores. Esto significa que no tiene que invertir en nuevo hardware para aprovechar las ventajas de Microsoft Windows 10 Professional.<\/p>\n<p><strong>Requisitos m\u00ednimos del sistema<\/strong><\/p>\n<p>CPU de 1 GHz o superior<\/p>\n<p>1 GB de RAM para 32 bits o 2 GB de RAM para 64 bits.<\/p>\n<p>16 GB de espacio disponible en el disco duro para SO de 32 bits o 20 GB para SO de 64 bits.<\/p>\n<div id=\"primaryR2\" data-grid=\"container\" data-region-key=\"primaryr2\" data-m=\"{&quot;cN&quot;:&quot;primaryR2 1&quot;,&quot;cT&quot;:&quot;Region_coreui-region&quot;,&quot;id&quot;:&quot;r2a2&quot;,&quot;sN&quot;:2,&quot;aN&quot;:&quot;a2&quot;}\">\n<div id=\"coreui-banner-l03vzh8\" data-m=\"{&quot;cN&quot;:&quot;R2Banner 1&quot;,&quot;cT&quot;:&quot;Module_coreui-banner&quot;,&quot;id&quot;:&quot;m1r2a2&quot;,&quot;sN&quot;:1,&quot;aN&quot;:&quot;r2a2&quot;}\" data-module-id=\"WDG-Microsoft Windows|primaryR2|coreui-region|coreui-banner-l03vzh8|coreui-banner\">\n<div class=\"m-banner f-align-left\" data-grid=\"col-12\"><span style=\"font-size: 24pt;\"><strong>Microsoft Project 2024 Profesional<\/strong><\/span><\/div>\n<\/div>\n<\/div>\n<div id=\"primaryR3\" data-grid=\"container\" data-region-key=\"primaryr3\" data-m=\"{&quot;cN&quot;:&quot;primaryR3 1&quot;,&quot;cT&quot;:&quot;Region_coreui-region&quot;,&quot;id&quot;:&quot;r3a2&quot;,&quot;sN&quot;:3,&quot;aN&quot;:&quot;a2&quot;}\">\n<div id=\"coreui-contentrichblock-rhi1sei\" data-m=\"{&quot;cN&quot;:&quot;R2ContentRichBlock 1&quot;,&quot;cT&quot;:&quot;Module_coreui-contentrichblock&quot;,&quot;id&quot;:&quot;m3r3a2&quot;,&quot;sN&quot;:3,&quot;aN&quot;:&quot;r3a2&quot;}\" data-module-id=\"WDG-Microsoft Windows|primaryR3|coreui-region|coreui-contentrichblock-rhi1sei|coreui-contentrichblock\">\n<div class=\"m-rich-content-block context-ucx\" data-grid=\"col-12\">\n<div class=\"dePhmb\">\n<div class=\"eyKpYb\" data-language=\"en\" data-original-language=\"de\" data-result-index=\"0\">\n<div class=\"J0lOec\">\n<p>Microsoft Project 2024 aporta nuevas funciones y mejoras que ayudan a los equipos a organizar el trabajo, gestionar las tareas y realizar un seguimiento de los presupuestos y recursos de forma a\u00fan m\u00e1s eficaz. Esta nueva versi\u00f3n presenta innovaciones clave que beneficiar\u00e1n tanto a los principiantes como a los profesionales que trabajan en proyectos de cualquier complejidad:<\/p>\n<ul>\n<li>Nueva interfaz m\u00e1s intuitiva y personalizable y navegaci\u00f3n del usuario mejorada con visualizaci\u00f3n flexible de los datos<\/li>\n<li>Las plantillas preconstruidas le ayudar\u00e1n a poner en marcha su proyecto en un abrir y cerrar de ojos<\/li>\n<li>Sincronizaci\u00f3n con Project Online y Project Server para la integraci\u00f3n y la gesti\u00f3n de recursos<\/li>\n<li>Los escenarios hipot\u00e9ticos ayudan a optimizar la asignaci\u00f3n de tareas mediante simulaciones de escenarios<\/li>\n<li>Mejore su planificaci\u00f3n rellenando autom\u00e1ticamente las fechas de inicio y fin en funci\u00f3n de las dependencias<\/li>\n<li>Utilice m\u00faltiples l\u00edneas de tiempo para una representaci\u00f3n visual clara de calendarios complejos<\/li>\n<li>Nuevas funciones para la visualizaci\u00f3n y el an\u00e1lisis de datos, cambiando f\u00e1cilmente entre distintos tipos de presentaci\u00f3n de la informaci\u00f3n, incluidos los tableros Kanban y Scrum<\/li>\n<li>Soporte para Agile, Scrum, Waterfall, as\u00ed como enfoques h\u00edbridos, lo que permite a los usuarios combinar elementos de diferentes metodolog\u00edas.<\/li>\n<\/ul>\n<\/div>\n<p><strong>Asistencia y apoyo:<\/strong><\/p>\n<p>Si tiene alguna pregunta, no dude en ponerse en contacto con nosotros. <a href=\"mailto:keyshop@dl-winandoffice.com\">por correo electr\u00f3nico<\/a>. Nuestro servicio de atenci\u00f3n al cliente est\u00e1 disponible 7 d\u00edas a la semana, 24 horas al d\u00eda. Por lo tanto, dispondr\u00e1 de asistencia instant\u00e1nea.<\/p>\n<\/div>\n<\/div>\n<\/div>\n<\/div>\n<\/div>","protected":false},"excerpt":{"rendered":"<ul>\n<li>Licencia Microsoft Windows 10 Professional para 3 dispositivos<\/li>\n<li>Licencia de Microsoft Project 2024 Professional para 3 dispositivos<\/li>\n<li><strong>Con esta licencia, el software puede activarse en 3 dispositivos diferentes, por ejemplo, el PC de casa, el port\u00e1til y el PC del trabajo.<\/strong><\/li>\n<li>Versi\u00f3n para sistemas de 32 y 64 bits, versiones completas e ilimitadas de software<\/li>\n<li>Env\u00edo por correo electr\u00f3nico: clave del producto, instrucciones, enlaces de descarga, factura<\/li>\n<li>Descarga inmediata<\/li>\n<li><strong>30 d\u00edas de reembolso completo - \u00a1\u00a1\u00a1Garant\u00eda de sustituci\u00f3n de por vida!!!<\/strong><\/li>\n<li>Sin l\u00edmite de tiempo, sin suscripci\u00f3n<\/li>\n<li>Asistencia gratuita 24 horas al d\u00eda, 7 d\u00edas a la semana, para problemas de instalaci\u00f3n y activaci\u00f3n<\/li>\n<li>Sin entrega en almacenamiento de datos (USB, CD, etc.)<\/li>\n<li>Activaci\u00f3n en l\u00ednea y por tel\u00e9fono<\/li>\n<li>Idiomas: <strong>Ingl\u00e9s<\/strong>, espa\u00f1ol, italiano, alem\u00e1n, franc\u00e9s<\/li>\n<li><strong><span style=\"color: #008000;\"> Este producto es compatible con Microsoft Windows.<\/span><\/strong><\/li>\n<li><strong><span style=\"color: #ff0000;\">NO compatible con Apple macOS\u2122, dispositivos Android y Chromebooks.<\/span><\/strong><\/li>\n<li><\/li>\n<\/ul>","protected":false},"featured_media":118182,"comment_status":"closed","ping_status":"closed","template":"","meta":{"_acf_changed":false},"product_brand":[],"product_cat":[40,65,218,225,41],"product_tag":[226,227,228],"class_list":{"0":"post-118172","1":"product","2":"type-product","3":"status-publish","4":"has-post-thumbnail","6":"product_cat-msoffice","7":"product_cat-popular","8":"product_cat-project-msoffice","9":"product_cat-windows-10","10":"product_cat-windows-desktop","11":"product_tag-microsoft-office-2019-professional-plus","12":"product_tag-microsoft-windows-10-pro","13":"product_tag-microsoft-windows-10-pro-office-2019-professional-plus","15":"first","16":"instock","17":"sale","18":"virtual","19":"taxable","20":"purchasable","21":"product-type-simple"},"acf":[],"_links":{"self":[{"href":"https:\/\/keyshop.windowsandoffice.com\/es\/wp-json\/wp\/v2\/product\/118172","targetHints":{"allow":["GET"]}}],"collection":[{"href":"https:\/\/keyshop.windowsandoffice.com\/es\/wp-json\/wp\/v2\/product"}],"about":[{"href":"https:\/\/keyshop.windowsandoffice.com\/es\/wp-json\/wp\/v2\/types\/product"}],"replies":[{"embeddable":true,"href":"https:\/\/keyshop.windowsandoffice.com\/es\/wp-json\/wp\/v2\/comments?post=118172"}],"wp:featuredmedia":[{"embeddable":true,"href":"https:\/\/keyshop.windowsandoffice.com\/es\/wp-json\/wp\/v2\/media\/118182"}],"wp:attachment":[{"href":"https:\/\/keyshop.windowsandoffice.com\/es\/wp-json\/wp\/v2\/media?parent=118172"}],"wp:term":[{"taxonomy":"product_brand","embeddable":true,"href":"https:\/\/keyshop.windowsandoffice.com\/es\/wp-json\/wp\/v2\/product_brand?post=118172"},{"taxonomy":"product_cat","embeddable":true,"href":"https:\/\/keyshop.windowsandoffice.com\/es\/wp-json\/wp\/v2\/product_cat?post=118172"},{"taxonomy":"product_tag","embeddable":true,"href":"https:\/\/keyshop.windowsandoffice.com\/es\/wp-json\/wp\/v2\/product_tag?post=118172"}],"curies":[{"name":"wp","href":"https:\/\/api.w.org\/{rel}","templated":true}]}}