{"id":118169,"date":"2024-11-04T23:41:13","date_gmt":"2024-11-04T22:41:13","guid":{"rendered":"https:\/\/keyshop.windowsandoffice.com\/?post_type=product&#038;p=118169"},"modified":"2026-04-16T22:44:06","modified_gmt":"2026-04-16T20:44:06","slug":"microsoft-windows-11-professional-microsoft-visio-2024-professional-license-for-3-pc","status":"publish","type":"product","link":"https:\/\/keyshop.windowsandoffice.com\/es\/producto\/microsoft-windows-11-professional-microsoft-visio-2024-professional-license-for-3-pc\/","title":{"rendered":"Microsoft Windows 11 Professional + licencia de Microsoft Visio 2024 Professional para 3 PC"},"content":{"rendered":"<h3>Requisitos del sistema<\/h3>\n<hr>\n<p>Aseg\u00farese de estar preparado para el nuevo y mejor sistema operativo de Microsoft.<\/p>\n<p>Estos son los requisitos m\u00ednimos para instalar Microsoft Windows 11 en un PC. Si su dispositivo no cumple estos requisitos, es posible que no pueda instalar Microsoft Windows 11.<strong> Si no est\u00e1 seguro de si su PC cumple estos requisitos, puede utilizar la aplicaci\u00f3n PC Health Check para evaluar la compatibilidad (requiere Microsoft Windows 10, <a href=\"https:\/\/aka.ms\/GetPCHealthCheckApp\" rel=\"nofollow noopener\" target=\"_blank\">haga clic aqu\u00ed para descargar<\/a>).<\/strong><\/p>\n<ul>\n<li><strong>Procesador:<\/strong> 1 gigahercio (GHz) o m\u00e1s r\u00e1pido con 2 o m\u00e1s n\u00facleos en un procesador de 64 bits compatible o System on a Chip (SoC)<\/li>\n<li><strong>RAM:<\/strong> 4 gigabytes (GB)<\/li>\n<li><strong>Almacenamiento:<\/strong> Dispositivo de almacenamiento de 64 GB o superior Nota: Consulte el apartado \u201cM\u00e1s informaci\u00f3n sobre el espacio de almacenamiento para mantener actualizado Microsoft Windows 11\u201d para obtener m\u00e1s detalles.<\/li>\n<li><strong>Firmware del sistema:<\/strong> UEFI, compatible con Secure Boot<\/li>\n<li><strong>TPM:<\/strong> M\u00f3dulo de plataforma segura (TPM) versi\u00f3n 2.0<\/li>\n<li><strong>Tarjeta gr\u00e1fica:<\/strong> Compatible con DirectX 12 o posterior con controlador WDDM 2.0<\/li>\n<li><strong>Pantalla:<\/strong> Pantalla de alta definici\u00f3n (720p) de m\u00e1s de 9\u201d en diagonal, 8 bits por canal de color<\/li>\n<li><strong>Conexi\u00f3n a Internet y cuentas de Microsoft: <\/strong> La edici\u00f3n Microsoft Windows 11 Home requiere conectividad a Internet y una cuenta Microsoft para completar la configuraci\u00f3n del dispositivo en el primer uso. El cambio de un dispositivo fuera de Microsoft Windows 11 Home en modo S tambi\u00e9n requiere conectividad a Internet. Para todas las ediciones de Microsoft Windows 11, se requiere acceso a Internet para realizar actualizaciones y para descargar y aprovechar algunas funciones. Para algunas funciones se requiere una cuenta Microsoft.<\/li>\n<\/ul>\n<p>Puede haber requisitos adicionales con el tiempo para las actualizaciones, as\u00ed como requisitos para activar funciones espec\u00edficas dentro del sistema operativo.<\/p>\n<hr>\n<p>Algunas caracter\u00edsticas de Microsoft Windows 11 tienen requisitos mayores que los enumerados anteriormente en la secci\u00f3n de requisitos m\u00ednimos. A continuaci\u00f3n encontrar\u00e1 algunos detalles adicionales sobre los requisitos de las caracter\u00edsticas clave:<\/p>\n<ul>\n<li><strong>Compatibilidad con 5G<\/strong> requiere un m\u00f3dem compatible con 5G.<\/li>\n<li><strong>HDR autom\u00e1tico<\/strong> requiere un monitor HDR.<\/li>\n<li><strong>BitLocker para llevar<\/strong> requiere una unidad flash USB (disponible en las ediciones Microsoft Windows 7 Pro y superiores).<\/li>\n<li><strong>Cliente Hyper-V<\/strong> requiere un procesador con capacidades de traducci\u00f3n de direcciones de segundo nivel (SLAT) (disponible en las ediciones Microsoft Windows Pro y superiores).<\/li>\n<li><strong>Cortana<\/strong> requiere un micr\u00f3fono y un altavoz y actualmente est\u00e1 disponible en Microsoft Windows 11 para Alemania, Australia, Brasil, Canad\u00e1, China, Espa\u00f1a, Estados Unidos, Francia, India, Italia, Jap\u00f3n, M\u00e9xico y Reino Unido.<\/li>\n<li><strong>DirectStorage<\/strong> requiere una SSD NVMe para almacenar y ejecutar juegos que utilicen el controlador \"Standard NVM Express Controller\" y una GPU DirectX12 compatible con Shader Model 6.0.<\/li>\n<li><strong>DirectX 12 Ultimate<\/strong> est\u00e1 disponible con los juegos y chips gr\u00e1ficos compatibles.<\/li>\n<li><strong>Presencia<\/strong> requiere un sensor que pueda detectar la distancia humana al dispositivo o la intenci\u00f3n de interactuar con \u00e9l.<\/li>\n<li><strong>Videoconferencia inteligente<\/strong> requiere c\u00e1mara de v\u00eddeo, micr\u00f3fono y altavoz (salida de audio).<\/li>\n<li><strong>Asistente de voz m\u00faltiple (MVA)<\/strong> requiere un micr\u00f3fono y un altavoz.<\/li>\n<li><strong>Snap<\/strong> los dise\u00f1os de tres columnas requieren una pantalla de 1920 p\u00edxeles efectivos o m\u00e1s de ancho.<\/li>\n<li><strong>Silenciar\/desactivar desde la barra de tareas<\/strong> requiere c\u00e1mara de v\u00eddeo, micr\u00f3fono y altavoz (salida de audio). La aplicaci\u00f3n debe ser compatible con la funci\u00f3n para activar el silencio\/activaci\u00f3n global.<\/li>\n<li><strong>Sonido espacial<\/strong> requiere hardware y software de apoyo.<\/li>\n<li><strong>Equipos<\/strong> requiere c\u00e1mara de v\u00eddeo, micr\u00f3fono y altavoz (salida de audio).<\/li>\n<li><strong>Toque<\/strong> requiere una pantalla o monitor compatible con multit\u00e1ctil.<\/li>\n<li><strong>Autenticaci\u00f3n de dos factores<\/strong> requiere el uso de PIN, biometr\u00eda (lector de huellas dactilares o c\u00e1mara de infrarrojos iluminada) o un tel\u00e9fono con capacidades Wi-Fi o Bluetooth.<\/li>\n<li><strong>Mecanograf\u00eda por voz<\/strong> requiere un PC con micr\u00f3fono.<\/li>\n<li><strong>Despertar por voz<\/strong> requiere un modelo de alimentaci\u00f3n Standby moderno y un micr\u00f3fono.<\/li>\n<li><strong>Wi-Fi 6E<\/strong> requiere un nuevo hardware y controlador WLAN IHV y un AP\/router con capacidad Wi-Fi 6E.<\/li>\n<li><strong>Microsoft Windows Hola<\/strong> requiere una c\u00e1mara configurada para la obtenci\u00f3n de im\u00e1genes por infrarrojos cercanos (IR) o un lector de huellas dactilares para la autenticaci\u00f3n biom\u00e9trica. Los dispositivos sin sensores biom\u00e9tricos pueden utilizar Microsoft Windows Hello con un PIN o una clave de seguridad port\u00e1til compatible con Microsoft.<\/li>\n<li><strong>Microsoft Windows Proyecci\u00f3n Microsoft<\/strong> requiere un adaptador de pantalla compatible con Microsoft Windows Display Driver Model (WDDM) 2.0 y un adaptador Wi-Fi compatible con Wi-Fi Direct.<\/li>\n<li><strong>Xbox (aplicaci\u00f3n)<\/strong> requiere una cuenta Xbox Live, que no est\u00e1 disponible en todas las regiones. Consulta Pa\u00edses y regiones de Xbox Live para obtener la informaci\u00f3n m\u00e1s actualizada sobre disponibilidad. Algunas funciones de la aplicaci\u00f3n Xbox requieren una suscripci\u00f3n activa a Xbox Game Pass. M\u00e1s informaci\u00f3n sobre el pase.<\/li>\n<\/ul>\n<h3>Microsoft Visio 2024 Professional<\/h3>\n<p>Con Microsoft Visio 2024, es m\u00e1s f\u00e1cil que nunca que las personas y los equipos creen y compartan diagramas profesionales y vers\u00e1tiles para todas las necesidades. Incluye formas, plantillas y estilos actualizados, as\u00ed como una nueva barra de b\u00fasqueda intuitiva y un aspecto actualizado que ofrece una experiencia de usuario familiar y alineada con otras aplicaciones Office.<\/p>\n<p>En Microsoft Visio 2024, seguir\u00e1 encontrando todas las funciones a las que est\u00e1 acostumbrado y obtendr\u00e1 algunas nuevas:<\/p>\n<ul>\n<li>Microsoft Visio 2024 tiene a\u00fan m\u00e1s formas, plantillas y plantillas para ayudarle a crear sus diagramas en menos tiempo.<\/li>\n<li>Un aspecto actualizado con un moderno efecto de transparencia aplicado detr\u00e1s del lienzo y los men\u00fas confiere a Visio 2024 un aspecto m\u00e1s moderno y elegante.<\/li>\n<li>Visio 2024 incorpora el nuevo tema y esquema de colores de Office 2024, incluido el modo oscuro, una interfaz personalizable y mejoras para la accesibilidad.<\/li>\n<li>La b\u00fasqueda en Visio est\u00e1 ahora disponible en la barra de t\u00edtulo, lo que la hace m\u00e1s accesible.<\/li>\n<li>Herramientas mejoradas de an\u00e1lisis de procesos, como los bloques din\u00e1micos, para analizar los procesos empresariales y visualizar los flujos de datos<\/li>\n<\/ul>","protected":false},"excerpt":{"rendered":"<ul>\n<li>Licencia Microsoft Windows 11 Professional para 3 dispositivos<\/li>\n<li>Licencia de Microsoft Visio 2024 Professional Plus para 3 dispositivos<\/li>\n<li><strong>Con esta licencia, el software puede activarse en 3 dispositivos diferentes, por ejemplo, el PC de casa, el port\u00e1til y el PC del trabajo.<\/strong><\/li>\n<li>Versi\u00f3n para sistemas de 32 y 64 bits, versiones completas e ilimitadas de software<\/li>\n<li>Env\u00edo por correo electr\u00f3nico: clave del producto, instrucciones, enlaces de descarga, factura<\/li>\n<li><strong>30 d\u00edas de reembolso completo - \u00a1\u00a1\u00a1Garant\u00eda de sustituci\u00f3n de por vida!!!<\/strong><\/li>\n<li>Descarga inmediata<\/li>\n<li>Sin l\u00edmite de tiempo, sin suscripci\u00f3n<\/li>\n<li>Asistencia gratuita 24 horas al d\u00eda, 7 d\u00edas a la semana, para problemas de instalaci\u00f3n y activaci\u00f3n<\/li>\n<li>Sin entrega en almacenamiento de datos (USB, CD, etc.)<\/li>\n<li>Activaci\u00f3n en l\u00ednea y por tel\u00e9fono<\/li>\n<li>Idiomas: <strong>Ingl\u00e9s<\/strong>, espa\u00f1ol, italiano, alem\u00e1n, franc\u00e9s<\/li>\n<li><strong> Este producto es compatible con Microsoft Windows.<\/strong><\/li>\n<li><strong>NO compatible con Apple macOS\u2122, dispositivos Android y Chromebooks.<\/strong><\/li>\n<\/ul>","protected":false},"featured_media":118179,"comment_status":"open","ping_status":"closed","template":"","meta":{"_acf_changed":false},"product_brand":[],"product_cat":[219,40,187,221,41],"product_tag":[222,223,224],"class_list":{"0":"post-118169","1":"product","2":"type-product","3":"status-publish","4":"has-post-thumbnail","6":"product_cat-bestseller","7":"product_cat-msoffice","8":"product_cat-187","9":"product_cat-windows-11","10":"product_cat-windows-desktop","11":"product_tag-combo-microsoft-windows-11-pro-office-2021-professional-plus","12":"product_tag-microsoft-office-2021-professional-plus","13":"product_tag-microsoft-windows-11-pro","15":"first","16":"instock","17":"sale","18":"virtual","19":"taxable","20":"purchasable","21":"product-type-simple"},"acf":[],"_links":{"self":[{"href":"https:\/\/keyshop.windowsandoffice.com\/es\/wp-json\/wp\/v2\/product\/118169","targetHints":{"allow":["GET"]}}],"collection":[{"href":"https:\/\/keyshop.windowsandoffice.com\/es\/wp-json\/wp\/v2\/product"}],"about":[{"href":"https:\/\/keyshop.windowsandoffice.com\/es\/wp-json\/wp\/v2\/types\/product"}],"replies":[{"embeddable":true,"href":"https:\/\/keyshop.windowsandoffice.com\/es\/wp-json\/wp\/v2\/comments?post=118169"}],"wp:featuredmedia":[{"embeddable":true,"href":"https:\/\/keyshop.windowsandoffice.com\/es\/wp-json\/wp\/v2\/media\/118179"}],"wp:attachment":[{"href":"https:\/\/keyshop.windowsandoffice.com\/es\/wp-json\/wp\/v2\/media?parent=118169"}],"wp:term":[{"taxonomy":"product_brand","embeddable":true,"href":"https:\/\/keyshop.windowsandoffice.com\/es\/wp-json\/wp\/v2\/product_brand?post=118169"},{"taxonomy":"product_cat","embeddable":true,"href":"https:\/\/keyshop.windowsandoffice.com\/es\/wp-json\/wp\/v2\/product_cat?post=118169"},{"taxonomy":"product_tag","embeddable":true,"href":"https:\/\/keyshop.windowsandoffice.com\/es\/wp-json\/wp\/v2\/product_tag?post=118169"}],"curies":[{"name":"wp","href":"https:\/\/api.w.org\/{rel}","templated":true}]}}