{"id":118168,"date":"2024-11-04T23:41:13","date_gmt":"2024-11-04T22:41:13","guid":{"rendered":"https:\/\/keyshop.windowsandoffice.com\/?post_type=product&#038;p=118168"},"modified":"2025-04-15T20:50:09","modified_gmt":"2025-04-15T18:50:09","slug":"microsoft-office-2024-professional-plus-microsoft-project-2024-professional-for-3-pc","status":"publish","type":"product","link":"https:\/\/keyshop.windowsandoffice.com\/es\/producto\/microsoft-office-2024-professional-plus-microsoft-project-2024-professional-for-3-pc\/","title":{"rendered":"Licencia Microsoft Office 2024 Professional Plus + Microsoft Project 2024 Professional para 3 PCs"},"content":{"rendered":"<h3><strong style=\"font-family: inherit; letter-spacing: -0.02em;\">Microsoft Office 2024 Professional Plus<\/strong><\/h3>\n<div style=\"margin-bottom: 15px;\">\n<div style=\"margin-bottom: 15px;\"><strong>Con esta licencia, el software puede activarse en 3 dispositivos diferentes, por ejemplo, el PC de casa, el port\u00e1til y el PC del trabajo.<\/strong><\/div>\n<div style=\"margin-bottom: 15px;\">Los usuarios de Microsoft Office que utilizan toda la gama de aplicaciones en casa o en la oficina est\u00e1n bien asesorados con Microsoft Office 2024 Professional Plus Edition. Incluye todos los programas importantes: Word, Excel, Outlook, PowerPoint y Access (Publisher ya no se incluye porque se retirar\u00e1 en 2026). OneNote ya est\u00e1 disponible para su descarga en la Microsoft Windows Store para que puedas tomar notas r\u00e1pidamente y tenerlas disponibles en todos los dispositivos a trav\u00e9s de la nube. Debido a la amplia gama de programas diferentes, la versi\u00f3n Professional Plus est\u00e1 dirigida principalmente a las personas que trabajan en casa, en la oficina dom\u00e9stica o que buscan una soluci\u00f3n potente y fiable en una oficina para organizar documentos, tablas, etc.<\/div>\n<ul>\n<li><strong>Word<\/strong>: Crea documentos de texto de calidad profesional en un abrir y cerrar de ojos.<\/li>\n<li><strong>Excel<\/strong>: Hoja de c\u00e1lculo inteligente para la gesti\u00f3n de la informaci\u00f3n.<\/li>\n<li><strong>PowerPoint<\/strong>: Cree impresionantes presentaciones din\u00e1micas.<\/li>\n<li><strong>OneNote<\/strong>: Tu cuaderno digital.<\/li>\n<li><strong>Outlook<\/strong>: La comunicaci\u00f3n hecha f\u00e1cil.<\/li>\n<li><strong>Access<\/strong>: Programaci\u00f3n de bases de datos para aplicaciones basadas en navegador<\/li>\n<\/ul>\n<p class=\"translation-block\"><strong>Nota importante:<\/strong> Esta versi\u00f3n de Office <strong>NO<\/strong> incluye <strong>Teams!<\/strong><\/p>\n<div>\n<p><strong>Requisitos del sistema operativo: Microsoft Windows 10 u 11<\/strong><\/p>\n<\/div>\n<p>&nbsp;<\/p>\n<hr \/>\n<h3><strong>Licencia Microsoft Project 2024 Professional Plus para 3 PC<\/strong><\/h3>\n<p>Microsoft Project 2024 aporta nuevas funciones y mejoras que ayudan a los equipos a organizar el trabajo, gestionar las tareas y realizar un seguimiento de los presupuestos y recursos de forma a\u00fan m\u00e1s eficaz. Esta nueva versi\u00f3n presenta innovaciones clave que beneficiar\u00e1n tanto a los principiantes como a los profesionales que trabajan en proyectos de cualquier complejidad:<\/p>\n<ul>\n<li>Nueva interfaz m\u00e1s intuitiva y personalizable y navegaci\u00f3n del usuario mejorada con visualizaci\u00f3n flexible de los datos<\/li>\n<li>Las plantillas preconstruidas le ayudar\u00e1n a poner en marcha su proyecto en un abrir y cerrar de ojos<\/li>\n<li>Sincronizaci\u00f3n con Project Online y Project Server para la integraci\u00f3n y la gesti\u00f3n de recursos<\/li>\n<li>Los escenarios hipot\u00e9ticos ayudan a optimizar la asignaci\u00f3n de tareas mediante simulaciones de escenarios<\/li>\n<li>Mejore su planificaci\u00f3n rellenando autom\u00e1ticamente las fechas de inicio y fin en funci\u00f3n de las dependencias<\/li>\n<li>Utilice m\u00faltiples l\u00edneas de tiempo para una representaci\u00f3n visual clara de calendarios complejos<\/li>\n<li>Nuevas funciones para la visualizaci\u00f3n y el an\u00e1lisis de datos, cambiando f\u00e1cilmente entre distintos tipos de presentaci\u00f3n de la informaci\u00f3n, incluidos los tableros Kanban y Scrum<\/li>\n<li>Soporte para Agile, Scrum, Waterfall, as\u00ed como enfoques h\u00edbridos, lo que permite a los usuarios combinar elementos de diferentes metodolog\u00edas.<\/li>\n<\/ul>\n<\/div>\n<div id=\"simple-translate\" class=\"simple-translate-system-theme\">\n<div>\n<div class=\"simple-translate-panel\" style=\"width: 300px; height: 200px; top: 0px; left: 0px; font-size: 13px;\">\n<div class=\"simple-translate-result-wrapper\" style=\"overflow: hidden;\">\n<div class=\"simple-translate-move\"><\/div>\n<div class=\"simple-translate-result-contents\">\n<p class=\"simple-translate-candidate\" dir=\"auto\">\n<\/div>\n<\/div>\n<\/div>\n<\/div>\n<\/div>","protected":false},"excerpt":{"rendered":"<ul>\n<li>Licencia Microsoft Office 2024 Professional Plus para 3 dispositivos<\/li>\n<li>Licencia Microsoft Project 2024 Professional Plus para 3 dispositivos<\/li>\n<li><strong>Con esta licencia, el software puede activarse en 3 dispositivos diferentes, por ejemplo, el PC de casa, el port\u00e1til y el PC del trabajo.<\/strong><\/li>\n<li>Versi\u00f3n para sistemas de 32 y 64 bits, versiones completas e ilimitadas de software <strong>de Microsoft Gold Partner certificado<\/strong><\/li>\n<li><strong>30 d\u00edas de reembolso completo - \u00a1\u00a1\u00a1Garant\u00eda de sustituci\u00f3n de por vida!!!<\/strong><\/li>\n<li>Env\u00edo por correo electr\u00f3nico: clave del producto, instrucciones, enlaces de descarga, factura<\/li>\n<li>Descarga inmediata<\/li>\n<li>Sin l\u00edmite de tiempo, sin suscripci\u00f3n<\/li>\n<li>Asistencia gratuita 24 horas al d\u00eda, 7 d\u00edas a la semana, para problemas de instalaci\u00f3n y activaci\u00f3n<\/li>\n<li>Sin entrega en almacenamiento de datos (USB, CD, etc.)<\/li>\n<li>Activaci\u00f3n en l\u00ednea y por tel\u00e9fono<\/li>\n<li>Idiomas: Ingl\u00e9s, espa\u00f1ol, italiano, alem\u00e1n y franc\u00e9s<\/li>\n<li><strong><span style=\"color: #008000;\"> Este producto es compatible con Microsoft Windows.<\/span><\/strong><\/li>\n<li><strong><span style=\"color: #ff0000;\">NO compatible con Apple macOS\u2122, dispositivos Android y Chromebooks.<\/span><\/strong><\/li>\n<li><\/li>\n<\/ul>","protected":false},"featured_media":118178,"comment_status":"closed","ping_status":"closed","template":"","meta":{"_acf_changed":false},"product_brand":[],"product_cat":[40,187,218],"product_tag":[],"class_list":{"0":"post-118168","1":"product","2":"type-product","3":"status-publish","4":"has-post-thumbnail","6":"product_cat-msoffice","7":"product_cat-187","8":"product_cat-project-msoffice","10":"first","11":"instock","12":"sale","13":"featured","14":"virtual","15":"taxable","16":"purchasable","17":"product-type-simple"},"acf":[],"_links":{"self":[{"href":"https:\/\/keyshop.windowsandoffice.com\/es\/wp-json\/wp\/v2\/product\/118168","targetHints":{"allow":["GET"]}}],"collection":[{"href":"https:\/\/keyshop.windowsandoffice.com\/es\/wp-json\/wp\/v2\/product"}],"about":[{"href":"https:\/\/keyshop.windowsandoffice.com\/es\/wp-json\/wp\/v2\/types\/product"}],"replies":[{"embeddable":true,"href":"https:\/\/keyshop.windowsandoffice.com\/es\/wp-json\/wp\/v2\/comments?post=118168"}],"wp:featuredmedia":[{"embeddable":true,"href":"https:\/\/keyshop.windowsandoffice.com\/es\/wp-json\/wp\/v2\/media\/118178"}],"wp:attachment":[{"href":"https:\/\/keyshop.windowsandoffice.com\/es\/wp-json\/wp\/v2\/media?parent=118168"}],"wp:term":[{"taxonomy":"product_brand","embeddable":true,"href":"https:\/\/keyshop.windowsandoffice.com\/es\/wp-json\/wp\/v2\/product_brand?post=118168"},{"taxonomy":"product_cat","embeddable":true,"href":"https:\/\/keyshop.windowsandoffice.com\/es\/wp-json\/wp\/v2\/product_cat?post=118168"},{"taxonomy":"product_tag","embeddable":true,"href":"https:\/\/keyshop.windowsandoffice.com\/es\/wp-json\/wp\/v2\/product_tag?post=118168"}],"curies":[{"name":"wp","href":"https:\/\/api.w.org\/{rel}","templated":true}]}}