{"id":118167,"date":"2024-11-04T23:41:13","date_gmt":"2024-11-04T22:41:13","guid":{"rendered":"https:\/\/keyshop.windowsandoffice.com\/?post_type=product&#038;p=118167"},"modified":"2026-01-13T20:20:31","modified_gmt":"2026-01-13T19:20:31","slug":"microsoft-office-2024-professional-plus-microsoft-visio-2024-professional-for-3-pc","status":"publish","type":"product","link":"https:\/\/keyshop.windowsandoffice.com\/es\/producto\/microsoft-office-2024-professional-plus-microsoft-visio-2024-professional-for-3-pc\/","title":{"rendered":"Licencia Microsoft Office 2024 Professional Plus + Microsoft Visio 2024 Professional para 3 PCs"},"content":{"rendered":"<h3><strong>Microsoft Office 2024 Professional Plus<\/strong><\/h3>\n<div style=\"margin-bottom: 15px;\"><strong>Con esta licencia, el software puede activarse en 3 dispositivos diferentes, por ejemplo, el PC de casa, el port\u00e1til y el PC del trabajo.<\/strong><\/div>\n<div style=\"margin-bottom: 15px;\">Los usuarios de Microsoft Office que utilizan toda la gama de aplicaciones en casa o en la oficina est\u00e1n bien asesorados con Microsoft Office 2024 Professional Plus Edition. Incluye todos los programas importantes: Word, Excel, Outlook, PowerPoint y Access (Publisher ya no se incluye porque se retirar\u00e1 en 2026). OneNote ya est\u00e1 disponible para su descarga en la Microsoft Windows Store para que puedas tomar notas r\u00e1pidamente y tenerlas disponibles en todos los dispositivos a trav\u00e9s de la nube. Debido a la amplia gama de programas diferentes, la versi\u00f3n Professional Plus est\u00e1 dirigida principalmente a las personas que trabajan en casa, en la oficina dom\u00e9stica o que buscan una soluci\u00f3n potente y fiable en una oficina para organizar documentos, tablas, etc.<\/div>\n<ul>\n<li><strong>Word<\/strong>: Crea documentos de texto de calidad profesional en un abrir y cerrar de ojos.<\/li>\n<li><strong>Excel<\/strong>: Hoja de c\u00e1lculo inteligente para la gesti\u00f3n de la informaci\u00f3n.<\/li>\n<li><strong>PowerPoint<\/strong>: Cree impresionantes presentaciones din\u00e1micas.<\/li>\n<li><strong>OneNote<\/strong>: Tu cuaderno digital.<\/li>\n<li><strong>Outlook<\/strong>: La comunicaci\u00f3n hecha f\u00e1cil.<\/li>\n<li><strong>Access<\/strong>: Programaci\u00f3n de bases de datos para aplicaciones basadas en navegador<\/li>\n<\/ul>\n<p class=\"translation-block\"><strong>Nota importante:<\/strong> Esta versi\u00f3n de Office <strong>NO<\/strong> incluye <strong>Teams!<\/strong><\/p>\n<div>\n<p><strong>Requisitos del sistema operativo: Microsoft Windows 10 u 11<\/strong><\/p>\n<\/div>\n<p>&nbsp;<\/p>\n<hr \/>\n<h3><strong>Licencia profesional de Microsoft Visio 2024 para 3 PC<\/strong><\/h3>\n<p>Con Microsoft Visio 2024, es m\u00e1s f\u00e1cil que nunca que las personas y los equipos creen y compartan diagramas profesionales y vers\u00e1tiles para todas las necesidades. Incluye formas, plantillas y estilos actualizados, as\u00ed como una nueva barra de b\u00fasqueda intuitiva y un aspecto actualizado que ofrece una experiencia de usuario familiar y alineada con otras aplicaciones Office.<\/p>\n<p>En Microsoft Visio 2024, seguir\u00e1 encontrando todas las funciones a las que est\u00e1 acostumbrado y obtendr\u00e1 algunas nuevas:<\/p>\n<ul>\n<li>Microsoft Visio 2024 tiene a\u00fan m\u00e1s formas, plantillas y plantillas para ayudarle a crear sus diagramas en menos tiempo.<\/li>\n<li>Un aspecto actualizado con un moderno efecto de transparencia aplicado detr\u00e1s del lienzo y los men\u00fas confiere a Visio 2024 un aspecto m\u00e1s moderno y elegante.<\/li>\n<li>Visio 2024 incorpora el nuevo tema y esquema de colores de Office 2024, incluido el modo oscuro, una interfaz personalizable y mejoras para la accesibilidad.<\/li>\n<li>La b\u00fasqueda en Visio est\u00e1 ahora disponible en la barra de t\u00edtulo, lo que la hace m\u00e1s accesible.<\/li>\n<li>Herramientas mejoradas de an\u00e1lisis de procesos, como los bloques din\u00e1micos, para analizar los procesos empresariales y visualizar los flujos de datos<\/li>\n<\/ul>","protected":false},"excerpt":{"rendered":"<ul>\n<li>Licencia Microsoft Office 2024 Professional Plus para 3 dispositivos<\/li>\n<li>Licencia de Microsoft Visio 2024 Professional Plus para 3 dispositivos<\/li>\n<li><strong>Con esta licencia, el software puede activarse en 3 dispositivos diferentes, por ejemplo, el PC de casa, el port\u00e1til y el PC del trabajo.<\/strong><\/li>\n<li>Versi\u00f3n para sistemas de 32 y 64 bits, versiones completas e ilimitadas de software <strong>de Microsoft Gold Partner certificado<\/strong><\/li>\n<li><strong>30 d\u00edas de reembolso completo - \u00a1\u00a1\u00a1Garant\u00eda de sustituci\u00f3n de por vida!!!<\/strong><\/li>\n<li>Env\u00edo por correo electr\u00f3nico: clave del producto, instrucciones, enlaces de descarga, factura<\/li>\n<li>Descarga inmediata<\/li>\n<li>Sin l\u00edmite de tiempo, sin suscripci\u00f3n<\/li>\n<li>Asistencia gratuita 24 horas al d\u00eda, 7 d\u00edas a la semana, para problemas de instalaci\u00f3n y activaci\u00f3n<\/li>\n<li>Sin entrega en almacenamiento de datos (USB, CD, etc.)<\/li>\n<li>Activaci\u00f3n en l\u00ednea y por tel\u00e9fono<\/li>\n<li>Idiomas: Ingl\u00e9s, espa\u00f1ol, italiano, alem\u00e1n y franc\u00e9s<\/li>\n<li><strong><span style=\"color: #008000;\"> Este producto es compatible con Microsoft Windows.<\/span><\/strong><\/li>\n<li><strong><span style=\"color: #ff0000;\">NO compatible con Apple macOS\u2122, dispositivos Android y Chromebooks.<\/span><\/strong><\/li>\n<li><\/li>\n<\/ul>","protected":false},"featured_media":118177,"comment_status":"closed","ping_status":"closed","template":"","meta":{"_acf_changed":false},"product_brand":[],"product_cat":[40,187,217],"product_tag":[],"class_list":{"0":"post-118167","1":"product","2":"type-product","3":"status-publish","4":"has-post-thumbnail","6":"product_cat-msoffice","7":"product_cat-187","8":"product_cat-visio-msoffice","10":"first","11":"instock","12":"sale","13":"featured","14":"virtual","15":"taxable","16":"purchasable","17":"product-type-simple"},"acf":[],"_links":{"self":[{"href":"https:\/\/keyshop.windowsandoffice.com\/es\/wp-json\/wp\/v2\/product\/118167","targetHints":{"allow":["GET"]}}],"collection":[{"href":"https:\/\/keyshop.windowsandoffice.com\/es\/wp-json\/wp\/v2\/product"}],"about":[{"href":"https:\/\/keyshop.windowsandoffice.com\/es\/wp-json\/wp\/v2\/types\/product"}],"replies":[{"embeddable":true,"href":"https:\/\/keyshop.windowsandoffice.com\/es\/wp-json\/wp\/v2\/comments?post=118167"}],"wp:featuredmedia":[{"embeddable":true,"href":"https:\/\/keyshop.windowsandoffice.com\/es\/wp-json\/wp\/v2\/media\/118177"}],"wp:attachment":[{"href":"https:\/\/keyshop.windowsandoffice.com\/es\/wp-json\/wp\/v2\/media?parent=118167"}],"wp:term":[{"taxonomy":"product_brand","embeddable":true,"href":"https:\/\/keyshop.windowsandoffice.com\/es\/wp-json\/wp\/v2\/product_brand?post=118167"},{"taxonomy":"product_cat","embeddable":true,"href":"https:\/\/keyshop.windowsandoffice.com\/es\/wp-json\/wp\/v2\/product_cat?post=118167"},{"taxonomy":"product_tag","embeddable":true,"href":"https:\/\/keyshop.windowsandoffice.com\/es\/wp-json\/wp\/v2\/product_tag?post=118167"}],"curies":[{"name":"wp","href":"https:\/\/api.w.org\/{rel}","templated":true}]}}