{"id":118165,"date":"2024-11-04T23:41:13","date_gmt":"2024-11-04T22:41:13","guid":{"rendered":"https:\/\/keyshop.windowsandoffice.com\/?post_type=product&#038;p=118165"},"modified":"2026-01-13T20:44:36","modified_gmt":"2026-01-13T19:44:36","slug":"microsoft-visio-2024-professional-license-for-3-pc","status":"publish","type":"product","link":"https:\/\/keyshop.windowsandoffice.com\/es\/producto\/microsoft-visio-2024-professional-license-for-3-pc\/","title":{"rendered":"Licencia de Microsoft Visio 2024 Professional para 3 PC"},"content":{"rendered":"<p>Con Microsoft Visio 2024, es m\u00e1s f\u00e1cil que nunca que las personas y los equipos creen y compartan diagramas profesionales y vers\u00e1tiles para todas las necesidades. Incluye formas, plantillas y estilos actualizados, as\u00ed como una nueva barra de b\u00fasqueda intuitiva y un aspecto actualizado que ofrece una experiencia de usuario familiar y alineada con otras aplicaciones Office.<\/p>\n<p>En Microsoft Visio 2024, seguir\u00e1 encontrando todas las funciones a las que est\u00e1 acostumbrado y obtendr\u00e1 algunas nuevas:<\/p>\n<ul>\n<li>Microsoft Visio 2024 tiene a\u00fan m\u00e1s formas, plantillas y plantillas para ayudarle a crear sus diagramas en menos tiempo.<\/li>\n<li>Un aspecto actualizado con un moderno efecto de transparencia aplicado detr\u00e1s del lienzo y los men\u00fas confiere a Visio 2024 un aspecto m\u00e1s moderno y elegante.<\/li>\n<li>Visio 2024 incorpora el nuevo tema y esquema de colores de Office 2024, incluido el modo oscuro, una interfaz personalizable y mejoras para la accesibilidad.<\/li>\n<li>La b\u00fasqueda en Visio est\u00e1 ahora disponible en la barra de t\u00edtulo, lo que la hace m\u00e1s accesible.<\/li>\n<li>Herramientas mejoradas de an\u00e1lisis de procesos, como los bloques din\u00e1micos, para analizar los procesos empresariales y visualizar los flujos de datos<\/li>\n<\/ul>","protected":false},"excerpt":{"rendered":"<ul>\n<li>Licencia de Microsoft Visio 2024 Professional para 3 dispositivos<\/li>\n<li><strong>Con esta licencia, el software puede activarse en 3 dispositivos diferentes, por ejemplo, el PC de casa, el port\u00e1til y el PC del trabajo.<\/strong><\/li>\n<li>Versi\u00f3n para sistemas de 32 y 64 bits, versiones completas e ilimitadas de software <strong>de Microsoft Gold Partner certificado<\/strong><\/li>\n<li><strong>30 d\u00edas de reembolso completo - \u00a1\u00a1\u00a1Garant\u00eda de sustituci\u00f3n de por vida!!!<\/strong><\/li>\n<li>Env\u00edo por correo electr\u00f3nico: clave del producto, instrucciones, enlaces de descarga, factura<\/li>\n<li>Descarga inmediata<\/li>\n<li>Sin l\u00edmite de tiempo, sin suscripci\u00f3n<\/li>\n<li>Asistencia gratuita 24 horas al d\u00eda, 7 d\u00edas a la semana, para problemas de instalaci\u00f3n y activaci\u00f3n<\/li>\n<li>Sin entrega en almacenamiento de datos (USB, CD, etc.)<\/li>\n<li>Activaci\u00f3n en l\u00ednea y por tel\u00e9fono<\/li>\n<li>Idiomas: Ingl\u00e9s, espa\u00f1ol, italiano, alem\u00e1n y franc\u00e9s<\/li>\n<li><strong><span style=\"color: #008000;\"> Este producto es compatible con Microsoft Windows.<\/span><\/strong><\/li>\n<li><strong><span style=\"color: #ff0000;\">NO compatible con Apple macOS\u2122, dispositivos Android y Chromebooks.<\/span><\/strong><\/li>\n<\/ul>","protected":false},"featured_media":118175,"comment_status":"open","ping_status":"closed","template":"","meta":{"_acf_changed":false},"product_brand":[],"product_cat":[40,217],"product_tag":[],"class_list":{"0":"post-118165","1":"product","2":"type-product","3":"status-publish","4":"has-post-thumbnail","6":"product_cat-msoffice","7":"product_cat-visio-msoffice","9":"first","10":"instock","11":"sale","12":"virtual","13":"taxable","14":"purchasable","15":"product-type-simple"},"acf":[],"_links":{"self":[{"href":"https:\/\/keyshop.windowsandoffice.com\/es\/wp-json\/wp\/v2\/product\/118165","targetHints":{"allow":["GET"]}}],"collection":[{"href":"https:\/\/keyshop.windowsandoffice.com\/es\/wp-json\/wp\/v2\/product"}],"about":[{"href":"https:\/\/keyshop.windowsandoffice.com\/es\/wp-json\/wp\/v2\/types\/product"}],"replies":[{"embeddable":true,"href":"https:\/\/keyshop.windowsandoffice.com\/es\/wp-json\/wp\/v2\/comments?post=118165"}],"wp:featuredmedia":[{"embeddable":true,"href":"https:\/\/keyshop.windowsandoffice.com\/es\/wp-json\/wp\/v2\/media\/118175"}],"wp:attachment":[{"href":"https:\/\/keyshop.windowsandoffice.com\/es\/wp-json\/wp\/v2\/media?parent=118165"}],"wp:term":[{"taxonomy":"product_brand","embeddable":true,"href":"https:\/\/keyshop.windowsandoffice.com\/es\/wp-json\/wp\/v2\/product_brand?post=118165"},{"taxonomy":"product_cat","embeddable":true,"href":"https:\/\/keyshop.windowsandoffice.com\/es\/wp-json\/wp\/v2\/product_cat?post=118165"},{"taxonomy":"product_tag","embeddable":true,"href":"https:\/\/keyshop.windowsandoffice.com\/es\/wp-json\/wp\/v2\/product_tag?post=118165"}],"curies":[{"name":"wp","href":"https:\/\/api.w.org\/{rel}","templated":true}]}}