{"id":117784,"date":"2024-10-23T18:12:05","date_gmt":"2024-10-23T16:12:05","guid":{"rendered":"https:\/\/keyshop.windowsandoffice.com\/?post_type=product&#038;p=117784"},"modified":"2026-01-13T20:20:23","modified_gmt":"2026-01-13T19:20:23","slug":"microsoft-office-2024-standard-microsoft-windows-10-professional-license-for-3-devices","status":"publish","type":"product","link":"https:\/\/keyshop.windowsandoffice.com\/es\/producto\/microsoft-office-2024-standard-microsoft-windows-10-professional-license-for-3-devices\/","title":{"rendered":"Microsoft Office 2024 Standard + Microsoft Windows 10 Professional licencia para 3 PCs"},"content":{"rendered":"<h3><strong>Microsoft Office 2024 Est\u00e1ndar<br \/>\n<\/strong><\/h3>\n<div style=\"margin-bottom: 15px;\"><strong>Con esta licencia, el software puede activarse en 3 dispositivos diferentes, por ejemplo, el PC de casa, el port\u00e1til y el PC del trabajo.<\/strong><\/div>\n<div style=\"margin-bottom: 15px;\">Los usuarios de Microsoft Office que utilizan toda la gama de aplicaciones en casa o en la oficina est\u00e1n bien asesorados con el Microsoft Office 2024 Standard. Incluye todos los programas importantes: Word, Excel, Outlook y PowerPoint. OneNote ya est\u00e1 disponible para su descarga en la Microsoft Windows Store para que pueda tomar notas r\u00e1pidamente y tenerlas disponibles en todos los dispositivos a trav\u00e9s de la nube. Debido a la amplia gama de programas diferentes, la versi\u00f3n Est\u00e1ndar est\u00e1 dirigida principalmente a personas que trabajan en casa, en la oficina dom\u00e9stica o que buscan una soluci\u00f3n potente y fiable en una oficina para organizar documentos, tablas, etc.<\/div>\n<ul>\n<li><strong>Word<\/strong>: Crea documentos de texto de calidad profesional en un abrir y cerrar de ojos.<\/li>\n<li><strong>Excel<\/strong>: Hoja de c\u00e1lculo inteligente para la gesti\u00f3n de la informaci\u00f3n.<\/li>\n<li><strong>PowerPoint<\/strong>: Cree impresionantes presentaciones din\u00e1micas.<\/li>\n<li><strong>Outlook<\/strong>: La comunicaci\u00f3n hecha f\u00e1cil.<\/li>\n<\/ul>\n<div>\n<p><strong>Requisitos del sistema operativo: Microsoft Windows 10 u 11<\/strong><\/p>\n<\/div>\n<p>&nbsp;<\/p>\n<h3><strong>Microsoft Windows 10 Profesional<\/strong><\/h3>\n<p>Microsoft Windows 10 Professional es la elecci\u00f3n perfecta para profesionales y empresas que buscan un sistema operativo estable y potente. Con una mezcla de familiaridad y funciones avanzadas, Microsoft Windows 10 Professional aumenta la productividad y proporciona una seguridad fiable para todas sus necesidades inform\u00e1ticas.<\/p>\n<p><strong>Caracter\u00edsticas principales de Microsoft Windows 10 Professional:<\/strong><\/p>\n<ul>\n<li><strong>Interfaz familiar:<\/strong> Disfrute de la sensaci\u00f3n cl\u00e1sica de Microsoft Windows con un toque moderno.<\/li>\n<li><strong>Aumento de la productividad:<\/strong> Funciones como Cortana y los escritorios virtuales agilizan el flujo de trabajo.<\/li>\n<li><strong>Seguridad avanzada:<\/strong> El cifrado BitLocker y el antivirus Microsoft Windows Defender protegen tus datos.<\/li>\n<li><strong>Escritorio remoto: <\/strong> Access tu PC desde cualquier lugar con las funciones de escritorio remoto.<\/li>\n<li><strong>Tinta Microsoft Windows:<\/strong> Utiliza un l\u00e1piz digital para tomar notas, dibujar y dise\u00f1ar directamente en la pantalla.<\/li>\n<li><strong>Microsoft Edge:<\/strong> El navegador m\u00e1s reciente, dise\u00f1ado para ofrecer velocidad, compatibilidad y seguridad.<\/li>\n<\/ul>\n<p>La actualizaci\u00f3n a Microsoft Windows 10 Professional le ofrece una experiencia inform\u00e1tica fiable y eficiente que satisface las necesidades tanto de uso personal como profesional.<\/p>\n<p>&nbsp;<\/p>","protected":false},"excerpt":{"rendered":"<ul>\n<li>Microsoft Office 2024 Licencia est\u00e1ndar para 3 dispositivos<\/li>\n<li>Licencia Microsoft Windows 10 Professional para 3 dispositivos<\/li>\n<li><strong>Con esta licencia, el software puede activarse en 3 dispositivos diferentes, por ejemplo, el PC de casa, el port\u00e1til y el PC del trabajo.<\/strong><\/li>\n<li>Versi\u00f3n para sistemas de 32 y 64 bits, versiones completas e ilimitadas de software <strong>de Microsoft Gold Partner certificado<\/strong><\/li>\n<li><strong>Garant\u00eda de devoluci\u00f3n del dinero de por vida<\/strong><\/li>\n<li>Env\u00edo por correo electr\u00f3nico: clave del producto, instrucciones, enlaces de descarga, factura<\/li>\n<li>Descarga inmediata<\/li>\n<li>Sin l\u00edmite de tiempo, sin suscripci\u00f3n<\/li>\n<li>Asistencia gratuita 24 horas al d\u00eda, 7 d\u00edas a la semana, para problemas de instalaci\u00f3n y activaci\u00f3n<\/li>\n<li>Sin entrega en almacenamiento de datos (USB, CD, etc.)<\/li>\n<li>Activaci\u00f3n en l\u00ednea y por tel\u00e9fono<\/li>\n<li>Idiomas: Ingl\u00e9s, espa\u00f1ol, italiano, alem\u00e1n y franc\u00e9s<\/li>\n<li><strong><span style=\"color: #008000;\"> Este producto es compatible con Microsoft Windows.<\/span><\/strong><\/li>\n<li><strong><span style=\"color: #ff0000;\">NO compatible con Apple macOS\u2122, dispositivos Android y Chromebooks.<\/span><\/strong><\/li>\n<\/ul>","protected":false},"featured_media":117789,"comment_status":"closed","ping_status":"closed","template":"","meta":{"_acf_changed":false},"product_brand":[],"product_cat":[40,187,41],"product_tag":[213],"class_list":{"0":"post-117784","1":"product","2":"type-product","3":"status-publish","4":"has-post-thumbnail","6":"product_cat-msoffice","7":"product_cat-187","8":"product_cat-windows-desktop","9":"product_tag-213","11":"first","12":"instock","13":"sale","14":"virtual","15":"taxable","16":"purchasable","17":"product-type-simple"},"acf":[],"_links":{"self":[{"href":"https:\/\/keyshop.windowsandoffice.com\/es\/wp-json\/wp\/v2\/product\/117784","targetHints":{"allow":["GET"]}}],"collection":[{"href":"https:\/\/keyshop.windowsandoffice.com\/es\/wp-json\/wp\/v2\/product"}],"about":[{"href":"https:\/\/keyshop.windowsandoffice.com\/es\/wp-json\/wp\/v2\/types\/product"}],"replies":[{"embeddable":true,"href":"https:\/\/keyshop.windowsandoffice.com\/es\/wp-json\/wp\/v2\/comments?post=117784"}],"wp:featuredmedia":[{"embeddable":true,"href":"https:\/\/keyshop.windowsandoffice.com\/es\/wp-json\/wp\/v2\/media\/117789"}],"wp:attachment":[{"href":"https:\/\/keyshop.windowsandoffice.com\/es\/wp-json\/wp\/v2\/media?parent=117784"}],"wp:term":[{"taxonomy":"product_brand","embeddable":true,"href":"https:\/\/keyshop.windowsandoffice.com\/es\/wp-json\/wp\/v2\/product_brand?post=117784"},{"taxonomy":"product_cat","embeddable":true,"href":"https:\/\/keyshop.windowsandoffice.com\/es\/wp-json\/wp\/v2\/product_cat?post=117784"},{"taxonomy":"product_tag","embeddable":true,"href":"https:\/\/keyshop.windowsandoffice.com\/es\/wp-json\/wp\/v2\/product_tag?post=117784"}],"curies":[{"name":"wp","href":"https:\/\/api.w.org\/{rel}","templated":true}]}}