{"id":116403,"date":"2024-08-29T18:27:24","date_gmt":"2024-08-29T16:27:24","guid":{"rendered":"https:\/\/keyshop.windowsandoffice.com\/?post_type=product&#038;p=116403"},"modified":"2026-01-13T20:20:23","modified_gmt":"2026-01-13T19:20:23","slug":"microsoft-windows-server-2019-essentials","status":"publish","type":"product","link":"https:\/\/keyshop.windowsandoffice.com\/es\/producto\/microsoft-windows-server-2019-essentials\/","title":{"rendered":"Microsoft Windows Server 2019 Essentials"},"content":{"rendered":"<p><strong>Windows Servidor 2019<\/strong> le ayuda a hacer crecer su negocio.<\/p>\n<p>En otras palabras, puede ampliar sus operaciones a la nube desde una infraestructura.<\/p>\n<p>Destacamos el uso de estas tres capacidades, como resultado, usted maximiza sus inversiones existentes:<\/p>\n<ul>\n<li>\u00a0Seguridad<\/li>\n<li>\u00a0Innovaci\u00f3n en las aplicaciones<\/li>\n<li>\u00a0Capacidades de infraestructura hiperconvergente<\/li>\n<\/ul>\n<p>Como aclaraci\u00f3n, este sistema operativo est\u00e1 disponible en tres ediciones para distintos entornos:<\/p>\n<ul>\n<li><span style=\"color: #333333;\"><strong>Windows Server 2019 Essentials<\/strong>. Destinado a peque\u00f1as empresas. Admite hasta 25 usuarios y 50 dispositivos. No se necesitan licencias adicionales para acceder al servidor (CAL).<\/span><\/li>\n<li><span style=\"color: #808080;\"><strong>Windows Server 2019 Standard<\/strong>. Perfecto para entornos f\u00edsicos o m\u00ednimamente virtualizados. Este modelo de licencia basado en el n\u00facleo requiere <a style=\"color: #808080;\" href=\"https:\/\/keyshop.windowsandoffice.com\/es\/producto\/windows-server-2019-rds\/\">licencias de acceso al servidor (CAL)<\/a><\/span><\/li>\n<li><span style=\"color: #808080;\"><strong>Centro de datos Windows Server 2019.<\/strong> Ideal para entornos de nube y centros de datos altamente virtualizados. Este modelo de licencia basado en kernel requiere <a style=\"color: #808080;\" href=\"https:\/\/keyshop.windowsandoffice.com\/es\/producto\/windows-server-2019-rds\/\">licencias de acceso al servidor (CAL)<\/a><\/span><\/li>\n<\/ul>\n<p>Windows Server 2019 es el sistema operativo que sirve de puente entre los entornos locales y Azure. As\u00ed, a\u00f1ade capas adicionales de seguridad y le ayuda a modernizar sus aplicaciones e infraestructura.<\/p>\n<h4>Capacidades h\u00edbridas con Azure<\/h4>\n<p>Ampl\u00ede su centro de datos a Azure. Como resultado, sus inversiones crecer\u00e1n y obtendr\u00e1 nuevas capacidades h\u00edbridas,<\/p>\n<h4>Seguridad multicapa avanzada<\/h4>\n<p>Si utiliza este sistema operativo, mejorar\u00e1 la seguridad y, en consecuencia, proteger\u00e1 su informaci\u00f3n.<\/p>\n<h4>Innovaci\u00f3n m\u00e1s r\u00e1pida para las aplicaciones<\/h4>\n<p>Permitir la creaci\u00f3n de aplicaciones nativas de la nube. Asimismo, modernice las aplicaciones tradicionales mediante contenedores y microservicios.<\/p>\n<h4>Infraestructura hiperconvergente sin precedentes<\/h4>\n<p>Evolucione la infraestructura de su centro de datos. As\u00ed conseguir\u00e1 mayor eficiencia y seguridad.<\/p>\n<p><strong>Requisitos del sistema<\/strong><\/p>\n<ul>\n<li>Procesador: procesador de 64 bits a 1,4 GHz con NX \/ DEP<\/li>\n<li>RAM: 512 MB (Server Core y Server Nano), 2 GB (con vista de escritorio)<\/li>\n<li>Tarjeta gr\u00e1fica y monitor: 1024 \u00d7 768 p\u00edxeles<\/li>\n<li>Red: Gigabit Ethernet<\/li>\n<li>Espacio libre en el disco duro: 32 GB de espacio libre en el disco duro<\/li>\n<li>BIOS: Sistema UEFI con Secure Boot (UEFI 2.3.1c) (para determinadas funciones)<\/li>\n<\/ul>\n<p><strong>Apoyo:<\/strong><\/p>\n<p>Si tiene alguna pregunta, no dude en ponerse en contacto con nosotros. <a href=\"mailto:keyshop@dl-winandoffice.com\">por correo electr\u00f3nico<\/a>. Nuestro servicio de atenci\u00f3n al cliente est\u00e1 disponible 7 d\u00edas a la semana, 24 horas al d\u00eda. Por lo tanto, dispondr\u00e1 de asistencia instant\u00e1nea.<\/p>\n<p>Por otro lado, aseguramos la disponibilidad en todos nuestros productos. En consecuencia, recibir\u00e1 su pedido en un tiempo r\u00e9cord.<\/p>\n<p>Nuestra empresa cuenta con m\u00e1s de 10 a\u00f1os de experiencia en el sector. Esto significa que proporcionamos un servicio profesional acorde con sus necesidades. As\u00ed que si\u00e9ntase seguro de formar parte de nuestra red mundial de clientes satisfechos.<\/p>\n<p>Si quiere ver nuestras noticias<strong>, <a href=\"https:\/\/news.dl-winandoffice.com\/en\/\" target=\"_blank\" rel=\"noopener noreferrer nofollow\">pulse aqu\u00ed<\/a><\/strong><\/p>","protected":false},"excerpt":{"rendered":"<p>Windows Server 2019 es el sistema operativo que tiende un puente entre los entornos locales y Azure, a\u00f1adiendo capas adicionales de seguridad a la vez que le ayuda a modernizar sus aplicaciones e infraestructura.<\/p>\n<p>Windows Server 2019 est\u00e1 disponible en tres ediciones para diferentes entornos:<\/p>\n<ul>\n<li><strong>Windows Server 2019 Essentials<\/strong><\/li>\n<li>Windows Server 2019 Standard<\/li>\n<li>Windows Servidor 2019 Datacenter<\/li>\n<\/ul>","protected":false},"featured_media":116404,"comment_status":"open","ping_status":"closed","template":"","meta":{"_acf_changed":false},"product_brand":[],"product_cat":[42,201],"product_tag":[52],"class_list":{"0":"post-116403","1":"product","2":"type-product","3":"status-publish","4":"has-post-thumbnail","6":"product_cat-windows-server","7":"product_cat-windows-server-2019","8":"product_tag-windows","10":"first","11":"instock","12":"sale","13":"taxable","14":"shipping-taxable","15":"purchasable","16":"product-type-simple"},"acf":[],"_links":{"self":[{"href":"https:\/\/keyshop.windowsandoffice.com\/es\/wp-json\/wp\/v2\/product\/116403","targetHints":{"allow":["GET"]}}],"collection":[{"href":"https:\/\/keyshop.windowsandoffice.com\/es\/wp-json\/wp\/v2\/product"}],"about":[{"href":"https:\/\/keyshop.windowsandoffice.com\/es\/wp-json\/wp\/v2\/types\/product"}],"replies":[{"embeddable":true,"href":"https:\/\/keyshop.windowsandoffice.com\/es\/wp-json\/wp\/v2\/comments?post=116403"}],"wp:featuredmedia":[{"embeddable":true,"href":"https:\/\/keyshop.windowsandoffice.com\/es\/wp-json\/wp\/v2\/media\/116404"}],"wp:attachment":[{"href":"https:\/\/keyshop.windowsandoffice.com\/es\/wp-json\/wp\/v2\/media?parent=116403"}],"wp:term":[{"taxonomy":"product_brand","embeddable":true,"href":"https:\/\/keyshop.windowsandoffice.com\/es\/wp-json\/wp\/v2\/product_brand?post=116403"},{"taxonomy":"product_cat","embeddable":true,"href":"https:\/\/keyshop.windowsandoffice.com\/es\/wp-json\/wp\/v2\/product_cat?post=116403"},{"taxonomy":"product_tag","embeddable":true,"href":"https:\/\/keyshop.windowsandoffice.com\/es\/wp-json\/wp\/v2\/product_tag?post=116403"}],"curies":[{"name":"wp","href":"https:\/\/api.w.org\/{rel}","templated":true}]}}