{"id":116396,"date":"2024-08-29T18:16:59","date_gmt":"2024-08-29T16:16:59","guid":{"rendered":"https:\/\/keyshop.windowsandoffice.com\/?post_type=product&#038;p=116396"},"modified":"2026-01-13T20:20:23","modified_gmt":"2026-01-13T19:20:23","slug":"microsoft-windows-server-2016-datacenter","status":"publish","type":"product","link":"https:\/\/keyshop.windowsandoffice.com\/es\/producto\/microsoft-windows-server-2016-datacenter\/","title":{"rendered":"Microsoft Windows Servidor 2016 Datacenter"},"content":{"rendered":"<p><strong>Windows Servidor 2016<\/strong>\u00a0Es el sucesor del est\u00e1ndar l\u00edder de la industria de sistemas operativos de servidor. Por lo tanto, ayuda a las empresas a prosperar en la nube moderna y la era m\u00f3vil.<\/p>\n<p>&nbsp;<\/p>\n<h4><b>Windows Servidor 2016<\/b><\/h4>\n<p>Es la s\u00e9ptima versi\u00f3n del sistema operativo para servidores Windows Server desarrollado por Microsoft como parte de la familia de sistemas operativos Windows NT. Por lo tanto, se desarroll\u00f3 al mismo tiempo que Windows 10. Adem\u00e1s, es el sucesor de <a href=\"https:\/\/keyshop.windowsandoffice.com\/es\/producto\/windows-server-2012-std-ess-dc-versions\/\">Windows Servidor 2012 R2<\/a>. La primera versi\u00f3n de vista previa inicial estuvo disponible el 1 de octubre de 2014 junto con la primera vista previa t\u00e9cnica de System Center. En conclusi\u00f3n, Windows Server 2016 fue lanzado el 26 de septiembre de 2016 en la conferencia Ignite de Microsoft, por lo tanto, sali\u00f3 a la venta al por menor el 12 de octubre de 2016. En \u00faltima instancia, tiene dos sucesores: <a href=\"https:\/\/keyshop.windowsandoffice.com\/es\/producto\/windows-server-2019-std-ess-dc-versions\/\">Windows Servidor 2019<\/a> y el canal Windows Server semestral, que excluye la interfaz gr\u00e1fica de usuario y muchos componentes antiguos.<\/p>\n<p>&nbsp;<\/p>\n<p>Existen tres versiones diferentes:<\/p>\n<p>&nbsp;<\/p>\n<h4><span style=\"color: #808080;\"><strong>Windows Server 2016 Essentials<\/strong><\/span><\/h4>\n<p><span style=\"color: #808080;\">Es una soluci\u00f3n de servidor flexible. En segundo lugar, es asequible. Tambi\u00e9n es f\u00e1cil de usar. En conclusi\u00f3n, es ideal para peque\u00f1as empresas de hasta 25 usuarios y 50 dispositivos.<\/span><\/p>\n<p><span style=\"color: #808080;\">Por otro lado, tambi\u00e9n puede utilizarse como servidor principal en un entorno de peque\u00f1a empresa con varios servidores.<\/span><\/p>\n<h4><span style=\"color: #808080;\"><strong>Windows Server 2016 Est\u00e1ndar<\/strong><\/span><\/h4>\n<p><span style=\"color: #808080;\">La edici\u00f3n Standard de Windows Server 2016 ofrece un buen soporte para diferentes oficinas. Si usted requiere una forma flexible para virtualizar su entorno, por lo que esta es su opci\u00f3n. La versi\u00f3n incluye:<\/span><\/p>\n<ul>\n<li><span style=\"color: #808080;\">2 m\u00e1quinas virtuales<\/span><\/li>\n<li><span style=\"color: #808080;\">2 contenedores Hyper-V<\/span><\/li>\n<li><span style=\"color: #808080;\">Contenedores de servidor Windows ilimitados<\/span><\/li>\n<\/ul>\n<h4><span style=\"color: #333333;\"><strong>Windows Servidor 2016 Datacenter<\/strong><\/span><\/h4>\n<p><span style=\"color: #333333;\">Esta edici\u00f3n es ideal para empresas de todos los tama\u00f1os que tienen cargas de trabajo de TI exigentes, requieren almacenamiento avanzado, virtualizaci\u00f3n y despliegue de aplicaciones, incluyendo:<\/span><\/p>\n<ul>\n<li><span style=\"color: #333333;\">M\u00e1quinas virtuales: Ilimitadas.<\/span><\/li>\n<li><span style=\"color: #333333;\">Contenedores Hyper-V: Ilimitados.<\/span><\/li>\n<li><span style=\"color: #333333;\">Windows Contenedores de servidor: Ilimitados.<\/span><\/li>\n<li><span style=\"color: #333333;\">Funciones de almacenamiento que incluyen Storage Replica y Storage Spaces Direct<\/span><\/li>\n<li><span style=\"color: #333333;\">Nueva pila de red optimizada<\/span><\/li>\n<li><span style=\"color: #333333;\">M\u00e1quinas virtuales protegidas y servicio Host Guardian<\/span><\/li>\n<\/ul>\n<h4><strong>Requisitos del sistema:<\/strong><\/h4>\n<ul>\n<li>Procesador: procesador de 64 bits a 1,4 GHz.<\/li>\n<li>RAM: 512 MB (2 GB para el servidor con la opci\u00f3n de instalaci\u00f3n \"Experiencia de escritorio\").<\/li>\n<li>Espacio disponible en el disco duro: 60 GB.<\/li>\n<li>Monitor Super VGA (800 x 600) o de mayor resoluci\u00f3n.<\/li>\n<li>Teclado y rat\u00f3n Microsoft (u otro dispositivo se\u00f1alador compatible).<\/li>\n<\/ul>\n<h4><strong>Apoyo:<\/strong><\/h4>\n<p>Si tiene alguna pregunta, no dude en ponerse en contacto con nosotros. <a href=\"mailto:keyshop@dl-winandoffice.com\">por correo electr\u00f3nico<\/a>. Nuestro servicio de atenci\u00f3n al cliente est\u00e1 disponible 7 d\u00edas a la semana, 24 horas al d\u00eda. Por lo tanto, dispondr\u00e1 de asistencia instant\u00e1nea.<\/p>\n<p>Por otro lado, aseguramos la disponibilidad en todos nuestros productos. En consecuencia, recibir\u00e1 su pedido en un tiempo r\u00e9cord.<\/p>\n<p>Nuestra empresa cuenta con m\u00e1s de 10 a\u00f1os de experiencia en el sector. Esto significa que proporcionamos un servicio profesional acorde con sus necesidades. As\u00ed que si\u00e9ntase seguro de formar parte de nuestra red mundial de clientes satisfechos.<\/p>\n<p>Si quiere ver nuestras noticias<strong>, <a href=\"https:\/\/news.dl-winandoffice.com\/en\/\" target=\"_blank\" rel=\"noopener noreferrer nofollow\">pulse aqu\u00ed<\/a><\/strong><\/p>\n<p>&nbsp;<\/p>","protected":false},"excerpt":{"rendered":"<p>Windows Server 2016 es el sucesor del est\u00e1ndar l\u00edder de la industria de sistemas operativos de servidor. Ayuda a las empresas a prosperar en la era moderna de la nube y los dispositivos m\u00f3viles. Hay tres versiones diferentes disponibles:<\/p>\n<ul>\n<li>Windows Server 2016 Essentials<\/li>\n<li>Windows Server 2016 Est\u00e1ndar<\/li>\n<li><strong>Windows Servidor 2016 Datacenter<\/strong><\/li>\n<\/ul>","protected":false},"featured_media":116397,"comment_status":"open","ping_status":"closed","template":"","meta":{"_acf_changed":false},"product_brand":[],"product_cat":[42,200],"product_tag":[52],"class_list":{"0":"post-116396","1":"product","2":"type-product","3":"status-publish","4":"has-post-thumbnail","6":"product_cat-windows-server","7":"product_cat-windows-server-2016","8":"product_tag-windows","10":"first","11":"instock","12":"sale","13":"virtual","14":"taxable","15":"purchasable","16":"product-type-simple"},"acf":[],"_links":{"self":[{"href":"https:\/\/keyshop.windowsandoffice.com\/es\/wp-json\/wp\/v2\/product\/116396","targetHints":{"allow":["GET"]}}],"collection":[{"href":"https:\/\/keyshop.windowsandoffice.com\/es\/wp-json\/wp\/v2\/product"}],"about":[{"href":"https:\/\/keyshop.windowsandoffice.com\/es\/wp-json\/wp\/v2\/types\/product"}],"replies":[{"embeddable":true,"href":"https:\/\/keyshop.windowsandoffice.com\/es\/wp-json\/wp\/v2\/comments?post=116396"}],"wp:featuredmedia":[{"embeddable":true,"href":"https:\/\/keyshop.windowsandoffice.com\/es\/wp-json\/wp\/v2\/media\/116397"}],"wp:attachment":[{"href":"https:\/\/keyshop.windowsandoffice.com\/es\/wp-json\/wp\/v2\/media?parent=116396"}],"wp:term":[{"taxonomy":"product_brand","embeddable":true,"href":"https:\/\/keyshop.windowsandoffice.com\/es\/wp-json\/wp\/v2\/product_brand?post=116396"},{"taxonomy":"product_cat","embeddable":true,"href":"https:\/\/keyshop.windowsandoffice.com\/es\/wp-json\/wp\/v2\/product_cat?post=116396"},{"taxonomy":"product_tag","embeddable":true,"href":"https:\/\/keyshop.windowsandoffice.com\/es\/wp-json\/wp\/v2\/product_tag?post=116396"}],"curies":[{"name":"wp","href":"https:\/\/api.w.org\/{rel}","templated":true}]}}