{"id":116380,"date":"2024-08-29T17:54:51","date_gmt":"2024-08-29T15:54:51","guid":{"rendered":"https:\/\/keyshop.windowsandoffice.com\/?post_type=product&#038;p=116380"},"modified":"2026-01-13T20:20:16","modified_gmt":"2026-01-13T19:20:16","slug":"microsoft-windows-server-2012-standard","status":"publish","type":"product","link":"https:\/\/keyshop.windowsandoffice.com\/es\/producto\/microsoft-windows-server-2012-standard\/","title":{"rendered":"Microsoft Windows Server 2012 Est\u00e1ndar"},"content":{"rendered":"<p>Windows Server 2012 R2 es el sucesor del est\u00e1ndar l\u00edder de la industria de sistemas operativos para servidores. Hay tres versiones diferentes disponibles:<\/p>\n<p><span style=\"color: #808080;\"><strong>Windows Server 2012 R2 Essentials<\/strong><\/span><\/p>\n<p><span style=\"color: #808080;\">Dise\u00f1ado para entornos de baja densidad o no virtualizados, se trata de una soluci\u00f3n de servidor flexible, asequible y f\u00e1cil de usar, dise\u00f1ada y valorada para peque\u00f1as empresas con hasta 25 usuarios y 50 dispositivos. Windows Server Essentials es un primer servidor ideal, y tambi\u00e9n puede utilizarse como servidor principal en un entorno multiservidor para peque\u00f1as empresas.<\/span><\/p>\n<p><strong>Windows Server 2012 R2 Est\u00e1ndar<\/strong><\/p>\n<p>Dise\u00f1ado para entornos de baja densidad o no virtualizados, este sistema proporciona una funcionalidad completa de Servidor Windows con dos instancias virtuales. Adem\u00e1s, proporciona una infraestructura din\u00e1mica multi-tenant que va m\u00e1s all\u00e1 de las tecnolog\u00edas de virtualizaci\u00f3n anteriores, as\u00ed como una plataforma completa para crear una Microsoft Private Cloud. Esto le permite escalar y asegurar las cargas de trabajo, una soluci\u00f3n de nube rentable y una conectividad de servicios de nube segura.<\/p>\n<p><span style=\"color: #808080;\"><strong>Windows Server 2012 R2 Datacenter<\/strong><\/span><\/p>\n<p><span style=\"color: #808080;\">Dise\u00f1ado para la virtualizaci\u00f3n de alta densidad con un n\u00famero ilimitado de instancias virtuales. Adem\u00e1s, Windows Server 2012 R2 Datacenter proporciona una infraestructura din\u00e1mica multi-tenant que va m\u00e1s all\u00e1 de las tecnolog\u00edas de virtualizaci\u00f3n anteriores, as\u00ed como una plataforma completa para crear una Microsoft Private Cloud. Esto le permite escalar y asegurar las cargas de trabajo, una soluci\u00f3n de nube rentable y una conectividad de servicios de nube segura.<\/span><\/p>\n<p><a href=\"https:\/\/keyshop.windowsandoffice.com\/es\/producto\/windows-server-2012-r2-rds\/\">\u00bfBusca Windows Server 2012 r2 RDS User-Device CAL?<\/a><\/p>\n<p><strong>Requisitos del sistema:<\/strong><\/p>\n<ul>\n<li>Procesador: procesador de 64 bits a 1,4 GHz<\/li>\n<li>RAM: 512 MB<\/li>\n<li>Espacio disponible en el disco duro: 32 GB<\/li>\n<li>Monitor Super VGA (800 x 600) o de mayor resoluci\u00f3n<\/li>\n<li>Teclado y rat\u00f3n Microsoft (u otro dispositivo se\u00f1alador compatible)<\/li>\n<\/ul>\n<h4><strong>Apoyo:<\/strong><\/h4>\n<p>Si tiene alguna pregunta, no dude en ponerse en contacto con nosotros. <a href=\"mailto:keyshop@dl-winandoffice.com\">por correo electr\u00f3nico<\/a>. Nuestro servicio de atenci\u00f3n al cliente est\u00e1 disponible 7 d\u00edas a la semana, 24 horas al d\u00eda. Por lo tanto, dispondr\u00e1 de asistencia instant\u00e1nea.<\/p>\n<p>Por otro lado, aseguramos la disponibilidad en todos nuestros productos. En consecuencia, recibir\u00e1 su pedido en un tiempo r\u00e9cord.<\/p>\n<p>Nuestra empresa cuenta con m\u00e1s de 10 a\u00f1os de experiencia en el sector. Esto significa que proporcionamos un servicio profesional acorde con sus necesidades. As\u00ed que si\u00e9ntase seguro de formar parte de nuestra red mundial de clientes satisfechos.<\/p>\n<p>Si quiere ver nuestras noticias<strong>, <a href=\"https:\/\/news.dl-winandoffice.com\/en\/\" target=\"_blank\" rel=\"noopener noreferrer nofollow\">pulse aqu\u00ed<\/a><\/strong><\/p>\n<p>&nbsp;<\/p>","protected":false},"excerpt":{"rendered":"<p>Windows Server 2012 R2 es el sucesor del est\u00e1ndar l\u00edder de la industria de sistemas operativos para servidores. Hay tres versiones diferentes disponibles:<\/p>\n<ul>\n<li>Windows Server 2012 R2 Essentials<\/li>\n<li><strong>Windows Server 2012 R2 Est\u00e1ndar<\/strong><\/li>\n<li>Windows Server 2012 R2 Datacenter<\/li>\n<\/ul>","protected":false},"featured_media":116381,"comment_status":"open","ping_status":"closed","template":"","meta":{"_acf_changed":false},"product_brand":[],"product_cat":[42,199],"product_tag":[],"class_list":{"0":"post-116380","1":"product","2":"type-product","3":"status-publish","4":"has-post-thumbnail","6":"product_cat-windows-server","7":"product_cat-windows-server-2012-r2","9":"first","10":"instock","11":"sale","12":"virtual","13":"taxable","14":"purchasable","15":"product-type-simple"},"acf":[],"_links":{"self":[{"href":"https:\/\/keyshop.windowsandoffice.com\/es\/wp-json\/wp\/v2\/product\/116380","targetHints":{"allow":["GET"]}}],"collection":[{"href":"https:\/\/keyshop.windowsandoffice.com\/es\/wp-json\/wp\/v2\/product"}],"about":[{"href":"https:\/\/keyshop.windowsandoffice.com\/es\/wp-json\/wp\/v2\/types\/product"}],"replies":[{"embeddable":true,"href":"https:\/\/keyshop.windowsandoffice.com\/es\/wp-json\/wp\/v2\/comments?post=116380"}],"wp:featuredmedia":[{"embeddable":true,"href":"https:\/\/keyshop.windowsandoffice.com\/es\/wp-json\/wp\/v2\/media\/116381"}],"wp:attachment":[{"href":"https:\/\/keyshop.windowsandoffice.com\/es\/wp-json\/wp\/v2\/media?parent=116380"}],"wp:term":[{"taxonomy":"product_brand","embeddable":true,"href":"https:\/\/keyshop.windowsandoffice.com\/es\/wp-json\/wp\/v2\/product_brand?post=116380"},{"taxonomy":"product_cat","embeddable":true,"href":"https:\/\/keyshop.windowsandoffice.com\/es\/wp-json\/wp\/v2\/product_cat?post=116380"},{"taxonomy":"product_tag","embeddable":true,"href":"https:\/\/keyshop.windowsandoffice.com\/es\/wp-json\/wp\/v2\/product_tag?post=116380"}],"curies":[{"name":"wp","href":"https:\/\/api.w.org\/{rel}","templated":true}]}}