{"id":116189,"date":"2024-08-21T18:26:45","date_gmt":"2024-08-21T16:26:45","guid":{"rendered":"https:\/\/keyshop.windowsandoffice.com\/?post_type=product&#038;p=116189"},"modified":"2026-02-12T17:14:33","modified_gmt":"2026-02-12T16:14:33","slug":"microsoft-office-home-business-2024-microsoft-office-home-business-2016","status":"publish","type":"product","link":"https:\/\/keyshop.windowsandoffice.com\/es\/producto\/microsoft-office-home-business-2024-microsoft-office-home-business-2016\/","title":{"rendered":"Microsoft Office Hogar y Empresa 2024 + Microsoft Office Hogar y Empresa 2016"},"content":{"rendered":"<p><strong>Microsoft Office Hogar y empresa 2024<\/strong><\/p>\n<p>Office 2024 para Windows est\u00e1 dise\u00f1ado para ayudarle a trabajar de forma m\u00e1s eficaz. Presenta nuevas y sorprendentes funciones que facilitan la comunicaci\u00f3n, la creaci\u00f3n, la colaboraci\u00f3n y el uso compartido del trabajo. Office 2024 para Windows aprovecha al m\u00e1ximo las \u00faltimas innovaciones, garantizando la compatibilidad y el rendimiento en los PC modernos. Se espera que el producto se lance a finales de 2024 con todas estas nuevas funciones.<\/p>\n<hr \/>\n<p>&nbsp;<\/p>\n<h4>Microsoft Office Hogar y empresa 2016<\/h4>\n<p>Office 2016 MAC est\u00e1 dise\u00f1ado para ayudarle a trabajar m\u00e1s r\u00e1pido. Ofrece nuevas y sorprendentes funciones que facilitan la comunicaci\u00f3n, la creaci\u00f3n, la colaboraci\u00f3n y el uso compartido del trabajo. Office 2016 est\u00e1 dise\u00f1ado para aprovechar las \u00faltimas funciones de Windows.<\/p>\n<h4>CARACTER\u00cdSTICAS<\/h4>\n<p>Microsoft Office 2016 MAC es el sucesor de Microsoft Office 2011. Microsoft Office 2016 para Mac es compatible con OS X 10.10 Yosemite o cualquier versi\u00f3n posterior de Mac OS X. Office 2016 para MAC, al igual que sus predecesores, est\u00e1 disponible en una variedad de paquetes, cada uno adaptado a diferentes necesidades. Tanto si necesita Office para uso personal como profesional, Microsoft tiene el paquete adecuado para usted.<\/p>","protected":false},"excerpt":{"rendered":"<div class=\"woocommerce-product-details__short-description\">\n<ul>\n<li>Recibir\u00e1s MIcrosoft Office Home &amp; Business 2016 con licencia vigente, factura, instrucciones de instalaci\u00f3n y enlace de descarga.<\/li>\n<\/ul>\n<ul>\n<li>Recibir\u00e1 el instalador Office 2024 (Sin licencia, versi\u00f3n preliminar), 100% funcional, con todas sus aplicaciones, m\u00e1s una clave de activaci\u00f3n temporal.<\/li>\n<li>Cuando Microsoft lance la versi\u00f3n oficial de Office Home &amp; Business 2024 y Microsoft Office 2024 Pro Plus (prevista hasta finales de 2024), recibir\u00e1 la licencia oficial y la clave de activaci\u00f3n por correo electr\u00f3nico.<\/li>\n<li>Descarga instant\u00e1nea<\/li>\n<li>Sin l\u00edmite de tiempo, sin suscripci\u00f3n<\/li>\n<li>Asistencia gratuita para la instalaci\u00f3n y activaci\u00f3n<\/li>\n<li>No entrega en soportes de datos (USB, CD, etc.)<\/li>\n<li>Activaci\u00f3n en l\u00ednea y por tel\u00e9fono<\/li>\n<li><strong>Este producto NO es compatible con los sistemas operativos de Apple (MacOS, iPadOS, iOS), Chromebooks<\/strong><\/li>\n<\/ul>\n<pre class=\"language-html\" data-lang=\"html\"><code class=\"lang-html language-html\"><\/code><\/pre>\n<\/div>","protected":false},"featured_media":116190,"comment_status":"open","ping_status":"closed","template":"","meta":{"_acf_changed":false},"product_brand":[],"product_cat":[40],"product_tag":[188,51],"class_list":{"0":"post-116189","1":"product","2":"type-product","3":"status-publish","4":"has-post-thumbnail","6":"product_cat-msoffice","7":"product_tag-microsoft","8":"product_tag-ms-office","10":"first","11":"instock","12":"sale","13":"virtual","14":"taxable","15":"purchasable","16":"product-type-simple"},"acf":[],"_links":{"self":[{"href":"https:\/\/keyshop.windowsandoffice.com\/es\/wp-json\/wp\/v2\/product\/116189","targetHints":{"allow":["GET"]}}],"collection":[{"href":"https:\/\/keyshop.windowsandoffice.com\/es\/wp-json\/wp\/v2\/product"}],"about":[{"href":"https:\/\/keyshop.windowsandoffice.com\/es\/wp-json\/wp\/v2\/types\/product"}],"replies":[{"embeddable":true,"href":"https:\/\/keyshop.windowsandoffice.com\/es\/wp-json\/wp\/v2\/comments?post=116189"}],"wp:featuredmedia":[{"embeddable":true,"href":"https:\/\/keyshop.windowsandoffice.com\/es\/wp-json\/wp\/v2\/media\/116190"}],"wp:attachment":[{"href":"https:\/\/keyshop.windowsandoffice.com\/es\/wp-json\/wp\/v2\/media?parent=116189"}],"wp:term":[{"taxonomy":"product_brand","embeddable":true,"href":"https:\/\/keyshop.windowsandoffice.com\/es\/wp-json\/wp\/v2\/product_brand?post=116189"},{"taxonomy":"product_cat","embeddable":true,"href":"https:\/\/keyshop.windowsandoffice.com\/es\/wp-json\/wp\/v2\/product_cat?post=116189"},{"taxonomy":"product_tag","embeddable":true,"href":"https:\/\/keyshop.windowsandoffice.com\/es\/wp-json\/wp\/v2\/product_tag?post=116189"}],"curies":[{"name":"wp","href":"https:\/\/api.w.org\/{rel}","templated":true}]}}