{"id":115296,"date":"2024-06-19T15:46:23","date_gmt":"2024-06-19T13:46:23","guid":{"rendered":"https:\/\/keyshop.windowsandoffice.com\/?post_type=product&#038;p=115296"},"modified":"2026-01-13T20:20:08","modified_gmt":"2026-01-13T19:20:08","slug":"microsoft-office-2024-pro-plus-office-2016-pro-plus","status":"publish","type":"product","link":"https:\/\/keyshop.windowsandoffice.com\/es\/producto\/microsoft-office-2024-pro-plus-office-2016-pro-plus\/","title":{"rendered":"Microsoft Office 2024 Professional Plus + Microsoft Office 2016 Professional Plus licencia para 3 PCs"},"content":{"rendered":"<h3><strong>Microsoft Office 2024 Professional Plus<\/strong><\/h3>\n<div style=\"margin-bottom: 15px;\"><strong>Con esta licencia, el software puede activarse en 3 dispositivos diferentes, por ejemplo, el PC de casa, el port\u00e1til y el PC del trabajo.<\/strong><\/div>\n<div style=\"margin-bottom: 15px;\">Los usuarios de Microsoft Office que utilizan toda la gama de aplicaciones en casa o en la oficina est\u00e1n bien asesorados con Microsoft Office 2024 Professional Plus Edition. Incluye todos los programas importantes: Word, Excel, Outlook, PowerPoint y Access (Publisher ya no se incluye porque se retirar\u00e1 en 2026). OneNote ya est\u00e1 disponible para su descarga en la Microsoft Windows Store para que puedas tomar notas r\u00e1pidamente y tenerlas disponibles en todos los dispositivos a trav\u00e9s de la nube. Debido a la amplia gama de programas diferentes, la versi\u00f3n Professional Plus est\u00e1 dirigida principalmente a las personas que trabajan en casa, en la oficina dom\u00e9stica o que buscan una soluci\u00f3n potente y fiable en una oficina para organizar documentos, tablas, etc.<\/div>\n<ul>\n<li><strong>Word<\/strong>: Crea documentos de texto de calidad profesional en un abrir y cerrar de ojos.<\/li>\n<li><strong>Excel<\/strong>: Hoja de c\u00e1lculo inteligente para la gesti\u00f3n de la informaci\u00f3n.<\/li>\n<li><strong>PowerPoint<\/strong>: Cree impresionantes presentaciones din\u00e1micas.<\/li>\n<li><strong>OneNote<\/strong>: Tu cuaderno digital.<\/li>\n<li><strong>Outlook<\/strong>: La comunicaci\u00f3n hecha f\u00e1cil.<\/li>\n<li><strong>Access<\/strong>: Programaci\u00f3n de bases de datos para aplicaciones basadas en navegador<\/li>\n<\/ul>\n<p class=\"translation-block\"><strong>Nota importante:<\/strong> Esta versi\u00f3n de Office <strong>NO<\/strong> incluye <strong>Teams!<\/strong><\/p>\n<div>\n<p><strong>Requisitos del sistema operativo: Microsoft Windows 10 u 11<\/strong><\/p>\n<\/div>\n<p>&nbsp;<\/p>\n<h3><strong>Microsoft Office 2016 Professional Plus<\/strong><\/h3>\n<p>Para quienes necesitan un conjunto de herramientas s\u00f3lido y fiable para su uso en casa o en la oficina, Office 2019 Professional Plus Edition ofrece una soluci\u00f3n completa. Incluye todos los programas importantes: Word, Excel, Outlook, PowerPoint, Publisher y Access. OneNote ya est\u00e1 disponible para su descarga desde la Tienda Windows para que puedas tomar notas r\u00e1pidamente y tenerlas disponibles en todos los dispositivos a trav\u00e9s de la nube. Debido a la amplia gama de programas diferentes, la versi\u00f3n Professional Plus est\u00e1 dirigida principalmente a personas que trabajan desde casa, en una oficina dom\u00e9stica o que buscan una soluci\u00f3n ofim\u00e1tica potente y fiable para organizar documentos, tablas, etc.<\/p>\n<p><strong>Caracter\u00edsticas principales de Office 2021 Professional Plus:<\/strong><\/p>\n<ul>\n<li><strong>Word<\/strong>: Crea documentos de texto de calidad profesional en un abrir y cerrar de ojos.<\/li>\n<li><strong>Excel<\/strong>: Hoja de c\u00e1lculo inteligente para gestionar la informaci\u00f3n.<\/li>\n<li><strong>PowerPoint<\/strong>: Crea impresionantes presentaciones din\u00e1micas.<\/li>\n<li><strong>OneNote<\/strong>: Tu cuaderno digital.<\/li>\n<li><strong>Outlook<\/strong>: La comunicaci\u00f3n hecha f\u00e1cil.<\/li>\n<li><strong>Publisher<\/strong>: Maquetaci\u00f3n de publicaciones profesionales.<\/li>\n<li><strong>Access<\/strong>: Programaci\u00f3n de bases de datos para aplicaciones basadas en navegador.<\/li>\n<li><strong>Microsoft Teams<\/strong>: Mayor productividad gracias a la mensajer\u00eda instant\u00e1nea y las videoconferencias HD.<\/li>\n<\/ul>\n<hr \/>\n<p>Con este combo exclusivo, obtendr\u00e1 lo mejor de ambas versiones de Office, garantizando tanto la estabilidad y fiabilidad de Office 2016 como la innovaci\u00f3n y las nuevas funcionalidades de Office 2024. \u00a1No pierda esta oportunidad de actualizarse y maximizar su productividad!<\/p>\n<div id=\"simple-translate\" class=\"simple-translate-system-theme\">\n<div>\n<div class=\"simple-translate-button\" style=\"height: 22px; width: 22px; top: 10px; left: 10px;\"><\/div>\n<div class=\"simple-translate-panel\" style=\"width: 300px; height: 200px; top: 0px; left: 0px; font-size: 13px;\">\n<div class=\"simple-translate-result-wrapper\" style=\"overflow: hidden;\">\n<div class=\"simple-translate-move\"><\/div>\n<div class=\"simple-translate-result-contents\">\n<p class=\"simple-translate-candidate\" dir=\"auto\">\n<\/div>\n<\/div>\n<\/div>\n<\/div>\n<\/div>","protected":false},"excerpt":{"rendered":"<ul>\n<li>Licencia Microsoft Office 2024 Professional Plus para 3 dispositivos<\/li>\n<li>Licencia Microsoft Office 2016 Professional Plus para 3 dispositivos<\/li>\n<li><strong>Con esta licencia, el software puede activarse en 3 dispositivos diferentes, por ejemplo, el PC de casa, el port\u00e1til y el PC del trabajo.<\/strong><\/li>\n<li>Versi\u00f3n para sistemas de 32 y 64 bits, versiones completas e ilimitadas de software <strong>de Microsoft Gold Partner certificado<\/strong><\/li>\n<li><strong>Garant\u00eda de devoluci\u00f3n del dinero de por vida<\/strong><\/li>\n<li>Env\u00edo por correo electr\u00f3nico: clave del producto, instrucciones, enlaces de descarga, factura<\/li>\n<li>Descarga inmediata<\/li>\n<li>Sin l\u00edmite de tiempo, sin suscripci\u00f3n<\/li>\n<li>Asistencia gratuita 24 horas al d\u00eda, 7 d\u00edas a la semana, para problemas de instalaci\u00f3n y activaci\u00f3n<\/li>\n<li>Sin entrega en almacenamiento de datos (USB, CD, etc.)<\/li>\n<li>Activaci\u00f3n en l\u00ednea y por tel\u00e9fono<\/li>\n<li>Idiomas: Ingl\u00e9s, espa\u00f1ol, italiano, alem\u00e1n y franc\u00e9s<\/li>\n<li><strong><span style=\"color: #008000;\"> Este producto es compatible con Microsoft Windows.<\/span><\/strong><\/li>\n<li><strong><span style=\"color: #ff0000;\">NO compatible con Apple macOS\u2122, dispositivos Android y Chromebooks.<\/span><\/strong><\/li>\n<\/ul>","protected":false},"featured_media":115843,"comment_status":"open","ping_status":"closed","template":"","meta":{"_acf_changed":false},"product_brand":[],"product_cat":[53,187,65],"product_tag":[49,51,50],"class_list":{"0":"post-115296","1":"product","2":"type-product","3":"status-publish","4":"has-post-thumbnail","6":"product_cat-combos","7":"product_cat-187","8":"product_cat-popular","9":"product_tag-excellence","10":"product_tag-ms-office","11":"product_tag-security","13":"first","14":"instock","15":"sale","16":"featured","17":"virtual","18":"taxable","19":"purchasable","20":"product-type-simple"},"acf":[],"_links":{"self":[{"href":"https:\/\/keyshop.windowsandoffice.com\/es\/wp-json\/wp\/v2\/product\/115296","targetHints":{"allow":["GET"]}}],"collection":[{"href":"https:\/\/keyshop.windowsandoffice.com\/es\/wp-json\/wp\/v2\/product"}],"about":[{"href":"https:\/\/keyshop.windowsandoffice.com\/es\/wp-json\/wp\/v2\/types\/product"}],"replies":[{"embeddable":true,"href":"https:\/\/keyshop.windowsandoffice.com\/es\/wp-json\/wp\/v2\/comments?post=115296"}],"wp:featuredmedia":[{"embeddable":true,"href":"https:\/\/keyshop.windowsandoffice.com\/es\/wp-json\/wp\/v2\/media\/115843"}],"wp:attachment":[{"href":"https:\/\/keyshop.windowsandoffice.com\/es\/wp-json\/wp\/v2\/media?parent=115296"}],"wp:term":[{"taxonomy":"product_brand","embeddable":true,"href":"https:\/\/keyshop.windowsandoffice.com\/es\/wp-json\/wp\/v2\/product_brand?post=115296"},{"taxonomy":"product_cat","embeddable":true,"href":"https:\/\/keyshop.windowsandoffice.com\/es\/wp-json\/wp\/v2\/product_cat?post=115296"},{"taxonomy":"product_tag","embeddable":true,"href":"https:\/\/keyshop.windowsandoffice.com\/es\/wp-json\/wp\/v2\/product_tag?post=115296"}],"curies":[{"name":"wp","href":"https:\/\/api.w.org\/{rel}","templated":true}]}}