{"id":114123,"date":"2024-04-30T00:23:00","date_gmt":"2024-04-29T22:23:00","guid":{"rendered":"https:\/\/keyshop.windowsandoffice.com\/?post_type=product&#038;p=114123"},"modified":"2026-01-13T20:20:08","modified_gmt":"2026-01-13T19:20:08","slug":"office-2010-professional-plus","status":"publish","type":"product","link":"https:\/\/keyshop.windowsandoffice.com\/es\/producto\/office-2010-professional-plus\/","title":{"rendered":"Microsoft Office 2010 Professional Plus licencia para 3 PCs"},"content":{"rendered":"<p>Office 2010 Professional marca el comienzo de una nueva era para el est\u00e1ndar de oro mundial de aplicaciones Office de Microsofts. Existen las versiones cl\u00e1sicas de las aplicaciones m\u00e1s conocidas, pero tambi\u00e9n nuevas versiones web de Word, Excel, etc. Sin duda, le permiten ser productivo desde casi cualquier lugar.<\/p>\n<p>Otra novedad es la compatibilidad total con el formato de archivo Open XML, certificado por la ISO. Tiene un men\u00fa estilo cinta. Por lo tanto, su suite Office tendr\u00e1 un aspecto Windows 7 y el Bot\u00f3n Office tambi\u00e9n recibe nuevas funciones.<\/p>\n<p>Microsoft Office 2010 Professional Plus contiene estas aplicaciones:<\/p>\n<ul>\n<li><strong>Word 2010<\/strong> - crear documentos fascinantes<\/li>\n<li><strong>Excel 2010<\/strong> - para an\u00e1lisis importantes<\/li>\n<li><strong>PowerPoint 2010<\/strong> - para presentaciones atractivas<\/li>\n<li><strong>Outlook 2010<\/strong> - gestiona tus correos electr\u00f3nicos, contactos, calendarios y tareas<\/li>\n<li><strong>OneNote 2010<\/strong> - para sus notas<\/li>\n<li><strong>Editorial 2010<\/strong> - crear publicidad profesional<\/li>\n<li><strong>Acceso 2010<\/strong> - para aplicaciones basadas en navegador<\/li>\n<li><strong>Aplicaciones web<\/strong> (Word, Excel, PowerPoint, OneNote)<\/li>\n<li><strong>InfoPath<\/strong> - para dise\u00f1ar, distribuir, cumplimentar y enviar formularios electr\u00f3nicos que contengan datos estructurados.<\/li>\n<li><strong>Comunicador<\/strong> - mantenerse en contacto con clientes y colegas<\/li>\n<li><strong>Espacio de trabajo SharePoint<\/strong> - para colaborar en todo el mundo<\/li>\n<\/ul>\n<p><strong>Requisitos del sistema:<\/strong><\/p>\n<ul>\n<li>Procesador: 500 megahercios (MHz) o superior; 1 gigahercio (GHz) necesario para Outlook con Business Contact Manager<\/li>\n<li>RAM: 512 megabytes (MB) de RAM o superior (Ciertamente es un requisito muy bajo)<\/li>\n<li>Espacio disponible en el disco duro: 3,5 gigabytes (GB)<\/li>\n<li>Para la edici\u00f3n de 32 bits de Office 2010: Windows XP con Service Pack (SP) 3, Windows Server 2003 SP2, MSXML 6.0<\/li>\n<li>Para ediciones de 32 o 64 bits de Office 2010: Windows Vista con SP1, Windows Server 2008, Windows 7, Terminal Server, Windows en Windows (WOW)<\/li>\n<\/ul>\n<p>&nbsp;<\/p>\n<p>&nbsp;<\/p>","protected":false},"excerpt":{"rendered":"<p>Office 2010 marca el comienzo de una nueva era para el est\u00e1ndar de oro mundial de aplicaciones Office de Microsofts. Est\u00e1n las versiones cl\u00e1sicas de los programas m\u00e1s conocidos, pero tambi\u00e9n las nuevas versiones web de Word, Excel, etc. Le permiten ser productivo desde casi cualquier lugar.<\/p>\n<p>Otra novedad es la compatibilidad total con el formato de archivo Open XML certificado por ISO. Un nuevo men\u00fa en forma de cinta aporta el aspecto de Windows 7 a tu suite Office y el Bot\u00f3n Office tambi\u00e9n recibe nuevas funciones.<\/p>\n<p><strong>Nota:<\/strong><\/p>\n<ul>\n<li><strong>Este producto s\u00f3lo es compatible con Windows 10 y 11.<\/strong><\/li>\n<li><strong>Este producto NO es compatible con los sistemas operativos de Apple (MacOS, iPadOS, iOS), Chromebooks<\/strong><\/li>\n<\/ul>","protected":false},"featured_media":115850,"comment_status":"open","ping_status":"closed","template":"","meta":{"_acf_changed":false},"product_brand":[],"product_cat":[40],"product_tag":[51,46],"class_list":{"0":"post-114123","1":"product","2":"type-product","3":"status-publish","4":"has-post-thumbnail","6":"product_cat-msoffice","7":"product_tag-ms-office","8":"product_tag-ms-office-2010","10":"first","11":"instock","12":"sale","13":"virtual","14":"taxable","15":"purchasable","16":"product-type-simple"},"acf":[],"_links":{"self":[{"href":"https:\/\/keyshop.windowsandoffice.com\/es\/wp-json\/wp\/v2\/product\/114123","targetHints":{"allow":["GET"]}}],"collection":[{"href":"https:\/\/keyshop.windowsandoffice.com\/es\/wp-json\/wp\/v2\/product"}],"about":[{"href":"https:\/\/keyshop.windowsandoffice.com\/es\/wp-json\/wp\/v2\/types\/product"}],"replies":[{"embeddable":true,"href":"https:\/\/keyshop.windowsandoffice.com\/es\/wp-json\/wp\/v2\/comments?post=114123"}],"wp:featuredmedia":[{"embeddable":true,"href":"https:\/\/keyshop.windowsandoffice.com\/es\/wp-json\/wp\/v2\/media\/115850"}],"wp:attachment":[{"href":"https:\/\/keyshop.windowsandoffice.com\/es\/wp-json\/wp\/v2\/media?parent=114123"}],"wp:term":[{"taxonomy":"product_brand","embeddable":true,"href":"https:\/\/keyshop.windowsandoffice.com\/es\/wp-json\/wp\/v2\/product_brand?post=114123"},{"taxonomy":"product_cat","embeddable":true,"href":"https:\/\/keyshop.windowsandoffice.com\/es\/wp-json\/wp\/v2\/product_cat?post=114123"},{"taxonomy":"product_tag","embeddable":true,"href":"https:\/\/keyshop.windowsandoffice.com\/es\/wp-json\/wp\/v2\/product_tag?post=114123"}],"curies":[{"name":"wp","href":"https:\/\/api.w.org\/{rel}","templated":true}]}}