{"id":11142,"date":"2022-04-06T21:59:06","date_gmt":"2022-04-06T19:59:06","guid":{"rendered":"https:\/\/keyshop.windowsandoffice.com\/?post_type=product&#038;p=11142"},"modified":"2026-01-13T20:20:01","modified_gmt":"2026-01-13T19:20:01","slug":"microsoft-windows-server-2022-standard","status":"publish","type":"product","link":"https:\/\/keyshop.windowsandoffice.com\/es\/producto\/microsoft-windows-server-2022-standard\/","title":{"rendered":"Servidor Microsoft Windows 2022 Est\u00e1ndar"},"content":{"rendered":"<p>Windows Server 2022 le ayuda a hacer crecer su negocio -y ampliar las operaciones a la nube- desde una posici\u00f3n de fuerza. Maximiza sus inversiones existentes y se basa en las capacidades de seguridad, innovaci\u00f3n de aplicaciones e infraestructura hiperconvergente de Windows Server para ayudarle a trasladar sus inversiones locales a la nube.<\/p>\n<p>Windows Server 2022 est\u00e1 disponible en tres ediciones para distintos entornos:<\/p>\n<ul>\n<li><span style=\"color: #808080;\"><strong>Windows Servidor 2022 Essentials<\/strong> est\u00e1 pensado para peque\u00f1as empresas de hasta 25 usuarios y 50 dispositivos. No se requieren licencias adicionales para acceder al servidor (CAL).<\/span><\/li>\n<li><strong>Windows Servidor 2022 Est\u00e1ndar<\/strong> es perfecto para entornos f\u00edsicos o m\u00ednimamente virtualizados. Este modelo de licencia basado en n\u00facleo requiere licencias para acceder al servidor (CAL)<\/li>\n<li><span style=\"color: #808080;\"><strong>Windows Servidor 2022 Datacenter<\/strong> es ideal para centros de datos altamente virtualizados y entornos de nube. Este modelo de licencia basado en n\u00facleo requiere licencias para acceder al servidor (CAL)<\/span><\/li>\n<\/ul>\n<p>Windows Server 2022 es el sistema operativo que sirve de puente entre los entornos locales y Azure, a\u00f1adiendo capas adicionales de seguridad a la vez que le ayuda a modernizar sus aplicaciones e infraestructura.<\/p>\n<p class=\"c-heading-4\"><strong>Capacidades h\u00edbridas con Azure<\/strong><\/p>\n<div class=\"c-paragraph\">\n<p>Ampl\u00ede su centro de datos a Azure para maximizar sus inversiones y obtener nuevas capacidades h\u00edbridas.<\/p>\n<p class=\"c-heading-4\"><strong>Seguridad multicapa avanzada<\/strong><\/p>\n<div class=\"c-paragraph\">\n<p>Mejore su seguridad protegiendo el centro de datos, empezando por el sistema operativo.<\/p>\n<p class=\"c-heading-4\"><strong>Innovaci\u00f3n m\u00e1s r\u00e1pida para las aplicaciones<\/strong><\/p>\n<div class=\"c-paragraph\">\n<p>Permita la creaci\u00f3n de aplicaciones nativas de la nube y modernice las aplicaciones tradicionales mediante contenedores y microservicios.<\/p>\n<p class=\"c-heading-4\"><strong>Infraestructura hiperconvergente sin precedentes<\/strong><\/p>\n<div class=\"c-paragraph\">\n<p>Evolucione la infraestructura de su centro de datos para lograr una mayor eficacia y seguridad.<\/p>\n<\/div>\n<\/div>\n<\/div>\n<\/div>\n<p><strong>Requisitos del sistema<\/strong><\/p>\n<ul>\n<li>Procesador: procesador de 64 bits a 1,4 GHz con NX \/ DEP<\/li>\n<li>RAM: 512 MB (Server Core y Server Nano), 2 GB (con vista de escritorio)<\/li>\n<li>Tarjeta gr\u00e1fica y monitor: 1024 \u00d7 768 p\u00edxeles<\/li>\n<li>Red: Gigabit Ethernet<\/li>\n<li>Espacio libre en el disco duro: 32 GB de espacio libre en el disco duro<\/li>\n<li>BIOS: Sistema UEFI con Secure Boot (UEFI 2.3.1c) (para determinadas funciones)<\/li>\n<\/ul>","protected":false},"excerpt":{"rendered":"<ul>\n<li>Servidor Microsoft Windows 2022 Est\u00e1ndar<\/li>\n<li>Versiones disponibles para sistemas de 64 bits<\/li>\n<li>Env\u00edo por correo electr\u00f3nico: clave del producto, instrucciones, enlaces de descarga, factura<\/li>\n<li>Descarga inmediata<\/li>\n<li>Sin l\u00edmite de tiempo, sin suscripci\u00f3n<\/li>\n<li>Asistencia gratuita durante la instalaci\u00f3n y la activaci\u00f3n<\/li>\n<li>No disponible en soporte f\u00edsico (USB, CD, etc.)<\/li>\n<li>Activaci\u00f3n en l\u00ednea y por tel\u00e9fono<\/li>\n<\/ul>","protected":false},"featured_media":11143,"comment_status":"open","ping_status":"closed","template":"","meta":{"_acf_changed":false},"product_brand":[],"product_cat":[42,202],"product_tag":[78,77,79],"class_list":{"0":"post-11142","1":"product","2":"type-product","3":"status-publish","4":"has-post-thumbnail","6":"product_cat-windows-server","7":"product_cat-windows-server-2022","8":"product_tag-78","9":"product_tag-server","10":"product_tag-standard","12":"first","13":"instock","14":"sale","15":"featured","16":"virtual","17":"taxable","18":"purchasable","19":"product-type-simple"},"acf":[],"_links":{"self":[{"href":"https:\/\/keyshop.windowsandoffice.com\/es\/wp-json\/wp\/v2\/product\/11142","targetHints":{"allow":["GET"]}}],"collection":[{"href":"https:\/\/keyshop.windowsandoffice.com\/es\/wp-json\/wp\/v2\/product"}],"about":[{"href":"https:\/\/keyshop.windowsandoffice.com\/es\/wp-json\/wp\/v2\/types\/product"}],"replies":[{"embeddable":true,"href":"https:\/\/keyshop.windowsandoffice.com\/es\/wp-json\/wp\/v2\/comments?post=11142"}],"wp:featuredmedia":[{"embeddable":true,"href":"https:\/\/keyshop.windowsandoffice.com\/es\/wp-json\/wp\/v2\/media\/11143"}],"wp:attachment":[{"href":"https:\/\/keyshop.windowsandoffice.com\/es\/wp-json\/wp\/v2\/media?parent=11142"}],"wp:term":[{"taxonomy":"product_brand","embeddable":true,"href":"https:\/\/keyshop.windowsandoffice.com\/es\/wp-json\/wp\/v2\/product_brand?post=11142"},{"taxonomy":"product_cat","embeddable":true,"href":"https:\/\/keyshop.windowsandoffice.com\/es\/wp-json\/wp\/v2\/product_cat?post=11142"},{"taxonomy":"product_tag","embeddable":true,"href":"https:\/\/keyshop.windowsandoffice.com\/es\/wp-json\/wp\/v2\/product_tag?post=11142"}],"curies":[{"name":"wp","href":"https:\/\/api.w.org\/{rel}","templated":true}]}}