{"id":10978,"date":"2022-04-01T16:14:02","date_gmt":"2022-04-01T14:14:02","guid":{"rendered":"https:\/\/keyshop.windowsandoffice.com\/?post_type=product&#038;p=10978"},"modified":"2026-02-12T17:14:33","modified_gmt":"2026-02-12T16:14:33","slug":"win10-oficce2021pp","status":"publish","type":"product","link":"https:\/\/keyshop.windowsandoffice.com\/es\/producto\/win10-oficce2021pp\/","title":{"rendered":"Microsoft Windows 10 Professional + Microsoft Office 2021 Professional Plus licencia para 3 PCs"},"content":{"rendered":"<h1>Windows 10 Pro + Office 2021 Pro<\/h1>\n<h3><strong>Microsoft Windows 10 Profesional<\/strong><\/h3>\n<p>Con Windows 10 Professional, dispondr\u00e1 de un sistema operativo fiable en su dispositivo. Se beneficiar\u00e1 de un arranque m\u00e1s r\u00e1pido del sistema. Adem\u00e1s, cuenta con un men\u00fa de inicio familiar pero mejorado. Es decir, encontrar\u00e1s nuevas formas de completar tareas r\u00e1pidamente. Adem\u00e1s, cuenta con un nuevo navegador. Tambi\u00e9n viene con su asistente digital personal Cortana. Cortana es tu asistente digital personal que te seguir\u00e1 en todos tus dispositivos Windows 10. Este asistente te ayudar\u00e1 a hacer las cosas m\u00e1s f\u00e1cilmente. Cortana aprende m\u00e1s sobre ti con el tiempo y puede ayudarte mejor cada d\u00eda. Windows 10 Professional te ayuda de forma \u00f3ptima en todo lo que haces.<\/p>\n<h4>Caracter\u00edsticas<\/h4>\n<p>Con <em><strong>Windows 10 Profesional<\/strong> <\/em>en el coraz\u00f3n de tu ordenador puedes hacerlo todo. Y mucho m\u00e1s.<\/p>\n<ul>\n<li>Las funciones de seguridad integradas incluyen antivirus, cortafuegos y protecciones de Internet, para que trabajes seguro y protegido.<\/li>\n<li>Elija escanear su cara o huella dactilar con Windows Hello para desbloquear su sistema de forma r\u00e1pida, segura y sin contrase\u00f1a.<\/li>\n<li>Focus Assist te permite bloquear notificaciones, sonidos y alertas. Para que puedas trabajar sin distracciones.<\/li>\n<li>Tu l\u00ednea de tiempo te ofrece una forma r\u00e1pida y sencilla de desplazarte por tus documentos, aplicaciones y sitios web m\u00e1s recientes.<\/li>\n<li><strong>Fotos de Microsoft<\/strong> es una forma sencilla de organizar tus archivos multimedia. Puedes buscar, editar y compartir tus fotos y v\u00eddeos.<\/li>\n<li>Transmite instant\u00e1neamente partidas en directo. Graba la pantalla. Controla los ajustes de audio individuales con la barra Game.<\/li>\n<li>El Escritorio Remoto le permite desbloquear y acceder virtualmente a su propia m\u00e1quina. Es decir, a todos sus archivos, carpetas y aplicaciones. Acceda a ellos desde cualquier dispositivo a trav\u00e9s de Internet.<\/li>\n<li>Windows Information Protection (WIP) ayuda a proteger contra posibles fugas de datos. Asimismo, WIP no interfiere en la experiencia de los empleados.<\/li>\n<li><strong>Cifrado de unidad BitLocker<\/strong> es una funci\u00f3n de protecci\u00f3n de datos que se integra con el sistema operativo y hace frente a las amenazas de robo de datos, as\u00ed como a la exposici\u00f3n de ordenadores perdidos, robados o dados de baja de forma inadecuada.<\/li>\n<li>Herramientas dise\u00f1adas para uso empresarial.<\/li>\n<\/ul>\n<p><em><strong>Aun as\u00ed, te beneficiar\u00e1s de un arranque m\u00e1s r\u00e1pido del sistema. Tiene un men\u00fa de inicio familiar pero mejorado y nuevas formas de hacer las cosas r\u00e1pidamente. Tambi\u00e9n obtendr\u00e1s nuevas funciones como un nuevo navegador. Por lo tanto, conseguir\u00e1s una experiencia web mejorada. Cortana te sigue en todos tus dispositivos Windows 10. Adem\u00e1s, te ayuda a hacer las cosas m\u00e1s f\u00e1ciles. Aprende cada vez m\u00e1s sobre ti con el tiempo y puede ayudarte mejor cada d\u00eda.<\/strong><\/em><\/p>\n<h4><strong>Funciones avanzadas<br \/>\n<\/strong><\/h4>\n<p>Adem\u00e1s, te ayuda de forma \u00f3ptima en todo lo que haces. No pierdas de vista nada con s\u00f3lo acoplar aplicaciones y optimizar el uso compartido de la pantalla para trabajar de forma m\u00e1s productiva. Acople hasta cuatro aplicaciones a la vez y cree escritorios virtuales si necesita m\u00e1s espacio o quiere agrupar contenidos para un proyecto, como aplicaciones de oficina para el trabajo y juegos para el ocio. Las Live Tiles ofrecen flujos actualizados de tus contenidos m\u00e1s importantes en tiempo real.<\/p>\n<p><em>En conclusi\u00f3n <a href=\"https:\/\/keyshop.windowsandoffice.com\/es\/producto\/combo1\/\"><strong>Windows 10<\/strong> <\/a>es compatible con el hardware, el software y los perif\u00e9ricos que ya utilizas. Mant\u00e9n tu sistema actualizado con funciones y seguridad durante toda la vida \u00fatil compatible de tu dispositivo.<\/em><\/p>\n<h1>Microsoft Office 2021 Professional Plus<\/h1>\n<div class=\"dePhmb\">\n<div class=\"eyKpYb\" data-language=\"en\" data-original-language=\"de\" data-result-index=\"0\">\n<div class=\"J0lOec\">\n<p>Los usuarios de Microsoft Office que utilizan toda la gama de aplicaciones en casa o en la oficina est\u00e1n bien asesorados con el Office 2021 Professional Plus Edition. Incluye todos los programas importantes: Word, Excel, Outlook, PowerPoint, Publisher y Access.  OneNote est\u00e1 ahora disponible para su descarga en la Windows Store para que pueda tomar notas r\u00e1pidamente y tenerlas disponibles en todos los dispositivos a trav\u00e9s de la nube. Debido a la amplia gama de programas diferentes, la versi\u00f3n Professional Plus est\u00e1 dirigida principalmente a personas que trabajan en casa, en la oficina dom\u00e9stica o que buscan una soluci\u00f3n potente y fiable en una oficina para organizar documentos, tablas, etc.<\/p>\n<\/div>\n<ul>\n<li style=\"list-style-type: none;\">\n<ul>\n<li class=\"J0lOec\"><span class=\"VIiyi\" lang=\"en\"><span class=\"JLqJ4b ChMk0b\" data-language-for-alternatives=\"en\" data-language-to-translate-into=\"de\" data-phrase-index=\"9\" data-number-of-phrases=\"18\"><strong>Word<\/strong>: Crea documentos de texto de calidad profesional en un abrir y cerrar de ojos.<\/span><\/span><\/li>\n<li class=\"J0lOec\"><span class=\"VIiyi\" lang=\"en\"><span class=\"JLqJ4b ChMk0b\" data-language-for-alternatives=\"en\" data-language-to-translate-into=\"de\" data-phrase-index=\"11\" data-number-of-phrases=\"18\"><strong>Excel<\/strong>: Hoja de c\u00e1lculo inteligente para la gesti\u00f3n de la informaci\u00f3n.<\/span> <\/span><\/li>\n<li class=\"J0lOec\"><span class=\"VIiyi\" lang=\"en\"><span class=\"JLqJ4b ChMk0b\" data-language-for-alternatives=\"en\" data-language-to-translate-into=\"de\" data-phrase-index=\"13\" data-number-of-phrases=\"18\"><strong>PowerPoint<\/strong>: Cree impresionantes presentaciones din\u00e1micas.<\/span> <\/span><\/li>\n<li class=\"J0lOec\"><span class=\"VIiyi\" lang=\"en\"><span class=\"JLqJ4b ChMk0b\" data-language-for-alternatives=\"en\" data-language-to-translate-into=\"de\" data-phrase-index=\"15\" data-number-of-phrases=\"18\"><strong>OneNote<\/strong>: Tu cuaderno digital.<\/span> <\/span><\/li>\n<li class=\"J0lOec\"><span class=\"VIiyi\" lang=\"en\"><span class=\"JLqJ4b ChMk0b\" data-language-for-alternatives=\"en\" data-language-to-translate-into=\"de\" data-phrase-index=\"17\" data-number-of-phrases=\"18\"><strong>Outlook<\/strong>: La comunicaci\u00f3n hecha f\u00e1cil.<\/span><\/span><\/li>\n<li><strong>Publisher<\/strong>Creaci\u00f3n de maquetas para publicaciones profesionales<\/li>\n<li><strong>Access<\/strong>: Programaci\u00f3n de bases de datos para aplicaciones basadas en navegador<\/li>\n<\/ul>\n<\/li>\n<\/ul>\n<p>HINWEIS: Aufgrund einer <a href=\"https:\/\/blogs.microsoft.com\/eupolicy\/2023\/08\/31\/european-competition-teams-office-microsoft-365\/\" target=\"_blank\" rel=\"noopener nofollow\">Estudio de la Comisi\u00f3n Europea<\/a>Microsoft no volver\u00e1 a trabajar en equipo con los productos Office. Puede <a href=\"https:\/\/www.microsoft.com\/en-us\/microsoft-teams\/download-app\" target=\"_blank\" rel=\"noopener nofollow\"> Equipos herunterladen<\/a>Para utilizar un servicio gratuito o de pago por separado, por favor, p\u00f3ngase en contacto con nosotros.<\/p>\n<ul>\n<li><strong>Microsoft Teams<\/strong>: M\u00e1s productividad gracias a la mensajer\u00eda instant\u00e1nea y a las videoconferencias HD (se puede descargar por separado)<\/li>\n<\/ul>\n<\/div>\n<\/div>","protected":false},"excerpt":{"rendered":"<p>Ahorre tiempo y dinero con nuestro combo Microsoft compuesto por las versiones m\u00e1s recientes de Office y Windows. las soluciones de productividad l\u00edderes en el mundo. El paquete contiene los siguientes productos:<\/p>\n<ul>\n<li><strong>Microsoft Windows 10 Profesional\u00a0<\/strong>- el sistema operativo m\u00e1s seguro y fiable con su asistente personal Cortana<\/li>\n<li><strong>Microsoft Office 2021 Professional Plus<\/strong> - el paquete de software Office m\u00e1s completo de la historia<\/li>\n<\/ul>\n<p><span style=\"font-size: 14pt;\"><strong>Nota:<\/strong><\/span><\/p>\n<ul>\n<li><span style=\"font-size: 12pt;\"><strong>Office 2021 s\u00f3lo es compatible con Windows 10 y 11.<\/strong><\/span><\/li>\n<li><span style=\"font-size: 12pt;\"><strong>Office 2021 NO es compatible con los sistemas operativos de Apple (MacOS, iPadOS, iOS), Chromebooks<\/strong><\/span><\/li>\n<\/ul>","protected":false},"featured_media":115835,"comment_status":"open","ping_status":"closed","template":"","meta":{"_acf_changed":false},"product_brand":[],"product_cat":[53,65],"product_tag":[],"class_list":{"0":"post-10978","1":"product","2":"type-product","3":"status-publish","4":"has-post-thumbnail","6":"product_cat-combos","7":"product_cat-popular","9":"first","10":"instock","11":"sale","12":"featured","13":"virtual","14":"taxable","15":"purchasable","16":"product-type-simple"},"acf":[],"_links":{"self":[{"href":"https:\/\/keyshop.windowsandoffice.com\/es\/wp-json\/wp\/v2\/product\/10978","targetHints":{"allow":["GET"]}}],"collection":[{"href":"https:\/\/keyshop.windowsandoffice.com\/es\/wp-json\/wp\/v2\/product"}],"about":[{"href":"https:\/\/keyshop.windowsandoffice.com\/es\/wp-json\/wp\/v2\/types\/product"}],"replies":[{"embeddable":true,"href":"https:\/\/keyshop.windowsandoffice.com\/es\/wp-json\/wp\/v2\/comments?post=10978"}],"wp:featuredmedia":[{"embeddable":true,"href":"https:\/\/keyshop.windowsandoffice.com\/es\/wp-json\/wp\/v2\/media\/115835"}],"wp:attachment":[{"href":"https:\/\/keyshop.windowsandoffice.com\/es\/wp-json\/wp\/v2\/media?parent=10978"}],"wp:term":[{"taxonomy":"product_brand","embeddable":true,"href":"https:\/\/keyshop.windowsandoffice.com\/es\/wp-json\/wp\/v2\/product_brand?post=10978"},{"taxonomy":"product_cat","embeddable":true,"href":"https:\/\/keyshop.windowsandoffice.com\/es\/wp-json\/wp\/v2\/product_cat?post=10978"},{"taxonomy":"product_tag","embeddable":true,"href":"https:\/\/keyshop.windowsandoffice.com\/es\/wp-json\/wp\/v2\/product_tag?post=10978"}],"curies":[{"name":"wp","href":"https:\/\/api.w.org\/{rel}","templated":true}]}}