{"id":5567,"date":"2021-03-03T18:11:02","date_gmt":"2021-03-03T14:11:02","guid":{"rendered":"https:\/\/keyshop.windowsandoffice.com\/?page_id=5567"},"modified":"2026-02-12T02:39:44","modified_gmt":"2026-02-12T01:39:44","slug":"legal-basis","status":"publish","type":"page","link":"https:\/\/keyshop.windowsandoffice.com\/es\/legal-basis\/","title":{"rendered":"Base jur\u00eddica"},"content":{"rendered":"<div data-elementor-type=\"wp-page\" data-elementor-id=\"5567\" class=\"elementor elementor-5567\">\n\t\t\t\t\t\t<section class=\"elementor-section elementor-top-section elementor-element elementor-element-23908d0 elementor-section-boxed elementor-section-height-default elementor-section-height-default\" data-id=\"23908d0\" data-element_type=\"section\" data-e-type=\"section\">\n\t\t\t\t\t\t<div class=\"elementor-container elementor-column-gap-default\">\n\t\t\t\t\t<div class=\"elementor-column elementor-col-100 elementor-top-column elementor-element elementor-element-26ff2aef\" data-id=\"26ff2aef\" data-element_type=\"column\" data-e-type=\"column\">\n\t\t\t<div class=\"elementor-widget-wrap elementor-element-populated\">\n\t\t\t\t\t\t<div class=\"elementor-element elementor-element-3a32b24c elementor-widget elementor-widget-text-editor\" data-id=\"3a32b24c\" data-element_type=\"widget\" data-e-type=\"widget\" data-widget_type=\"text-editor.default\">\n\t\t\t\t<div class=\"elementor-widget-container\">\n\t\t\t\t\t\t\t\t\t\n<h4 class=\"wp-block-heading\">Ley de distribuci\u00f3n<\/h4>\n\n<p>Los fabricantes de software, como Microsoft o Corel, permiten a los socios comerciales certificados (revendedores) vender productos a los consumidores. Se conceden los llamados derechos de revendedor. S\u00f3lo los socios autorizados tienen derecho a vender licencias de software y son miembros obligatorios del programa de socios del fabricante. Los revendedores reciben el derecho no exclusivo de comercializar y distribuir activamente software bajo licencia dentro de la UE \/ AELC. A pesar de esto, los socios de ventas tambi\u00e9n pueden ser activos en otras regiones, esto requiere un acuerdo por escrito.<\/p>\n\n<p>El distribuidor est\u00e1 obligado a ofrecer los productos de software bajo los respectivos nombres de producto del fabricante. Deben observarse o realizarse las indicaciones pertinentes sobre derechos de propiedad y derechos de autor. Todas las marcas y marcas registradas son propiedad de sus respectivos fabricantes. La informaci\u00f3n t\u00e9cnica debe corresponder siempre a la informaci\u00f3n del fabricante. Las im\u00e1genes, iconos y logotipos se utilizan para identificar los art\u00edculos. Los bienes vendidos siguen siendo propiedad del minorista hasta que se haya efectuado el pago completo.<\/p>\n\n<h4 class=\"wp-block-heading\">Ley de licencias<\/h4>\n\n<p>Seg\u00fan la jurisprudencia actual del Tribunal Federal de Justicia (BGH, sentencia de 17 de julio de 2013 - I ZR 129\/08), los comerciantes especializados est\u00e1n obligados a documentar la legalidad y licitud del software ofrecido. Las licencias de software s\u00f3lo pueden ponerse en circulaci\u00f3n con el consentimiento del titular de los derechos. La licencia se concede a cambio de un pago que permite obtener un canon correspondiente al valor econ\u00f3mico del software. El titular de los derechos obliga al distribuidor a vender el software de forma permanente, sin l\u00edmite de tiempo para su uso. Se informa al consumidor de que el software est\u00e1 sujeto a las condiciones de licencia y a los derechos de uso del producto del fabricante del software.<\/p>\n\n<p>El comprador tiene un derecho simple y sin restricciones a utilizar el software. No puede copiarlos ni permitir que otros los utilicen. Los derechos de uso m\u00faltiple requieren un acuerdo aparte.<\/p>\n\t\t\t\t\t\t\t\t<\/div>\n\t\t\t\t<\/div>\n\t\t\t\t\t<\/div>\n\t\t<\/div>\n\t\t\t\t\t<\/div>\n\t\t<\/section>\n\t\t\t\t<\/div>","protected":false},"excerpt":{"rendered":"<p>Ley de distribuci\u00f3n Los fabricantes de software, como Microsoft o Corel, permiten a los socios comerciales certificados (revendedores) vender productos a los consumidores. Los llamados...<\/p>","protected":false},"author":1,"featured_media":0,"parent":0,"menu_order":0,"comment_status":"closed","ping_status":"closed","template":"","meta":{"_acf_changed":false,"footnotes":""},"class_list":["post-5567","page","type-page","status-publish","hentry"],"acf":[],"_links":{"self":[{"href":"https:\/\/keyshop.windowsandoffice.com\/es\/wp-json\/wp\/v2\/pages\/5567","targetHints":{"allow":["GET"]}}],"collection":[{"href":"https:\/\/keyshop.windowsandoffice.com\/es\/wp-json\/wp\/v2\/pages"}],"about":[{"href":"https:\/\/keyshop.windowsandoffice.com\/es\/wp-json\/wp\/v2\/types\/page"}],"author":[{"embeddable":true,"href":"https:\/\/keyshop.windowsandoffice.com\/es\/wp-json\/wp\/v2\/users\/1"}],"replies":[{"embeddable":true,"href":"https:\/\/keyshop.windowsandoffice.com\/es\/wp-json\/wp\/v2\/comments?post=5567"}],"version-history":[{"count":0,"href":"https:\/\/keyshop.windowsandoffice.com\/es\/wp-json\/wp\/v2\/pages\/5567\/revisions"}],"wp:attachment":[{"href":"https:\/\/keyshop.windowsandoffice.com\/es\/wp-json\/wp\/v2\/media?parent=5567"}],"curies":[{"name":"wp","href":"https:\/\/api.w.org\/{rel}","templated":true}]}}