{"id":5565,"date":"2021-03-03T18:07:00","date_gmt":"2021-03-03T14:07:00","guid":{"rendered":"https:\/\/keyshop.windowsandoffice.com\/?page_id=5565"},"modified":"2026-02-12T02:38:08","modified_gmt":"2026-02-12T01:38:08","slug":"services","status":"publish","type":"page","link":"https:\/\/keyshop.windowsandoffice.com\/es\/services\/","title":{"rendered":"Servicios"},"content":{"rendered":"<div data-elementor-type=\"wp-page\" data-elementor-id=\"5565\" class=\"elementor elementor-5565\">\n\t\t\t\t\t\t<section class=\"elementor-section elementor-top-section elementor-element elementor-element-51f5ff0d elementor-section-boxed elementor-section-height-default elementor-section-height-default\" data-id=\"51f5ff0d\" data-element_type=\"section\" data-e-type=\"section\">\n\t\t\t\t\t\t<div class=\"elementor-container elementor-column-gap-default\">\n\t\t\t\t\t<div class=\"elementor-column elementor-col-100 elementor-top-column elementor-element elementor-element-76612f41\" data-id=\"76612f41\" data-element_type=\"column\" data-e-type=\"column\">\n\t\t\t<div class=\"elementor-widget-wrap elementor-element-populated\">\n\t\t\t\t\t\t<div class=\"elementor-element elementor-element-54996eef elementor-widget elementor-widget-text-editor\" data-id=\"54996eef\" data-element_type=\"widget\" data-e-type=\"widget\" data-widget_type=\"text-editor.default\">\n\t\t\t\t<div class=\"elementor-widget-container\">\n\t\t\t\t\t\t\t\t\t\n<h4 class=\"wp-block-heading\">Atenci\u00f3n al cliente<\/h4>\n\n<ul class=\"wp-block-list\">\n<li><strong>Entrega r\u00e1pida 24\/7<\/strong>\n<ul>\n<li>Le enviamos la clave del producto 2 minutos despu\u00e9s de recibir su pago<\/li>\n<li>Recibir\u00e1 por correo un enlace de descarga e instrucciones de instalaci\u00f3n<\/li>\n<li>El software y las instrucciones est\u00e1n disponibles en 5 idiomas (alem\u00e1n, ingl\u00e9s, franc\u00e9s,<br \/>italiano, espa\u00f1ol)<\/li>\n<\/ul>\n<\/li>\n<li><strong>Socios fuertes<\/strong>\n<ul>\n<li>Somos distribuidores oficiales de Corel<\/li>\n<li>Somos Microsoft Gold Partner con MSPN<\/li>\n<li>Somos miembros del programa VeRI<\/li>\n<\/ul>\n<\/li>\n<li><strong>Factura<\/strong>\n<ul>\n<li>En un plazo de 24 horas recibir\u00e1 (si es necesario) una factura con el n\u00famero de identificaci\u00f3n a efectos del IVA y Microsoft Partner<br \/>N\u00famero<\/li>\n<li>Proporcionaremos un certificado de licencia que documente el origen del software<br \/>Seguridad mediante el uso de programas inform\u00e1ticos legales<\/li>\n<li>Software procedente de Alemania con prueba de origen<\/li>\n<li>Recibir\u00e1 una factura y un certificado de transferencia de licencia<\/li>\n<li>Todas las licencias pasar\u00e1n una auditor\u00eda mediante el uso de la tecnolog\u00eda blockchain<\/li>\n<\/ul>\n<\/li>\n<li><strong>Garant\u00eda del producto<\/strong>\n<ul>\n<li>30 d\u00edas de garant\u00eda de devoluci\u00f3n del dinero<\/li>\n<li>Activaci\u00f3n en l\u00ednea garantizada<\/li>\n<li>Garant\u00eda de por vida<\/li>\n<li>Licencias nuevas procedentes de Alemania, no seminuevas<\/li>\n<li>Control de calidad de las claves de producto antes del env\u00edo<\/li>\n<\/ul>\n<\/li>\n<li><strong>Transparencia <\/strong>Cumplimos todos los requisitos legales relativos a nuestros deberes de informaci\u00f3n\n<ul>\n<li>Enlace a la plataforma de la Comisi\u00f3n Europea sobre resoluci\u00f3n de litigios en l\u00ednea<\/li>\n<li>Prohibida la venta de claves de producto sin la licencia correspondiente<\/li>\n<li>Prueba de origen para cada licencia.<\/li>\n<\/ul>\n<\/li>\n<li><strong>Pagos r\u00e1pidos y seguros<\/strong> Puede pagar de forma segura y r\u00e1pida utilizando estos servicios:\n<ul>\n<li>Paypal<\/li>\n<li>Skrill<\/li>\n<li>Transferencia bancaria<\/li>\n<li>Western Union<\/li>\n<\/ul>\n<\/li>\n<li><strong>Descarga de software<\/strong>\n<ul>\n<li>Descarga r\u00e1pida y segura desde nuestro portal de descargas sin necesidad de registrarse<\/li>\n<li>Todos los programas han sido revisados en busca de virus y malware<\/li>\n<li>Nuestro portal de descargas est\u00e1 disponible en cinco idiomas<\/li>\n<\/ul>\n<\/li>\n<li><strong>Nuestro servicio de atenci\u00f3n al cliente: \u00a1para ayudarle!<\/strong>\n<ul>\n<li>Localizable por tel\u00e9fono 4 horas al d\u00eda<\/li>\n<li>Localizable 24\/7 por correo<\/li>\n<li>Atenci\u00f3n al cliente multiling\u00fce (alem\u00e1n, ingl\u00e9s, franc\u00e9s, italiano y espa\u00f1ol)<\/li>\n<\/ul>\n<\/li>\n<\/ul>\n\n<blockquote class=\"wp-block-quote is-layout-flow wp-block-quote-is-layout-flow\">\n<p><strong>Windows &amp; Office no s\u00f3lo vende una llave. Usted recibe un servicio y una asistencia completos con la compra de su producto.<\/strong><\/p>\n<\/blockquote>\n\t\t\t\t\t\t\t\t<\/div>\n\t\t\t\t<\/div>\n\t\t\t\t\t<\/div>\n\t\t<\/div>\n\t\t\t\t\t<\/div>\n\t\t<\/section>\n\t\t\t\t<\/div>","protected":false},"excerpt":{"rendered":"<p>Servicio de atenci\u00f3n al cliente Entrega r\u00e1pida 24\/7 Le enviamos la clave de producto 2 minutos despu\u00e9s de recibir su pago Recibir\u00e1 una descarga...<\/p>","protected":false},"author":1,"featured_media":0,"parent":0,"menu_order":0,"comment_status":"closed","ping_status":"closed","template":"","meta":{"_acf_changed":false,"footnotes":""},"class_list":["post-5565","page","type-page","status-publish","hentry"],"acf":[],"_links":{"self":[{"href":"https:\/\/keyshop.windowsandoffice.com\/es\/wp-json\/wp\/v2\/pages\/5565","targetHints":{"allow":["GET"]}}],"collection":[{"href":"https:\/\/keyshop.windowsandoffice.com\/es\/wp-json\/wp\/v2\/pages"}],"about":[{"href":"https:\/\/keyshop.windowsandoffice.com\/es\/wp-json\/wp\/v2\/types\/page"}],"author":[{"embeddable":true,"href":"https:\/\/keyshop.windowsandoffice.com\/es\/wp-json\/wp\/v2\/users\/1"}],"replies":[{"embeddable":true,"href":"https:\/\/keyshop.windowsandoffice.com\/es\/wp-json\/wp\/v2\/comments?post=5565"}],"version-history":[{"count":0,"href":"https:\/\/keyshop.windowsandoffice.com\/es\/wp-json\/wp\/v2\/pages\/5565\/revisions"}],"wp:attachment":[{"href":"https:\/\/keyshop.windowsandoffice.com\/es\/wp-json\/wp\/v2\/media?parent=5565"}],"curies":[{"name":"wp","href":"https:\/\/api.w.org\/{rel}","templated":true}]}}