{"id":5178,"date":"2021-02-12T21:55:40","date_gmt":"2021-02-12T17:55:40","guid":{"rendered":"https:\/\/keyshop.windowsandoffice.com\/?page_id=5178"},"modified":"2026-02-12T02:40:10","modified_gmt":"2026-02-12T01:40:10","slug":"payment-and-delivery","status":"publish","type":"page","link":"https:\/\/keyshop.windowsandoffice.com\/es\/payment-and-delivery\/","title":{"rendered":"Pago y entrega"},"content":{"rendered":"<div data-elementor-type=\"wp-page\" data-elementor-id=\"5178\" class=\"elementor elementor-5178\">\n\t\t\t\t\t\t<section class=\"elementor-section elementor-top-section elementor-element elementor-element-e1c0b93 elementor-section-boxed elementor-section-height-default elementor-section-height-default\" data-id=\"e1c0b93\" data-element_type=\"section\" data-e-type=\"section\">\n\t\t\t\t\t\t<div class=\"elementor-container elementor-column-gap-default\">\n\t\t\t\t\t<div class=\"elementor-column elementor-col-100 elementor-top-column elementor-element elementor-element-c993a39\" data-id=\"c993a39\" data-element_type=\"column\" data-e-type=\"column\">\n\t\t\t<div class=\"elementor-widget-wrap elementor-element-populated\">\n\t\t\t\t\t\t<div class=\"elementor-element elementor-element-486d14e elementor-widget elementor-widget-text-editor\" data-id=\"486d14e\" data-element_type=\"widget\" data-e-type=\"widget\" data-widget_type=\"text-editor.default\">\n\t\t\t\t<div class=\"elementor-widget-container\">\n\t\t\t\t\t\t\t\t\t<div class=\"entry-content\"><h2>Env\u00edo<\/h2><p>Nuestros productos se env\u00edan por correo electr\u00f3nico. En cuanto hayamos confirmado la recepci\u00f3n de su pago, recibir\u00e1 un correo electr\u00f3nico con toda la informaci\u00f3n necesaria para descargar, instalar y activar.<\/p><p>Para garantizar el env\u00edo de los productos, debe asegurarse de introducir correctamente su direcci\u00f3n de correo electr\u00f3nico al realizar el pedido.<\/p><p>La entrega por correo electr\u00f3nico no conlleva gastos de env\u00edo.<\/p><p>\u00a0<\/p><h2>Formas y condiciones de pago<\/h2><p>Le ofrecemos m\u00faltiples m\u00e9todos de pago a trav\u00e9s de nuestros socios de confianza. Las opciones disponibles dependen de su pa\u00eds de facturaci\u00f3n y aparecer\u00e1n una vez que introduzca su direcci\u00f3n en la p\u00e1gina de pago. Las opciones disponibles pueden incluir: <b>Apple Pay, Google Pay, Amazon Pay, tarjetas de cr\u00e9dito\/d\u00e9bito, Klarna.<\/b><\/p><p><b>\u00a0<\/b><\/p><p><b><\/b>Una vez confirmado el pago, el pedido se enviar\u00e1 inmediatamente.<\/p><\/div>\t\t\t\t\t\t\t\t<\/div>\n\t\t\t\t<\/div>\n\t\t\t\t\t<\/div>\n\t\t<\/div>\n\t\t\t\t\t<\/div>\n\t\t<\/section>\n\t\t\t\t<\/div>","protected":false},"excerpt":{"rendered":"<p>Env\u00edo Nuestros productos se env\u00edan por correo electr\u00f3nico. En cuanto hayamos confirmado la recepci\u00f3n de su pago, recibir\u00e1...<\/p>","protected":false},"author":1,"featured_media":0,"parent":0,"menu_order":0,"comment_status":"closed","ping_status":"closed","template":"","meta":{"_acf_changed":false,"footnotes":""},"class_list":["post-5178","page","type-page","status-publish","hentry"],"acf":[],"_links":{"self":[{"href":"https:\/\/keyshop.windowsandoffice.com\/es\/wp-json\/wp\/v2\/pages\/5178","targetHints":{"allow":["GET"]}}],"collection":[{"href":"https:\/\/keyshop.windowsandoffice.com\/es\/wp-json\/wp\/v2\/pages"}],"about":[{"href":"https:\/\/keyshop.windowsandoffice.com\/es\/wp-json\/wp\/v2\/types\/page"}],"author":[{"embeddable":true,"href":"https:\/\/keyshop.windowsandoffice.com\/es\/wp-json\/wp\/v2\/users\/1"}],"replies":[{"embeddable":true,"href":"https:\/\/keyshop.windowsandoffice.com\/es\/wp-json\/wp\/v2\/comments?post=5178"}],"version-history":[{"count":0,"href":"https:\/\/keyshop.windowsandoffice.com\/es\/wp-json\/wp\/v2\/pages\/5178\/revisions"}],"wp:attachment":[{"href":"https:\/\/keyshop.windowsandoffice.com\/es\/wp-json\/wp\/v2\/media?parent=5178"}],"curies":[{"name":"wp","href":"https:\/\/api.w.org\/{rel}","templated":true}]}}