{"id":9018,"date":"2021-10-26T20:33:26","date_gmt":"2021-10-26T18:33:26","guid":{"rendered":"https:\/\/keyshop.windowsandoffice.com\/?post_type=product&#038;p=9018"},"modified":"2026-04-17T02:42:30","modified_gmt":"2026-04-17T00:42:30","slug":"windows-11-home","status":"publish","type":"product","link":"https:\/\/keyshop.windowsandoffice.com\/de\/produkt\/windows-11-home\/","title":{"rendered":"Microsoft Windows 11 Home"},"content":{"rendered":"<h3>Windows 11 Home<\/h3>\n<h4>Systemanforderungen<\/h4>\n<hr>\n<p>Holen Sie sich das neueste und beste Betriebssystem von Microsoft! Die Home Edition ist perfekt f\u00fcr den gelegentlichen Alltagsgebrauch, Gaming, kreatives Arbeiten usw.<\/p>\n<p class=\"translation-block\"><strong>Dies sind die Grundvoraussetzungen f\u00fcr die Installation von Windows 11 auf einem PC. Wenn Ihr Ger\u00e4t diese Anforderungen nicht erf\u00fcllt, k\u00f6nnen Sie Windows 11 m\u00f6glicherweise nicht auf Ihrem Ger\u00e4t! installieren!<\/strong> Wenn Sie sich nicht sicher sind, ob Ihr PC diese Anforderungen erf\u00fcllt, k\u00f6nnen Sie sich an Ihren den Hersteller Ihres Ger\u00e4ts wenden. Wenn auf Ihrem Ger\u00e4t bereits Windows 10 ausgef\u00fchrt wird, k\u00f6nnen Sie die PC Health Check-App verwenden, um die Kompatibilit\u00e4t zu verifizieren (<a href=\"https:\/\/aka.ms\/GetPCHealthCheckApp\" target=\"_self\"> hier klicken, um direkt von Microsoft herunterzuladen<\/a>).<\/p>\n<ul>\n<li><strong>Prozessor:<\/strong> 1 Gigahertz (GHz) oder schneller mit 2 oder mehr Kernen auf einem kompatiblen 64-Bit-Prozessor oder System-on-a-Chip (SoC)<\/li>\n<li><strong>RAM:<\/strong> 4 Gigabyte (GB)<\/li>\n<li><strong>Lagerung:<\/strong> 64 GB oder ein gr\u00f6\u00dferes Speichermedium Hinweis: Siehe unten unter \u201cWeitere Informationen zum Speicherplatz, um Windows 11 aktuell zu halten\u201d f\u00fcr weitere Details.<\/li>\n<li><strong>Systemfirmware:<\/strong> UEFI, Secure Boot-f\u00e4hig<\/li>\n<li><strong>TPM:<\/strong> Trusted Platform Module (TPM) Version 2.0<\/li>\n<li><strong>Grafikkarte:<\/strong> Kompatibel mit DirectX 12 oder h\u00f6her mit WDDM 2.0-Treiber<\/li>\n<li><strong>Anzeige:<\/strong> Hochaufl\u00f6sender (720p) Bildschirm mit einer Diagonale von mehr als 9 Zoll, 8 Bit pro Farbkanal<\/li>\n<li><strong>Internetverbindung und Microsoft-Konten: <\/strong> Die Windows 11 Home Edition erfordert eine Internetverbindung und ein Microsoft-Konto, um die Einrichtung des Ger\u00e4ts bei der ersten Verwendung abzuschlie\u00dfen. Das Umschalten eines Ger\u00e4ts aus Windows 11 Home in den S-Modus erfordert ebenfalls eine Internetverbindung. F\u00fcr alle Windows 11-Editionen ist ein Internetzugang erforderlich, um Updates durchzuf\u00fchren und einige Funktionen herunterzuladen und zu nutzen. F\u00fcr einige Funktionen ist ein Microsoft-Konto erforderlich.<\/li>\n<\/ul>\n<p>Im Laufe der Zeit kann es zus\u00e4tzliche Anforderungen f\u00fcr Updates sowie Anforderungen f\u00fcr die Aktivierung bestimmter Funktionen innerhalb des Betriebssystems geben.<\/p>\n<h4>Funktionsspezifische Anforderungen f\u00fcr Windows 11<\/h4>\n<hr>\n<p>Einige Funktionen in Windows 11 haben h\u00f6here Anforderungen als die oben im Abschnitt Mindestanforderungen aufgef\u00fchrten. Im Folgenden finden Sie einige zus\u00e4tzliche Details zu den Anforderungen f\u00fcr Schl\u00fcsselfunktionen:<\/p>\n<ul>\n<li><strong>5G-Unterst\u00fctzung<\/strong> erfordert ein 5G-f\u00e4higes Modem.<\/li>\n<li class=\"translation-block\"><strong>Auto HDR<\/strong> erfordert einen HDR-Monitor.<\/li>\n<li class=\"translation-block\"><strong>BitLocker to Go<\/strong> erfordert ein USB-Flash-Laufwerk (verf\u00fcgbar in Windows Pro und h\u00f6heren Editionen).<\/li>\n<li class=\"translation-block\"><strong>Client Hyper-V<\/strong> erfordert einen Prozessor mit Second Level Address Translation (SLAT)-Funktionen (verf\u00fcgbar in Windows Pro und h\u00f6heren Editionen).<\/li>\n<li class=\"translation-block\"><strong>Cortana<\/strong> erfordert ein Mikrofon und einen Lautsprecher und ist derzeit unter Windows\u00a011 f\u00fcr Australien, Brasilien, Kanada, China, Frankreich, Deutschland, Indien, Italien, Japan, Mexiko, Spanien, Gro\u00dfbritannien und die USA verf\u00fcgbar.<\/li>\n<li class=\"translation-block\"><strong>DirectStorage<\/strong> erfordert eine NVMe-SSD zum Speichern und Ausf\u00fchren von Spielen, die den \"Standard NVM Express Controller\"-Treiber und eine DirectX12-GPU mit Shader Model 6.0-Unterst\u00fctzung verwenden.<\/li>\n<li class=\"translation-block\"><strong>DirectX 12 Ultimate<\/strong> ist mit unterst\u00fctzten Spielen und Grafikchips verf\u00fcgbar.<\/li>\n<li class=\"translation-block\"><strong>Anwesenheit<\/strong> erfordert einen Sensor, der die menschliche Entfernung zum Ger\u00e4t oder die Absicht, mit dem Ger\u00e4t zu interagieren, erkennen kann.<\/li>\n<li class=\"translation-block\"><strong>Intelligente Videokonferenzen<\/strong> erfordern eine Videokamera, ein Mikrofon und einen Lautsprecher (Audioausgabe).<\/li>\n<li class=\"translation-block\"><strong>Multiple Voice Assistant (MVA)<\/strong> erfordert ein Mikrofon und einen Lautsprecher.<\/li>\n<li class=\"translation-block\"><strong>Snap<\/strong>-Layouts mit drei Spalten erfordern einen Bildschirm mit einer Breite von 1920 effektiven Pixeln oder mehr.<\/li>\n<li class=\"translation-block\"><strong>Stummschaltung\/Stummschaltung \u00fcber Taskleiste aufheben<\/strong> erfordert eine Videokamera, ein Mikrofon und einen Lautsprecher (Audioausgabe). Die App muss mit der Funktion kompatibel sein, um die globale Stummschaltung\/Stummschaltung zu aktivieren.<\/li>\n<li class=\"translation-block\"><strong>Spatial Sound<\/strong> erfordert unterst\u00fctzende Hardware und Software.<\/li>\n<li class=\"translation-block\"><strong>Teams<\/strong> erfordert eine Videokamera, ein Mikrofon und einen Lautsprecher (Audioausgabe).<\/li>\n<li class=\"translation-block\"><strong>Touch<\/strong> erfordert einen Bildschirm oder Monitor, der Multi-Touch unterst\u00fctzt.<\/li>\n<li><strong>Zwei-Faktor-Authentifizierung<\/strong> erfordert die Verwendung einer PIN, biometrischer Daten (Fingerabdruckleser oder beleuchtete Infrarotkamera) oder eines Telefons mit Wi-Fi- oder Bluetooth-Funktionen.<\/li>\n<li class=\"translation-block\"><strong>Spracheingabe<\/strong> erfordert einen PC mit Mikrofon.<\/li>\n<li class=\"translation-block\"><strong>Wake on Voice<\/strong> erfordert ein modernes Standby-Modell und ein Mikrofon.<\/li>\n<li class=\"translation-block\"><strong>Wifi 6E<\/strong> erfordert neue WLAN-IHV-Hardware und -Treiber sowie einen Wi-Fi 6E-f\u00e4higen AP\/Router.<\/li>\n<li class=\"translation-block\"><strong>Windows Hello<\/strong> erfordert eine Kamera, die f\u00fcr die Nahinfrarot-(IR)-Bildgebung konfiguriert ist, oder einen Fingerabdruckleser f\u00fcr die biometrische Authentifizierung. Ger\u00e4te ohne biometrische Sensoren k\u00f6nnen Windows Hello mit einer PIN oder einem tragbaren Microsoft-kompatiblen Sicherheitsschl\u00fcssel verwenden.<\/li>\n<li class=\"translation-block\"><strong>Windows Projection<\/strong> erfordert einen Anzeigeadapter, der das Windows Display Driver Model (WDDM) 2.0 unterst\u00fctzt, und einen Wi-Fi-Adapter, der Wi-Fi Direct unterst\u00fctzt.<\/li>\n<li class=\"translation-block\"><strong>Xbox (App)<\/strong> erfordert ein Xbox Live-Konto, das nicht in allen Regionen verf\u00fcgbar ist. Aktuelle Informationen zur Verf\u00fcgbarkeit finden Sie unter Xbox Live-L\u00e4nder und -Regionen. F\u00fcr einige Funktionen der Xbox-App ist ein aktives Xbox Game Pass-Abonnement erforderlich. Erfahren Sie mehr \u00fcber den Pass.<\/li>\n<\/ul>","protected":false},"excerpt":{"rendered":"<ul>\n<li>Microsoft Windows 11 Home f\u00fcr 1 PC<\/li>\n<li>Version f\u00fcr 64-Bit-Systeme verf\u00fcgbar<\/li>\n<li>Lieferung per E-Mail: Produktschl\u00fcssel, Anleitung, Download-Links, Rechnung<\/li>\n<li>Sofortdownload!<\/li>\n<li>Keine zeitliche Begrenzung, kein Abo<\/li>\n<li>Kostenloser Support bei der Installation und Aktivierung<\/li>\n<li>Nicht verf\u00fcgbar auf physischen Medien (USB, CD usw.)<\/li>\n<li>Aktivierung online und telefonisch<\/li>\n<\/ul>","protected":false},"featured_media":115833,"comment_status":"open","ping_status":"closed","template":"","meta":{"_acf_changed":false},"product_brand":[],"product_cat":[41,65],"product_tag":[74],"class_list":{"0":"post-9018","1":"product","2":"type-product","3":"status-publish","4":"has-post-thumbnail","6":"product_cat-windows-desktop","7":"product_cat-popular","8":"product_tag-windows-11","10":"first","11":"instock","12":"sale","13":"featured","14":"virtual","15":"taxable","16":"purchasable","17":"product-type-simple"},"acf":[],"_links":{"self":[{"href":"https:\/\/keyshop.windowsandoffice.com\/de\/wp-json\/wp\/v2\/product\/9018","targetHints":{"allow":["GET"]}}],"collection":[{"href":"https:\/\/keyshop.windowsandoffice.com\/de\/wp-json\/wp\/v2\/product"}],"about":[{"href":"https:\/\/keyshop.windowsandoffice.com\/de\/wp-json\/wp\/v2\/types\/product"}],"replies":[{"embeddable":true,"href":"https:\/\/keyshop.windowsandoffice.com\/de\/wp-json\/wp\/v2\/comments?post=9018"}],"wp:featuredmedia":[{"embeddable":true,"href":"https:\/\/keyshop.windowsandoffice.com\/de\/wp-json\/wp\/v2\/media\/115833"}],"wp:attachment":[{"href":"https:\/\/keyshop.windowsandoffice.com\/de\/wp-json\/wp\/v2\/media?parent=9018"}],"wp:term":[{"taxonomy":"product_brand","embeddable":true,"href":"https:\/\/keyshop.windowsandoffice.com\/de\/wp-json\/wp\/v2\/product_brand?post=9018"},{"taxonomy":"product_cat","embeddable":true,"href":"https:\/\/keyshop.windowsandoffice.com\/de\/wp-json\/wp\/v2\/product_cat?post=9018"},{"taxonomy":"product_tag","embeddable":true,"href":"https:\/\/keyshop.windowsandoffice.com\/de\/wp-json\/wp\/v2\/product_tag?post=9018"}],"curies":[{"name":"wp","href":"https:\/\/api.w.org\/{rel}","templated":true}]}}