{"id":8800,"date":"2021-10-18T20:26:07","date_gmt":"2021-10-18T18:26:07","guid":{"rendered":"https:\/\/keyshop.windowsandoffice.com\/?post_type=product&#038;p=8800"},"modified":"2026-02-12T17:24:25","modified_gmt":"2026-02-12T16:24:25","slug":"windows-11-professional-office-2021-standard","status":"publish","type":"product","link":"https:\/\/keyshop.windowsandoffice.com\/de\/produkt\/windows-11-professional-office-2021-standard\/","title":{"rendered":"Microsoft Windows 11 Professional + Microsoft Office 2021 Standard Lizenz f\u00fcr 3 PCs"},"content":{"rendered":"<div id=\"primaryR2\" data-grid=\"container\" data-region-key=\"primaryr2\" data-m=\"{&quot;cN&quot;:&quot;primaryR2 1&quot;,&quot;cT&quot;:&quot;Region_coreui-region&quot;,&quot;id&quot;:&quot;r2a2&quot;,&quot;sN&quot;:2,&quot;aN&quot;:&quot;a2&quot;}\">\n<div id=\"coreui-banner-l03vzh8\" data-m=\"{&quot;cN&quot;:&quot;R2Banner 1&quot;,&quot;cT&quot;:&quot;Module_coreui-banner&quot;,&quot;id&quot;:&quot;m1r2a2&quot;,&quot;sN&quot;:1,&quot;aN&quot;:&quot;r2a2&quot;}\" data-module-id=\"WDG-Windows|primaryR2|coreui-region|coreui-banner-l03vzh8|coreui-banner\">\n<div class=\"m-banner f-align-left\" data-grid=\"col-12\">\n<h2>Windows 11 Professional<\/h2>\n<h2 class=\"c-heading-3\">Systemanforderungen<\/h2>\n<\/div>\n<\/div>\n<div id=\"coreui-divider-f6wmnt9\" data-m=\"{&quot;cN&quot;:&quot;R2Divider 1&quot;,&quot;cT&quot;:&quot;Module_coreui-divider&quot;,&quot;id&quot;:&quot;m2r2a2&quot;,&quot;sN&quot;:2,&quot;aN&quot;:&quot;r2a2&quot;}\" data-module-id=\"WDG-Windows|primaryR2|coreui-region|coreui-divider-f6wmnt9|coreui-divider\">\n<hr class=\"c-divider f-pad-top-3x\" data-grid=\"col-12\" \/>\n<\/div>\n<div id=\"coreui-contentrichblock-o5iouct\" data-m=\"{&quot;cN&quot;:&quot;R2ContentRichBlock 1&quot;,&quot;cT&quot;:&quot;Module_coreui-contentrichblock&quot;,&quot;id&quot;:&quot;m3r2a2&quot;,&quot;sN&quot;:3,&quot;aN&quot;:&quot;r2a2&quot;}\" data-module-id=\"WDG-Windows|primaryR2|coreui-region|coreui-contentrichblock-o5iouct|coreui-contentrichblock\">\n<div class=\"m-rich-content-block context-ucx\" data-grid=\"col-12\">\n<p>Holen Sie sich das neueste und beste Betriebssystem von Microsoft!<\/p>\n<p class=\"translation-block\"><strong>Dies sind die Grundvoraussetzungen f\u00fcr die Installation von Windows 11 auf einem PC. Wenn Ihr Ger\u00e4t diese Anforderungen nicht erf\u00fcllt, k\u00f6nnen Sie Windows 11 m\u00f6glicherweise nicht auf Ihrem Ger\u00e4t! installieren!<\/strong> Wenn Sie sich nicht sicher sind, ob Ihr PC diese Anforderungen erf\u00fcllt, k\u00f6nnen Sie sich an Ihren den Hersteller Ihres Ger\u00e4ts wenden. Wenn auf Ihrem Ger\u00e4t bereits Windows 10 ausgef\u00fchrt wird, k\u00f6nnen Sie die PC Health Check-App verwenden, um die Kompatibilit\u00e4t zu verifizieren (<a href=\"https:\/\/aka.ms\/GetPCHealthCheckApp\" target=\"_self\"> hier klicken, um direkt von Microsoft herunterzuladen<\/a>).<\/p>\n<\/div>\n<\/div>\n<div id=\"coreui-tablev2-62jrfm3\" data-m=\"{&quot;cN&quot;:&quot;R2TableV2 1&quot;,&quot;cT&quot;:&quot;Module_coreui-tablev2&quot;,&quot;id&quot;:&quot;m4r2a2&quot;,&quot;sN&quot;:4,&quot;aN&quot;:&quot;r2a2&quot;}\" data-module-id=\"WDG-Windows|primaryR2|coreui-region|coreui-tablev2-62jrfm3|coreui-tablev2\">\n<div class=\"m-table\">\n<div class=\"c-table\" data-f-loc-ascending=\"Sorted by {0} - ascending\" data-f-loc-descending=\"Sorted by {0} - descending\">\n<table>\n<thead>\n<tr>\n<th scope=\"col\"><\/th>\n<th scope=\"col\"><\/th>\n<\/tr>\n<\/thead>\n<tbody>\n<tr>\n<td class=\"f-divided\"><strong>Prozessor:<\/strong><\/td>\n<td class=\"f-divided\">1 Gigahertz (GHz) oder schneller mit 2 oder mehr Kernen auf einem kompatiblen 64-Bit-Prozessor oder System-on-a-Chip (SoC)<\/td>\n<\/tr>\n<tr>\n<td class=\"f-divided\"><strong>RAM:<\/strong><\/td>\n<td class=\"f-divided\">4 Gigabyte (GB)<\/td>\n<\/tr>\n<tr>\n<td class=\"f-divided\"><strong>Lagerung:<\/strong><\/td>\n<td class=\"f-divided\">64 GB oder gr\u00f6\u00dferes Speicherger\u00e4t<\/p>\n<p>Hinweis: Weitere Informationen finden Sie weiter unten unter \u201eWeitere Informationen zum Speicherplatz, um Windows 11 aktuell zu halten\u201c.<\/td>\n<\/tr>\n<tr>\n<td class=\"f-divided\"><strong>Systemfirmware:<\/strong><\/td>\n<td class=\"f-divided\">UEFI, Secure Boot-f\u00e4hig<\/td>\n<\/tr>\n<tr>\n<td class=\"f-divided\"><strong>TPM:<\/strong><\/td>\n<td class=\"f-divided\">Trusted Platform Module (TPM) Version 2.0<\/td>\n<\/tr>\n<tr>\n<td class=\"f-divided\"><strong>Grafikkarte:<\/strong><\/td>\n<td class=\"f-divided\">Kompatibel mit DirectX 12 oder h\u00f6her mit WDDM 2.0-Treiber<\/td>\n<\/tr>\n<tr>\n<td class=\"f-divided\"><strong>Anzeige:<\/strong><\/td>\n<td class=\"f-divided\">High-Definition-Display (720p) mit einer Diagonale von mehr als 9 Zoll, 8 Bit pro Farbkanal<\/td>\n<\/tr>\n<tr>\n<td class=\"f-divided\"><strong>Internetverbindung und Microsoft-Konten:\u00a0<\/strong><\/td>\n<td class=\"f-divided\">Windows 11 Home Edition erfordert eine Internetverbindung und ein Microsoft-Konto, um die Ger\u00e4teeinrichtung bei der ersten Verwendung abzuschlie\u00dfen.<\/p>\n<p>Das Umschalten eines Ger\u00e4ts aus Windows 11 Home im S-Modus erfordert auch eine Internetverbindung.<\/p>\n<p>F\u00fcr alle Windows 11-Editionen ist ein Internetzugang erforderlich, um Updates durchzuf\u00fchren und einige Funktionen herunterzuladen und zu nutzen. F\u00fcr einige Funktionen ist ein Microsoft-Konto erforderlich.<\/td>\n<\/tr>\n<\/tbody>\n<\/table>\n<\/div>\n<\/div>\n<\/div>\n<div id=\"coreui-contentrichblock-wqm7a2a\" data-m=\"{&quot;cN&quot;:&quot;R2ContentRichBlock 2&quot;,&quot;cT&quot;:&quot;Module_coreui-contentrichblock&quot;,&quot;id&quot;:&quot;m5r2a2&quot;,&quot;sN&quot;:5,&quot;aN&quot;:&quot;r2a2&quot;}\" data-module-id=\"WDG-Windows|primaryR2|coreui-region|coreui-contentrichblock-wqm7a2a|coreui-contentrichblock\">\n<div class=\"m-rich-content-block context-ucx\" data-grid=\"col-12\">\n<p>Im Laufe der Zeit k\u00f6nnen zus\u00e4tzliche Anforderungen f\u00fcr Updates sowie Anforderungen zum Aktivieren bestimmter Funktionen innerhalb des Betriebssystems gelten.<\/p>\n<\/div>\n<\/div>\n<\/div>\n<div id=\"primaryR3\" data-grid=\"container\" data-region-key=\"primaryr3\" data-m=\"{&quot;cN&quot;:&quot;primaryR3 1&quot;,&quot;cT&quot;:&quot;Region_coreui-region&quot;,&quot;id&quot;:&quot;r3a2&quot;,&quot;sN&quot;:3,&quot;aN&quot;:&quot;a2&quot;}\">\n<div id=\"coreui-banner-iods39j\" data-m=\"{&quot;cN&quot;:&quot;R3Banner 1&quot;,&quot;cT&quot;:&quot;Module_coreui-banner&quot;,&quot;id&quot;:&quot;m1r3a2&quot;,&quot;sN&quot;:1,&quot;aN&quot;:&quot;r3a2&quot;}\" data-module-id=\"WDG-Windows|primaryR3|coreui-region|coreui-banner-iods39j|coreui-banner\">\n<div class=\"m-banner f-align-left\" data-grid=\"col-12\">\n<h2 class=\"c-heading-3\">Funktionsspezifische Anforderungen f\u00fcr Windows 11<\/h2>\n<\/div>\n<\/div>\n<div id=\"coreui-divider-xjbne9z\" data-m=\"{&quot;cN&quot;:&quot;R2Divider 1&quot;,&quot;cT&quot;:&quot;Module_coreui-divider&quot;,&quot;id&quot;:&quot;m2r3a2&quot;,&quot;sN&quot;:2,&quot;aN&quot;:&quot;r3a2&quot;}\" data-module-id=\"WDG-Windows|primaryR3|coreui-region|coreui-divider-xjbne9z|coreui-divider\">\n<hr class=\"c-divider f-pad-top-3x\" data-grid=\"col-12\" \/>\n<\/div>\n<div id=\"coreui-contentrichblock-rhi1sei\" data-m=\"{&quot;cN&quot;:&quot;R2ContentRichBlock 1&quot;,&quot;cT&quot;:&quot;Module_coreui-contentrichblock&quot;,&quot;id&quot;:&quot;m3r3a2&quot;,&quot;sN&quot;:3,&quot;aN&quot;:&quot;r3a2&quot;}\" data-module-id=\"WDG-Windows|primaryR3|coreui-region|coreui-contentrichblock-rhi1sei|coreui-contentrichblock\">\n<div class=\"m-rich-content-block context-ucx\" data-grid=\"col-12\">\n<p>Einige Funktionen in Windows 11 haben h\u00f6here Anforderungen als die oben im Abschnitt Mindestanforderungen aufgef\u00fchrten. Im Folgenden finden Sie einige zus\u00e4tzliche Details zu den Anforderungen f\u00fcr Schl\u00fcsselfunktionen:<\/p>\n<div>\n<ul class=\"c-list\">\n<li><strong>5G-Unterst\u00fctzung<\/strong> erfordert ein 5G-f\u00e4higes Modem.<\/li>\n<li class=\"translation-block\"><strong>Auto HDR<\/strong> erfordert einen HDR-Monitor.<\/li>\n<li class=\"translation-block\"><strong>BitLocker to Go<\/strong> erfordert ein USB-Flash-Laufwerk (verf\u00fcgbar in Windows Pro und h\u00f6heren Editionen).<\/li>\n<li class=\"translation-block\"><strong>Client Hyper-V<\/strong> erfordert einen Prozessor mit Second Level Address Translation (SLAT)-Funktionen (verf\u00fcgbar in Windows Pro und h\u00f6heren Editionen).<\/li>\n<li class=\"translation-block\"><strong>Cortana<\/strong> erfordert ein Mikrofon und einen Lautsprecher und ist derzeit unter Windows\u00a011 f\u00fcr Australien, Brasilien, Kanada, China, Frankreich, Deutschland, Indien, Italien, Japan, Mexiko, Spanien, Gro\u00dfbritannien und die USA verf\u00fcgbar.<\/li>\n<li class=\"translation-block\"><strong>DirectStorage<\/strong> erfordert eine NVMe-SSD zum Speichern und Ausf\u00fchren von Spielen, die den \"Standard NVM Express Controller\"-Treiber und eine DirectX12-GPU mit Shader Model 6.0-Unterst\u00fctzung verwenden.<\/li>\n<li class=\"translation-block\"><strong>DirectX 12 Ultimate<\/strong> ist mit unterst\u00fctzten Spielen und Grafikchips verf\u00fcgbar.<\/li>\n<li class=\"translation-block\"><strong>Anwesenheit<\/strong> erfordert einen Sensor, der die menschliche Entfernung zum Ger\u00e4t oder die Absicht, mit dem Ger\u00e4t zu interagieren, erkennen kann.<\/li>\n<li class=\"translation-block\"><strong>Intelligente Videokonferenzen<\/strong> erfordern eine Videokamera, ein Mikrofon und einen Lautsprecher (Audioausgabe).<\/li>\n<li class=\"translation-block\"><strong>Multiple Voice Assistant (MVA)<\/strong> erfordert ein Mikrofon und einen Lautsprecher.<\/li>\n<li class=\"translation-block\"><strong>Snap<\/strong>-Layouts mit drei Spalten erfordern einen Bildschirm mit einer Breite von 1920 effektiven Pixeln oder mehr.<\/li>\n<li class=\"translation-block\"><strong>Stummschaltung\/Stummschaltung \u00fcber Taskleiste aufheben<\/strong> erfordert eine Videokamera, ein Mikrofon und einen Lautsprecher (Audioausgabe). Die App muss mit der Funktion kompatibel sein, um die globale Stummschaltung\/Stummschaltung zu aktivieren.<\/li>\n<li class=\"translation-block\"><strong>Spatial Sound<\/strong> erfordert unterst\u00fctzende Hardware und Software.<\/li>\n<li class=\"translation-block\"><strong>Teams<\/strong> erfordert eine Videokamera, ein Mikrofon und einen Lautsprecher (Audioausgabe).<\/li>\n<li class=\"translation-block\"><strong>Touch<\/strong> erfordert einen Bildschirm oder Monitor, der Multi-Touch unterst\u00fctzt.<\/li>\n<li class=\"translation-block\"><strong>Zwei-Faktor-Authentifizierung<\/strong> erfordert die Verwendung einer PIN, biometrisch (Fingerabdruckleser oder beleuchtete Infrarotkamera) oder eines Telefons mit WLAN- oder Bluetooth-Funktionen.<\/li>\n<li class=\"translation-block\"><strong>Spracheingabe<\/strong> erfordert einen PC mit Mikrofon.<\/li>\n<li class=\"translation-block\"><strong>Wake on Voice<\/strong> erfordert ein modernes Standby-Modell und ein Mikrofon.<\/li>\n<li class=\"translation-block\"><strong>Wifi 6E<\/strong> erfordert neue WLAN-IHV-Hardware und -Treiber sowie einen Wi-Fi 6E-f\u00e4higen AP\/Router.<\/li>\n<li class=\"translation-block\"><strong>Windows Hello<\/strong> erfordert eine Kamera, die f\u00fcr die Nahinfrarot-(IR)-Bildgebung konfiguriert ist, oder einen Fingerabdruckleser f\u00fcr die biometrische Authentifizierung. Ger\u00e4te ohne biometrische Sensoren k\u00f6nnen Windows Hello mit einer PIN oder einem tragbaren Microsoft-kompatiblen Sicherheitsschl\u00fcssel verwenden.<\/li>\n<li class=\"translation-block\"><strong>Windows Projection<\/strong> erfordert einen Anzeigeadapter, der das Windows Display Driver Model (WDDM) 2.0 unterst\u00fctzt, und einen Wi-Fi-Adapter, der Wi-Fi Direct unterst\u00fctzt.<\/li>\n<li class=\"translation-block\"><strong>Xbox (App)<\/strong> erfordert ein Xbox Live-Konto, das nicht in allen Regionen verf\u00fcgbar ist. Aktuelle Informationen zur Verf\u00fcgbarkeit finden Sie unter Xbox Live-L\u00e4nder und -Regionen. F\u00fcr einige Funktionen der Xbox-App ist ein aktives Xbox Game Pass-Abonnement erforderlich. Erfahren Sie mehr \u00fcber den Pass.<\/li>\n<\/ul>\n<\/div>\n<h1>Microsoft Office 2021 Standard<\/h1>\n<div class=\"dePhmb\">\n<div class=\"eyKpYb\" data-language=\"en\" data-original-language=\"de\" data-result-index=\"0\">\n<div class=\"J0lOec\">\n<p>Mit dem Office 2021 Standard sind Microsoft Office-Anwender, die zu Hause oder im Office das volle Anwendungsspektrum nutzen, gut beraten. Alle wichtigen Programme sind enthalten: Word, Excel, Outlook, PowerPoint und Publisher. Damit Sie schnell Notizen machen und \u00fcber die Cloud auf allen Ger\u00e4ten zur Verf\u00fcgung stellen k\u00f6nnen, steht OneNote ab sofort im Windows Store zum Download bereit. Aufgrund der gro\u00dfen Programmvielfalt richtet sich die Standard-Version vor allem an Personen, die zu Hause, im Homeoffice arbeiten oder im Office eine leistungsstarke, zuverl\u00e4ssige L\u00f6sung suchen, um Dokumente, Tabellen etc.<\/p>\n<\/div>\n<ul>\n<li class=\"J0lOec\"><span class=\"VIiyi\" lang=\"en\"><span class=\"JLqJ4b ChMk0b\" data-language-for-alternatives=\"en\" data-language-to-translate-into=\"de\" data-phrase-index=\"9\" data-number-of-phrases=\"18\"><strong>Word<\/strong>: Erstellen Sie im Handumdrehen Textdokumente in professioneller Qualit\u00e4t.<\/span><\/span><\/li>\n<li class=\"J0lOec\"><span class=\"VIiyi\" lang=\"en\"><span class=\"JLqJ4b ChMk0b\" data-language-for-alternatives=\"en\" data-language-to-translate-into=\"de\" data-phrase-index=\"11\" data-number-of-phrases=\"18\"><strong>Excel<\/strong>: Intelligente Tabellenkalkulation f\u00fcr das Informationsmanagement.<\/span> <\/span><\/li>\n<li class=\"J0lOec\"><span class=\"VIiyi\" lang=\"en\"><span class=\"JLqJ4b ChMk0b\" data-language-for-alternatives=\"en\" data-language-to-translate-into=\"de\" data-phrase-index=\"13\" data-number-of-phrases=\"18\"><strong>PowerPoint<\/strong>: Erstellen Sie beeindruckende dynamische Pr\u00e4sentationen.<\/span> <\/span><\/li>\n<li class=\"J0lOec\"><span class=\"VIiyi\" lang=\"en\"><span class=\"JLqJ4b ChMk0b\" data-language-for-alternatives=\"en\" data-language-to-translate-into=\"de\" data-phrase-index=\"15\" data-number-of-phrases=\"18\"><strong>OneNote<\/strong>: Ihr digitales Notizbuch.<\/span> <\/span><\/li>\n<li class=\"J0lOec\"><span class=\"VIiyi\" lang=\"en\"><span class=\"JLqJ4b ChMk0b\" data-language-for-alternatives=\"en\" data-language-to-translate-into=\"de\" data-phrase-index=\"17\" data-number-of-phrases=\"18\"><strong>Outlook<\/strong>: Kommunikation leicht gemacht.<\/span><\/span><\/li>\n<li><strong>Publisher<\/strong>: Layouterstellung f\u00fcr Fachpublikationen<\/li>\n<\/ul>\n<p><strong>Ben\u00f6tigt Windows 10 oder Windows 11!<\/strong><\/p>\n<\/div>\n<\/div>\n<\/div>\n<\/div>\n<\/div>","protected":false},"excerpt":{"rendered":"<ul>\n<li>Microsoft Windows 11 Professional Lizenz f\u00fcr 3 Ger\u00e4te<\/li>\n<li>Microsoft Office 2021 Standardlizenz f\u00fcr 3 Ger\u00e4te<\/li>\n<li><strong>Mit dieser Lizenz kann die Software auf 3 verschiedenen Ger\u00e4ten aktiviert werden, z.B. Heim-PC, Notebook und Arbeits-PC.<\/strong><\/li>\n<li>Version f\u00fcr 32- und 64-Bit-Systeme, unbegrenzte Vollversionen der Software<\/li>\n<li>Lieferung per E-Mail: Produktschl\u00fcssel, Anleitung, Download-Links, Rechnung<\/li>\n<li><strong>30 Tage volle R\u00fcckerstattung - Lebenslange Ersatzgarantie!!!<\/strong><\/li>\n<li>Sofortdownload!<\/li>\n<li>Keine zeitliche Begrenzung, kein Abo<\/li>\n<li>Kostenloser 24\/7-Support bei Problemen mit der Installation und Aktivierung<\/li>\n<li>Keine Lieferung auf Datentr\u00e4ger (USB, CD, etc.)<\/li>\n<li>Aktivierung online und telefonisch<\/li>\n<li>Sprachen: <strong>Englisch<\/strong>, Spanisch, Italienisch, Deutsch, Franz\u00f6sisch<\/li>\n<li><strong><span style=\"color: #008000;\"> Dieses Produkt ist kompatibel mit Microsoft Windows.<\/span><\/strong><\/li>\n<li><strong><span style=\"color: #ff0000;\">NICHT kompatibel mit Apple macOS\u2122, Android-Ger\u00e4ten und Chromebooks.<\/span><\/strong><\/li>\n<li><\/li>\n<\/ul>","protected":false},"featured_media":115832,"comment_status":"open","ping_status":"closed","template":"","meta":{"_acf_changed":false},"product_brand":[],"product_cat":[41,53,65],"product_tag":[74],"class_list":{"0":"post-8800","1":"product","2":"type-product","3":"status-publish","4":"has-post-thumbnail","6":"product_cat-windows-desktop","7":"product_cat-combos","8":"product_cat-popular","9":"product_tag-windows-11","11":"first","12":"instock","13":"sale","14":"featured","15":"virtual","16":"taxable","17":"purchasable","18":"product-type-simple"},"acf":[],"_links":{"self":[{"href":"https:\/\/keyshop.windowsandoffice.com\/de\/wp-json\/wp\/v2\/product\/8800","targetHints":{"allow":["GET"]}}],"collection":[{"href":"https:\/\/keyshop.windowsandoffice.com\/de\/wp-json\/wp\/v2\/product"}],"about":[{"href":"https:\/\/keyshop.windowsandoffice.com\/de\/wp-json\/wp\/v2\/types\/product"}],"replies":[{"embeddable":true,"href":"https:\/\/keyshop.windowsandoffice.com\/de\/wp-json\/wp\/v2\/comments?post=8800"}],"wp:featuredmedia":[{"embeddable":true,"href":"https:\/\/keyshop.windowsandoffice.com\/de\/wp-json\/wp\/v2\/media\/115832"}],"wp:attachment":[{"href":"https:\/\/keyshop.windowsandoffice.com\/de\/wp-json\/wp\/v2\/media?parent=8800"}],"wp:term":[{"taxonomy":"product_brand","embeddable":true,"href":"https:\/\/keyshop.windowsandoffice.com\/de\/wp-json\/wp\/v2\/product_brand?post=8800"},{"taxonomy":"product_cat","embeddable":true,"href":"https:\/\/keyshop.windowsandoffice.com\/de\/wp-json\/wp\/v2\/product_cat?post=8800"},{"taxonomy":"product_tag","embeddable":true,"href":"https:\/\/keyshop.windowsandoffice.com\/de\/wp-json\/wp\/v2\/product_tag?post=8800"}],"curies":[{"name":"wp","href":"https:\/\/api.w.org\/{rel}","templated":true}]}}