{"id":6319,"date":"2021-05-03T17:39:19","date_gmt":"2021-05-03T16:39:19","guid":{"rendered":"https:\/\/keyshop.windowsandoffice.com\/?post_type=product&#038;p=6319"},"modified":"2026-01-13T20:50:09","modified_gmt":"2026-01-13T19:50:09","slug":"microsoft-office-2016-standard","status":"publish","type":"product","link":"https:\/\/keyshop.windowsandoffice.com\/de\/produkt\/microsoft-office-2016-standard\/","title":{"rendered":"Microsoft Office 2016 Standard-Lizenz f\u00fcr 3 PCs"},"content":{"rendered":"<p style=\"color: red;\">HINWEIS: Microsoft Office 2016 STANDARD ist nur in deutscher und englischer Sprachversion erh\u00e4ltlich! 32-Bit-Version nur in deutscher Sprache.<\/p>\n<p>Mit den enthaltenen Programmen erf\u00fcllt Microsoft Office 2016 Standard alle Anforderungen, die an eine umfangreiche Officesoftware gestellt werden. Ob Sie nun Serienbriefe erstellen, Gesch\u00e4ftszahlen und Tabellenkalkulationen verwalten, Pr\u00e4sentationen entwerfen, Datenbanken erstellen oder Ihre E-Mails f\u00fcr Ihre gesch\u00e4ftlichen und privaten Projekte organisieren, mit den Office-Anwendungen ist das alles im Handumdrehen erledigt.<\/p>\n<p><strong>Alles was Sie ben\u00f6tigen auf einen Blick:<\/strong><\/p>\n<ul>\n<li><strong>Word 2016 <\/strong>- f\u00fcr die Erstellung und Bearbeitung Ihrer Texte und Dokumente<\/li>\n<li><strong>Excel 2016 <\/strong>- f\u00fcr die Bearbeitung von Datens\u00e4tzen in Tabellenform<\/li>\n<li><strong>PowerPoint 2016 <\/strong>- f\u00fcr die Erstellung mitrei\u00dfender Pr\u00e4sentationen<\/li>\n<li><strong>Ausblick 2016<\/strong>\u00a0- f\u00fcr die Verwaltung von E-Mails, Kontakten, Terminen und Aufgaben<\/li>\n<li><strong>Herausgeber 2016<\/strong>\u00a0- f\u00fcr die einfache Erstellung professionell aussehender Publikationen<\/li>\n<li><strong>OneNote 2016<\/strong>\u00a0- f\u00fcr das Erstellen und Verwalten Ihrer Notizen<\/li>\n<\/ul>\n<p>Sind Sie auf der Suche nach <a href=\"https:\/\/keyshop.windowsandoffice.com\/de\/produkt\/ms-office-2016\/\">Microsoft Office 2016 Professionelle Ausgabe<\/a>?<\/p>\n<p><strong>Systemanforderungen f\u00fcr Microsoft Office 2016 Standard:<br \/>\n<\/strong><\/p>\n<ul>\n<li>1,4 GHz, Doppelkern Prozessor<\/li>\n<li>1 GB (32 Bit), 2 GB (64 Bit) Arbeitsspeicher<\/li>\n<li>3 GB verf\u00fcgbarer Festplattenspeicher<\/li>\n<li>Grafikbeschleunigung setzt eine DirectX 9 kompatible Grafikkarte voraus.<\/li>\n<\/ul>\n<p><strong>Unterst\u00fctzung:<\/strong><\/p>\n<p>Sollten Fragen auftreten, z\u00f6gern Sie nicht uns <a href=\"mailto:keyshop@dl-winandoffice.com\">per E-Mail<\/a>zu kontaktieren. Unser Kundenservice ist rund um die Uhr f\u00fcr Sie erreichbar.<\/p>\n<p>Andererseits garantieren wir die Verf\u00fcgbarkeit aller unser Produkte. Daher werden Sie Ihre Bestellung immer p\u00fcnktlich erhalten.<\/p>\n<p>Unsere Firma hat \u00fcber 10 Jahre Erfahrung in der Branche. Das bedeutet, dass wir einen professionellen Service nach Ihren Vorstellungen anbieten. Also laden wir Sie ein, zu dem gro\u00dfen Kreis zufriedener Kunden zu z\u00e4hlen.<\/p>\n<p>Um unsere aktuellen News zu erhalten<strong>, <a href=\"https:\/\/news.dl-winandoffice.com\/en\/\" target=\"_blank\" rel=\"noopener noreferrer nofollow\">klicken Sie hier.<\/a><\/strong><\/p>","protected":false},"excerpt":{"rendered":"<ul>\n<li>Microsoft Office 2016 Standard f\u00fcr 1 PC<\/li>\n<li>Version f\u00fcr 32- und 64-Bit-Systeme<\/li>\n<li>Lieferung per E-Mail: Produktschl\u00fcssel, Anleitung, Download-Links, Rechnung<\/li>\n<li>Sofortdownload!<\/li>\n<li>Keine zeitliche Begrenzung, kein Abo<\/li>\n<li>Kostenloser Support bei der Installation und Aktivierung<\/li>\n<li>Nicht verf\u00fcgbar auf physischen Medien (USB, CD usw.)<\/li>\n<li>Aktivierung online und telefonisch<br \/>\n<span style=\"font-size: 14pt;\"><strong>Hinweis<\/strong><\/span><\/p>\n<ul>\n<li><span style=\"font-size: 12pt;\"><strong>Office 2016 ist nur mit Windows 10 und 11 kompatibel.<\/strong><\/span><\/li>\n<li><span style=\"font-size: 12pt;\"><strong>Office 2016 ist NICHT kompatibel mit Apple-Betriebssystemen (MacOS, iPadOS, iOS), Chromebooks<\/strong><\/span><\/li>\n<li><strong>nur in deutscher Sprache verf\u00fcgbar<\/strong><\/li>\n<\/ul>\n<\/li>\n<\/ul>","protected":false},"featured_media":115822,"comment_status":"open","ping_status":"closed","template":"","meta":{"_acf_changed":false},"product_brand":[],"product_cat":[40,69,65],"product_tag":[],"class_list":{"0":"post-6319","1":"product","2":"type-product","3":"status-publish","4":"has-post-thumbnail","6":"product_cat-msoffice","7":"product_cat-office-2019","8":"product_cat-popular","10":"first","11":"instock","12":"sale","13":"virtual","14":"taxable","15":"purchasable","16":"product-type-simple"},"acf":[],"_links":{"self":[{"href":"https:\/\/keyshop.windowsandoffice.com\/de\/wp-json\/wp\/v2\/product\/6319","targetHints":{"allow":["GET"]}}],"collection":[{"href":"https:\/\/keyshop.windowsandoffice.com\/de\/wp-json\/wp\/v2\/product"}],"about":[{"href":"https:\/\/keyshop.windowsandoffice.com\/de\/wp-json\/wp\/v2\/types\/product"}],"replies":[{"embeddable":true,"href":"https:\/\/keyshop.windowsandoffice.com\/de\/wp-json\/wp\/v2\/comments?post=6319"}],"wp:featuredmedia":[{"embeddable":true,"href":"https:\/\/keyshop.windowsandoffice.com\/de\/wp-json\/wp\/v2\/media\/115822"}],"wp:attachment":[{"href":"https:\/\/keyshop.windowsandoffice.com\/de\/wp-json\/wp\/v2\/media?parent=6319"}],"wp:term":[{"taxonomy":"product_brand","embeddable":true,"href":"https:\/\/keyshop.windowsandoffice.com\/de\/wp-json\/wp\/v2\/product_brand?post=6319"},{"taxonomy":"product_cat","embeddable":true,"href":"https:\/\/keyshop.windowsandoffice.com\/de\/wp-json\/wp\/v2\/product_cat?post=6319"},{"taxonomy":"product_tag","embeddable":true,"href":"https:\/\/keyshop.windowsandoffice.com\/de\/wp-json\/wp\/v2\/product_tag?post=6319"}],"curies":[{"name":"wp","href":"https:\/\/api.w.org\/{rel}","templated":true}]}}