{"id":6316,"date":"2021-05-03T17:11:42","date_gmt":"2021-05-03T15:11:42","guid":{"rendered":"https:\/\/keyshop.windowsandoffice.com\/?post_type=product&#038;p=6316"},"modified":"2026-01-13T20:50:09","modified_gmt":"2026-01-13T19:50:09","slug":"microsoft-office-2019-standard","status":"publish","type":"product","link":"https:\/\/keyshop.windowsandoffice.com\/de\/produkt\/microsoft-office-2019-standard\/","title":{"rendered":"Microsoft Office 2019 Standard-Lizenz f\u00fcr 3 PCs"},"content":{"rendered":"<p style=\"color: red;\">HINWEIS: Microsoft Office 2019 Standard ist nur in deutscher und englischer Sprachversion erh\u00e4ltlich!<\/p>\n<p>Entscheiden Sie sich noch heute f\u00fcr Office 2019 Standard und damit f\u00fcr eine moderne Office-L\u00f6sung von Microsoft. Die klassische Version der weltbesten Office-Produktivit\u00e4tsanwendungen deckt alle Ihre t\u00e4glichen Anforderungen ab. Sie enth\u00e4lt Webversionen von Word, OneNote, Excel und PowerPoint f\u00fcr einfachen Zugriff von \u00fcberall.<\/p>\n<h4><strong>Alles was Sie ben\u00f6tigen auf einen Blick:<\/strong><\/h4>\n<ul>\n<li><strong>Wort 2019 <\/strong>- f\u00fcr die Erstellung und Bearbeitung Ihrer Texte und Dokumente<\/li>\n<li><strong>Excel 2019 <\/strong>- f\u00fcr die Bearbeitung von Datens\u00e4tzen in Tabellenform<\/li>\n<li><strong>PowerPoint 2019 <\/strong>- f\u00fcr die Erstellung mitrei\u00dfender Pr\u00e4sentationen<\/li>\n<li><strong>Ausblick 2019<\/strong> - f\u00fcr die Verwaltung von E-Mails, Kontakten, Terminen und Aufgaben<\/li>\n<li><strong>Herausgeber 2019<\/strong> - f\u00fcr die einfache Erstellung professionell aussehender Publikationen<\/li>\n<\/ul>\n<p>OneNote ist nicht mehr Teil des Office-Pakets, sondern ist jetzt in das Betriebssystem Windows 10 integriert, das f\u00fcr die Nutzung von Office 2019 erforderlich ist. <strong>\u00c4ltere Windows Versionen werden nicht unterst\u00fctzt.<\/strong><\/p>\n<p>&nbsp;<\/p>\n<h4><strong>Zeit effektiver nutzen durch ein intelligentes Mailprogramm<\/strong><\/h4>\n<p>Der Posteingang f\u00fcllt sich schnell mit unwichtigen Mails und Spam, was Zeit- und Arbeitsverschwendung bedeutet. Microsoft Outlook 2019 enth\u00e4lt jetzt die Funktion \"Unordnung\", mit der das Programm selbst unwichtige E-Mails erkennt und sofort aussortiert. So wird Ihr Posteingang \u00fcbersichtlicher und Sie k\u00f6nnen sich den wirklich wichtigen Aufgaben widmen.<\/p>\n<h4><strong>Verbesserte Sicherheit f\u00fcr Ihr digitales Office<\/strong><\/h4>\n<p>Eine weitere Neuerung ist die verbesserte Sicherheit mit \"Data Loss Prevention\". Innerhalb der Programme l\u00e4sst sich nun leichter kontrollieren, welche Informationen Sie in Dokumente integrieren und weitergeben k\u00f6nnen. Administratoren haben zudem die M\u00f6glichkeit, den Zugriff auf bestimmte Daten zu sperren oder einzuschr\u00e4nken. Dar\u00fcber hinaus erhalten die Nutzer Benachrichtigungen, wenn ein potenzielles Risiko f\u00fcr Datenverluste besteht. Dank Cloud-Diensten wie OneDrive gehen Ihre Daten auch dann nicht verloren, wenn ein Server oder ein Ger\u00e4t ausf\u00e4llt. Sie k\u00f6nnen von jedem Ort der Welt aus problemlos auf Dateien zugreifen und diese bearbeiten.<\/p>\n<h4><strong>Systemanforderungen:<br \/>\n<\/strong><\/h4>\n<ul>\n<li>1,6 GHz, Doppelkern Prozessor<\/li>\n<li>Betriebssystem Windows 10<\/li>\n<li>2 GB (32bit), 4 GB (64bit) RAM<\/li>\n<li>4 GB verf\u00fcgbarer Festplattenspeicher<\/li>\n<li>Grafikbeschleunigung setzt eine DirectX 10 kompatible Grafikkarte voraus<\/li>\n<\/ul>\n<h4><strong>Unterst\u00fctzung:<\/strong><\/h4>\n<p>Sollten Fragen auftreten, z\u00f6gern Sie nicht uns <a href=\"mailto:keyshop@dl-winandoffice.com\">per E-Mail<\/a>zu kontaktieren. Unser Kundenservice ist rund um die Uhr f\u00fcr Sie erreichbar.<\/p>\n<p>Wir versichern Ihnen die Verf\u00fcgbarkeit aller unserer Produkte. Daher erhalten Sie Ihre Bestellung in Rekordzeit.<\/p>\n<p>Unsere Firma hat \u00fcber 10 Jahre Erfahrung in der Branche. Das bedeutet, dass wir einen professionellen Service nach Ihren Vorstellungen anbieten. Also laden wir Sie ein, zu dem gro\u00dfen Kreis zufriedener Kunden zu z\u00e4hlen.<\/p>\n<p>Wenn Sie unsere Nachrichten sehen m\u00f6chten<strong>, <a href=\"https:\/\/news.dl-winandoffice.com\/en\/\" target=\"_blank\" rel=\"noopener noreferrer nofollow\">klicken Sie hier.<\/a><\/strong><\/p>","protected":false},"excerpt":{"rendered":"<ul>\n<li>Microsoft Windows Office 2019 Standard f\u00fcr PC<\/li>\n<li>Version f\u00fcr 64-Bit-Systeme<\/li>\n<li>Lieferung per E-Mail: Produktschl\u00fcssel, Anleitung, Download-Links, Rechnung<\/li>\n<li>Sofortdownload!<\/li>\n<li>Keine zeitliche Begrenzung, kein Abo<\/li>\n<li>Kostenloser Support bei der Installation und Aktivierung<\/li>\n<li>Nicht verf\u00fcgbar auf physischen Medien (USB, CD usw.)<\/li>\n<li>Aktivierung online und telefonisch<br \/>\n<span style=\"font-size: 14pt;\"><strong>Hinweis<\/strong><\/span><\/p>\n<ul>\n<li><span style=\"font-size: 12pt;\"><strong>Office 2019 Standard ist nur mit Windows 10 und 11 kompatibel.<\/strong><\/span><\/li>\n<li><span style=\"font-size: 12pt;\"><strong>Office 2019 Standard ist NICHT kompatibel mit Apple-Betriebssystemen (MacOS, iPadOS, iOS), Chromebooks<\/strong><\/span><\/li>\n<li><strong>nur in deutscher und englischer Sprachversion verf\u00fcgbar<\/strong><\/li>\n<\/ul>\n<\/li>\n<\/ul>","protected":false},"featured_media":115827,"comment_status":"open","ping_status":"closed","template":"","meta":{"_acf_changed":false},"product_brand":[],"product_cat":[40,69,65],"product_tag":[49,51,50],"class_list":{"0":"post-6316","1":"product","2":"type-product","3":"status-publish","4":"has-post-thumbnail","6":"product_cat-msoffice","7":"product_cat-office-2019","8":"product_cat-popular","9":"product_tag-excellence","10":"product_tag-ms-office","11":"product_tag-security","13":"first","14":"instock","15":"sale","16":"virtual","17":"taxable","18":"purchasable","19":"product-type-simple"},"acf":[],"_links":{"self":[{"href":"https:\/\/keyshop.windowsandoffice.com\/de\/wp-json\/wp\/v2\/product\/6316","targetHints":{"allow":["GET"]}}],"collection":[{"href":"https:\/\/keyshop.windowsandoffice.com\/de\/wp-json\/wp\/v2\/product"}],"about":[{"href":"https:\/\/keyshop.windowsandoffice.com\/de\/wp-json\/wp\/v2\/types\/product"}],"replies":[{"embeddable":true,"href":"https:\/\/keyshop.windowsandoffice.com\/de\/wp-json\/wp\/v2\/comments?post=6316"}],"wp:featuredmedia":[{"embeddable":true,"href":"https:\/\/keyshop.windowsandoffice.com\/de\/wp-json\/wp\/v2\/media\/115827"}],"wp:attachment":[{"href":"https:\/\/keyshop.windowsandoffice.com\/de\/wp-json\/wp\/v2\/media?parent=6316"}],"wp:term":[{"taxonomy":"product_brand","embeddable":true,"href":"https:\/\/keyshop.windowsandoffice.com\/de\/wp-json\/wp\/v2\/product_brand?post=6316"},{"taxonomy":"product_cat","embeddable":true,"href":"https:\/\/keyshop.windowsandoffice.com\/de\/wp-json\/wp\/v2\/product_cat?post=6316"},{"taxonomy":"product_tag","embeddable":true,"href":"https:\/\/keyshop.windowsandoffice.com\/de\/wp-json\/wp\/v2\/product_tag?post=6316"}],"curies":[{"name":"wp","href":"https:\/\/api.w.org\/{rel}","templated":true}]}}