{"id":502,"date":"2020-02-05T02:42:57","date_gmt":"2020-02-04T22:42:57","guid":{"rendered":"http:\/\/keyshop.windowsandoffice.com\/?post_type=product&#038;p=502"},"modified":"2026-04-17T03:22:42","modified_gmt":"2026-04-17T01:22:42","slug":"windows-7-ultimate","status":"publish","type":"product","link":"https:\/\/keyshop.windowsandoffice.com\/de\/produkt\/windows-7-ultimate\/","title":{"rendered":"Microsoft Windows 7 Ultimate Lizenz f\u00fcr 3 PCs"},"content":{"rendered":"<p>Nach Windows Vista ist <strong>Windows 7 Ultimate<\/strong> das neuere Betriebssystem von Microsoft. Dabei wurde das Betriebssystem Windows 7, so wie grunds\u00e4tzlich alle Editionen von Windows, auf professionelle Anwender und den Unternehmensbereich ausgerichtet. Ge\u00e4ndert hat sich daf\u00fcr so einiges: Optimierungen wurden sowohl im optischen Bereich wie der Bedienoberfl\u00e4che, als auch system- und sicherheitstechnisch, wie beispielsweise mit dem \u00fcberarbeiteten Windows-Explorer und dem neuen Sicherheitscenter, getroffen<\/p>\n<p>F\u00fcr Microsoft ist eine benutzerfreundliche Bedienung ein Hauptanliegen und so wurde auch im Betriebssystem Windows 7 die Benutzeroberfl\u00e4che einiger Anwendungen und des Systems selber verbessert. Viele Programme, wie beispielsweise Paint und WordPad, wurden in Microsoft Windows 7 mit einer Ribbon-Oberfl\u00e4che versehen, wie sie es seit Microsoft Office 2007 \u00fcblich ist. Die aus Vista bekannte Sidebar wurde in Windows 7 entfernt. Widgets k\u00f6nnen nun direkt auf dem Desktop beliebig platziert werden. Das Windows 7 Betriebssystem l\u00e4uft insgesamt schneller als seine Vorg\u00e4ngerversion, was auch auf die geringeren Systemanforderungen trotz zahlreicher Optimierungen zur\u00fcckzuf\u00fchren ist. Das Betriebssystem Windows 7 bringt auch das neue DirectX 11 mit sich, welches ebenfalls f\u00fcr die Performancesteigerung im Bereich \"Grafik\" verantwortlich ist. Microsoft Windows 7 unterst\u00fctzt nun ebenfalls alternative Eingabeger\u00e4te wie Tablet-PCs mit diversen Funktionen wie zum Beispiel Multi-Touch.<\/p>\n<h4>M\u00f6gliche Merkmale<\/h4>\n<p>Das Windows 7 Betriebssystem ist nicht nur benutzerfreundlich und leistungsstark: Microsoft hat sich bei seiner neuen Version auch dem Thema Sicherheit mit gleich hoher Priorit\u00e4t gewidmet. So unterst\u00fctzt es nun auch standardm\u00e4\u00dfig biometrische Authentifizierungen mittels Fingerabdr\u00fccken. Im Vergleich zu Windows Vista ist in Microsoft Windows 7 die Benutzerkontensteuerung nun stufenweise einstellbar. Diese arbeitet ab sofort mit einer Whitelist von Systemprogrammen, welche automatisch mit Administrationsrechten versehen werden. Um eventuell kritische Anwendungen im Sicherheitslevel zu erh\u00f6hen, kann eine Blacklist der entsprechenden Programme gef\u00fchrt werden. Diese werden bei der Ausf\u00fchrung gesondert behandelt und rufen davor stets ein Best\u00e4tigungsfenster hervor. Damit Ihr System sicher bleibt, wird es mit Updates von Microsoft in Form von zertifizierten Treibern und Korrekturen immer auf dem aktuellsten Stand gehalten.<\/p>\n<p>Windows 7 Ultimate richtet sich vor allem an Kleinunternehmer, die Ihren PC privat und gesch\u00e4ftlich nutzen, sowie an Privatanwender, die Ihren Rechner sowohl zu Hause als auch im Unternehmensnetzwerk betreiben. Es erm\u00f6glicht auch dem Anwender, jederzeit die Systemsprache zu wechseln. Windows 7 Ultimate, bietet zus\u00e4tzlich unter anderem die Festplattenverschl\u00fcsselung BitLocker und das Starten von virtuellen Festplatten im VHD-Format.<\/p>\n<h4>Systemanforderungen:<\/h4>\n<ul>\n<li>1 Gigahertz (GHz) oder schneller, 32-Bit- (x86) oder 64-Bit- (x64) Prozessor<\/li>\n<li>1 Gigabyte (GB) RAM (32 Bit) oder 2 GB RAM (64 Bit)<\/li>\n<li>16 GB verf\u00fcgbarer Festplattenpeicher<\/li>\n<li>DirectX 9-Grafikkarte mit WDDM 1.0 oder h\u00f6her Treiber<\/li>\n<\/ul>\n<h4>Weitere Voraussetzungen f\u00fcr bestimmte Funktionen:<\/h4>\n<ul>\n<li>Je nach Aufl\u00f6sung k\u00f6nnen f\u00fcr die Videowiedergabe zus\u00e4tzlicher Speicher und eine neuere Grafikhardware erforderlich sein.<\/li>\n<li>F\u00fcr eine optimale Leistung wird bei einigen Spielen und Programmen m\u00f6glicherweise eine Grafikkarte vorausgesetzt, die mit DirectX 10 oder h\u00f6her kompatibel ist.<\/li>\n<li>Windows Touch und Tablet-PCs erfordern bestimmte Hardware.<\/li>\n<li>F\u00fcr Heimnetzgruppen ist ein Netzwerk mit PCs erforderlich, auf denen Windows Windows 7 ausgef\u00fchrt wird.<\/li>\n<li>Zum Erstellen von DVDs\/CDs ist ein kompatibles optisches Laufwerk erforderlich.<\/li>\n<li>BitLocker erfordert Trusted Platform Module (TPM) 1.2.<\/li>\n<li>F\u00fcr BitLocker To Go ist ein USB-Flashlaufwerk erforderlich.<\/li>\n<li>F\u00fcr den Windows XP-Modus sind ein zus\u00e4tzliches 1 GB RAM sowie zus\u00e4tzliche 15 GB verf\u00fcgbarer Speicherplatz auf der Festplatte erforderlich<\/li>\n<\/ul>\n<h4>Unterst\u00fctzung:<\/h4>\n<p>Wenn Sie Fragen haben, z\u00f6gern Sie bitte nicht, uns zu kontaktieren <a href=\"mailto:keyshop@dl-winandoffice.com\">per E-Mail<\/a>zu kontaktieren. Unser Kundenservice ist rund um die Uhr f\u00fcr Sie erreichbar. So erhalten Sie sofortige Unterst\u00fctzung.<\/p>\n<p>Andererseits garantieren wir die Verf\u00fcgbarkeit aller unser Produkte. Daher werden Sie Ihre Bestellung immer p\u00fcnktlich erhalten.<\/p>\n<p>Unsere Firma hat \u00fcber 10 Jahre Erfahrung in der Branche. Das bedeutet, dass wir einen professionellen Service nach Ihren Vorstellungen anbieten. Also laden wir Sie ein, zu dem gro\u00dfen Kreis zufriedener Kunden zu z\u00e4hlen.<\/p>\n<p>Um unsere aktuellen News zu erhalten<strong>, <a href=\"https:\/\/news.dl-winandoffice.com\/en\/\" target=\"_blank\" rel=\"noopener noreferrer nofollow\">klicken Sie hier.<\/a><\/strong><\/p>","protected":false},"excerpt":{"rendered":"<p>Nach Windows Vista ist Windows 7 das neuere Betriebssystem von Microsoft. Dabei wurde das Betriebssystem Windows 7, so wie grunds\u00e4tzlich alle Editionen von Windows, auf professionelle Anwender und den Unternehmensbereich ausgerichtet. Ge\u00e4ndert hat sich daf\u00fcr so einiges: Optimierungen wurden sowohl im optischen Bereich wie der Bedienoberfl\u00e4che, als auch system- und sicherheitstechnisch, wie beispielsweise mit dem \u00fcberarbeiteten Windows-Explorer und dem neuen Sicherheitscenter, getroffen<\/p>","protected":false},"featured_media":733,"comment_status":"open","ping_status":"closed","template":"","meta":{"_acf_changed":false},"product_brand":[],"product_cat":[41],"product_tag":[],"class_list":{"0":"post-502","1":"product","2":"type-product","3":"status-publish","4":"has-post-thumbnail","6":"product_cat-windows-desktop","8":"first","9":"instock","10":"sale","11":"virtual","12":"taxable","13":"purchasable","14":"product-type-simple"},"acf":[],"_links":{"self":[{"href":"https:\/\/keyshop.windowsandoffice.com\/de\/wp-json\/wp\/v2\/product\/502","targetHints":{"allow":["GET"]}}],"collection":[{"href":"https:\/\/keyshop.windowsandoffice.com\/de\/wp-json\/wp\/v2\/product"}],"about":[{"href":"https:\/\/keyshop.windowsandoffice.com\/de\/wp-json\/wp\/v2\/types\/product"}],"replies":[{"embeddable":true,"href":"https:\/\/keyshop.windowsandoffice.com\/de\/wp-json\/wp\/v2\/comments?post=502"}],"wp:featuredmedia":[{"embeddable":true,"href":"https:\/\/keyshop.windowsandoffice.com\/de\/wp-json\/wp\/v2\/media\/733"}],"wp:attachment":[{"href":"https:\/\/keyshop.windowsandoffice.com\/de\/wp-json\/wp\/v2\/media?parent=502"}],"wp:term":[{"taxonomy":"product_brand","embeddable":true,"href":"https:\/\/keyshop.windowsandoffice.com\/de\/wp-json\/wp\/v2\/product_brand?post=502"},{"taxonomy":"product_cat","embeddable":true,"href":"https:\/\/keyshop.windowsandoffice.com\/de\/wp-json\/wp\/v2\/product_cat?post=502"},{"taxonomy":"product_tag","embeddable":true,"href":"https:\/\/keyshop.windowsandoffice.com\/de\/wp-json\/wp\/v2\/product_tag?post=502"}],"curies":[{"name":"wp","href":"https:\/\/api.w.org\/{rel}","templated":true}]}}