{"id":495,"date":"2020-02-05T02:34:43","date_gmt":"2020-02-04T22:34:43","guid":{"rendered":"http:\/\/keyshop.windowsandoffice.com\/?post_type=product&#038;p=495"},"modified":"2026-01-13T20:19:46","modified_gmt":"2026-01-13T19:19:46","slug":"windows-7-professional","status":"publish","type":"product","link":"https:\/\/keyshop.windowsandoffice.com\/de\/produkt\/windows-7-professional\/","title":{"rendered":"Microsoft Windows 7 Professional Lizenz f\u00fcr 3 PCs"},"content":{"rendered":"<p>Windows 7 Professional enth\u00e4lt alle Funktionen von Windows 7 Home und zus\u00e4tzlich weitere Premium-Features sowie alle Funktionen, die Sie in einem professionellen Umfeld ben\u00f6tigen<\/p>\n<p>Stellen Sie problemlos sichere Verbindungen zu Unternehmensnetzwerken her und geben Sie zu Hause Dateien auf verschiedenen Ger\u00e4ten frei, um diese von Computer zu Computer zu tauschen. Zudem k\u00f6nnen Sie Ihre Daten mit Hilfe automatischer Sicherung ohne Probleme in Ihrem Heim- oder Firmennetzwerk wiederherstellen. Durch das neue DirectX 11 wird die Grafikleistung Ihres Systems verbessert. Dieses erm\u00f6glicht Windows 7 Professional auch aufwendige Grafikprozesse problemlos bew\u00e4ltigen zu k\u00f6nnen.<\/p>\n<p>Auffallend positiv ist die Geschwindigkeit des Betriebssystems, das deutlich schneller arbeitet als sein Vorg\u00e4nger Windows Vista.<\/p>\n<p><strong>Systemanforderungen:<\/strong><\/p>\n<ul>\n<li>1 Gigahertz (GHz) oder schneller, 32-Bit- (x86) oder 64-Bit- (x64) Prozessor<\/li>\n<li>1 Gigabyte (GB) RAM (32 Bit) oder 2 GB RAM (64 Bit)<\/li>\n<li>16 GB verf\u00fcgbarer Festplattenpeicher<\/li>\n<li>DirectX 9-Grafikkarte mit WDDM 1.0 oder h\u00f6her Treiber<\/li>\n<\/ul>\n<p><strong>Weitere Voraussetzungen f\u00fcr bestimmte Funktionen:<\/strong><\/p>\n<ul>\n<li>Je nach Aufl\u00f6sung k\u00f6nnen f\u00fcr die Videowiedergabe zus\u00e4tzlicher Speicher und eine neuere Grafikhardware erforderlich sein.<\/li>\n<li>F\u00fcr eine optimale Leistung wird bei einigen Spielen und Programmen m\u00f6glicherweise eine Grafikkarte vorausgesetzt, die mit DirectX 10 oder h\u00f6her kompatibel ist.<\/li>\n<li>F\u00fcr einige Funktionen von Windows Media Center sind m\u00f6glicherweise ein TV-Tuner und zus\u00e4tzliche Hardware erforderlich.<\/li>\n<li>Windows Touch und Tablet-PCs erfordern bestimmte Hardware.<\/li>\n<li>F\u00fcr Heimnetzgruppen ist ein Netzwerk mit PCs erforderlich, auf denen Windows Windows 7 ausgef\u00fchrt wird.<\/li>\n<li>Zum Erstellen von DVDs\/CDs ist ein kompatibles optisches Laufwerk erforderlich.<\/li>\n<li>BitLocker erfordert Trusted Platform Module (TPM) 1.2.<\/li>\n<li>F\u00fcr BitLocker To Go ist ein USB-Flashlaufwerk erforderlich.<\/li>\n<li>F\u00fcr den Windows XP-Modus sind ein zus\u00e4tzliches 1 GB RAM sowie zus\u00e4tzliche 15 GB verf\u00fcgbarer Speicherplatz auf der Festplatte erforderlich<\/li>\n<\/ul>\n<h4><strong>Unterst\u00fctzung:<\/strong><\/h4>\n<p>Sollten Fragen auftreten, z\u00f6gern Sie nicht uns <a href=\"mailto:keyshop@dl-winandoffice.com\">per E-Mail<\/a>zu kontaktieren. Unser Kundenservice ist rund um die Uhr f\u00fcr Sie erreichbar. So erhalten Sie sofortige Unterst\u00fctzung.<\/p>\n<p>Andererseits garantieren wir die Verf\u00fcgbarkeit aller unser Produkte. Daher werden Sie Ihre Bestellung immer p\u00fcnktlich erhalten.<\/p>\n<p>Unsere Firma hat \u00fcber 10 Jahre Erfahrung in der Branche. Das bedeutet, dass wir einen professionellen Service nach Ihren Vorstellungen anbieten. Also laden wir Sie ein, zu dem gro\u00dfen Kreis zufriedener Kunden zu z\u00e4hlen.<\/p>\n<p>Um unsere aktuellen News zu erhalten<strong>, <a href=\"https:\/\/news.dl-winandoffice.com\/en\/\" target=\"_blank\" rel=\"noopener noreferrer nofollow\">klicken Sie hier.<\/a><\/strong><\/p>","protected":false},"excerpt":{"rendered":"<p>Windows 7 Professional enth\u00e4lt alle Funktionen der Windows 7 Home-Version und zus\u00e4tzliche Premium-Features sowie alle Business-Funktionen, die Sie f\u00fcr die Arbeit ben\u00f6tigen. Verbinden Sie sich ganz einfach mit Firmennetzwerken und geben Sie Dateien auf mehreren Computern zu Hause frei. Au\u00dferdem k\u00f6nnen Sie mit der automatischen Datensicherung Ihre Daten problemlos in Ihrem Heim- oder Firmennetzwerk wiederherstellen. Das neue DirectX 11 verbessert auch die Leistung Ihres Systems. Damit erh\u00e4lt Windows 7 Professional die n\u00f6tige Unterst\u00fctzung, um auch komplexe Grafikprozesse problemlos bew\u00e4ltigen zu k\u00f6nnen.<\/p>","protected":false},"featured_media":732,"comment_status":"open","ping_status":"closed","template":"","meta":{"_acf_changed":false},"product_brand":[],"product_cat":[41],"product_tag":[49,44],"class_list":{"0":"post-495","1":"product","2":"type-product","3":"status-publish","4":"has-post-thumbnail","6":"product_cat-windows-desktop","7":"product_tag-excellence","8":"product_tag-windows-10-pro","10":"first","11":"instock","12":"sale","13":"virtual","14":"taxable","15":"purchasable","16":"product-type-simple"},"acf":[],"_links":{"self":[{"href":"https:\/\/keyshop.windowsandoffice.com\/de\/wp-json\/wp\/v2\/product\/495","targetHints":{"allow":["GET"]}}],"collection":[{"href":"https:\/\/keyshop.windowsandoffice.com\/de\/wp-json\/wp\/v2\/product"}],"about":[{"href":"https:\/\/keyshop.windowsandoffice.com\/de\/wp-json\/wp\/v2\/types\/product"}],"replies":[{"embeddable":true,"href":"https:\/\/keyshop.windowsandoffice.com\/de\/wp-json\/wp\/v2\/comments?post=495"}],"wp:featuredmedia":[{"embeddable":true,"href":"https:\/\/keyshop.windowsandoffice.com\/de\/wp-json\/wp\/v2\/media\/732"}],"wp:attachment":[{"href":"https:\/\/keyshop.windowsandoffice.com\/de\/wp-json\/wp\/v2\/media?parent=495"}],"wp:term":[{"taxonomy":"product_brand","embeddable":true,"href":"https:\/\/keyshop.windowsandoffice.com\/de\/wp-json\/wp\/v2\/product_brand?post=495"},{"taxonomy":"product_cat","embeddable":true,"href":"https:\/\/keyshop.windowsandoffice.com\/de\/wp-json\/wp\/v2\/product_cat?post=495"},{"taxonomy":"product_tag","embeddable":true,"href":"https:\/\/keyshop.windowsandoffice.com\/de\/wp-json\/wp\/v2\/product_tag?post=495"}],"curies":[{"name":"wp","href":"https:\/\/api.w.org\/{rel}","templated":true}]}}