{"id":489,"date":"2020-02-05T02:19:41","date_gmt":"2020-02-05T01:19:41","guid":{"rendered":"http:\/\/keyshop.windowsandoffice.com\/?post_type=product&#038;p=489"},"modified":"2026-01-13T20:19:46","modified_gmt":"2026-01-13T19:19:46","slug":"windows-7-home-premium","status":"publish","type":"product","link":"https:\/\/keyshop.windowsandoffice.com\/de\/produkt\/windows-7-home-premium\/","title":{"rendered":"Microsoft Windows 7 Home Premium"},"content":{"rendered":"<p>Windows 7 Home Premium ist die Basis-Version des immer noch beliebtesten Betriebssystem Windows 7. Im Vergleich zum Vorg\u00e4ngersystem Windows Vista bringt das Betriebssystem Windows 7 Home Premium zahlreiche \u00c4nderungen mit sich. Dazu geh\u00f6ren die Verbesserung der Benutzeroberfl\u00e4che, neue Funktionen und Features, eine Performancesteigerung sowie Optimierungen im Sicherheitsbereich. Au\u00dferdem bietet Ihnen das Windows 7 Home Premium Betriebssystem exklusive Inhalte, wie etwa diverse Media-Programme.<\/p>\n<p>Unter Windows 7 ist es nun einfacher, noch mehr Aufgaben direkt auf dem Desktop zu erledigen: Verbesserte Taskleistenvorschau, gr\u00f6\u00dfere Symbole, Anheften und kreative M\u00f6glichkeiten der Personalisierung.<\/p>\n<h4><strong>Systemanforderungen:<\/strong><\/h4>\n<ul>\n<li>1 Gigahertz (GHz) oder schneller, 32-Bit- (x86) oder 64-Bit- (x64) Prozessor<\/li>\n<li>1 Gigabyte (GB) RAM (32 Bit) oder 2 GB RAM (64 Bit)<\/li>\n<li>16 GB verf\u00fcgbarer Festplattenpeicher<\/li>\n<li>DirectX 9-Grafikkarte mit WDDM 1.0 oder h\u00f6her Treiber<\/li>\n<\/ul>\n<h4><strong>Weitere Voraussetzungen f\u00fcr bestimmte Funktionen:<\/strong><\/h4>\n<ul>\n<li>Je nach Aufl\u00f6sung k\u00f6nnen f\u00fcr die Videowiedergabe zus\u00e4tzlicher Speicher und eine neuere Grafikhardware erforderlich sein.<\/li>\n<li>F\u00fcr eine optimale Leistung wird bei einigen Spielen und Programmen m\u00f6glicherweise eine Grafikkarte vorausgesetzt, die mit DirectX 10 oder h\u00f6her kompatibel ist.<\/li>\n<li>F\u00fcr einige Funktionen von Windows Media Center sind m\u00f6glicherweise ein TV-Tuner und zus\u00e4tzliche Hardware erforderlich.<\/li>\n<li>Windows Touch und Tablet-PCs erfordern bestimmte Hardware.<\/li>\n<li>F\u00fcr Heimnetzgruppen ist ein Netzwerk mit PCs erforderlich, auf denen Windows Windows 7 ausgef\u00fchrt wird.<\/li>\n<li>Zum Erstellen von DVDs\/CDs ist ein kompatibles optisches Laufwerk erforderlich.<\/li>\n<li>BitLocker erfordert Trusted Platform Module (TPM) 1.2.<\/li>\n<li>F\u00fcr BitLocker To Go ist ein USB-Flashlaufwerk erforderlich.<\/li>\n<li>F\u00fcr den Windows XP-Modus sind ein zus\u00e4tzliches 1 GB RAM sowie zus\u00e4tzliche 15 GB verf\u00fcgbarer Speicherplatz auf der Festplatte erforderlich<\/li>\n<\/ul>\n<h4><strong>Unterst\u00fctzung:<\/strong><\/h4>\n<p>Sollten Fragen auftreten, z\u00f6gern Sie nicht uns <a href=\"mailto:keyshop@dl-winandoffice.com\">per E-Mail<\/a>zu kontaktieren. Unser Kundenservice ist rund um die Uhr f\u00fcr Sie erreichbar. So erhalten Sie sofortige Unterst\u00fctzung.<\/p>\n<p>Andererseits garantieren wir die Verf\u00fcgbarkeit aller unser Produkte. Daher werden Sie Ihre Bestellung immer p\u00fcnktlich erhalten.<\/p>\n<p>Unsere Firma hat \u00fcber 10 Jahre Erfahrung in der Branche. Das bedeutet, dass wir einen professionellen Service nach Ihren Vorstellungen anbieten. Also laden wir Sie ein, zu dem gro\u00dfen Kreis zufriedener Kunden zu z\u00e4hlen.<\/p>\n<p>Um unsere aktuellen News zu erhalten<strong>, <a href=\"https:\/\/news.dl-winandoffice.com\/en\/\" target=\"_blank\" rel=\"noopener noreferrer nofollow\">klicken Sie hier.<\/a><\/strong><\/p>\n<p>&nbsp;<\/p>","protected":false},"excerpt":{"rendered":"<p>Windows 7 Home Premium ist die Basis-Version des immer noch beliebtesten Betriebssystem Windows 7. Im Vergleich zum Vorg\u00e4ngersystem Windows Vista bringt das Betriebssystem Windows 7 Home Premium zahlreiche \u00c4nderungen mit sich. Dazu geh\u00f6ren die Verbesserung der Benutzeroberfl\u00e4che, neue Funktionen und Features, eine Performancesteigerung sowie Optimierungen im Sicherheitsbereich. Au\u00dferdem bietet Ihnen das Windows 7 Home Premium Betriebssystem exklusive Inhalte, wie etwa diverse Media-Programme.<\/p>","protected":false},"featured_media":731,"comment_status":"open","ping_status":"closed","template":"","meta":{"_acf_changed":false},"product_brand":[],"product_cat":[41],"product_tag":[],"class_list":{"0":"post-489","1":"product","2":"type-product","3":"status-publish","4":"has-post-thumbnail","6":"product_cat-windows-desktop","8":"first","9":"instock","10":"sale","11":"virtual","12":"taxable","13":"purchasable","14":"product-type-simple"},"acf":[],"_links":{"self":[{"href":"https:\/\/keyshop.windowsandoffice.com\/de\/wp-json\/wp\/v2\/product\/489","targetHints":{"allow":["GET"]}}],"collection":[{"href":"https:\/\/keyshop.windowsandoffice.com\/de\/wp-json\/wp\/v2\/product"}],"about":[{"href":"https:\/\/keyshop.windowsandoffice.com\/de\/wp-json\/wp\/v2\/types\/product"}],"replies":[{"embeddable":true,"href":"https:\/\/keyshop.windowsandoffice.com\/de\/wp-json\/wp\/v2\/comments?post=489"}],"wp:featuredmedia":[{"embeddable":true,"href":"https:\/\/keyshop.windowsandoffice.com\/de\/wp-json\/wp\/v2\/media\/731"}],"wp:attachment":[{"href":"https:\/\/keyshop.windowsandoffice.com\/de\/wp-json\/wp\/v2\/media?parent=489"}],"wp:term":[{"taxonomy":"product_brand","embeddable":true,"href":"https:\/\/keyshop.windowsandoffice.com\/de\/wp-json\/wp\/v2\/product_brand?post=489"},{"taxonomy":"product_cat","embeddable":true,"href":"https:\/\/keyshop.windowsandoffice.com\/de\/wp-json\/wp\/v2\/product_cat?post=489"},{"taxonomy":"product_tag","embeddable":true,"href":"https:\/\/keyshop.windowsandoffice.com\/de\/wp-json\/wp\/v2\/product_tag?post=489"}],"curies":[{"name":"wp","href":"https:\/\/api.w.org\/{rel}","templated":true}]}}