{"id":368,"date":"2020-02-02T19:09:23","date_gmt":"2020-02-02T18:09:23","guid":{"rendered":"http:\/\/keyshop.windowsandoffice.com\/?post_type=product&#038;p=368"},"modified":"2026-04-17T03:27:20","modified_gmt":"2026-04-17T01:27:20","slug":"ms-office-2013","status":"publish","type":"product","link":"https:\/\/keyshop.windowsandoffice.com\/de\/produkt\/ms-office-2013\/","title":{"rendered":"Microsoft Office 2013 Professional Plus Lizenz f\u00fcr 3 PCs"},"content":{"rendered":"<p>Mit den enthaltenen Programmen erf\u00fcllt Microsoft Office 2013 Professional Plus alle Anforderungen, die an eine umfangreiche B\u00fcrosoftware gestellt werden. Ob Sie nun Serienbriefe erstellen, Gesch\u00e4ftszahlen und Tabellenkalkulationen verwalten, Pr\u00e4sentationen entwerfen, Datenbanken erstellen oder Ihre E-Mails f\u00fcr Ihre gesch\u00e4ftlichen und privaten Projekte organisieren, mit den Office-Anwendungen ist das alles im Handumdrehen erledigt.<\/p>\n<h4>Welche Programme sind in Office 2013 Professional Pus enthalten?<\/h4>\n<ul>\n<li><strong>Word 2013 <\/strong>- f\u00fcr die Erstellung und Bearbeitung Ihrer Texte und Dokumente<\/li>\n<li><strong>Excel 2013 <\/strong>- f\u00fcr die Verarbeitung von Datens\u00e4tzen in tabellarischer Form<\/li>\n<li><strong>PowerPoint 2013 <\/strong>- f\u00fcr die Erstellung von inspirierenden Pr\u00e4sentationen<\/li>\n<li><strong>Ausblick 2013<\/strong> - zur Verwaltung Ihrer E-Mails, Kontakte, Termine und Aufgaben<\/li>\n<li><strong>OneNote 2013<\/strong> - zum Erstellen und Verwalten Ihrer Notizen<\/li>\n<li><strong>Herausgeber 2013<\/strong> - zur einfachen Erstellung professionell aussehender Publikationen<\/li>\n<li><strong>Zugang 2013<\/strong> - f\u00fcr die Erstellung von Datenbanken mit Internetzugang<\/li>\n<\/ul>\n<p>Microsoft macht in Office 2013 ausgiebig Gebrauch von der Cloud. Die Suite erm\u00f6glicht es Benutzern, Dokumente direkt in Microsofts Cloud-Dienst SkyDrive zu speichern. Mit dieser Funktion kann sich ein Benutzer an einem Computer anmelden, auf dem die Office-Software nicht installiert ist, und die Web Office-Komponenten von Microsoft verwenden, um auf ein Dokument zuzugreifen, es zu bearbeiten und zu teilen. Die Version 2013 der Suite ben\u00f6tigt keine zus\u00e4tzlichen Softwarekomponenten, die den Prozess in fr\u00fcheren Versionen umst\u00e4ndlich machten.<\/p>\n<p>Microsoft hat einige willkommene Verbesserungen an den spezifischen Software-Elementen seiner Office-Suite vorgenommen. Zu den Neuerungen in Word 2013 geh\u00f6rt die M\u00f6glichkeit, PDF-Dokumente direkt aus Word heraus zu \u00f6ffnen und zu bearbeiten, was eine echte Zeitersparnis sein kann. Es kann auch aktiv Text um Bilder oder Videobilder herum flie\u00dfen lassen, w\u00e4hrend ein Benutzer tippt. Word kommt auch mit Simple Markup, einer neuen Revisionsoption, die dem Benutzer eine saubere, unkomplizierte Ansicht eines Dokuments bietet, aber dennoch Indikatoren hat, um verfolgte \u00c4nderungen zu notieren.<\/p>\n<h4>Was noch?<\/h4>\n<p>Die Software bietet auch eine Schaltfl\u00e4che zum Beantworten von Kommentaren, so dass die Benutzer \u00c4nderungen diskutieren und Kommentare im Text verfolgen k\u00f6nnen. Die Tabellenkalkulationssoftware Excel 2013 bietet Empfehlungen f\u00fcr die besten Diagrammoptionen. Und PowerPoint 2013 erm\u00f6glicht es einem Benutzer, in einer Pr\u00e4sentation durch die Folien zu navigieren, w\u00e4hrend dem Publikum nur die aktuelle Folie angezeigt wird. Outlook 2013 verf\u00fcgt \u00fcber Inline-Antworten, um die Bearbeitung von E-Mails zu vereinfachen, und erm\u00f6glicht es dem Benutzer au\u00dferdem, mehrere Kontakte und deren Verbindungen in sozialen Netzwerken in einer Ansicht auf \u201cPersonenkarten\u201d zu sehen. OneNote 2013 nutzt die Vorteile der Touchscreen-Funktionen, um die Erstellung von Notizen zu erleichtern.<\/p>\n<h4>Systemanforderungen<\/h4>\n<ul>\n<li>1,4 GHz, Doppelkern Prozessor<\/li>\n<li>Windows 7, Windows 8, Windows 10<\/li>\n<li>1 GB (32 Bit), 2 GB (64 Bit) Arbeitsspeicher<\/li>\n<li>3 GB verf\u00fcgbarer Festplattenspeicher<\/li>\n<li>Grafikbeschleunigung setzt eine DirectX 9 kompatible Grafikkarte voraus.<\/li>\n<\/ul>","protected":false},"excerpt":{"rendered":"<p>Mit den enthaltenen Programmen erf\u00fcllt Microsoft Office 2013 Professional Plus alle Anforderungen, die an eine umfangreiche Officesoftware gestellt werden. Egal ob Sie Serienbriefe erstellen, Gesch\u00e4ftszahlen auswerten, Pr\u00e4sentationen entwerfen, Datenbanken erstellen oder Ihre E-Mails verwalten wollen \u2013 Ihre beruflichen und privaten Projekte erledigen Sie mit den Office Anwendungen im Handumdrehen.<\/p>\n<p><strong>Hinweis<\/strong><\/p>\n<ul>\n<li><strong>Dieses Produkt ist nur mit Windows 10 und 11 kompatibel.<\/strong><\/li>\n<li><strong>Dieses Produkt ist NICHT kompatibel mit Apple-Betriebssystemen (MacOS, iPadOS, iOS), Chromebooks<\/strong><\/li>\n<\/ul>","protected":false},"featured_media":115823,"comment_status":"open","ping_status":"closed","template":"","meta":{"_acf_changed":false},"product_brand":[],"product_cat":[40],"product_tag":[51],"class_list":{"0":"post-368","1":"product","2":"type-product","3":"status-publish","4":"has-post-thumbnail","6":"product_cat-msoffice","7":"product_tag-ms-office","9":"first","10":"instock","11":"sale","12":"virtual","13":"taxable","14":"purchasable","15":"product-type-simple"},"acf":[],"_links":{"self":[{"href":"https:\/\/keyshop.windowsandoffice.com\/de\/wp-json\/wp\/v2\/product\/368","targetHints":{"allow":["GET"]}}],"collection":[{"href":"https:\/\/keyshop.windowsandoffice.com\/de\/wp-json\/wp\/v2\/product"}],"about":[{"href":"https:\/\/keyshop.windowsandoffice.com\/de\/wp-json\/wp\/v2\/types\/product"}],"replies":[{"embeddable":true,"href":"https:\/\/keyshop.windowsandoffice.com\/de\/wp-json\/wp\/v2\/comments?post=368"}],"wp:featuredmedia":[{"embeddable":true,"href":"https:\/\/keyshop.windowsandoffice.com\/de\/wp-json\/wp\/v2\/media\/115823"}],"wp:attachment":[{"href":"https:\/\/keyshop.windowsandoffice.com\/de\/wp-json\/wp\/v2\/media?parent=368"}],"wp:term":[{"taxonomy":"product_brand","embeddable":true,"href":"https:\/\/keyshop.windowsandoffice.com\/de\/wp-json\/wp\/v2\/product_brand?post=368"},{"taxonomy":"product_cat","embeddable":true,"href":"https:\/\/keyshop.windowsandoffice.com\/de\/wp-json\/wp\/v2\/product_cat?post=368"},{"taxonomy":"product_tag","embeddable":true,"href":"https:\/\/keyshop.windowsandoffice.com\/de\/wp-json\/wp\/v2\/product_tag?post=368"}],"curies":[{"name":"wp","href":"https:\/\/api.w.org\/{rel}","templated":true}]}}