{"id":361,"date":"2020-11-02T18:51:23","date_gmt":"2020-11-02T17:51:23","guid":{"rendered":"http:\/\/keyshop.windowsandoffice.com\/?post_type=product&#038;p=361"},"modified":"2026-04-17T03:01:14","modified_gmt":"2026-04-17T01:01:14","slug":"ms-office-2016","status":"publish","type":"product","link":"https:\/\/keyshop.windowsandoffice.com\/de\/produkt\/ms-office-2016\/","title":{"rendered":"Microsoft Office 2016 Professional Plus Lizenz f\u00fcr 3 PCs"},"content":{"rendered":"<p>Mit den enthaltenen Programmen erf\u00fcllt Microsoft Office 2016 Professional Plus alle Anforderungen, die an eine umfangreiche B\u00fcrosoftware gestellt werden. Ob Sie nun Serienbriefe erstellen, Gesch\u00e4ftszahlen und Tabellenkalkulationen verwalten oder Pr\u00e4sentationen entwerfen. Auch das Erstellen von Datenbanken oder das Organisieren Ihrer E-Mails f\u00fcr Ihre gesch\u00e4ftlichen und privaten Projekte ist mit den Office-Anwendungen im Handumdrehen erledigt.<\/p>\n<h4>Welche Programme sind in Office 2016 Professional Plus enthalten?<\/h4>\n<ul>\n<li><strong>Word 2016. <\/strong>F\u00fcr die Erstellung und Bearbeitung Ihrer Texte und Dokumente<\/li>\n<li><strong>Excel 2016.<\/strong> F\u00fcr die Bearbeitung von Datens\u00e4tzen in Tabellenform<\/li>\n<li><strong>PowerPoint 2016.  <\/strong>F\u00fcr die Erstellung mitrei\u00dfender Pr\u00e4sentationen<\/li>\n<li><strong>Ausblick 2016.<\/strong>  F\u00fcr die Verwaltung von E-Mails, Kontakten, Terminen und Aufgaben<\/li>\n<li><strong>OneNote 2016.<\/strong> F\u00fcr das Erstellen und Verwalten Ihrer Notizen<\/li>\n<li><strong>Herausgeber 2016.<\/strong>  F\u00fcr die einfache Erstellung professionell aussehender Publikationen<\/li>\n<li><strong>Zugang 2016.<\/strong>  F\u00fcr Datenbankerstellung mit Internetzugriff<\/li>\n<li><strong>Skype f\u00fcr Unternehmen.  <\/strong>F\u00fcr mehr Produktivit\u00e4t durch Instant Messaging und einfache Kommunikation<\/li>\n<\/ul>\n<h4>Neue Funktionen in Office 2016 Professional Plus<\/h4>\n<ul>\n<li>\u201cInsights\u201d sucht direkt in Ihren Dokumenten. So k\u00f6nnen Sie relevante Informationen im Internet abrufen und in Ihre Dokumente oder Pr\u00e4sentationen integrieren. Ein Link zu Bing erm\u00f6glicht schnelle Suchergebnisse<\/li>\n<li> \u201cTell Me\u201d Suchassistent. Dann werden Sie jedes Programm schneller finden.<\/li>\n<li>Die Autofill-Funktion von Excel erkennt Muster und erg\u00e4nzt Datenreihen automatisch. Zuk\u00fcnftige Trends und Entwicklungen k\u00f6nnen einfach prognostiziert werde<\/li>\n<li>Die in Pulisher eingebaute \"Photo Print\" Option verk\u00fcrzt die Bearbeitungsszeit und stellt eine professionelle Druckausgabe sicher<\/li>\n<li>PowerPoint bietet die M\u00f6glichkeit, Pr\u00e4sentationen \u00fcber das Internet zu teilen. Sie brauchen PowerPoint nicht zu installieren, um sie sehen zu k\u00f6nnen.<\/li>\n<li>Aktivieren Sie die Bildschirmhintergr\u00fcnde \u201cSchwarzes Thema\u201d. Dadurch wird ein augenfreundliches Arbeiten erm\u00f6glicht.<\/li>\n<li>Der Clouddienst OneDrive bietet 5 GB kostenlosen Speicherplatz f\u00fcr einfache und effektive Kollaboration und Teamarbeit<\/li>\n<\/ul>\n<h3>Wichtige Neuerungen in dieser Version von Microsoft Office<\/h3>\n<p>Mit anderen Worten: Die intuitive Benutzeroberfl\u00e4che von Microsoft Office Professional Plus 2016 erm\u00f6glicht eine schnelle Navigation innerhalb der Programme. So erm\u00f6glicht die \u00fcberarbeitete Multifunktionsleiste ein schnelles Auffinden innerhalb der neuen Funktionen. Sollten Sie dennoch einmal nicht weiterkommen, hilft Ihnen der \u201cTell Me\u201d-Suchassistent dabei, die gew\u00fcnschte Funktion zu finden und sie effizient zu nutzen. Sie werden sich schnell an die verschiedenen Programme gew\u00f6hnen und sie optimal f\u00fcr Ihre Arbeit nutzen k\u00f6nnen.<\/p>\n<p>Das in Office Pro Plus 2016 integrierte Skype for Business verbessert die Kommunikation in Ihrem Unternehmen. Bleiben Sie permanent mit Mitarbeitern und Kollegen in Kontakt. Dank Office 2016 Professional Plus k\u00f6nnen Sie neue M\u00f6glichkeiten bei IP-Telefonie, Instant Messaging und Videokonferenzen nutzen. Mit nur wenigen Klicks tauschen Sie Informationen aus, beantworten Fragen zu Projekten und halten virtuelle Meetings ab. Dank Datenaustausch via OneDrive sind Sie flexibel wie nie. Das gemeinsame Arbeiten, losgel\u00f6st vom Standort, l\u00e4sst Ihre Projekte stetig voranschreiten. Sorgen Sie mit Microsoft Office Professional Plus 2016 f\u00fcr mehr Produktivit\u00e4t in Ihrem Unternehmen.<br \/>\nSystemanforderungen:<\/p>\n<ul>\n<li>1,4 GHz, Doppelkern Prozessor<\/li>\n<li>Windows 7 SP1, Windows 8, Windows 10<\/li>\n<li>1 GB (32 Bit), 2 GB (64 Bit) Arbeitsspeicher<\/li>\n<li>3 GB verf\u00fcgbarer Festplattenspeicher<\/li>\n<li>Grafikbeschleunigung setzt eine DirectX 9 kompatible Grafikkarte voraus.<\/li>\n<\/ul>","protected":false},"excerpt":{"rendered":"<h3>Office 2016 Professional<\/h3>\n<p>Mit den enthaltenen Programmen erf\u00fcllt Microsoft Office 2016 Professional Plus alle Anforderungen, die an eine umfangreiche B\u00fcrosoftware gestellt werden. Ob Sie nun Serienbriefe erstellen, Gesch\u00e4ftszahlen und Tabellenkalkulationen verwalten, Pr\u00e4sentationen entwerfen, Datenbanken erstellen oder Ihre E-Mails f\u00fcr Ihre gesch\u00e4ftlichen und privaten Projekte organisieren, mit den Office-Anwendungen ist das alles im Handumdrehen erledigt<\/p>\n<p><strong>            Hinweis<\/strong><\/p>\n<ul>\n<li><strong>Office 2016 Professional Plus ist nur mit Windows 10 und 11 kompatibel.<\/strong><\/li>\n<li><strong>Office 2016 Professional Plus ist NICHT kompatibel mit Apple-Betriebssystemen (MacOS, iPadOS, iOS), Chromebooks<\/strong><\/li>\n<\/ul>","protected":false},"featured_media":115828,"comment_status":"open","ping_status":"closed","template":"","meta":{"_acf_changed":false},"product_brand":[],"product_cat":[40,65],"product_tag":[51,47],"class_list":{"0":"post-361","1":"product","2":"type-product","3":"status-publish","4":"has-post-thumbnail","6":"product_cat-msoffice","7":"product_cat-popular","8":"product_tag-ms-office","9":"product_tag-ms-office-2016","11":"first","12":"instock","13":"sale","14":"virtual","15":"taxable","16":"purchasable","17":"product-type-simple"},"acf":[],"_links":{"self":[{"href":"https:\/\/keyshop.windowsandoffice.com\/de\/wp-json\/wp\/v2\/product\/361","targetHints":{"allow":["GET"]}}],"collection":[{"href":"https:\/\/keyshop.windowsandoffice.com\/de\/wp-json\/wp\/v2\/product"}],"about":[{"href":"https:\/\/keyshop.windowsandoffice.com\/de\/wp-json\/wp\/v2\/types\/product"}],"replies":[{"embeddable":true,"href":"https:\/\/keyshop.windowsandoffice.com\/de\/wp-json\/wp\/v2\/comments?post=361"}],"wp:featuredmedia":[{"embeddable":true,"href":"https:\/\/keyshop.windowsandoffice.com\/de\/wp-json\/wp\/v2\/media\/115828"}],"wp:attachment":[{"href":"https:\/\/keyshop.windowsandoffice.com\/de\/wp-json\/wp\/v2\/media?parent=361"}],"wp:term":[{"taxonomy":"product_brand","embeddable":true,"href":"https:\/\/keyshop.windowsandoffice.com\/de\/wp-json\/wp\/v2\/product_brand?post=361"},{"taxonomy":"product_cat","embeddable":true,"href":"https:\/\/keyshop.windowsandoffice.com\/de\/wp-json\/wp\/v2\/product_cat?post=361"},{"taxonomy":"product_tag","embeddable":true,"href":"https:\/\/keyshop.windowsandoffice.com\/de\/wp-json\/wp\/v2\/product_tag?post=361"}],"curies":[{"name":"wp","href":"https:\/\/api.w.org\/{rel}","templated":true}]}}