{"id":336,"date":"2020-11-02T10:33:51","date_gmt":"2020-11-02T08:33:51","guid":{"rendered":"http:\/\/keyshop.windowsandoffice.com\/?post_type=product&#038;p=336"},"modified":"2026-04-17T03:03:42","modified_gmt":"2026-04-17T01:03:42","slug":"office-2019-professional-plus","status":"publish","type":"product","link":"https:\/\/keyshop.windowsandoffice.com\/de\/produkt\/office-2019-professional-plus\/","title":{"rendered":"Microsoft Office 2019 Professional Plus-Lizenz f\u00fcr 3 PCs"},"content":{"rendered":"<h3>Office 2019 Professional Plus<\/h3>\n<p>Entscheiden Sie sich noch heute f\u00fcr Office 2019 Professional Plus und Sie erhalten die modernste Officel\u00f6sung aus dem Hause Microsoft. Neben den bekannten Anwendungen erhalten Sie automatisch Zugriff auf browserbasierte Apps sowie Skype for Business. Durch vereinfachte Kommunikation k\u00f6nnen Sie noch effektiver mit anderen Personen zusammenarbeiten.<\/p>\n<p>In Office 2019 finden Sie neue Arten von Daten. Zum Beispiel Werkzeuge und Funktionen zum Einf\u00e4rben. Andere \u00dcbersetzungs- und Bearbeitungswerkzeuge. Au\u00dferdem Bewegungs-Grafiken. Deshalb hat es benutzerfreundliche Funktionen.<\/p>\n<p>Alle Versionen sind einmalig zu bezahlen. Diese beinhalten eine einmalige Installation auf dem PC. Obwohl Office Professional 2019 nur f\u00fcr Windows verf\u00fcgbar ist.<\/p>\n<p>Um Ihnen eine Vorstellung zu geben: Office 2019 ist ein Produkt, das alle Offline-Funktionen bietet. Das Gleiche bietet nun auch die Office 365-Suite. Allerdings wird es nicht mehr weiter aktualisiert, um neue Funktionen oder neue Features zu implementieren. Sie werden nur noch Sicherheitsupdates erhalten.<\/p>\n<p>Microsofts Philosophie ist es, eine L\u00f6sung f\u00fcr Benutzer anzubieten, die keinen Zugang zur Cloud haben. Das bedeutet aber nicht, dass es den Zugriff auf Zusatzdienste wie OneDrive oder Skype einschr\u00e4nkt.<\/p>\n<p>Zusammenfassend l\u00e4sst sich also sagen, dass Sie beim Kauf von Office 2019 in die Funktionen investieren, die Office 365 derzeit hat. Updates zu dieser Software kommen in der n\u00e4chsten Version, die Sie zum Zeitpunkt der Markteinf\u00fchrung mit einem Sonderrabatt in unserem Shop erwerben k\u00f6nnen.<br \/>\nOffice 2019 ist jedoch ein sehr n\u00fctzliches Tool f\u00fcr alle, die eine vollst\u00e4ndige und aktualisierte Office-Suite haben m\u00f6chten.<\/p>\n<h4>Neue Funktionen in Office 2019 Professional Plus<\/h4>\n<p>Nachfolgend finden Sie die vollst\u00e4ndige Liste der Neuigkeiten f\u00fcr jede Anwendung:<br \/>\nWas ist neu in <a href=\"https:\/\/keyshop.windowsandoffice.com\/de\/produkt\/ms-office-2019\/\">Wort 2019<\/a><\/p>\n<ul>\n<li><strong>Dunkles Design. <\/strong>Microsoft schlie\u00dft sich dem Trend an, eine dunkle Version der Oberfl\u00e4che anzubieten.<\/li>\n<li><strong>Lern-Tools<\/strong>. Verwenden Sie Audiobeschriftungen und Beschreibungen, um die Verwendung einiger Funktionen der App zu vermitteln.<\/li>\n<li><strong>Text-zu-Sprache<\/strong>. Sie k\u00f6nnen Word mit Ihrem Mikrofon diktieren und die Anwendung transkribiert, was Sie sagen.<\/li>\n<li><strong>Verbesserungen im Zeichenmodus Stifte<\/strong>. Wenn Sie einen Touchscreen haben, haben Sie jetzt mehr M\u00f6glichkeiten beim Zeichnen.<\/li>\n<li><strong>Fokus-Modus<\/strong>. Eine neue Art der Textanzeige f\u00fcr ununterbrochenes Lesen.<\/li>\n<li><strong>Verbesserungen der Zug\u00e4nglichkeit.<\/strong><\/li>\n<\/ul>\n<h4>Alles was Sie ben\u00f6tigen auf einen Blick:<\/h4>\n<ul>\n<li><a href=\"https:\/\/keyshop.windowsandoffice.com\/de\/produkt\/ms-office-2019\/\"><strong>Wort 2019<\/strong><\/a>. F\u00fcr die Erstellung und Bearbeitung Ihrer Texte und Dokumente<\/li>\n<li><strong>Excel 2019.<\/strong> F\u00fcr die Bearbeitung von Datens\u00e4tzen in Tabellenform<\/li>\n<li><strong>PowerPoint 2019.<\/strong> F\u00fcr die Erstellung atemberaubender Pr\u00e4sentationen<\/li>\n<li><strong>Ausblick 2019.<\/strong> F\u00fcr die Verwaltung Ihrer E-Mails, Kontakte, Zeitpl\u00e4ne und Aufgaben<\/li>\n<li><strong>Herausgeber 2019.<\/strong> F\u00fcr die einfache Erstellung professionell aussehender Publikationen<\/li>\n<li><strong>Zugang 2019.<\/strong> F\u00fcr die Erstellung von Datenbanken mit Internetzugang.<\/li>\n<li><strong>Lync 2019.<\/strong> (Skype for Business): f\u00fcr mehr Produktivit\u00e4t durch Instant Messaging und einfache Kommunikation sowie Zusammenarbeit mit HD-Videokonferenzen<\/li>\n<li><strong>Web Apps.<\/strong> (Word, Excel, PowerPoint).<\/li>\n<\/ul>\n<p>OneNote ist nicht mehr Bestandteil des Office Pakets, sondern steht als Standardanwendung in Windows 10 zur Verf\u00fcgung, welches Voraussetzung f\u00fcr die Verwendung von Office 2019 ist.<strong> \u00c4ltere Windows Versionen werden nicht unterst\u00fctzt.<\/strong><\/p>\n<h4>Teamwork Office 2019 Professional Plus<\/h4>\n<p>Gemeinsame Arbeit stellt eine wichtige und entscheidende Neuerung des Microsoft Office Pakets dar. Ihre Mitarbeiter k\u00f6nnen gleichzeitig an einer Datei \u00c4nderungen vornehmen oder das Dokument fortf\u00fchren. Diese M\u00f6glichkeit besteht bei allen Komponenten von Microsoft Office, von Word \u00fcber Excel und PowerPoint bis hin zu OneNote. Die Dateien m\u00fcssen lediglich auf OneDrive oder OneDrive for Business bzw. SharePoint Online gespeichert und f\u00fcr die entsprechenden Mitarbeiter freigegeben werden. Die Freigabe erfolgt ganz einfach \u00fcber einen Button im Programm.<\/p>\n<p>Skype for Business ist ein weiteres Tool des Office 2019 Professional Plus-Pakets, das die Zusammenarbeit f\u00f6rdert. Benutzer k\u00f6nnen den Online-Status von Teammitgliedern auf einen Blick sehen und nach Bedarf einen Chat, einen Internetanruf, ein Gruppengespr\u00e4ch oder eine Video\u00fcbertragung starten.<\/p>\n<h4>Zeit effektiver nutzen durch ein intelligentes Mailprogramm<\/h4>\n<p>Schnell ist der Posteingang \u00fcberf\u00fcllt mit unwichtigen Mails und Spam. Dies f\u00fchrt dazu, dass Sie oder Ihre Mitarbeiter nicht effizient arbeiten k\u00f6nnen und Zeit verloren geht. Microsoft Outlook 2019 wurde weiterentwickelt und um die Funktion \u201eClutter\u201c erweitert, so dass das Programm selbst irrelevante E-Mails erkennt und sofort aussortiert. Dadurch ist Ihr Posteingang \u00fcbersichtlicher und Sie k\u00f6nnen sich um die wirklich wichtigen Aufgaben k\u00fcmmern.<\/p>\n<h4>Verbesserte Sicherheit f\u00fcr Ihr digitales Office<\/h4>\n<p>Eine weitere Neuerung ist die verbesserte Sicherheit mit \u201eData Loss Prevention\u201c. \u00dcber die Programme kann einfacher gesteuert werden, welche Informationen in Dokumente integriert und weitergegeben werden. Zudem haben Administratoren die M\u00f6glichkeit, den Zugriff auf bestimmte Daten zu blockieren oder zu beschr\u00e4nken. Dar\u00fcber hinaus werden die Nutzer durch Benachrichtigungen zu potenziellen Risiken f\u00fcr die Gefahr des Datenverlusts sensibilisiert. Durch die Cloud-Services wie OneDrive gehen Ihre Daten auch bei einem Ausfall eines Servers oder eines Ger\u00e4ts nicht verloren. Sie k\u00f6nnen von \u00fcberall auf der Welt problemlos auf die Dateien zugreifen und sie bearbeiten.<\/p>\n<p>Es verbindet sich perfekt mit windows 10 pro oder home. wir garantieren eine vollst\u00e4ndige abrechnung<\/p>\n<h4>Systemanforderungen:<br \/>\n<\/h4>\n<ul>\n<li>Prozessor: 1,6 GHz, 2-Core Prozessor<\/li>\n<li>Windows 10 als Betriebssystem<\/li>\n<li>2 GB (32 Bit), 4 GB (64 Bit) Arbeitsspeicher<\/li>\n<li>4 GB verf\u00fcgbarer Festplattenspeicher<\/li>\n<li>Grafikbeschleunigung setzt eine DirectX 10 kompatible Grafikkarte voraus.<\/li>\n<\/ul>\n<h4>Unterst\u00fctzung:<\/h4>\n<p>Wenn Sie Fragen haben, z\u00f6gern Sie bitte nicht, uns zu kontaktieren <a href=\"mailto:keyshop@dl-winandoffice.com\">per E-Mail<\/a>zu kontaktieren. Unser Kundenservice ist rund um die Uhr f\u00fcr Sie erreichbar. So erhalten Sie sofortige Unterst\u00fctzung.<\/p>\n<p>Andererseits garantieren wir die Verf\u00fcgbarkeit aller unser Produkte. Daher werden Sie Ihre Bestellung immer p\u00fcnktlich erhalten.<\/p>\n<p>Unsere Firma hat \u00fcber 10 Jahre Erfahrung in der Branche. Das bedeutet, dass wir einen professionellen Service nach Ihren Vorstellungen anbieten. Also laden wir Sie ein, zu dem gro\u00dfen Kreis zufriedener Kunden zu z\u00e4hlen.<\/p>\n<p>Um unsere aktuellen News zu erhalten<strong>, <a href=\"https:\/\/news.dl-winandoffice.com\/en\/\" target=\"_blank\" rel=\"noopener noreferrer nofollow\">klicken Sie hier.<\/a><\/strong><\/p>","protected":false},"excerpt":{"rendered":"<p>Entscheiden Sie sich noch heute f\u00fcr Office 2019 Professional Plus und Sie erhalten die modernste Officel\u00f6sung aus dem Hause Microsoft. Neben den bekannten Anwendungen erhalten Sie automatisch Zugriff auf browserbasierte Apps sowie Skype for Business. Durch vereinfachte Kommunikation k\u00f6nnen Sie noch effektiver mit anderen Personen zusammenarbeiten.<\/p>\n<p><strong>Hinweis<\/strong><\/p>\n<ul>\n<li><strong>Office 2019 Professional Plus ist nur mit Windows 10 und 11 kompatibel.<\/strong><\/li>\n<\/ul>\n<ul>\n<li><strong>Office 2019 Professional Plus ist NICHT kompatibel mit Apple-Betriebssystemen (MacOS, iPadOS, iOS), Chromebooks<\/strong><\/li>\n<\/ul>","protected":false},"featured_media":115821,"comment_status":"open","ping_status":"closed","template":"","meta":{"_acf_changed":false},"product_brand":[],"product_cat":[40,65],"product_tag":[49,51,50],"class_list":{"0":"post-336","1":"product","2":"type-product","3":"status-publish","4":"has-post-thumbnail","6":"product_cat-msoffice","7":"product_cat-popular","8":"product_tag-excellence","9":"product_tag-ms-office","10":"product_tag-security","12":"first","13":"instock","14":"sale","15":"virtual","16":"taxable","17":"purchasable","18":"product-type-simple"},"acf":[],"_links":{"self":[{"href":"https:\/\/keyshop.windowsandoffice.com\/de\/wp-json\/wp\/v2\/product\/336","targetHints":{"allow":["GET"]}}],"collection":[{"href":"https:\/\/keyshop.windowsandoffice.com\/de\/wp-json\/wp\/v2\/product"}],"about":[{"href":"https:\/\/keyshop.windowsandoffice.com\/de\/wp-json\/wp\/v2\/types\/product"}],"replies":[{"embeddable":true,"href":"https:\/\/keyshop.windowsandoffice.com\/de\/wp-json\/wp\/v2\/comments?post=336"}],"wp:featuredmedia":[{"embeddable":true,"href":"https:\/\/keyshop.windowsandoffice.com\/de\/wp-json\/wp\/v2\/media\/115821"}],"wp:attachment":[{"href":"https:\/\/keyshop.windowsandoffice.com\/de\/wp-json\/wp\/v2\/media?parent=336"}],"wp:term":[{"taxonomy":"product_brand","embeddable":true,"href":"https:\/\/keyshop.windowsandoffice.com\/de\/wp-json\/wp\/v2\/product_brand?post=336"},{"taxonomy":"product_cat","embeddable":true,"href":"https:\/\/keyshop.windowsandoffice.com\/de\/wp-json\/wp\/v2\/product_cat?post=336"},{"taxonomy":"product_tag","embeddable":true,"href":"https:\/\/keyshop.windowsandoffice.com\/de\/wp-json\/wp\/v2\/product_tag?post=336"}],"curies":[{"name":"wp","href":"https:\/\/api.w.org\/{rel}","templated":true}]}}