{"id":330,"date":"2020-02-02T10:19:18","date_gmt":"2020-02-02T08:19:18","guid":{"rendered":"http:\/\/keyshop.windowsandoffice.com\/?post_type=product&#038;p=330"},"modified":"2026-01-13T20:19:39","modified_gmt":"2026-01-13T19:19:39","slug":"windows-8-1","status":"publish","type":"product","link":"https:\/\/keyshop.windowsandoffice.com\/de\/produkt\/windows-8-1\/","title":{"rendered":"Microsoft Windows 8.1 Professional Lizenz f\u00fcr 3 PCs"},"content":{"rendered":"<h4>Windows 8.1 Professionell<\/h4>\n<p>ist die erweiterte Version von Windows 8, die speziell f\u00fcr Touchscreens entwickelt wurde und auf dieser Plattform professionelle Anwender und Unternehmen optimal bei der Arbeit unterst\u00fctzt. Das Betriebssystem Windows 8. 1 Professional ist nicht nur mit kompatiblen Tablets und Handhelds kompatibel, sondern kann auch wie gewohnt \u00fcber Maus und Tastatur am Laptop oder Computer verwendet werden. Microsoft Windows 8. 1 Professional unterst\u00fctzt seine Anwender mit einer neu gestalteten Oberfl\u00e4che, einem optimierten System sowie neuen Funktionen und Programmen in perfektem Umfang.<\/p>\n<p>Als Weiterentwicklung von Windows 8 Professional richtet sich das Betriebssystem Windows 8. 1 Professional auch an professionelle Anwender und kleine Unternehmen. Die Benutzeroberfl\u00e4che wurde f\u00fcr die Verwendung mit Touchscreens benutzerfreundlich gestaltet. Dank des Kachelformats hat der Benutzer stets den \u00dcberblick \u00fcber die wichtigsten Anwendungen und Dokumente und kann so schnell auf diese zugreifen. Im Allgemeinen wurde das Betriebssystem Windows 8. 1 Professional optimiert, um beispielsweise das Kopieren von Dateien und die Ausf\u00fchrung von Systemoperationen zu beschleunigen. Damit verf\u00fcgen alle Ger\u00e4te \u00fcber ein funktionales und leistungsf\u00e4higes Betriebssystem, das nicht nur durch neue Funktionen und Design\u00e4nderungen, sondern auch durch eine Leistungssteigerung \u00fcberzeugt.<\/p>\n<p>Im Vergleich zu seinen Vorg\u00e4ngern wurden bei Microsoft Windows 8.1 Professional optische und technische Optimierungen umgesetzt. Der auff\u00e4lligste Unterschied ist der optionale \"Tile Modus\", in welchem der Desktop dargestellt werden kann. Das Startmen\u00fc kann nun auch wieder mit der rechten Maustaste aufgerufen werden - genau wie bei Windows 7.<\/p>\n<p>Nutzen Sie das aktuellste Bestriebssystem von Microsoft, holen Sie sich <a href=\"https:\/\/keyshop.windowsandoffice.com\/de\/produkt\/windows-10-pro\/\">Windows 10 Professional<\/a>.<\/p>\n<h4><strong>Systemanforderungen:<\/strong><\/h4>\n<ul>\n<li>Mindest. 1 GHz Prozessor oder schneller<\/li>\n<li>1 GB RAM f\u00fcr 32-Bit; 2 GB f\u00fcr 64-Bit<\/li>\n<li>20 GB freier Festplattenspeicher<\/li>\n<li>Grafikkarte mit DirectX9 und Treiber f\u00fcr WDDM<\/li>\n<\/ul>\n<h4><strong>Unterst\u00fctzung:<\/strong><\/h4>\n<p>Sollten Fragen auftreten, z\u00f6gern Sie nicht uns <a href=\"mailto:keyshop@dl-winandoffice.com\">per E-Mail<\/a>zu kontaktieren. Unser Kundenservice ist rund um die Uhr f\u00fcr Sie erreichbar. So erhalten Sie sofortige Unterst\u00fctzung.<\/p>\n<p>Andererseits garantieren wir die Verf\u00fcgbarkeit aller unser Produkte. Daher werden Sie Ihre Bestellung immer p\u00fcnktlich erhalten.<\/p>\n<p>Unsere Firma hat \u00fcber 10 Jahre Erfahrung in der Branche. Das bedeutet, dass wir einen professionellen Service nach Ihren Vorstellungen anbieten. Also laden wir Sie ein, zu dem gro\u00dfen Kreis zufriedener Kunden zu z\u00e4hlen.<\/p>\n<p>Um unsere aktuellen News zu erhalten<strong>, <a href=\"https:\/\/news.dl-winandoffice.com\/en\/\" target=\"_blank\" rel=\"noopener noreferrer nofollow\">klicken Sie hier.<\/a><\/strong><\/p>\n<p>&nbsp;<\/p>","protected":false},"excerpt":{"rendered":"<p>Windows 8.1 Professional ist die weiterentwickelte Version von Windows 8, die speziell f\u00fcr Touchscreens entwickelt wurde und auf dieser Plattform professionelle Anwender und Unternehmen optimal bei der Arbeit unterst\u00fctzt. Das Betriebssystem Windows 8. 1 Professional ist nicht nur mit Tablets und Handhelds kompatibel, sondern kann auch wie gewohnt \u00fcber Maus und Tastatur verwendet werden. Es unterst\u00fctzt seine Anwender mit einer neu gestalteten Oberfl\u00e4che, einem optimierten System sowie neuen Funktionen und Programmen in perfektem Umfang.<\/p>","protected":false},"featured_media":734,"comment_status":"open","ping_status":"closed","template":"","meta":{"_acf_changed":false},"product_brand":[],"product_cat":[41],"product_tag":[52],"class_list":{"0":"post-330","1":"product","2":"type-product","3":"status-publish","4":"has-post-thumbnail","6":"product_cat-windows-desktop","7":"product_tag-windows","9":"first","10":"instock","11":"sale","12":"virtual","13":"taxable","14":"purchasable","15":"product-type-simple"},"acf":[],"_links":{"self":[{"href":"https:\/\/keyshop.windowsandoffice.com\/de\/wp-json\/wp\/v2\/product\/330","targetHints":{"allow":["GET"]}}],"collection":[{"href":"https:\/\/keyshop.windowsandoffice.com\/de\/wp-json\/wp\/v2\/product"}],"about":[{"href":"https:\/\/keyshop.windowsandoffice.com\/de\/wp-json\/wp\/v2\/types\/product"}],"replies":[{"embeddable":true,"href":"https:\/\/keyshop.windowsandoffice.com\/de\/wp-json\/wp\/v2\/comments?post=330"}],"wp:featuredmedia":[{"embeddable":true,"href":"https:\/\/keyshop.windowsandoffice.com\/de\/wp-json\/wp\/v2\/media\/734"}],"wp:attachment":[{"href":"https:\/\/keyshop.windowsandoffice.com\/de\/wp-json\/wp\/v2\/media?parent=330"}],"wp:term":[{"taxonomy":"product_brand","embeddable":true,"href":"https:\/\/keyshop.windowsandoffice.com\/de\/wp-json\/wp\/v2\/product_brand?post=330"},{"taxonomy":"product_cat","embeddable":true,"href":"https:\/\/keyshop.windowsandoffice.com\/de\/wp-json\/wp\/v2\/product_cat?post=330"},{"taxonomy":"product_tag","embeddable":true,"href":"https:\/\/keyshop.windowsandoffice.com\/de\/wp-json\/wp\/v2\/product_tag?post=330"}],"curies":[{"name":"wp","href":"https:\/\/api.w.org\/{rel}","templated":true}]}}