{"id":229,"date":"2020-11-22T09:53:38","date_gmt":"2020-11-22T05:53:38","guid":{"rendered":"http:\/\/keyshop.windowsandoffice.com\/?post_type=product&#038;p=229"},"modified":"2026-01-13T20:50:00","modified_gmt":"2026-01-13T19:50:00","slug":"windows-10-home","status":"publish","type":"product","link":"https:\/\/keyshop.windowsandoffice.com\/de\/produkt\/windows-10-home\/","title":{"rendered":"Microsoft Windows 10 Home"},"content":{"rendered":"<h2 style=\"text-align: left;\">Windows 10 Home<\/h2>\n<p>Mit einem Computer mit Windows 10 Home stehen Ihnen alle M\u00f6glichkeiten offen.<\/p>\n<ul>\n<li>Integrierte Sicherheitsfeatures wie Antivirensoftware, Firewall und Internetschutzmechanismen<\/li>\n<li>Scannen Sie Ihr Gesicht oder Ihren Fingerabdruck mit Windows Hello, um Ihren Computer schnell, sicher und ohne Kennwort zu entsperren<\/li>\n<li>Mit dem Benachrichtigungsassistenten k\u00f6nnen Sie Benachrichtigungen, Sounds und Warnungen blockieren, damit Sie bei der Arbeit nicht abgelenkt werden<\/li>\n<li>\u00dcber die Zeitachse k\u00f6nnen Sie schnell und einfach durch Ihre zuletzt verwendeten Dokumente, Apps und Websites scrollen<\/li>\n<li>Mit Microsoft Fotos k\u00f6nnen Sie Ihre Fotos und Videos m\u00fchelos organisieren, durchsuchen, bearbeiten und teilen<\/li>\n<li>Mit Game Bar k\u00f6nnen Sie Ihre Spiele sofort live streamen, Bildschirmaufnahmen machen und die Audioeinstellungen pr\u00e4zise anpassen<\/li>\n<\/ul>\n<p>Sie profitieren von schnelleren Systemstarts, einem vertrauten, aber verbesserten Startmen\u00fc und neuen M\u00f6glichkeiten, Dinge schnell zu erledigen. Au\u00dferdem erhalten Sie neue Funktionen wie einen brandneuen Browser, um sich im Web besser zurechtzufinden, und Ihren pers\u00f6nlichen digitalen Assistenten Cortana. Cortana ist Ihr pers\u00f6nlicher digitaler Assistent, der Sie auf allen Ihren Windows 10-Ger\u00e4ten begleitet und Ihnen hilft, Dinge zu erledigen. Cortana lernt mit der Zeit immer mehr \u00fcber Sie und kann Sie jeden Tag besser unterst\u00fctzen.<\/p>\n<p>Aus diesem Grund <strong>Windows 10 Home<\/strong> unterst\u00fctzt Sie optimal bei allem, was Sie tun. Behalten Sie den \u00dcberblick, indem Sie einfach Apps andocken und die Anzeige f\u00fcr produktivere Arbeit optimieren. Docken Sie bis zu vier Anwendungen gleichzeitig an und erstellen Sie virtuelle Desktops, wenn Sie mehr Platz ben\u00f6tigen oder Inhalte f\u00fcr ein Projekt gruppieren m\u00f6chten, z. B. Officeanwendungen f\u00fcr die Arbeit und Spiele f\u00fcr die Freizeit.<\/p>\n<p>So<strong> Windows 10<\/strong> ist kompatibel mit der Hard- und Software sowie den Peripherieger\u00e4ten, die Sie bereits besitzen. Halten Sie Ihr System auf dem neuesten Stand mit neuen Features und Sicherheitsmerkmalen w\u00e4hrend der gesamten Produktlebenszeit.<\/p>\n<h4><a href=\"https:\/\/keyshop.windowsandoffice.com\/de\/produkt\/office-2019-professional-plus\/\">Eignet sich hervorragend f\u00fcr die Arbeit mit Office 2019 Professional Plus<\/a><\/h4>\n<h4><strong>Systemanforderungen:<br \/>\n<\/strong><\/h4>\n<ul>\n<li>1 GHz Prozessor<\/li>\n<li>1 GB (32 Bit), 2 GB (64 Bit) Arbeitsspeicher<\/li>\n<li>20 GB verf\u00fcgbarer Festplattenspeicher<\/li>\n<li>Grafikkarte mit DirectX\u00ae 9-Grafikprozessor mit WDDM-Treiber<\/li>\n<\/ul>\n<h4><strong>Unterst\u00fctzung:<\/strong><\/h4>\n<p>Sollten Fragen auftreten, z\u00f6gern Sie nicht uns <a href=\"mailto:keyshop@dl-winandoffice.com\">per E-Mail<\/a>zu kontaktieren. Unser Kundenservice ist rund um die Uhr f\u00fcr Sie erreichbar. So erhalten Sie sofortige Unterst\u00fctzung.<\/p>\n<p>Andererseits garantieren wir die Verf\u00fcgbarkeit aller unser Produkte. Daher werden Sie Ihre Bestellung immer p\u00fcnktlich erhalten.<\/p>\n<p>Unsere Firma hat \u00fcber 10 Jahre Erfahrung in der Branche. Das bedeutet, dass wir einen professionellen Service nach Ihren Vorstellungen anbieten. Also laden wir Sie ein, zu dem gro\u00dfen Kreis zufriedener Kunden zu z\u00e4hlen.<\/p>\n<p>&nbsp;<\/p>\n<p>Um unsere aktuellen News zu erhalten<strong>, <a href=\"https:\/\/news.dl-winandoffice.com\/en\/\" target=\"_blank\" rel=\"noopener noreferrer nofollow\">klicken Sie hier.<\/a><\/strong><\/p>","protected":false},"excerpt":{"rendered":"<p>Mit einem Computer mit Windows 10 Home stehen Ihnen alle M\u00f6glichkeiten offen.<\/p>\n<ul>\n<li>Integrierte Sicherheitsfeatures wie Antivirensoftware, Firewall und Internetschutzmechanismen<\/li>\n<li>Scannen Sie Ihr Gesicht oder Ihren Fingerabdruck mit Windows Hello, um Ihren Computer schnell, sicher und ohne Kennwort zu entsperren<\/li>\n<li>Mit dem Benachrichtigungsassistenten k\u00f6nnen Sie Benachrichtigungen, Sounds und Warnungen blockieren, damit Sie bei der Arbeit nicht abgelenkt werden<\/li>\n<li>\u00dcber die Zeitachse k\u00f6nnen Sie schnell und einfach durch Ihre zuletzt verwendeten Dokumente, Apps und Websites scrollen<\/li>\n<li>Mit Microsoft Fotos k\u00f6nnen Sie Ihre Fotos und Videos m\u00fchelos organisieren, durchsuchen, bearbeiten und teilen<\/li>\n<li>Mit Game Bar k\u00f6nnen Sie Ihre Spiele sofort live streamen, Bildschirmaufnahmen machen und die Audioeinstellungen pr\u00e4zise anpassen<\/li>\n<\/ul>","protected":false},"featured_media":115826,"comment_status":"open","ping_status":"closed","template":"","meta":{"_acf_changed":false},"product_brand":[],"product_cat":[65,41],"product_tag":[44],"class_list":{"0":"post-229","1":"product","2":"type-product","3":"status-publish","4":"has-post-thumbnail","6":"product_cat-popular","7":"product_cat-windows-desktop","8":"product_tag-windows-10-pro","10":"first","11":"instock","12":"sale","13":"virtual","14":"taxable","15":"purchasable","16":"product-type-simple"},"acf":[],"_links":{"self":[{"href":"https:\/\/keyshop.windowsandoffice.com\/de\/wp-json\/wp\/v2\/product\/229","targetHints":{"allow":["GET"]}}],"collection":[{"href":"https:\/\/keyshop.windowsandoffice.com\/de\/wp-json\/wp\/v2\/product"}],"about":[{"href":"https:\/\/keyshop.windowsandoffice.com\/de\/wp-json\/wp\/v2\/types\/product"}],"replies":[{"embeddable":true,"href":"https:\/\/keyshop.windowsandoffice.com\/de\/wp-json\/wp\/v2\/comments?post=229"}],"wp:featuredmedia":[{"embeddable":true,"href":"https:\/\/keyshop.windowsandoffice.com\/de\/wp-json\/wp\/v2\/media\/115826"}],"wp:attachment":[{"href":"https:\/\/keyshop.windowsandoffice.com\/de\/wp-json\/wp\/v2\/media?parent=229"}],"wp:term":[{"taxonomy":"product_brand","embeddable":true,"href":"https:\/\/keyshop.windowsandoffice.com\/de\/wp-json\/wp\/v2\/product_brand?post=229"},{"taxonomy":"product_cat","embeddable":true,"href":"https:\/\/keyshop.windowsandoffice.com\/de\/wp-json\/wp\/v2\/product_cat?post=229"},{"taxonomy":"product_tag","embeddable":true,"href":"https:\/\/keyshop.windowsandoffice.com\/de\/wp-json\/wp\/v2\/product_tag?post=229"}],"curies":[{"name":"wp","href":"https:\/\/api.w.org\/{rel}","templated":true}]}}