{"id":21978,"date":"2023-08-06T17:44:07","date_gmt":"2023-08-06T15:44:07","guid":{"rendered":"https:\/\/keyshop.windowsandoffice.com\/?post_type=product&#038;p=21978"},"modified":"2026-01-13T20:20:08","modified_gmt":"2026-01-13T19:20:08","slug":"microsoft-office-home-business-2016-mac","status":"publish","type":"product","link":"https:\/\/keyshop.windowsandoffice.com\/de\/produkt\/microsoft-office-home-business-2016-mac\/","title":{"rendered":"Microsoft Office Home &amp; Business 2016 MAC"},"content":{"rendered":"<div>\n<h4>Microsoft Office Home &amp; Business 2016 MAC<\/h4>\n<p>Office 2016 MAC wurde entwickelt, damit Sie schneller arbeiten k\u00f6nnen. Es bietet erstaunliche neue Funktionen, die es Ihnen leichter machen, zu kommunizieren, zu erstellen, zusammenzuarbeiten und Ihre Arbeit zu teilen. Office 2016 f\u00fcr Mac ist so konzipiert, dass es die Vorteile der neuesten Mac-Funktionen nutzt, einschlie\u00dflich Retina-Display, Unterst\u00fctzung f\u00fcr die Vollbildansicht und sogar Scroll Bounce.<\/p>\n<h4>FEATURES<\/h4>\n<p>Microsoft Office 2016 MAC ist der Nachfolger von Microsoft Office 2011. Microsoft Office 2016 f\u00fcr Mac ist kompatibel mit OS X 10.10 Yosemite oder jeder sp\u00e4teren Version von Mac OS X. Office 2016 f\u00fcr MAC ist wie seine Vorg\u00e4nger in einer Vielzahl von Paketen erh\u00e4ltlich, die jeweils auf unterschiedliche Bed\u00fcrfnisse zugeschnitten sind. Egal, ob Sie Office f\u00fcr den privaten oder beruflichen Gebrauch ben\u00f6tigen, Microsoft hat das richtige Paket f\u00fcr Sie.<\/p>\n<\/div>","protected":false},"excerpt":{"rendered":"<ul>\n<li>\n<div class=\"woocommerce-product-details__short-description\">\n<ul>\n<li>Microsoft Office Home &amp; Business 2016 MAC<\/li>\n<li>Per E-Mail senden: Produktschl\u00fcssel, Anweisungen, Download-Links, Rechnung<\/li>\n<li>Sofortiger Download!<\/li>\n<li>Keine zeitliche Begrenzung, kein Abo<\/li>\n<li>Kostenlose Unterst\u00fctzung bei der Installation und Aktivierung<\/li>\n<li>Keine Lieferung auf Datentr\u00e4gern (USB, CD, etc.)<\/li>\n<li>Aktivierung online und telefonisch<\/li>\n<li><strong>NICHT kompatibel mit Android- und Windows-Ger\u00e4ten<\/strong><\/li>\n<\/ul>\n<pre class=\"language-html\" data-lang=\"html\"><code class=\"lang-html language-html\"><\/code><\/pre>\n<\/div>\n<\/li>\n<\/ul>","protected":false},"featured_media":21981,"comment_status":"open","ping_status":"closed","template":"","meta":{"_acf_changed":false},"product_brand":[],"product_cat":[140],"product_tag":[],"class_list":{"0":"post-21978","1":"product","2":"type-product","3":"status-publish","4":"has-post-thumbnail","6":"product_cat-mac","8":"first","9":"instock","10":"sale","11":"virtual","12":"taxable","13":"purchasable","14":"product-type-simple"},"acf":[],"_links":{"self":[{"href":"https:\/\/keyshop.windowsandoffice.com\/de\/wp-json\/wp\/v2\/product\/21978","targetHints":{"allow":["GET"]}}],"collection":[{"href":"https:\/\/keyshop.windowsandoffice.com\/de\/wp-json\/wp\/v2\/product"}],"about":[{"href":"https:\/\/keyshop.windowsandoffice.com\/de\/wp-json\/wp\/v2\/types\/product"}],"replies":[{"embeddable":true,"href":"https:\/\/keyshop.windowsandoffice.com\/de\/wp-json\/wp\/v2\/comments?post=21978"}],"wp:featuredmedia":[{"embeddable":true,"href":"https:\/\/keyshop.windowsandoffice.com\/de\/wp-json\/wp\/v2\/media\/21981"}],"wp:attachment":[{"href":"https:\/\/keyshop.windowsandoffice.com\/de\/wp-json\/wp\/v2\/media?parent=21978"}],"wp:term":[{"taxonomy":"product_brand","embeddable":true,"href":"https:\/\/keyshop.windowsandoffice.com\/de\/wp-json\/wp\/v2\/product_brand?post=21978"},{"taxonomy":"product_cat","embeddable":true,"href":"https:\/\/keyshop.windowsandoffice.com\/de\/wp-json\/wp\/v2\/product_cat?post=21978"},{"taxonomy":"product_tag","embeddable":true,"href":"https:\/\/keyshop.windowsandoffice.com\/de\/wp-json\/wp\/v2\/product_tag?post=21978"}],"curies":[{"name":"wp","href":"https:\/\/api.w.org\/{rel}","templated":true}]}}