{"id":21977,"date":"2023-08-06T17:44:07","date_gmt":"2023-08-06T15:44:07","guid":{"rendered":"https:\/\/keyshop.windowsandoffice.com\/?post_type=product&#038;p=21977"},"modified":"2026-01-13T20:20:08","modified_gmt":"2026-01-13T19:20:08","slug":"microsoft-office-home-business-2019-mac","status":"publish","type":"product","link":"https:\/\/keyshop.windowsandoffice.com\/de\/produkt\/microsoft-office-home-business-2019-mac\/","title":{"rendered":"Microsoft Office Home &amp; Business 2019 MAC"},"content":{"rendered":"<div>\n<h4>Microsoft Office Home &amp; Business 2019 MAC<\/h4>\n<p>Erledigen Sie alles mit Office 2019 Home and Business f\u00fcr Mac. Bringen Sie Ihre Produktivit\u00e4t auf die n\u00e4chste Stufe mit der neuesten Version der klassischen Office-Apps und E-Mail. Office 2019 f\u00fcr Mac kommt mit neuen Tintenwerkzeugen, Datentypen, Funktionen, \u00dcbersetzungs- und Bearbeitungswerkzeugen, grafischen Animationen und anderen innovativen M\u00f6glichkeiten f\u00fcr effizientes Arbeiten!<\/p>\n<p>Office 2019 ist, wie seine Vorg\u00e4nger, in verschiedenen Paketen erh\u00e4ltlich, die jeweils auf unterschiedliche Bed\u00fcrfnisse zugeschnitten sind. Egal, ob Sie Office privat oder beruflich nutzen m\u00f6chten, Microsoft hat das richtige Paket f\u00fcr Sie.<\/p>\n<\/div>","protected":false},"excerpt":{"rendered":"<ul>\n<li>\n<div class=\"woocommerce-product-details__short-description\">\n<ul>\n<li>Microsoft Office Home &amp; Business 2019 MAC<\/li>\n<li>Per E-Mail senden: Produktschl\u00fcssel, Anweisungen, Download-Links, Rechnung<\/li>\n<li>Sofortiger Download!<\/li>\n<li>Keine zeitliche Begrenzung, kein Abo<\/li>\n<li>Kostenlose Unterst\u00fctzung bei der Installation und Aktivierung<\/li>\n<li>Keine Lieferung auf Datentr\u00e4gern (USB, CD, etc.)<\/li>\n<li>Aktivierung online und telefonisch<\/li>\n<li><strong>NICHT kompatibel mit Android- und Windows-Ger\u00e4ten<\/strong><\/li>\n<\/ul>\n<\/div>\n<\/li>\n<\/ul>","protected":false},"featured_media":115840,"comment_status":"open","ping_status":"closed","template":"","meta":{"_acf_changed":false},"product_brand":[],"product_cat":[140],"product_tag":[],"class_list":{"0":"post-21977","1":"product","2":"type-product","3":"status-publish","4":"has-post-thumbnail","6":"product_cat-mac","8":"first","9":"instock","10":"sale","11":"virtual","12":"taxable","13":"purchasable","14":"product-type-simple"},"acf":[],"_links":{"self":[{"href":"https:\/\/keyshop.windowsandoffice.com\/de\/wp-json\/wp\/v2\/product\/21977","targetHints":{"allow":["GET"]}}],"collection":[{"href":"https:\/\/keyshop.windowsandoffice.com\/de\/wp-json\/wp\/v2\/product"}],"about":[{"href":"https:\/\/keyshop.windowsandoffice.com\/de\/wp-json\/wp\/v2\/types\/product"}],"replies":[{"embeddable":true,"href":"https:\/\/keyshop.windowsandoffice.com\/de\/wp-json\/wp\/v2\/comments?post=21977"}],"wp:featuredmedia":[{"embeddable":true,"href":"https:\/\/keyshop.windowsandoffice.com\/de\/wp-json\/wp\/v2\/media\/115840"}],"wp:attachment":[{"href":"https:\/\/keyshop.windowsandoffice.com\/de\/wp-json\/wp\/v2\/media?parent=21977"}],"wp:term":[{"taxonomy":"product_brand","embeddable":true,"href":"https:\/\/keyshop.windowsandoffice.com\/de\/wp-json\/wp\/v2\/product_brand?post=21977"},{"taxonomy":"product_cat","embeddable":true,"href":"https:\/\/keyshop.windowsandoffice.com\/de\/wp-json\/wp\/v2\/product_cat?post=21977"},{"taxonomy":"product_tag","embeddable":true,"href":"https:\/\/keyshop.windowsandoffice.com\/de\/wp-json\/wp\/v2\/product_tag?post=21977"}],"curies":[{"name":"wp","href":"https:\/\/api.w.org\/{rel}","templated":true}]}}