{"id":21976,"date":"2023-08-06T17:44:07","date_gmt":"2023-08-06T15:44:07","guid":{"rendered":"https:\/\/keyshop.windowsandoffice.com\/?post_type=product&#038;p=21976"},"modified":"2026-01-13T20:20:01","modified_gmt":"2026-01-13T19:20:01","slug":"microsoft-office-home-business-2021-mac","status":"publish","type":"product","link":"https:\/\/keyshop.windowsandoffice.com\/de\/produkt\/microsoft-office-home-business-2021-mac\/","title":{"rendered":"Microsoft Office Home &amp; Business 2021 MAC"},"content":{"rendered":"<div>\n<h4>Microsoft Office Home &amp; Business 2021 MAC<\/h4>\n<p>Das Wichtigste, um produktiv zu sein. Office Home and Business 2021 ist f\u00fcr Familien und kleine Unternehmen, die klassische Office-Anwendungen und E-Mail ben\u00f6tigen. Enth\u00e4lt Word, Excel, PowerPoint und Outlook f\u00fcr Windows 11 und Windows 10. Ein einmaliger Kauf zur Installation auf 1 Mac PC f\u00fcr die private oder berufliche Nutzung.<\/p>\n<p>Office Home &amp; Business 2021 f\u00fcr Mac wurde mit seiner Einfachheit und Vertrautheit f\u00fcr Benutzer und kleine Unternehmen entwickelt, die Office mit der Leistung von Outlook f\u00fcr E-Mail, Kalender und Kontakte nutzen m\u00f6chten. Es ist das B\u00fcro, das Sie kennen, lieben und dem Sie vertrauen, aktualisiert, um die Vorteile der neuesten Mac-Funktionen zu nutzen, einschlie\u00dflich Retina-Display und Vollbildansicht, unter anderem.<\/p>\n<p>Microsoft Office 2021 Home Business enth\u00e4lt Tools zur Optimierung von Produktionskapazit\u00e4ten und Gesch\u00e4ftsaufgaben durch die Nutzung der erweiterten Funktionen und Elemente der Microsoft Office-Suite.<\/p>\n<p>Office 2021 f\u00fcr Mac wurde von Grund auf neu entwickelt, um die Vorteile der neuesten Mac-Funktionen zu nutzen, einschlie\u00dflich des Retina-Displays. Es ist die perfekte Kombination f\u00fcr das B\u00fcro, das Sie kennen und dem Sie vertrauen, und den Mac, den Sie lieben.<\/p>\n<p>Microsoft Office ist ein hervorragendes Set von Produktionswerkzeugen, mit denen Sie Zeit sparen und fantastische Ergebnisse erzielen k\u00f6nnen. Zu den Vorteilen der Office-Suite von 2021 geh\u00f6ren die verbesserte Zusammenarbeit zwischen denjenigen, mit denen Sie zusammenarbeiten, die gemeinsame Nutzung von Links, Notizen und Terminen, die einfache Bearbeitung und Konvertierung, die M\u00f6glichkeit, mit allen Anwendungen offline zu arbeiten, sowie die gemeinsame Nutzung von Dateien und Dokumenten aus Ihrer Cloud.<\/p>\n<\/div>","protected":false},"excerpt":{"rendered":"<ul>\n<li>\n<div class=\"woocommerce-product-details__short-description\">\n<ul>\n<li>Microsoft Office Home &amp; Business 2021 MAC<\/li>\n<li>Per E-Mail senden: Produktschl\u00fcssel, Anweisungen, Download-Links, Rechnung<\/li>\n<li>Sofortiger Download!<\/li>\n<li>Keine zeitliche Begrenzung, kein Abo<\/li>\n<li>Kostenlose Unterst\u00fctzung bei der Installation und Aktivierung<\/li>\n<li>Keine Lieferung auf Datentr\u00e4gern (USB, CD, etc.)<\/li>\n<li>Aktivierung online und telefonisch<\/li>\n<li><strong>NICHT kompatibel mit Android- und Windows-Ger\u00e4ten<\/strong><\/li>\n<\/ul>\n<\/div>\n<\/li>\n<\/ul>","protected":false},"featured_media":115839,"comment_status":"open","ping_status":"closed","template":"","meta":{"_acf_changed":false},"product_brand":[],"product_cat":[140],"product_tag":[],"class_list":{"0":"post-21976","1":"product","2":"type-product","3":"status-publish","4":"has-post-thumbnail","6":"product_cat-mac","8":"first","9":"instock","10":"sale","11":"virtual","12":"taxable","13":"purchasable","14":"product-type-simple"},"acf":[],"_links":{"self":[{"href":"https:\/\/keyshop.windowsandoffice.com\/de\/wp-json\/wp\/v2\/product\/21976","targetHints":{"allow":["GET"]}}],"collection":[{"href":"https:\/\/keyshop.windowsandoffice.com\/de\/wp-json\/wp\/v2\/product"}],"about":[{"href":"https:\/\/keyshop.windowsandoffice.com\/de\/wp-json\/wp\/v2\/types\/product"}],"replies":[{"embeddable":true,"href":"https:\/\/keyshop.windowsandoffice.com\/de\/wp-json\/wp\/v2\/comments?post=21976"}],"wp:featuredmedia":[{"embeddable":true,"href":"https:\/\/keyshop.windowsandoffice.com\/de\/wp-json\/wp\/v2\/media\/115839"}],"wp:attachment":[{"href":"https:\/\/keyshop.windowsandoffice.com\/de\/wp-json\/wp\/v2\/media?parent=21976"}],"wp:term":[{"taxonomy":"product_brand","embeddable":true,"href":"https:\/\/keyshop.windowsandoffice.com\/de\/wp-json\/wp\/v2\/product_brand?post=21976"},{"taxonomy":"product_cat","embeddable":true,"href":"https:\/\/keyshop.windowsandoffice.com\/de\/wp-json\/wp\/v2\/product_cat?post=21976"},{"taxonomy":"product_tag","embeddable":true,"href":"https:\/\/keyshop.windowsandoffice.com\/de\/wp-json\/wp\/v2\/product_tag?post=21976"}],"curies":[{"name":"wp","href":"https:\/\/api.w.org\/{rel}","templated":true}]}}