{"id":208,"date":"2020-11-22T04:51:56","date_gmt":"2020-11-22T00:51:56","guid":{"rendered":"http:\/\/keyshop.windowsandoffice.com\/?post_type=product&#038;p=208"},"modified":"2026-02-10T09:31:18","modified_gmt":"2026-02-10T08:31:18","slug":"windows-10-pro","status":"publish","type":"product","link":"https:\/\/keyshop.windowsandoffice.com\/de\/produkt\/windows-10-pro\/","title":{"rendered":"Microsoft Windows 10 Professional Lizenz f\u00fcr 3 PCs"},"content":{"rendered":"<h3>Microsoft Windows 10 Professional<\/h3>\n<p><span class=\"VIiyi\" lang=\"en\"><span class=\"JLqJ4b ChMk0b\" data-language-for-alternatives=\"en\" data-language-to-translate-into=\"es\" data-phrase-index=\"0\">Das ist das fortschrittlichste und sicherste Windows Betriebssystem aller Zeiten.<\/span> <span class=\"JLqJ4b ChMk0b\" data-language-for-alternatives=\"en\" data-language-to-translate-into=\"es\" data-phrase-index=\"2\">Zudem hat Windows 10 Professionell zahlreiche Sicherheitsmerkmale, Apps und Features, welche es zu einem robusten und zuverl\u00e4ssigen Betriebssystem f\u00fcr Desktops, Laptops und Tablets machen.<\/span><\/span><\/p>\n<blockquote>\n<p style=\"padding-left: 40px;\">Um unsere aktuellen News zu erhalten<strong>, <a href=\"https:\/\/news.dl-winandoffice.com\/en\/\" target=\"_blank\" rel=\"noopener noreferrer nofollow\">klicken Sie hier.<\/a><\/strong><\/p>\n<\/blockquote>\n<h3>Eigenschaften<\/h3>\n<p>Mit <em><strong>Windows 10 Professional<\/strong> <\/em>bekommt man alles erledigt - und noch mehr!<\/p>\n<ul>\n<li>Integrierte Sicherheitsfeatures wie Antivirensoftware, Firewall und Internetschutzmechanismen<\/li>\n<li>Sie k\u00f6nnen ihr Gesicht oder ihren Fingerabdruck mit <strong>Windows Hallo<\/strong> scannen f\u00fcr das sichere und schnelle Entsperren ihres Systems ohne Passworteingabe.<\/li>\n<li><strong>Fokus-Assistent<\/strong> erm\u00f6glicht es, Benachrichtigungen sowie Alarm- und Hinweist\u00f6ne auszublenden, damit sie sich auf ihre Arbeit konzentrieren k\u00f6nnen.<\/li>\n<li>Ihre <strong>Timeline<\/strong> gestattet ihnen ein schnelles Scrollen durch die aktuellen Dokumente, Apps und Webseiten.<\/li>\n<li><strong>Microsoft Fotos<\/strong> ist eine einfache M\u00f6glichkeit, Mediendateien zu organisieren und zu verwalten. Sie k\u00f6nnen nach ihren Fotos und Videos suchen, diese bearbeiten und teilen.<\/li>\n<li>Streamen sie live ihren Spielverlauf, nehmen sie ihn auf und steuern Sie die Audio Einstellungen mit <strong>Spiel-Bar<\/strong>.<\/li>\n<li>Remote Desktop erm\u00f6glicht eine sichere Verbindung zu ihrem System von ausserhalb. Sie k\u00f6nnen auf ihre Dateien, Ordner und Anwendungen per Internet zugreifen, egal wo sie gerade sind.<\/li>\n<li>Windows Information Protection (WIP) sichert ihr System gegen Datenlecks, ohne die Benutzerfreundlichkeit zu beeintr\u00e4chtigen.<\/li>\n<li><strong>BitLocker-Laufwerkverschl\u00fcsselung<\/strong> ist ein Datesicherheits-Feature, welches im Betriebssystem integriert ist um Datendiebst\u00e4hle zu verhindern. Es weist zudem auf verlorene, gestohlene oder veruntreute Systeme in ihrem Netzwerk hin.<\/li>\n<li>Tools f\u00fcr Businessanwendungen<\/li>\n<\/ul>\n<p style=\"padding-left: 80px;\"><strong>Mit Windows 10 Pro haben Sie ein zuverl\u00e4ssiges Betriebssystem auf Ihrem Ger\u00e4t. Sie profitieren von schnelleren Systemstarts, einem vertrauten, aber verbesserten Startmen\u00fc und neuen M\u00f6glichkeiten, Dinge schnell zu erledigen. Au\u00dferdem erhalten Sie neue Funktionen wie einen brandneuen Browser, um sich im Web besser zurechtzufinden, und Ihren pers\u00f6nlichen digitalen Assistenten Cortana. Cortana ist Ihr pers\u00f6nlicher digitaler Assistent, der Sie auf allen Ihren Windows 10-Ger\u00e4ten begleitet und Ihnen hilft, Dinge zu erledigen. Cortana lernt mit der Zeit immer mehr \u00fcber Sie und kann Sie jeden Tag besser unterst\u00fctzen. Windows 10 Pro unterst\u00fctzt Sie optimal bei allem, was Sie tun.<\/strong><\/p>\n<h3><strong>Weitere Produktfeatures<br \/>\n<\/strong><\/h3>\n<p>Windows 10 Professional unterst\u00fctzt Sie optimal bei allem, was Sie tun. Behalten Sie den \u00dcberblick, indem Sie einfach Apps andocken und die Anzeige f\u00fcr produktivere Arbeit optimieren. Docken Sie bis zu vier Anwendungen gleichzeitig an und erstellen Sie virtuelle Desktops, wenn Sie mehr Platz ben\u00f6tigen oder Inhalte f\u00fcr ein Projekt gruppieren m\u00f6chten, z. B. Officeanwendungen f\u00fcr die Arbeit und Spiele f\u00fcr die Freizeit.<\/p>\n<p style=\"padding-left: 80px;\">Kurz gefasst: <a href=\"https:\/\/keyshop.windowsandoffice.com\/de\/produkt\/combo1\/\"><strong>Windows 10<\/strong> <\/a>ist kompatibel mit der Hard- und Software sowie den Peripherieger\u00e4ten, die Sie bereits besitzen. Halten Sie Ihr System auf dem neuesten Stand mit neuen Features und Sicherheitsmerkmalen w\u00e4hrend der gesamten Produktlebenszeit.<\/p>\n<p>&nbsp;<\/p>\n<h4><strong>Systemanforderungen:<br \/>\n<\/strong><\/h4>\n<ul>\n<li><em>1 GHz Prozessor<\/em><\/li>\n<li><em>1 GB (32 Bit), 2 GB (64 Bit) Arbeitsspeicher<\/em><\/li>\n<li><em>20 GB verf\u00fcgbarer Festplattenspeicher<\/em><\/li>\n<li><em>Grafikkarte mit DirectX 9-Grafikprozessor und WDDM-Treiber<\/em><\/li>\n<\/ul>\n<h4><strong>Unterst\u00fctzung:<\/strong><\/h4>\n<p>Sollten Fragen auftreten, z\u00f6gern Sie nicht uns <a href=\"mailto:keyshop@dl-winandoffice.com\">per E-Mail<\/a>zu kontaktieren. Unser Kundenservice ist rund um die Uhr f\u00fcr Sie erreichbar. So erhalten Sie sofortige Unterst\u00fctzung.<\/p>\n<p>Andererseits garantieren wir die Verf\u00fcgbarkeit aller unser Produkte. Daher werden Sie Ihre Bestellung immer p\u00fcnktlich erhalten.<\/p>\n<p>Unsere Firma hat \u00fcber 10 Jahre Erfahrung in der Branche. Das bedeutet, dass wir einen professionellen Service nach Ihren Vorstellungen anbieten. Also laden wir Sie ein, zu dem gro\u00dfen Kreis zufriedener Kunden zu z\u00e4hlen.<\/p>\n<p>&nbsp;<\/p>","protected":false},"excerpt":{"rendered":"<h3>Windows 10 Professional<\/h3>\n<p>ist das fortschrittlichste und sicherste <em><strong><a href=\"https:\/\/www.microsoft.com\">Windows Betriebssystem<\/a> <\/strong><\/em>aller Zeiten mit seinen universellen Apps, Features und Sicherheitsfunktionen f\u00fcr Desktop, Laptops und Tablets. <em><strong>Neue Versionen und automatisierte Updates ihrer bevorzugten Apps und Features erlauben es Ihnen sich auf ihre Arbeit zu konzentrieren mit dem guten Gef\u00fchl, das ihr System sicher ist.<\/strong><\/em><\/p>","protected":false},"featured_media":115825,"comment_status":"open","ping_status":"closed","template":"","meta":{"_acf_changed":false},"product_brand":[],"product_cat":[65,41],"product_tag":[73,72,66,71,52,44],"class_list":{"0":"post-208","1":"product","2":"type-product","3":"status-publish","4":"has-post-thumbnail","6":"product_cat-popular","7":"product_cat-windows-desktop","8":"product_tag-activate-your-pc","9":"product_tag-computer-keys","10":"product_tag-keys","11":"product_tag-office-2019","12":"product_tag-windows","13":"product_tag-windows-10-pro","15":"first","16":"instock","17":"sale","18":"virtual","19":"taxable","20":"purchasable","21":"product-type-simple"},"acf":[],"_links":{"self":[{"href":"https:\/\/keyshop.windowsandoffice.com\/de\/wp-json\/wp\/v2\/product\/208","targetHints":{"allow":["GET"]}}],"collection":[{"href":"https:\/\/keyshop.windowsandoffice.com\/de\/wp-json\/wp\/v2\/product"}],"about":[{"href":"https:\/\/keyshop.windowsandoffice.com\/de\/wp-json\/wp\/v2\/types\/product"}],"replies":[{"embeddable":true,"href":"https:\/\/keyshop.windowsandoffice.com\/de\/wp-json\/wp\/v2\/comments?post=208"}],"wp:featuredmedia":[{"embeddable":true,"href":"https:\/\/keyshop.windowsandoffice.com\/de\/wp-json\/wp\/v2\/media\/115825"}],"wp:attachment":[{"href":"https:\/\/keyshop.windowsandoffice.com\/de\/wp-json\/wp\/v2\/media?parent=208"}],"wp:term":[{"taxonomy":"product_brand","embeddable":true,"href":"https:\/\/keyshop.windowsandoffice.com\/de\/wp-json\/wp\/v2\/product_brand?post=208"},{"taxonomy":"product_cat","embeddable":true,"href":"https:\/\/keyshop.windowsandoffice.com\/de\/wp-json\/wp\/v2\/product_cat?post=208"},{"taxonomy":"product_tag","embeddable":true,"href":"https:\/\/keyshop.windowsandoffice.com\/de\/wp-json\/wp\/v2\/product_tag?post=208"}],"curies":[{"name":"wp","href":"https:\/\/api.w.org\/{rel}","templated":true}]}}