{"id":16210,"date":"2023-01-06T13:53:00","date_gmt":"2023-01-06T12:53:00","guid":{"rendered":"https:\/\/keyshop.windowsandoffice.com\/?post_type=product&#038;p=16210"},"modified":"2026-01-13T20:47:10","modified_gmt":"2026-01-13T19:47:10","slug":"visio-2021-standard","status":"publish","type":"product","link":"https:\/\/keyshop.windowsandoffice.com\/de\/produkt\/visio-2021-standard\/","title":{"rendered":"Microsoft Visio 2021 Standard-Lizenz f\u00fcr 3 PCs"},"content":{"rendered":"<div class=\"eyKpYb\" data-language=\"en\" data-original-language=\"de\" data-result-index=\"0\">\n<h3>Visio 2021 Standard<\/h3>\n<\/div>\n<p>Microsoft Visio Standard 2021 ist die neueste Generation der beliebten Microsoft-Software zur Erstellung und Bearbeitung von Diagrammen und Visualisierungen. Visio Standard ist besonders f\u00fcr Unternehmen geeignet, da mehrere Benutzer in einem Team oder einer Abteilung gleichzeitig an den Diagrammen arbeiten k\u00f6nnen. Es stehen viele Schnittstellen zur Verf\u00fcgung, um die fertigen Visualisierungen sowohl intern als auch extern mit ausgew\u00e4hlten Personen zu teilen. Microsoft hat intensiv an den Vorlagen und Shapes gearbeitet, die in Visio st\u00e4ndig zum Einsatz kommen. Auch die Stile der Diagramme wurden verbessert, um sie visuell eindrucksvoller zu gestalten und gleichzeitig die Lesbarkeit der Diagramme zu verbessern. Mit Microsoft Visio Standard 2021 erhalten Sie au\u00dferdem die M\u00f6glichkeit, Daten in Echtzeit in eine bestehende Visualisierung einzuspeisen.<\/p>","protected":false},"excerpt":{"rendered":"<p>Microsoft Visio Standard 2021 ist die neueste Generation der beliebten Microsoft-Software zum Erstellen und Bearbeiten von Diagrammen und Visualisierungen. Visio Standard ist besonders f\u00fcr Unternehmen geeignet, da mehrere Benutzer in einem Team oder einer Abteilung gleichzeitig an den Diagrammen arbeiten k\u00f6nnen. Es stehen viele Schnittstellen zur Verf\u00fcgung, um die fertigen Visualisierungen sowohl intern als auch extern mit ausgew\u00e4hlten Personen zu teilen.<\/p>\n<p><strong>Hinweis<\/strong><\/p>\n<ul>\n<li><strong>Dieses Produkt ist nur mit Windows 10 und 11 kompatibel.<\/strong><\/li>\n<li><strong>Dieses Produkt ist NICHT kompatibel mit Apple-Betriebssystemen (MacOS, iPadOS, iOS), Chromebooks<\/strong><\/li>\n<\/ul>","protected":false},"featured_media":115837,"comment_status":"open","ping_status":"closed","template":"","meta":{"_acf_changed":false},"product_brand":[],"product_cat":[40,56],"product_tag":[],"class_list":{"0":"post-16210","1":"product","2":"type-product","3":"status-publish","4":"has-post-thumbnail","6":"product_cat-msoffice","7":"product_cat-visio","9":"first","10":"instock","11":"sale","12":"virtual","13":"taxable","14":"purchasable","15":"product-type-simple"},"acf":[],"_links":{"self":[{"href":"https:\/\/keyshop.windowsandoffice.com\/de\/wp-json\/wp\/v2\/product\/16210","targetHints":{"allow":["GET"]}}],"collection":[{"href":"https:\/\/keyshop.windowsandoffice.com\/de\/wp-json\/wp\/v2\/product"}],"about":[{"href":"https:\/\/keyshop.windowsandoffice.com\/de\/wp-json\/wp\/v2\/types\/product"}],"replies":[{"embeddable":true,"href":"https:\/\/keyshop.windowsandoffice.com\/de\/wp-json\/wp\/v2\/comments?post=16210"}],"wp:featuredmedia":[{"embeddable":true,"href":"https:\/\/keyshop.windowsandoffice.com\/de\/wp-json\/wp\/v2\/media\/115837"}],"wp:attachment":[{"href":"https:\/\/keyshop.windowsandoffice.com\/de\/wp-json\/wp\/v2\/media?parent=16210"}],"wp:term":[{"taxonomy":"product_brand","embeddable":true,"href":"https:\/\/keyshop.windowsandoffice.com\/de\/wp-json\/wp\/v2\/product_brand?post=16210"},{"taxonomy":"product_cat","embeddable":true,"href":"https:\/\/keyshop.windowsandoffice.com\/de\/wp-json\/wp\/v2\/product_cat?post=16210"},{"taxonomy":"product_tag","embeddable":true,"href":"https:\/\/keyshop.windowsandoffice.com\/de\/wp-json\/wp\/v2\/product_tag?post=16210"}],"curies":[{"name":"wp","href":"https:\/\/api.w.org\/{rel}","templated":true}]}}