{"id":16196,"date":"2023-01-06T13:41:02","date_gmt":"2023-01-06T12:41:02","guid":{"rendered":"https:\/\/keyshop.windowsandoffice.com\/?post_type=product&#038;p=16196"},"modified":"2026-04-17T02:32:55","modified_gmt":"2026-04-17T00:32:55","slug":"project-2021-professional","status":"publish","type":"product","link":"https:\/\/keyshop.windowsandoffice.com\/de\/produkt\/project-2021-professional\/","title":{"rendered":"Microsoft Project 2021 Professional Lizenz f\u00fcr 3 PCs"},"content":{"rendered":"<h3>Projekt 2021 Professional<\/h3>\n<p>Die leistungsstarke Microsoft Project Professional 2021 Edition bietet erweiterte Funktionen und neue Schnittstellen zu MS SharePoint, Project Server und Skype. Die Software sch\u00f6pft die zahlreichen Vorteile des Betriebssystems Windows 10 oder 11 voll aus, wird aber auf \u00e4lteren Windows-Versionen nicht unterst\u00fctzt. MS Project Professional 2021 richtet sich in erster Linie an Projektmanager in Unternehmen, die ihre einzelnen Projekte planen, verwalten, dokumentieren und sp\u00e4ter auswerten.<\/p>\n<h4>Verschaffen Sie sich einen besseren \u00dcberblick \u00fcber alle Projekte mit Microsoft Project 2021 Professional<\/h4>\n<p>Um auch bei komplexen Projekten jederzeit den \u00dcberblick \u00fcber den Fortschritt und die einzelnen Schritte zu behalten, bietet Microsoft mit dem \"<strong>Projekt 2021 Professional<\/strong><\/p>\n<p>Software\". Das Angebot richtet sich in erster Linie an professionelle und kommerzielle Anwender und wird somit h\u00f6chsten Anspr\u00fcchen mit Leichtigkeit gerecht.<\/p>\n<h4>Intelligente und zahlreiche Funktionen sparen wertvolle Zeit im Alltag<\/h4>\n<p>Um den Anwender im Bereich des Projektmanagements so effizient wie m\u00f6glich zu unterst\u00fctzen, profitieren Sie von zahlreichen durchdachten Features bei der <strong>Microsoft Project 2021 Software<\/strong><\/p>\n<p>. Dar\u00fcber hinaus ist das Programm dank seiner intuitiven Bedienung auch f\u00fcr Einsteiger geeignet. Die klassische Sortierung in Registerkarten und der gewohnt umfangreiche Hilfebereich sind attraktive Vorteile.<\/p>","protected":false},"excerpt":{"rendered":"<p>Die leistungsstarke Microsoft Project Professional 2021 Edition bietet erweiterte Funktionen und neue Schnittstellen zu MS SharePoint, Project Server und Skype. Die Software sch\u00f6pft die zahlreichen Vorteile des Betriebssystems Windows 10 oder 11 voll aus, wird aber auf \u00e4lteren Windows-Versionen nicht unterst\u00fctzt. MS Project Professional 2021 richtet sich in erster Linie an Projektmanager in Unternehmen, die ihre einzelnen Projekte planen, verwalten, dokumentieren und sp\u00e4ter auswerten.<\/p>\n<p><strong>Hinweis<\/strong><\/p>\n<ul>\n<li><strong>Project Professional 2021 ist nur mit Windows 10 und 11 kompatibel.<\/strong><\/li>\n<li><strong>Project Professional 2021 ist NICHT kompatibel mit Apple-Betriebssystemen (MacOS, iPadOS, iOS), Chromebooks<\/strong><\/li>\n<\/ul>","protected":false},"featured_media":115836,"comment_status":"open","ping_status":"closed","template":"","meta":{"_acf_changed":false},"product_brand":[],"product_cat":[40,57],"product_tag":[],"class_list":{"0":"post-16196","1":"product","2":"type-product","3":"status-publish","4":"has-post-thumbnail","6":"product_cat-msoffice","7":"product_cat-project","9":"first","10":"instock","11":"sale","12":"virtual","13":"taxable","14":"purchasable","15":"product-type-simple"},"acf":[],"_links":{"self":[{"href":"https:\/\/keyshop.windowsandoffice.com\/de\/wp-json\/wp\/v2\/product\/16196","targetHints":{"allow":["GET"]}}],"collection":[{"href":"https:\/\/keyshop.windowsandoffice.com\/de\/wp-json\/wp\/v2\/product"}],"about":[{"href":"https:\/\/keyshop.windowsandoffice.com\/de\/wp-json\/wp\/v2\/types\/product"}],"replies":[{"embeddable":true,"href":"https:\/\/keyshop.windowsandoffice.com\/de\/wp-json\/wp\/v2\/comments?post=16196"}],"wp:featuredmedia":[{"embeddable":true,"href":"https:\/\/keyshop.windowsandoffice.com\/de\/wp-json\/wp\/v2\/media\/115836"}],"wp:attachment":[{"href":"https:\/\/keyshop.windowsandoffice.com\/de\/wp-json\/wp\/v2\/media?parent=16196"}],"wp:term":[{"taxonomy":"product_brand","embeddable":true,"href":"https:\/\/keyshop.windowsandoffice.com\/de\/wp-json\/wp\/v2\/product_brand?post=16196"},{"taxonomy":"product_cat","embeddable":true,"href":"https:\/\/keyshop.windowsandoffice.com\/de\/wp-json\/wp\/v2\/product_cat?post=16196"},{"taxonomy":"product_tag","embeddable":true,"href":"https:\/\/keyshop.windowsandoffice.com\/de\/wp-json\/wp\/v2\/product_tag?post=16196"}],"curies":[{"name":"wp","href":"https:\/\/api.w.org\/{rel}","templated":true}]}}